{"id":3432,"date":"2025-12-03T14:37:05","date_gmt":"2025-12-03T14:37:05","guid":{"rendered":"https:\/\/viiking.ee\/standard-peresviit\/"},"modified":"2026-03-12T16:07:44","modified_gmt":"2026-03-12T16:07:44","slug":"standard-perhesviitti","status":"publish","type":"page","link":"https:\/\/www.viiking.ee\/fi\/standard-perhesviitti\/","title":{"rendered":"Standard perhesviitti"},"content":{"rendered":"<!DOCTYPE html PUBLIC \"-\/\/W3C\/\/DTD HTML 4.0 Transitional\/\/EN\" \"http:\/\/www.w3.org\/TR\/REC-html40\/loose.dtd\">\n<?xml encoding=\"utf-8\" ?><div class=\"wp-block-cover alignfull is-light\"><img loading=\"lazy\" decoding=\"async\" width=\"1920\" height=\"1280\" class=\"wp-block-cover__image-background wp-image-579 size-full\" alt=\"Standard perhesviitti Viiking Spa Hotellissa\" src=\"https:\/\/www.viiking.ee\/wp-content\/uploads\/2025\/11\/Standard_peresviitmagamistuba.jpg\" data-object-fit=\"cover\" srcset=\"https:\/\/www.viiking.ee\/wp-content\/uploads\/2025\/11\/Standard_peresviitmagamistuba.jpg 1920w, https:\/\/www.viiking.ee\/wp-content\/uploads\/2025\/11\/Standard_peresviitmagamistuba-300x200.jpg 300w, https:\/\/www.viiking.ee\/wp-content\/uploads\/2025\/11\/Standard_peresviitmagamistuba-1024x683.jpg 1024w, https:\/\/www.viiking.ee\/wp-content\/uploads\/2025\/11\/Standard_peresviitmagamistuba-768x512.jpg 768w, https:\/\/www.viiking.ee\/wp-content\/uploads\/2025\/11\/Standard_peresviitmagamistuba-1536x1024.jpg 1536w, https:\/\/www.viiking.ee\/wp-content\/uploads\/2025\/11\/Standard_peresviitmagamistuba-1568x1045.jpg 1568w\" sizes=\"auto, (max-width: 1920px) 100vw, 1920px\" \/><span aria-hidden=\"true\" class=\"wp-block-cover__background has-background-dim-0 has-background-dim\"><\/span><div class=\"wp-block-cover__inner-container is-layout-flow wp-block-cover-is-layout-flow\">\n<p class=\"has-text-align-center has-large-font-size\"><\/p>\n<\/div><\/div>\n\n\n\n<div style=\"height:30px\" aria-hidden=\"true\" class=\"wp-block-spacer mobile-spacer-10\"><\/div>\n\n\n\n<h1 class=\"wp-block-heading has-text-align-center\">Standard perhesviitti<\/h1>\n\n\n\n<div class=\"wp-block-columns alignwide is-layout-flex wp-container-core-columns-is-layout-28f84493 wp-block-columns-is-layout-flex\">\n<div class=\"wp-block-column has-background is-layout-flow wp-block-column-is-layout-flow\" style=\"background-color:#e8d9c6;padding-top:var(--wp--preset--spacing--40);padding-bottom:var(--wp--preset--spacing--40)\">\n<p><\/p>\n\n\n\n<div class=\"wp-block-columns alignwide has-background is-layout-flex wp-container-core-columns-is-layout-28f84493 wp-block-columns-is-layout-flex\" style=\"background-color:#e8d9c6\">\n<div class=\"wp-block-column is-vertically-aligned-center animated fadeIn delay-200ms slow is-layout-flow wp-block-column-is-layout-flow\" style=\"flex-basis:50%\">\n<p>Tarjoamme 9 standard perhesviitti&auml;. Standard perhesviitti k&auml;sitt&auml;&auml; kaksi huonetta. Mukava huone on savuton ja sopiva my&ouml;s allergikoille.<\/p>\n\n\n\n<p>T&auml;m&auml;n huoneeseen mahtuu jopa 4-henkinen perhe.<br>Huonehinta on voimassa enint&auml;&auml;n nelj&auml;lle hengelle (enint&auml;&auml;n 3 aikuista).<\/p>\n\n\n\n<p><\/p>\n\n\n\n<div class=\"wp-block-buttons is-layout-flex wp-block-buttons-is-layout-flex\">\n<div class=\"wp-block-button\"><a class=\"wp-block-button__link wp-element-button\" href=\"https:\/\/hotel.viiking.ee\/fi\/\" title=\"VARAA\">VARAA<\/a><\/div>\n<\/div>\n<\/div>\n\n\n\n<div class=\"wp-block-column animated fadeIn delay-200ms slow is-layout-flow wp-block-column-is-layout-flow\">\n<h3 class=\"wp-block-heading\">Huoneen mukavuudet:<\/h3>\n\n\n\n<ul class=\"wp-block-list\">\n<li>Huonen koko 30 m&sup2;<\/li>\n\n\n\n<li>Maksuton WiFi-yhteys<\/li>\n\n\n\n<li>Virvoitusjuomat minibaarissa&nbsp;(t&auml;ytet&auml;&auml;n saapumisp&auml;iv&auml;n&auml; yhden kerran)<\/li>\n\n\n\n<li>Suihku<\/li>\n\n\n\n<li>Hiustenkuivaaja<\/li>\n\n\n\n<li>Kylpytakit aikuisille (hotelli ei tarjoa kylpytakkeja lapsille)<\/li>\n\n\n\n<li>Taulutelevisio<\/li>\n<\/ul>\n<\/div>\n\n\n\n<div class=\"wp-block-column animated fadeIn delay-200ms slow is-layout-flow wp-block-column-is-layout-flow\" style=\"flex-basis:25%\">\n<h3 class=\"wp-block-heading\">Majoituksen hinta sis&auml;lt&auml;&auml;:<\/h3>\n\n\n\n<ul class=\"wp-block-list\">\n<li>Aamiaisen<\/li>\n\n\n\n<li><a href=\"https:\/\/www.viiking.ee\/fi\/aamuuinti\/\" title=\"Aamu-uinnin\">Aamu-uinnin<\/a><\/li>\n\n\n\n<li><a href=\"https:\/\/www.viiking.ee\/fi\/vesikeskus\/\" title=\"Vesi- ja saunakeskus &rdquo;Viiking Saagan&rdquo;&nbsp;k&auml;yt&ouml;n\">Vesi- ja saunakeskus &rdquo;Viiking Saagan&rdquo;&nbsp;k&auml;yt&ouml;n<\/a><\/li>\n\n\n\n<li><a href=\"https:\/\/www.viiking.ee\/fi\/lisapalvelut\/\" title=\"Kuntoilutilan&nbsp;k&auml;ytt&ouml;\">Kuntoilutilan&nbsp;k&auml;ytt&ouml;<\/a>.<\/li>\n<\/ul>\n<\/div>\n<\/div>\n\n\n\n<figure class=\"wp-block-gallery has-nested-images columns-default is-cropped animated fadeIn delay-200ms slow wp-block-gallery-1 is-layout-flex wp-block-gallery-is-layout-flex\">\n<figure class=\"wp-block-image size-full\"><a href=\"https:\/\/www.viiking.ee\/wp-content\/uploads\/2025\/11\/Standard-peresviidi-magamistuba.jpg\" title=\"\"><img loading=\"lazy\" decoding=\"async\" width=\"1024\" height=\"768\" data-id=\"555\" src=\"https:\/\/www.viiking.ee\/wp-content\/uploads\/2025\/11\/Standard-peresviidi-magamistuba.jpg\" alt=\"Standard perhesviitti Viiking Spa Hotellissa\" class=\"wp-image-555\" srcset=\"https:\/\/www.viiking.ee\/wp-content\/uploads\/2025\/11\/Standard-peresviidi-magamistuba.jpg 1024w, https:\/\/www.viiking.ee\/wp-content\/uploads\/2025\/11\/Standard-peresviidi-magamistuba-300x225.jpg 300w, https:\/\/www.viiking.ee\/wp-content\/uploads\/2025\/11\/Standard-peresviidi-magamistuba-768x576.jpg 768w\" sizes=\"auto, (max-width: 1024px) 100vw, 1024px\" \/><\/a><\/figure>\n\n\n\n<figure class=\"wp-block-image size-full\"><a href=\"https:\/\/www.viiking.ee\/wp-content\/uploads\/2025\/11\/Magamistuba-standard-peresviidis.jpg\" title=\"\"><img loading=\"lazy\" decoding=\"async\" width=\"1024\" height=\"768\" data-id=\"551\" src=\"https:\/\/www.viiking.ee\/wp-content\/uploads\/2025\/11\/Magamistuba-standard-peresviidis.jpg\" alt=\"Standard perhesviitti Viiking Spa Hotellissa\" class=\"wp-image-551\" srcset=\"https:\/\/www.viiking.ee\/wp-content\/uploads\/2025\/11\/Magamistuba-standard-peresviidis.jpg 1024w, https:\/\/www.viiking.ee\/wp-content\/uploads\/2025\/11\/Magamistuba-standard-peresviidis-300x225.jpg 300w, https:\/\/www.viiking.ee\/wp-content\/uploads\/2025\/11\/Magamistuba-standard-peresviidis-768x576.jpg 768w\" sizes=\"auto, (max-width: 1024px) 100vw, 1024px\" \/><\/a><\/figure>\n\n\n\n<figure class=\"wp-block-image size-full\"><a href=\"https:\/\/www.viiking.ee\/wp-content\/uploads\/2025\/11\/Elutuba_standard-peresviidis.jpg\" title=\"\"><img loading=\"lazy\" decoding=\"async\" width=\"1024\" height=\"768\" data-id=\"547\" src=\"https:\/\/www.viiking.ee\/wp-content\/uploads\/2025\/11\/Elutuba_standard-peresviidis.jpg\" alt=\"Standard perhesviitti Viiking Spa Hotellissa\" class=\"wp-image-547\" srcset=\"https:\/\/www.viiking.ee\/wp-content\/uploads\/2025\/11\/Elutuba_standard-peresviidis.jpg 1024w, https:\/\/www.viiking.ee\/wp-content\/uploads\/2025\/11\/Elutuba_standard-peresviidis-300x225.jpg 300w, https:\/\/www.viiking.ee\/wp-content\/uploads\/2025\/11\/Elutuba_standard-peresviidis-768x576.jpg 768w\" sizes=\"auto, (max-width: 1024px) 100vw, 1024px\" \/><\/a><\/figure>\n\n\n\n<figure class=\"wp-block-image size-full\"><a href=\"https:\/\/www.viiking.ee\/wp-content\/uploads\/2025\/11\/Standard-peresviit-1.jpg\" title=\"\"><img loading=\"lazy\" decoding=\"async\" width=\"1920\" height=\"1280\" data-id=\"559\" src=\"https:\/\/www.viiking.ee\/wp-content\/uploads\/2025\/11\/Standard-peresviit-1.jpg\" alt=\"Standard perhesviitti Viiking Spa Hotellissa\" class=\"wp-image-559\" srcset=\"https:\/\/www.viiking.ee\/wp-content\/uploads\/2025\/11\/Standard-peresviit-1.jpg 1920w, https:\/\/www.viiking.ee\/wp-content\/uploads\/2025\/11\/Standard-peresviit-1-300x200.jpg 300w, https:\/\/www.viiking.ee\/wp-content\/uploads\/2025\/11\/Standard-peresviit-1-1024x683.jpg 1024w, https:\/\/www.viiking.ee\/wp-content\/uploads\/2025\/11\/Standard-peresviit-1-768x512.jpg 768w, https:\/\/www.viiking.ee\/wp-content\/uploads\/2025\/11\/Standard-peresviit-1-1536x1024.jpg 1536w, https:\/\/www.viiking.ee\/wp-content\/uploads\/2025\/11\/Standard-peresviit-1-1568x1045.jpg 1568w\" sizes=\"auto, (max-width: 1920px) 100vw, 1920px\" \/><\/a><\/figure>\n\n\n\n<figure class=\"wp-block-image size-full\"><a href=\"https:\/\/www.viiking.ee\/wp-content\/uploads\/2025\/11\/Standard-peresviit-elutuba.jpg\" title=\"\"><img loading=\"lazy\" decoding=\"async\" width=\"1920\" height=\"1280\" data-id=\"563\" src=\"https:\/\/www.viiking.ee\/wp-content\/uploads\/2025\/11\/Standard-peresviit-elutuba.jpg\" alt=\"Standard perhesviitti Viiking Spa Hotellissa\" class=\"wp-image-563\" srcset=\"https:\/\/www.viiking.ee\/wp-content\/uploads\/2025\/11\/Standard-peresviit-elutuba.jpg 1920w, https:\/\/www.viiking.ee\/wp-content\/uploads\/2025\/11\/Standard-peresviit-elutuba-300x200.jpg 300w, https:\/\/www.viiking.ee\/wp-content\/uploads\/2025\/11\/Standard-peresviit-elutuba-1024x683.jpg 1024w, https:\/\/www.viiking.ee\/wp-content\/uploads\/2025\/11\/Standard-peresviit-elutuba-768x512.jpg 768w, https:\/\/www.viiking.ee\/wp-content\/uploads\/2025\/11\/Standard-peresviit-elutuba-1536x1024.jpg 1536w, https:\/\/www.viiking.ee\/wp-content\/uploads\/2025\/11\/Standard-peresviit-elutuba-1568x1045.jpg 1568w\" sizes=\"auto, (max-width: 1920px) 100vw, 1920px\" \/><\/a><\/figure>\n\n\n\n<figure class=\"wp-block-image size-full\"><a href=\"https:\/\/www.viiking.ee\/wp-content\/uploads\/2025\/11\/Standard-peresviit.jpg\" title=\"\"><img loading=\"lazy\" decoding=\"async\" width=\"1920\" height=\"1280\" data-id=\"567\" src=\"https:\/\/www.viiking.ee\/wp-content\/uploads\/2025\/11\/Standard-peresviit.jpg\" alt=\"\" class=\"wp-image-567\" srcset=\"https:\/\/www.viiking.ee\/wp-content\/uploads\/2025\/11\/Standard-peresviit.jpg 1920w, https:\/\/www.viiking.ee\/wp-content\/uploads\/2025\/11\/Standard-peresviit-300x200.jpg 300w, https:\/\/www.viiking.ee\/wp-content\/uploads\/2025\/11\/Standard-peresviit-1024x683.jpg 1024w, https:\/\/www.viiking.ee\/wp-content\/uploads\/2025\/11\/Standard-peresviit-768x512.jpg 768w, https:\/\/www.viiking.ee\/wp-content\/uploads\/2025\/11\/Standard-peresviit-1536x1024.jpg 1536w, https:\/\/www.viiking.ee\/wp-content\/uploads\/2025\/11\/Standard-peresviit-1568x1045.jpg 1568w\" sizes=\"auto, (max-width: 1920px) 100vw, 1920px\" \/><\/a><\/figure>\n\n\n\n<figure class=\"wp-block-image size-full\"><a href=\"https:\/\/www.viiking.ee\/wp-content\/uploads\/2025\/11\/Standard_peresviidi_elutuba.jpg\" title=\"\"><img loading=\"lazy\" decoding=\"async\" width=\"1024\" height=\"768\" data-id=\"571\" src=\"https:\/\/www.viiking.ee\/wp-content\/uploads\/2025\/11\/Standard_peresviidi_elutuba.jpg\" alt=\"Standard perhesviitti Viiking Spa Hotellissa\" class=\"wp-image-571\" srcset=\"https:\/\/www.viiking.ee\/wp-content\/uploads\/2025\/11\/Standard_peresviidi_elutuba.jpg 1024w, https:\/\/www.viiking.ee\/wp-content\/uploads\/2025\/11\/Standard_peresviidi_elutuba-300x225.jpg 300w, https:\/\/www.viiking.ee\/wp-content\/uploads\/2025\/11\/Standard_peresviidi_elutuba-768x576.jpg 768w\" sizes=\"auto, (max-width: 1024px) 100vw, 1024px\" \/><\/a><\/figure>\n\n\n\n<figure class=\"wp-block-image size-full\"><a href=\"https:\/\/www.viiking.ee\/wp-content\/uploads\/2025\/11\/Standard_peresviidi_vannituba.jpg\" title=\"\"><img loading=\"lazy\" decoding=\"async\" width=\"1024\" height=\"768\" data-id=\"575\" src=\"https:\/\/www.viiking.ee\/wp-content\/uploads\/2025\/11\/Standard_peresviidi_vannituba.jpg\" alt=\"Standard perhesviitti Viiking Spa Hotellissa\" class=\"wp-image-575\" srcset=\"https:\/\/www.viiking.ee\/wp-content\/uploads\/2025\/11\/Standard_peresviidi_vannituba.jpg 1024w, https:\/\/www.viiking.ee\/wp-content\/uploads\/2025\/11\/Standard_peresviidi_vannituba-300x225.jpg 300w, https:\/\/www.viiking.ee\/wp-content\/uploads\/2025\/11\/Standard_peresviidi_vannituba-768x576.jpg 768w\" sizes=\"auto, (max-width: 1024px) 100vw, 1024px\" \/><\/a><\/figure>\n\n\n\n<figure class=\"wp-block-image size-full\"><a href=\"https:\/\/www.viiking.ee\/wp-content\/uploads\/2025\/11\/Standard_peresviitmagamistuba.jpg\" title=\"\"><img loading=\"lazy\" decoding=\"async\" width=\"1920\" height=\"1280\" data-id=\"579\" src=\"https:\/\/www.viiking.ee\/wp-content\/uploads\/2025\/11\/Standard_peresviitmagamistuba.jpg\" alt=\"Standard perhesviitti Viiking Spa Hotellissa\" class=\"wp-image-579\" srcset=\"https:\/\/www.viiking.ee\/wp-content\/uploads\/2025\/11\/Standard_peresviitmagamistuba.jpg 1920w, https:\/\/www.viiking.ee\/wp-content\/uploads\/2025\/11\/Standard_peresviitmagamistuba-300x200.jpg 300w, https:\/\/www.viiking.ee\/wp-content\/uploads\/2025\/11\/Standard_peresviitmagamistuba-1024x683.jpg 1024w, https:\/\/www.viiking.ee\/wp-content\/uploads\/2025\/11\/Standard_peresviitmagamistuba-768x512.jpg 768w, https:\/\/www.viiking.ee\/wp-content\/uploads\/2025\/11\/Standard_peresviitmagamistuba-1536x1024.jpg 1536w, https:\/\/www.viiking.ee\/wp-content\/uploads\/2025\/11\/Standard_peresviitmagamistuba-1568x1045.jpg 1568w\" sizes=\"auto, (max-width: 1920px) 100vw, 1920px\" \/><\/a><\/figure>\n<\/figure>\n<\/div>\n<\/div>\n\n\n\n<div style=\"height:20px\" aria-hidden=\"true\" class=\"wp-block-spacer\"><\/div>\n\n\n\n<p><\/p>\n","protected":false},"excerpt":{"rendered":"<p>Standard perhesviitti Tarjoamme 9 standard perhesviitti&auml;. Standard perhesviitti k&auml;sitt&auml;&auml; kaksi huonetta. Mukava huone on savuton ja sopiva my&ouml;s allergikoille. T&auml;m&auml;n huoneeseen mahtuu jopa 4-henkinen perhe.Huonehinta on voimassa enint&auml;&auml;n nelj&auml;lle hengelle (enint&auml;&auml;n 3 aikuista). Huoneen mukavuudet: Majoituksen hinta sis&auml;lt&auml;&auml;:<\/p>\n","protected":false},"author":3,"featured_media":0,"parent":0,"menu_order":0,"comment_status":"closed","ping_status":"closed","template":"","meta":{"footnotes":""},"class_list":["post-3432","page","type-page","status-publish","hentry"],"yoast_head":"<!-- This site is optimized with the Yoast SEO plugin v27.4 - https:\/\/yoast.com\/product\/yoast-seo-wordpress\/ -->\n<title>Standard perhesviitti Viiking Spa Hotellissa<\/title>\n<meta name=\"description\" content=\"Tarjoamme 9 standard perhesviitti\u00e4. Standard perhesviitti k\u00e4sitt\u00e4\u00e4 kaksi huonetta. T\u00e4m\u00e4n huoneeseen mahtuu jopa 4-henkinen perhe.\" \/>\n<meta name=\"robots\" content=\"index, follow, max-snippet:-1, max-image-preview:large, max-video-preview:-1\" \/>\n<link rel=\"canonical\" href=\"https:\/\/www.viiking.ee\/fi\/standard-perhesviitti\/\" \/>\n<meta property=\"og:locale\" content=\"fi_FI\" \/>\n<meta property=\"og:type\" content=\"article\" \/>\n<meta property=\"og:title\" content=\"Standard perhesviitti Viiking Spa Hotellissa\" \/>\n<meta property=\"og:description\" content=\"Tarjoamme 9 standard perhesviitti\u00e4. Standard perhesviitti k\u00e4sitt\u00e4\u00e4 kaksi huonetta. T\u00e4m\u00e4n huoneeseen mahtuu jopa 4-henkinen perhe.\" \/>\n<meta property=\"og:url\" content=\"https:\/\/www.viiking.ee\/fi\/standard-perhesviitti\/\" \/>\n<meta property=\"og:site_name\" content=\"Viiking Spaa Hotell P&auml;rnus\" \/>\n<meta property=\"article:modified_time\" content=\"2026-03-12T16:07:44+00:00\" \/>\n<meta property=\"og:image\" content=\"https:\/\/www.viiking.ee\/wp-content\/uploads\/2025\/11\/Standard_peresviitmagamistuba.jpg\" \/>\n\t<meta property=\"og:image:width\" content=\"1920\" \/>\n\t<meta property=\"og:image:height\" content=\"1280\" \/>\n\t<meta property=\"og:image:type\" content=\"image\/jpeg\" \/>\n<meta name=\"twitter:card\" content=\"summary_large_image\" \/>\n<meta name=\"twitter:label1\" content=\"Arvioitu lukuaika\" \/>\n\t<meta name=\"twitter:data1\" content=\"3 minuuttia\" \/>\n<script type=\"application\/ld+json\" class=\"yoast-schema-graph\">{\"@context\":\"https:\\\/\\\/schema.org\",\"@graph\":[{\"@type\":\"WebPage\",\"@id\":\"https:\\\/\\\/www.viiking.ee\\\/fi\\\/standard-perhesviitti\\\/\",\"url\":\"https:\\\/\\\/www.viiking.ee\\\/fi\\\/standard-perhesviitti\\\/\",\"name\":\"Standard perhesviitti Viiking Spa Hotellissa\",\"isPartOf\":{\"@id\":\"https:\\\/\\\/www.viiking.ee\\\/en\\\/#website\"},\"primaryImageOfPage\":{\"@id\":\"https:\\\/\\\/www.viiking.ee\\\/fi\\\/standard-perhesviitti\\\/#primaryimage\"},\"image\":{\"@id\":\"https:\\\/\\\/www.viiking.ee\\\/fi\\\/standard-perhesviitti\\\/#primaryimage\"},\"thumbnailUrl\":\"https:\\\/\\\/www.viiking.ee\\\/wp-content\\\/uploads\\\/2025\\\/11\\\/Standard_peresviitmagamistuba.jpg\",\"datePublished\":\"2025-12-03T14:37:05+00:00\",\"dateModified\":\"2026-03-12T16:07:44+00:00\",\"description\":\"Tarjoamme 9 standard perhesviitti\u00e4. Standard perhesviitti k\u00e4sitt\u00e4\u00e4 kaksi huonetta. T\u00e4m\u00e4n huoneeseen mahtuu jopa 4-henkinen perhe.\",\"breadcrumb\":{\"@id\":\"https:\\\/\\\/www.viiking.ee\\\/fi\\\/standard-perhesviitti\\\/#breadcrumb\"},\"inLanguage\":\"fi\",\"potentialAction\":[{\"@type\":\"ReadAction\",\"target\":[\"https:\\\/\\\/www.viiking.ee\\\/fi\\\/standard-perhesviitti\\\/\"]}]},{\"@type\":\"ImageObject\",\"inLanguage\":\"fi\",\"@id\":\"https:\\\/\\\/www.viiking.ee\\\/fi\\\/standard-perhesviitti\\\/#primaryimage\",\"url\":\"https:\\\/\\\/www.viiking.ee\\\/wp-content\\\/uploads\\\/2025\\\/11\\\/Standard_peresviitmagamistuba.jpg\",\"contentUrl\":\"https:\\\/\\\/www.viiking.ee\\\/wp-content\\\/uploads\\\/2025\\\/11\\\/Standard_peresviitmagamistuba.jpg\"},{\"@type\":\"BreadcrumbList\",\"@id\":\"https:\\\/\\\/www.viiking.ee\\\/fi\\\/standard-perhesviitti\\\/#breadcrumb\",\"itemListElement\":[{\"@type\":\"ListItem\",\"position\":1,\"name\":\"Home\",\"item\":\"https:\\\/\\\/www.viiking.ee\\\/fi\\\/\"},{\"@type\":\"ListItem\",\"position\":2,\"name\":\"Standard perhesviitti\"}]},{\"@type\":\"WebSite\",\"@id\":\"https:\\\/\\\/www.viiking.ee\\\/en\\\/#website\",\"url\":\"https:\\\/\\\/www.viiking.ee\\\/en\\\/\",\"name\":\"Viiking Spaa Hotell P&auml;rnus\",\"description\":\"\",\"potentialAction\":[{\"@type\":\"SearchAction\",\"target\":{\"@type\":\"EntryPoint\",\"urlTemplate\":\"https:\\\/\\\/www.viiking.ee\\\/en\\\/?s={search_term_string}\"},\"query-input\":{\"@type\":\"PropertyValueSpecification\",\"valueRequired\":true,\"valueName\":\"search_term_string\"}}],\"inLanguage\":\"fi\"}]}<\/script>\n<!-- \/ Yoast SEO plugin. -->","yoast_head_json":{"title":"Standard perhesviitti Viiking Spa Hotellissa","description":"Tarjoamme 9 standard perhesviitti\u00e4. Standard perhesviitti k\u00e4sitt\u00e4\u00e4 kaksi huonetta. T\u00e4m\u00e4n huoneeseen mahtuu jopa 4-henkinen perhe.","robots":{"index":"index","follow":"follow","max-snippet":"max-snippet:-1","max-image-preview":"max-image-preview:large","max-video-preview":"max-video-preview:-1"},"canonical":"https:\/\/www.viiking.ee\/fi\/standard-perhesviitti\/","og_locale":"fi_FI","og_type":"article","og_title":"Standard perhesviitti Viiking Spa Hotellissa","og_description":"Tarjoamme 9 standard perhesviitti\u00e4. Standard perhesviitti k\u00e4sitt\u00e4\u00e4 kaksi huonetta. T\u00e4m\u00e4n huoneeseen mahtuu jopa 4-henkinen perhe.","og_url":"https:\/\/www.viiking.ee\/fi\/standard-perhesviitti\/","og_site_name":"Viiking Spaa Hotell P&auml;rnus","article_modified_time":"2026-03-12T16:07:44+00:00","og_image":[{"width":1920,"height":1280,"url":"https:\/\/www.viiking.ee\/wp-content\/uploads\/2025\/11\/Standard_peresviitmagamistuba.jpg","type":"image\/jpeg"}],"twitter_card":"summary_large_image","twitter_misc":{"Arvioitu lukuaika":"3 minuuttia"},"schema":{"@context":"https:\/\/schema.org","@graph":[{"@type":"WebPage","@id":"https:\/\/www.viiking.ee\/fi\/standard-perhesviitti\/","url":"https:\/\/www.viiking.ee\/fi\/standard-perhesviitti\/","name":"Standard perhesviitti Viiking Spa Hotellissa","isPartOf":{"@id":"https:\/\/www.viiking.ee\/en\/#website"},"primaryImageOfPage":{"@id":"https:\/\/www.viiking.ee\/fi\/standard-perhesviitti\/#primaryimage"},"image":{"@id":"https:\/\/www.viiking.ee\/fi\/standard-perhesviitti\/#primaryimage"},"thumbnailUrl":"https:\/\/www.viiking.ee\/wp-content\/uploads\/2025\/11\/Standard_peresviitmagamistuba.jpg","datePublished":"2025-12-03T14:37:05+00:00","dateModified":"2026-03-12T16:07:44+00:00","description":"Tarjoamme 9 standard perhesviitti\u00e4. Standard perhesviitti k\u00e4sitt\u00e4\u00e4 kaksi huonetta. T\u00e4m\u00e4n huoneeseen mahtuu jopa 4-henkinen perhe.","breadcrumb":{"@id":"https:\/\/www.viiking.ee\/fi\/standard-perhesviitti\/#breadcrumb"},"inLanguage":"fi","potentialAction":[{"@type":"ReadAction","target":["https:\/\/www.viiking.ee\/fi\/standard-perhesviitti\/"]}]},{"@type":"ImageObject","inLanguage":"fi","@id":"https:\/\/www.viiking.ee\/fi\/standard-perhesviitti\/#primaryimage","url":"https:\/\/www.viiking.ee\/wp-content\/uploads\/2025\/11\/Standard_peresviitmagamistuba.jpg","contentUrl":"https:\/\/www.viiking.ee\/wp-content\/uploads\/2025\/11\/Standard_peresviitmagamistuba.jpg"},{"@type":"BreadcrumbList","@id":"https:\/\/www.viiking.ee\/fi\/standard-perhesviitti\/#breadcrumb","itemListElement":[{"@type":"ListItem","position":1,"name":"Home","item":"https:\/\/www.viiking.ee\/fi\/"},{"@type":"ListItem","position":2,"name":"Standard perhesviitti"}]},{"@type":"WebSite","@id":"https:\/\/www.viiking.ee\/en\/#website","url":"https:\/\/www.viiking.ee\/en\/","name":"Viiking Spaa Hotell P&auml;rnus","description":"","potentialAction":[{"@type":"SearchAction","target":{"@type":"EntryPoint","urlTemplate":"https:\/\/www.viiking.ee\/en\/?s={search_term_string}"},"query-input":{"@type":"PropertyValueSpecification","valueRequired":true,"valueName":"search_term_string"}}],"inLanguage":"fi"}]}},"_links":{"self":[{"href":"https:\/\/www.viiking.ee\/fi\/wp-json\/wp\/v2\/pages\/3432","targetHints":{"allow":["GET"]}}],"collection":[{"href":"https:\/\/www.viiking.ee\/fi\/wp-json\/wp\/v2\/pages"}],"about":[{"href":"https:\/\/www.viiking.ee\/fi\/wp-json\/wp\/v2\/types\/page"}],"author":[{"embeddable":true,"href":"https:\/\/www.viiking.ee\/fi\/wp-json\/wp\/v2\/users\/3"}],"replies":[{"embeddable":true,"href":"https:\/\/www.viiking.ee\/fi\/wp-json\/wp\/v2\/comments?post=3432"}],"version-history":[{"count":6,"href":"https:\/\/www.viiking.ee\/fi\/wp-json\/wp\/v2\/pages\/3432\/revisions"}],"predecessor-version":[{"id":60227,"href":"https:\/\/www.viiking.ee\/fi\/wp-json\/wp\/v2\/pages\/3432\/revisions\/60227"}],"wp:attachment":[{"href":"https:\/\/www.viiking.ee\/fi\/wp-json\/wp\/v2\/media?parent=3432"}],"curies":[{"name":"wp","href":"https:\/\/api.w.org\/{rel}","templated":true}]}}