{"id":3429,"date":"2025-12-03T14:42:03","date_gmt":"2025-12-03T14:42:03","guid":{"rendered":"https:\/\/viiking.ee\/saunaga-sviit\/"},"modified":"2026-03-12T16:01:45","modified_gmt":"2026-03-12T16:01:45","slug":"sviitti-saunalla","status":"publish","type":"page","link":"https:\/\/www.viiking.ee\/fi\/sviitti-saunalla\/","title":{"rendered":"Sviitti saunalla"},"content":{"rendered":"<!DOCTYPE html PUBLIC \"-\/\/W3C\/\/DTD HTML 4.0 Transitional\/\/EN\" \"http:\/\/www.w3.org\/TR\/REC-html40\/loose.dtd\">\n<?xml encoding=\"utf-8\" ?><div class=\"wp-block-cover alignfull is-light\"><img loading=\"lazy\" decoding=\"async\" width=\"1920\" height=\"1080\" class=\"wp-block-cover__image-background wp-image-507 size-full\" alt=\"sviitti saunalla Viiking Spa Hotellissa\" src=\"https:\/\/www.viiking.ee\/wp-content\/uploads\/2025\/11\/Saunaga_sviit.jpg\" data-object-fit=\"cover\" srcset=\"https:\/\/www.viiking.ee\/wp-content\/uploads\/2025\/11\/Saunaga_sviit.jpg 1920w, https:\/\/www.viiking.ee\/wp-content\/uploads\/2025\/11\/Saunaga_sviit-300x169.jpg 300w, https:\/\/www.viiking.ee\/wp-content\/uploads\/2025\/11\/Saunaga_sviit-1024x576.jpg 1024w, https:\/\/www.viiking.ee\/wp-content\/uploads\/2025\/11\/Saunaga_sviit-768x432.jpg 768w, https:\/\/www.viiking.ee\/wp-content\/uploads\/2025\/11\/Saunaga_sviit-1536x864.jpg 1536w, https:\/\/www.viiking.ee\/wp-content\/uploads\/2025\/11\/Saunaga_sviit-1568x882.jpg 1568w\" sizes=\"auto, (max-width: 1920px) 100vw, 1920px\" \/><span aria-hidden=\"true\" class=\"wp-block-cover__background has-background-dim-0 has-background-dim\"><\/span><div class=\"wp-block-cover__inner-container is-layout-flow wp-block-cover-is-layout-flow\">\n<p class=\"has-text-align-center has-large-font-size\"><\/p>\n<\/div><\/div>\n\n\n\n<div style=\"height:30px\" aria-hidden=\"true\" class=\"wp-block-spacer mobile-spacer-10\"><\/div>\n\n\n\n<h1 class=\"wp-block-heading has-text-align-center\">Sviitti saunalla<\/h1>\n\n\n\n<div class=\"wp-block-columns alignwide is-layout-flex wp-container-core-columns-is-layout-28f84493 wp-block-columns-is-layout-flex\">\n<div class=\"wp-block-column has-background is-layout-flow wp-block-column-is-layout-flow\" style=\"background-color:#e8d9c6;padding-top:var(--wp--preset--spacing--40);padding-bottom:var(--wp--preset--spacing--40)\">\n<p><\/p>\n\n\n\n<div class=\"wp-block-columns alignwide has-background is-layout-flex wp-container-core-columns-is-layout-28f84493 wp-block-columns-is-layout-flex\" style=\"background-color:#e8d9c6\">\n<div class=\"wp-block-column is-vertically-aligned-center animated fadeIn delay-200ms slow is-layout-flow wp-block-column-is-layout-flow\" style=\"flex-basis:50%\">\n<p>Tarjoamme 2 sviitti&auml; saunalla. Lis&auml;ksi vakiovarusteena huoneen sviiteiss&auml; on vedenkeitin, ilmaiset virvoitusjuomat minibaarissa, kylpytakit ja tossut. Huoneet ovat savuttomia ja allergikoille sopivia.<\/p>\n\n\n\n<p>Sviitti saunalla, parvekkeella ja istumanurkkauksella. Huoneessa leve&auml; paris&auml;nky sek&auml; mukava ja viihtyis&auml; istumanurkkaus. Sviitin yhten&auml; etuna on sauna. Huoneesta avautuu n&auml;k&ouml;ala sis&auml;pihalle p&auml;in. Siihen sopii lis&auml;- tai vauvas&auml;nky yhdelle lapselle.<\/p>\n\n\n\n<p><\/p>\n\n\n\n<div class=\"wp-block-buttons is-layout-flex wp-block-buttons-is-layout-flex\">\n<div class=\"wp-block-button\"><a class=\"wp-block-button__link wp-element-button\" href=\"https:\/\/hotel.viiking.ee\/fi\/\" title=\"VARAA\">VARAA<\/a><\/div>\n<\/div>\n<\/div>\n\n\n\n<div class=\"wp-block-column animated fadeIn delay-200ms slow is-layout-flow wp-block-column-is-layout-flow\">\n<h3 class=\"wp-block-heading\">Huoneen mukavuudet:<\/h3>\n\n\n\n<ul class=\"wp-block-list\">\n<li>Huoneiden koko 24-33 m&sup2;<\/li>\n\n\n\n<li>Maksuton WiFi-yhteys<\/li>\n\n\n\n<li>Virvoitusjuomat minibaarissa&nbsp;(t&auml;ytet&auml;&auml;n saapumisp&auml;iv&auml;n&auml; yhden kerran)<\/li>\n\n\n\n<li>Suihku ja sauna<\/li>\n\n\n\n<li>Taulutelevisio<\/li>\n\n\n\n<li>Istumanurkkaus sohvalla<\/li>\n\n\n\n<li>Hiustenkuivain<\/li>\n\n\n\n<li>Vedenkeitin<\/li>\n\n\n\n<li>Kylpytakit aikuisille (hotelli ei tarjoa kylpytakkeja lapsille) &amp; kylpytossut<\/li>\n<\/ul>\n<\/div>\n\n\n\n<div class=\"wp-block-column animated fadeIn delay-200ms slow is-layout-flow wp-block-column-is-layout-flow\" style=\"flex-basis:25%\">\n<h3 class=\"wp-block-heading\">Majoituksen hinta sis&auml;lt&auml;&auml;:<\/h3>\n\n\n\n<ul class=\"wp-block-list\">\n<li>Aamiaisen<\/li>\n\n\n\n<li><a href=\"https:\/\/www.viiking.ee\/fi\/aamuuinti\/\" title=\"Aamu-uinnin\">Aamu-uinnin<\/a><\/li>\n\n\n\n<li><a href=\"https:\/\/www.viiking.ee\/fi\/vesikeskus\/\" title=\"Vesi- ja saunakeskus &rdquo;Viiking Saagan&rdquo;&nbsp;k&auml;yt&ouml;n\">Vesi- ja saunakeskus &rdquo;Viiking Saagan&rdquo;&nbsp;k&auml;yt&ouml;n<\/a><\/li>\n\n\n\n<li><a href=\"https:\/\/www.viiking.ee\/fi\/lisapalvelut\/\" title=\"Kuntoilutilan&nbsp;k&auml;ytt&ouml;\">Kuntoilutilan&nbsp;k&auml;ytt&ouml;<\/a>.<\/li>\n<\/ul>\n<\/div>\n<\/div>\n\n\n\n<figure class=\"wp-block-gallery has-nested-images columns-4 is-cropped animated fadeIn delay-200ms slow wp-block-gallery-1 is-layout-flex wp-block-gallery-is-layout-flex\">\n<figure class=\"wp-block-image size-full\"><a href=\"https:\/\/www.viiking.ee\/wp-content\/uploads\/2025\/11\/Saunaga_sviit.jpg\" title=\"\"><img loading=\"lazy\" decoding=\"async\" width=\"1920\" height=\"1080\" data-id=\"507\" src=\"https:\/\/www.viiking.ee\/wp-content\/uploads\/2025\/11\/Saunaga_sviit.jpg\" alt=\"\" class=\"wp-image-507\" srcset=\"https:\/\/www.viiking.ee\/wp-content\/uploads\/2025\/11\/Saunaga_sviit.jpg 1920w, https:\/\/www.viiking.ee\/wp-content\/uploads\/2025\/11\/Saunaga_sviit-300x169.jpg 300w, https:\/\/www.viiking.ee\/wp-content\/uploads\/2025\/11\/Saunaga_sviit-1024x576.jpg 1024w, https:\/\/www.viiking.ee\/wp-content\/uploads\/2025\/11\/Saunaga_sviit-768x432.jpg 768w, https:\/\/www.viiking.ee\/wp-content\/uploads\/2025\/11\/Saunaga_sviit-1536x864.jpg 1536w, https:\/\/www.viiking.ee\/wp-content\/uploads\/2025\/11\/Saunaga_sviit-1568x882.jpg 1568w\" sizes=\"auto, (max-width: 1920px) 100vw, 1920px\" \/><\/a><\/figure>\n\n\n\n<figure class=\"wp-block-image size-full\"><a href=\"https:\/\/www.viiking.ee\/wp-content\/uploads\/2025\/11\/Saunaga_sviit_viiking_spaa.jpg\" title=\"\"><img loading=\"lazy\" decoding=\"async\" width=\"1920\" height=\"1080\" data-id=\"503\" src=\"https:\/\/www.viiking.ee\/wp-content\/uploads\/2025\/11\/Saunaga_sviit_viiking_spaa.jpg\" alt=\"sviitti saunalla Viiking Spa Hotellissa\" class=\"wp-image-503\" srcset=\"https:\/\/www.viiking.ee\/wp-content\/uploads\/2025\/11\/Saunaga_sviit_viiking_spaa.jpg 1920w, https:\/\/www.viiking.ee\/wp-content\/uploads\/2025\/11\/Saunaga_sviit_viiking_spaa-300x169.jpg 300w, https:\/\/www.viiking.ee\/wp-content\/uploads\/2025\/11\/Saunaga_sviit_viiking_spaa-1024x576.jpg 1024w, https:\/\/www.viiking.ee\/wp-content\/uploads\/2025\/11\/Saunaga_sviit_viiking_spaa-768x432.jpg 768w, https:\/\/www.viiking.ee\/wp-content\/uploads\/2025\/11\/Saunaga_sviit_viiking_spaa-1536x864.jpg 1536w, https:\/\/www.viiking.ee\/wp-content\/uploads\/2025\/11\/Saunaga_sviit_viiking_spaa-1568x882.jpg 1568w\" sizes=\"auto, (max-width: 1920px) 100vw, 1920px\" \/><\/a><\/figure>\n\n\n\n<figure class=\"wp-block-image size-full\"><a href=\"https:\/\/www.viiking.ee\/wp-content\/uploads\/2025\/11\/Saunaga_sviidi_saun.jpg\" title=\"\"><img loading=\"lazy\" decoding=\"async\" width=\"1920\" height=\"1280\" data-id=\"499\" src=\"https:\/\/www.viiking.ee\/wp-content\/uploads\/2025\/11\/Saunaga_sviidi_saun.jpg\" alt=\"sviitti saunalla Viiking Spa Hotellissa\" class=\"wp-image-499\" srcset=\"https:\/\/www.viiking.ee\/wp-content\/uploads\/2025\/11\/Saunaga_sviidi_saun.jpg 1920w, https:\/\/www.viiking.ee\/wp-content\/uploads\/2025\/11\/Saunaga_sviidi_saun-300x200.jpg 300w, https:\/\/www.viiking.ee\/wp-content\/uploads\/2025\/11\/Saunaga_sviidi_saun-1024x683.jpg 1024w, https:\/\/www.viiking.ee\/wp-content\/uploads\/2025\/11\/Saunaga_sviidi_saun-768x512.jpg 768w, https:\/\/www.viiking.ee\/wp-content\/uploads\/2025\/11\/Saunaga_sviidi_saun-1536x1024.jpg 1536w, https:\/\/www.viiking.ee\/wp-content\/uploads\/2025\/11\/Saunaga_sviidi_saun-1568x1045.jpg 1568w\" sizes=\"auto, (max-width: 1920px) 100vw, 1920px\" \/><\/a><\/figure>\n\n\n\n<figure class=\"wp-block-image size-full\"><a href=\"https:\/\/www.viiking.ee\/wp-content\/uploads\/2025\/11\/Saunaga_sviidi-saunaosa_viiking_Spaa.jpg\" title=\"\"><img loading=\"lazy\" decoding=\"async\" width=\"1920\" height=\"1080\" data-id=\"495\" src=\"https:\/\/www.viiking.ee\/wp-content\/uploads\/2025\/11\/Saunaga_sviidi-saunaosa_viiking_Spaa.jpg\" alt=\"sviitti saunalla Viiking Spa Hotellissa\" class=\"wp-image-495\" srcset=\"https:\/\/www.viiking.ee\/wp-content\/uploads\/2025\/11\/Saunaga_sviidi-saunaosa_viiking_Spaa.jpg 1920w, https:\/\/www.viiking.ee\/wp-content\/uploads\/2025\/11\/Saunaga_sviidi-saunaosa_viiking_Spaa-300x169.jpg 300w, https:\/\/www.viiking.ee\/wp-content\/uploads\/2025\/11\/Saunaga_sviidi-saunaosa_viiking_Spaa-1024x576.jpg 1024w, https:\/\/www.viiking.ee\/wp-content\/uploads\/2025\/11\/Saunaga_sviidi-saunaosa_viiking_Spaa-768x432.jpg 768w, https:\/\/www.viiking.ee\/wp-content\/uploads\/2025\/11\/Saunaga_sviidi-saunaosa_viiking_Spaa-1536x864.jpg 1536w, https:\/\/www.viiking.ee\/wp-content\/uploads\/2025\/11\/Saunaga_sviidi-saunaosa_viiking_Spaa-1568x882.jpg 1568w\" sizes=\"auto, (max-width: 1920px) 100vw, 1920px\" \/><\/a><\/figure>\n<\/figure>\n<\/div>\n<\/div>\n\n\n\n<div style=\"height:20px\" aria-hidden=\"true\" class=\"wp-block-spacer\"><\/div>\n\n\n\n<p><\/p>\n","protected":false},"excerpt":{"rendered":"<p>Sviitti saunalla Tarjoamme 2 sviitti&auml; saunalla. Lis&auml;ksi vakiovarusteena huoneen sviiteiss&auml; on vedenkeitin, ilmaiset virvoitusjuomat minibaarissa, kylpytakit ja tossut. Huoneet ovat savuttomia ja allergikoille sopivia. Sviitti saunalla, parvekkeella ja istumanurkkauksella. Huoneessa leve&auml; paris&auml;nky sek&auml; mukava ja viihtyis&auml; istumanurkkaus. Sviitin yhten&auml; etuna on sauna. Huoneesta avautuu n&auml;k&ouml;ala sis&auml;pihalle p&auml;in. Siihen sopii lis&auml;- tai vauvas&auml;nky yhdelle lapselle. Huoneen [&hellip;]<\/p>\n","protected":false},"author":3,"featured_media":0,"parent":0,"menu_order":0,"comment_status":"closed","ping_status":"closed","template":"","meta":{"footnotes":""},"class_list":["post-3429","page","type-page","status-publish","hentry"],"yoast_head":"<!-- This site is optimized with the Yoast SEO plugin v27.4 - https:\/\/yoast.com\/product\/yoast-seo-wordpress\/ -->\n<title>Sviitti saunalla |\u00a0Viiking Spa Hotelli P\u00e4rnussa | Majoitus P\u00e4rnussa<\/title>\n<meta name=\"description\" content=\"Viiking Spa Hotelli tarjoa 2 sviitti\u00e4 josta on sauna. Sviitti saunalla, parvekkeella ja istumanurkkauksella. Hinnassa sis\u00e4ltyy aamiainen.\" \/>\n<meta name=\"robots\" content=\"index, follow, max-snippet:-1, max-image-preview:large, max-video-preview:-1\" \/>\n<link rel=\"canonical\" href=\"https:\/\/www.viiking.ee\/fi\/sviitti-saunalla\/\" \/>\n<meta property=\"og:locale\" content=\"fi_FI\" \/>\n<meta property=\"og:type\" content=\"article\" \/>\n<meta property=\"og:title\" content=\"Sviitti saunalla |\u00a0Viiking Spa Hotelli P\u00e4rnussa | Majoitus P\u00e4rnussa\" \/>\n<meta property=\"og:description\" content=\"Viiking Spa Hotelli tarjoa 2 sviitti\u00e4 josta on sauna. Sviitti saunalla, parvekkeella ja istumanurkkauksella. Hinnassa sis\u00e4ltyy aamiainen.\" \/>\n<meta property=\"og:url\" content=\"https:\/\/www.viiking.ee\/fi\/sviitti-saunalla\/\" \/>\n<meta property=\"og:site_name\" content=\"Viiking Spaa Hotell P&auml;rnus\" \/>\n<meta property=\"article:modified_time\" content=\"2026-03-12T16:01:45+00:00\" \/>\n<meta property=\"og:image\" content=\"https:\/\/www.viiking.ee\/wp-content\/uploads\/2025\/11\/Saunaga_sviit.jpg\" \/>\n\t<meta property=\"og:image:width\" content=\"1920\" \/>\n\t<meta property=\"og:image:height\" content=\"1080\" \/>\n\t<meta property=\"og:image:type\" content=\"image\/jpeg\" \/>\n<meta name=\"twitter:card\" content=\"summary_large_image\" \/>\n<meta name=\"twitter:label1\" content=\"Arvioitu lukuaika\" \/>\n\t<meta name=\"twitter:data1\" content=\"2 minuuttia\" \/>\n<script type=\"application\/ld+json\" class=\"yoast-schema-graph\">{\"@context\":\"https:\\\/\\\/schema.org\",\"@graph\":[{\"@type\":\"WebPage\",\"@id\":\"https:\\\/\\\/www.viiking.ee\\\/fi\\\/sviitti-saunalla\\\/\",\"url\":\"https:\\\/\\\/www.viiking.ee\\\/fi\\\/sviitti-saunalla\\\/\",\"name\":\"Sviitti saunalla |\u00a0Viiking Spa Hotelli P\u00e4rnussa | Majoitus P\u00e4rnussa\",\"isPartOf\":{\"@id\":\"https:\\\/\\\/www.viiking.ee\\\/en\\\/#website\"},\"primaryImageOfPage\":{\"@id\":\"https:\\\/\\\/www.viiking.ee\\\/fi\\\/sviitti-saunalla\\\/#primaryimage\"},\"image\":{\"@id\":\"https:\\\/\\\/www.viiking.ee\\\/fi\\\/sviitti-saunalla\\\/#primaryimage\"},\"thumbnailUrl\":\"https:\\\/\\\/www.viiking.ee\\\/wp-content\\\/uploads\\\/2025\\\/11\\\/Saunaga_sviit.jpg\",\"datePublished\":\"2025-12-03T14:42:03+00:00\",\"dateModified\":\"2026-03-12T16:01:45+00:00\",\"description\":\"Viiking Spa Hotelli tarjoa 2 sviitti\u00e4 josta on sauna. Sviitti saunalla, parvekkeella ja istumanurkkauksella. Hinnassa sis\u00e4ltyy aamiainen.\",\"breadcrumb\":{\"@id\":\"https:\\\/\\\/www.viiking.ee\\\/fi\\\/sviitti-saunalla\\\/#breadcrumb\"},\"inLanguage\":\"fi\",\"potentialAction\":[{\"@type\":\"ReadAction\",\"target\":[\"https:\\\/\\\/www.viiking.ee\\\/fi\\\/sviitti-saunalla\\\/\"]}]},{\"@type\":\"ImageObject\",\"inLanguage\":\"fi\",\"@id\":\"https:\\\/\\\/www.viiking.ee\\\/fi\\\/sviitti-saunalla\\\/#primaryimage\",\"url\":\"https:\\\/\\\/www.viiking.ee\\\/wp-content\\\/uploads\\\/2025\\\/11\\\/Saunaga_sviit.jpg\",\"contentUrl\":\"https:\\\/\\\/www.viiking.ee\\\/wp-content\\\/uploads\\\/2025\\\/11\\\/Saunaga_sviit.jpg\"},{\"@type\":\"BreadcrumbList\",\"@id\":\"https:\\\/\\\/www.viiking.ee\\\/fi\\\/sviitti-saunalla\\\/#breadcrumb\",\"itemListElement\":[{\"@type\":\"ListItem\",\"position\":1,\"name\":\"Home\",\"item\":\"https:\\\/\\\/www.viiking.ee\\\/fi\\\/\"},{\"@type\":\"ListItem\",\"position\":2,\"name\":\"Sviitti saunalla\"}]},{\"@type\":\"WebSite\",\"@id\":\"https:\\\/\\\/www.viiking.ee\\\/en\\\/#website\",\"url\":\"https:\\\/\\\/www.viiking.ee\\\/en\\\/\",\"name\":\"Viiking Spaa Hotell P&auml;rnus\",\"description\":\"\",\"potentialAction\":[{\"@type\":\"SearchAction\",\"target\":{\"@type\":\"EntryPoint\",\"urlTemplate\":\"https:\\\/\\\/www.viiking.ee\\\/en\\\/?s={search_term_string}\"},\"query-input\":{\"@type\":\"PropertyValueSpecification\",\"valueRequired\":true,\"valueName\":\"search_term_string\"}}],\"inLanguage\":\"fi\"}]}<\/script>\n<!-- \/ Yoast SEO plugin. -->","yoast_head_json":{"title":"Sviitti saunalla |\u00a0Viiking Spa Hotelli P\u00e4rnussa | Majoitus P\u00e4rnussa","description":"Viiking Spa Hotelli tarjoa 2 sviitti\u00e4 josta on sauna. Sviitti saunalla, parvekkeella ja istumanurkkauksella. Hinnassa sis\u00e4ltyy aamiainen.","robots":{"index":"index","follow":"follow","max-snippet":"max-snippet:-1","max-image-preview":"max-image-preview:large","max-video-preview":"max-video-preview:-1"},"canonical":"https:\/\/www.viiking.ee\/fi\/sviitti-saunalla\/","og_locale":"fi_FI","og_type":"article","og_title":"Sviitti saunalla |\u00a0Viiking Spa Hotelli P\u00e4rnussa | Majoitus P\u00e4rnussa","og_description":"Viiking Spa Hotelli tarjoa 2 sviitti\u00e4 josta on sauna. Sviitti saunalla, parvekkeella ja istumanurkkauksella. Hinnassa sis\u00e4ltyy aamiainen.","og_url":"https:\/\/www.viiking.ee\/fi\/sviitti-saunalla\/","og_site_name":"Viiking Spaa Hotell P&auml;rnus","article_modified_time":"2026-03-12T16:01:45+00:00","og_image":[{"width":1920,"height":1080,"url":"https:\/\/www.viiking.ee\/wp-content\/uploads\/2025\/11\/Saunaga_sviit.jpg","type":"image\/jpeg"}],"twitter_card":"summary_large_image","twitter_misc":{"Arvioitu lukuaika":"2 minuuttia"},"schema":{"@context":"https:\/\/schema.org","@graph":[{"@type":"WebPage","@id":"https:\/\/www.viiking.ee\/fi\/sviitti-saunalla\/","url":"https:\/\/www.viiking.ee\/fi\/sviitti-saunalla\/","name":"Sviitti saunalla |\u00a0Viiking Spa Hotelli P\u00e4rnussa | Majoitus P\u00e4rnussa","isPartOf":{"@id":"https:\/\/www.viiking.ee\/en\/#website"},"primaryImageOfPage":{"@id":"https:\/\/www.viiking.ee\/fi\/sviitti-saunalla\/#primaryimage"},"image":{"@id":"https:\/\/www.viiking.ee\/fi\/sviitti-saunalla\/#primaryimage"},"thumbnailUrl":"https:\/\/www.viiking.ee\/wp-content\/uploads\/2025\/11\/Saunaga_sviit.jpg","datePublished":"2025-12-03T14:42:03+00:00","dateModified":"2026-03-12T16:01:45+00:00","description":"Viiking Spa Hotelli tarjoa 2 sviitti\u00e4 josta on sauna. Sviitti saunalla, parvekkeella ja istumanurkkauksella. Hinnassa sis\u00e4ltyy aamiainen.","breadcrumb":{"@id":"https:\/\/www.viiking.ee\/fi\/sviitti-saunalla\/#breadcrumb"},"inLanguage":"fi","potentialAction":[{"@type":"ReadAction","target":["https:\/\/www.viiking.ee\/fi\/sviitti-saunalla\/"]}]},{"@type":"ImageObject","inLanguage":"fi","@id":"https:\/\/www.viiking.ee\/fi\/sviitti-saunalla\/#primaryimage","url":"https:\/\/www.viiking.ee\/wp-content\/uploads\/2025\/11\/Saunaga_sviit.jpg","contentUrl":"https:\/\/www.viiking.ee\/wp-content\/uploads\/2025\/11\/Saunaga_sviit.jpg"},{"@type":"BreadcrumbList","@id":"https:\/\/www.viiking.ee\/fi\/sviitti-saunalla\/#breadcrumb","itemListElement":[{"@type":"ListItem","position":1,"name":"Home","item":"https:\/\/www.viiking.ee\/fi\/"},{"@type":"ListItem","position":2,"name":"Sviitti saunalla"}]},{"@type":"WebSite","@id":"https:\/\/www.viiking.ee\/en\/#website","url":"https:\/\/www.viiking.ee\/en\/","name":"Viiking Spaa Hotell P&auml;rnus","description":"","potentialAction":[{"@type":"SearchAction","target":{"@type":"EntryPoint","urlTemplate":"https:\/\/www.viiking.ee\/en\/?s={search_term_string}"},"query-input":{"@type":"PropertyValueSpecification","valueRequired":true,"valueName":"search_term_string"}}],"inLanguage":"fi"}]}},"_links":{"self":[{"href":"https:\/\/www.viiking.ee\/fi\/wp-json\/wp\/v2\/pages\/3429","targetHints":{"allow":["GET"]}}],"collection":[{"href":"https:\/\/www.viiking.ee\/fi\/wp-json\/wp\/v2\/pages"}],"about":[{"href":"https:\/\/www.viiking.ee\/fi\/wp-json\/wp\/v2\/types\/page"}],"author":[{"embeddable":true,"href":"https:\/\/www.viiking.ee\/fi\/wp-json\/wp\/v2\/users\/3"}],"replies":[{"embeddable":true,"href":"https:\/\/www.viiking.ee\/fi\/wp-json\/wp\/v2\/comments?post=3429"}],"version-history":[{"count":6,"href":"https:\/\/www.viiking.ee\/fi\/wp-json\/wp\/v2\/pages\/3429\/revisions"}],"predecessor-version":[{"id":60224,"href":"https:\/\/www.viiking.ee\/fi\/wp-json\/wp\/v2\/pages\/3429\/revisions\/60224"}],"wp:attachment":[{"href":"https:\/\/www.viiking.ee\/fi\/wp-json\/wp\/v2\/media?parent=3429"}],"curies":[{"name":"wp","href":"https:\/\/api.w.org\/{rel}","templated":true}]}}