{"id":3426,"date":"2025-12-03T14:20:44","date_gmt":"2025-12-03T14:20:44","guid":{"rendered":"https:\/\/viiking.ee\/narituba\/"},"modified":"2026-03-12T15:59:37","modified_gmt":"2026-03-12T15:59:37","slug":"kerrossangyllinen-huone","status":"publish","type":"page","link":"https:\/\/www.viiking.ee\/fi\/kerrossangyllinen-huone\/","title":{"rendered":"Kerross\u00e4ngyllinen huone"},"content":{"rendered":"<!DOCTYPE html PUBLIC \"-\/\/W3C\/\/DTD HTML 4.0 Transitional\/\/EN\" \"http:\/\/www.w3.org\/TR\/REC-html40\/loose.dtd\">\n<?xml encoding=\"utf-8\" ?><div class=\"wp-block-cover alignfull is-light\"><img loading=\"lazy\" decoding=\"async\" width=\"1920\" height=\"1280\" class=\"wp-block-cover__image-background wp-image-431 size-full\" alt=\"kylpyl&auml;loma p&auml;rnussa I Kerross&auml;ngyllinen huone\" src=\"https:\/\/www.viiking.ee\/wp-content\/uploads\/2025\/11\/Narituba-1.jpg\" data-object-fit=\"cover\" srcset=\"https:\/\/www.viiking.ee\/wp-content\/uploads\/2025\/11\/Narituba-1.jpg 1920w, https:\/\/www.viiking.ee\/wp-content\/uploads\/2025\/11\/Narituba-1-300x200.jpg 300w, https:\/\/www.viiking.ee\/wp-content\/uploads\/2025\/11\/Narituba-1-1024x683.jpg 1024w, https:\/\/www.viiking.ee\/wp-content\/uploads\/2025\/11\/Narituba-1-768x512.jpg 768w, https:\/\/www.viiking.ee\/wp-content\/uploads\/2025\/11\/Narituba-1-1536x1024.jpg 1536w, https:\/\/www.viiking.ee\/wp-content\/uploads\/2025\/11\/Narituba-1-1568x1045.jpg 1568w\" sizes=\"auto, (max-width: 1920px) 100vw, 1920px\" \/><span aria-hidden=\"true\" class=\"wp-block-cover__background has-background-dim-0 has-background-dim\"><\/span><div class=\"wp-block-cover__inner-container is-layout-flow wp-block-cover-is-layout-flow\">\n<p class=\"has-text-align-center has-large-font-size\"><\/p>\n<\/div><\/div>\n\n\n\n<div style=\"height:30px\" aria-hidden=\"true\" class=\"wp-block-spacer mobile-spacer-10\"><\/div>\n\n\n\n<h1 class=\"wp-block-heading has-text-align-center\">Kerross&auml;ngyllinen huone<\/h1>\n\n\n\n<div class=\"wp-block-columns alignwide is-layout-flex wp-container-core-columns-is-layout-28f84493 wp-block-columns-is-layout-flex\">\n<div class=\"wp-block-column has-background is-layout-flow wp-block-column-is-layout-flow\" style=\"background-color:#e8d9c6;padding-top:var(--wp--preset--spacing--40);padding-bottom:var(--wp--preset--spacing--40)\">\n<p><\/p>\n\n\n\n<div class=\"wp-block-columns alignwide has-background is-layout-flex wp-container-core-columns-is-layout-28f84493 wp-block-columns-is-layout-flex\" style=\"background-color:#e8d9c6\">\n<div class=\"wp-block-column is-vertically-aligned-center animated fadeIn delay-200ms slow is-layout-flow wp-block-column-is-layout-flow\" style=\"flex-basis:50%\">\n<p>Mukava ja hyvin sisustettu huone. Savuttoma ja sopiva allergikoille. Uusittu vuonna 2013. Huoneessa on 2 erillist&auml; s&auml;nky&auml;, jotka voidaan laittaa vierekk&auml;in ja my&ouml;s kerross&auml;nky. Huone sopii enint&auml;&auml;n 4 hengelle. Huoneista on kaunis n&auml;k&ouml;ala rauhallisen sis&auml;pihan puolelle.<\/p>\n\n\n\n<p><\/p>\n\n\n\n<div class=\"wp-block-buttons is-layout-flex wp-block-buttons-is-layout-flex\">\n<div class=\"wp-block-button\"><a class=\"wp-block-button__link wp-element-button\" href=\"https:\/\/hotel.viiking.ee\/fi\/\" title=\"VARAA\">VARAA<\/a><\/div>\n<\/div>\n<\/div>\n\n\n\n<div class=\"wp-block-column animated fadeIn delay-200ms slow is-layout-flow wp-block-column-is-layout-flow\">\n<h3 class=\"wp-block-heading\">Huoneen mukavuudet:<\/h3>\n\n\n\n<ul class=\"wp-block-list\">\n<li>Huonen koko 19-22 m&sup2;<\/li>\n\n\n\n<li>Maksuton WiFi-yhteys<\/li>\n\n\n\n<li>Viile&auml;kaappi<\/li>\n\n\n\n<li>Suihku<\/li>\n\n\n\n<li>Hiustenkuivaaja<\/li>\n\n\n\n<li>Kylpytakit aikuisille (hotelli ei tarjoa kylpytakkeja lapsille)<\/li>\n\n\n\n<li>Taulutelevisio<\/li>\n\n\n\n<li>Suoravalintapuhelin<\/li>\n<\/ul>\n<\/div>\n\n\n\n<div class=\"wp-block-column animated fadeIn delay-200ms slow is-layout-flow wp-block-column-is-layout-flow\" style=\"flex-basis:25%\">\n<h3 class=\"wp-block-heading\">Majoituksen hinta sis&auml;lt&auml;&auml;:<\/h3>\n\n\n\n<ul class=\"wp-block-list\">\n<li>Aamiaisen<\/li>\n\n\n\n<li><a href=\"https:\/\/www.viiking.ee\/fi\/aamuuinti\/\" title=\"Aamu-uinnin\">Aamu-uinnin<\/a><\/li>\n\n\n\n<li><a href=\"https:\/\/www.viiking.ee\/fi\/vesikeskus\/\" title=\"Vesi- ja saunakeskus &rdquo;Viiking Saagan&rdquo;&nbsp;k&auml;yt&ouml;n\">Vesi- ja saunakeskus &rdquo;Viiking Saagan&rdquo;&nbsp;k&auml;yt&ouml;n<\/a><\/li>\n\n\n\n<li><a href=\"https:\/\/www.viiking.ee\/fi\/lisapalvelut\/\" title=\"Kuntoilutilan&nbsp;k&auml;ytt&ouml;\">Kuntoilutilan&nbsp;k&auml;ytt&ouml;<\/a>.<\/li>\n<\/ul>\n<\/div>\n<\/div>\n\n\n\n<figure class=\"wp-block-gallery has-nested-images columns-default is-cropped animated fadeIn delay-200ms slow wp-block-gallery-1 is-layout-flex wp-block-gallery-is-layout-flex\">\n<figure class=\"wp-block-image size-full\"><a href=\"https:\/\/www.viiking.ee\/wp-content\/uploads\/2025\/11\/Narituba-1.jpg\" title=\"\"><img loading=\"lazy\" decoding=\"async\" width=\"1920\" height=\"1280\" data-id=\"431\" src=\"https:\/\/www.viiking.ee\/wp-content\/uploads\/2025\/11\/Narituba-1.jpg\" alt=\"\" class=\"wp-image-431\" srcset=\"https:\/\/www.viiking.ee\/wp-content\/uploads\/2025\/11\/Narituba-1.jpg 1920w, https:\/\/www.viiking.ee\/wp-content\/uploads\/2025\/11\/Narituba-1-300x200.jpg 300w, https:\/\/www.viiking.ee\/wp-content\/uploads\/2025\/11\/Narituba-1-1024x683.jpg 1024w, https:\/\/www.viiking.ee\/wp-content\/uploads\/2025\/11\/Narituba-1-768x512.jpg 768w, https:\/\/www.viiking.ee\/wp-content\/uploads\/2025\/11\/Narituba-1-1536x1024.jpg 1536w, https:\/\/www.viiking.ee\/wp-content\/uploads\/2025\/11\/Narituba-1-1568x1045.jpg 1568w\" sizes=\"auto, (max-width: 1920px) 100vw, 1920px\" \/><\/a><\/figure>\n\n\n\n<figure class=\"wp-block-image size-full\"><a href=\"https:\/\/www.viiking.ee\/wp-content\/uploads\/2025\/11\/Narituba-3.jpg\" title=\"\"><img loading=\"lazy\" decoding=\"async\" width=\"1920\" height=\"1280\" data-id=\"439\" src=\"https:\/\/www.viiking.ee\/wp-content\/uploads\/2025\/11\/Narituba-3.jpg\" alt=\"kylpyl&auml;loma p&auml;rnussa I Kerross&auml;ngyllinen huone\" class=\"wp-image-439\" srcset=\"https:\/\/www.viiking.ee\/wp-content\/uploads\/2025\/11\/Narituba-3.jpg 1920w, https:\/\/www.viiking.ee\/wp-content\/uploads\/2025\/11\/Narituba-3-300x200.jpg 300w, https:\/\/www.viiking.ee\/wp-content\/uploads\/2025\/11\/Narituba-3-1024x683.jpg 1024w, https:\/\/www.viiking.ee\/wp-content\/uploads\/2025\/11\/Narituba-3-768x512.jpg 768w, https:\/\/www.viiking.ee\/wp-content\/uploads\/2025\/11\/Narituba-3-1536x1024.jpg 1536w, https:\/\/www.viiking.ee\/wp-content\/uploads\/2025\/11\/Narituba-3-1568x1045.jpg 1568w\" sizes=\"auto, (max-width: 1920px) 100vw, 1920px\" \/><\/a><\/figure>\n\n\n\n<figure class=\"wp-block-image size-full\"><a href=\"https:\/\/www.viiking.ee\/wp-content\/uploads\/2025\/11\/Dusiruum-naritoas.jpg\" title=\"\"><img loading=\"lazy\" decoding=\"async\" width=\"1920\" height=\"1280\" data-id=\"427\" src=\"https:\/\/www.viiking.ee\/wp-content\/uploads\/2025\/11\/Dusiruum-naritoas.jpg\" alt=\"kylpyl&auml;loma p&auml;rnussa I Kerross&auml;ngyllinen huone\" class=\"wp-image-427\" srcset=\"https:\/\/www.viiking.ee\/wp-content\/uploads\/2025\/11\/Dusiruum-naritoas.jpg 1920w, https:\/\/www.viiking.ee\/wp-content\/uploads\/2025\/11\/Dusiruum-naritoas-300x200.jpg 300w, https:\/\/www.viiking.ee\/wp-content\/uploads\/2025\/11\/Dusiruum-naritoas-1024x683.jpg 1024w, https:\/\/www.viiking.ee\/wp-content\/uploads\/2025\/11\/Dusiruum-naritoas-768x512.jpg 768w, https:\/\/www.viiking.ee\/wp-content\/uploads\/2025\/11\/Dusiruum-naritoas-1536x1024.jpg 1536w, https:\/\/www.viiking.ee\/wp-content\/uploads\/2025\/11\/Dusiruum-naritoas-1568x1045.jpg 1568w\" sizes=\"auto, (max-width: 1920px) 100vw, 1920px\" \/><\/a><\/figure>\n\n\n\n<figure class=\"wp-block-image size-full\"><a href=\"https:\/\/www.viiking.ee\/wp-content\/uploads\/2025\/11\/Narituba-5.jpg\" title=\"\"><img loading=\"lazy\" decoding=\"async\" width=\"1920\" height=\"1280\" data-id=\"443\" src=\"https:\/\/www.viiking.ee\/wp-content\/uploads\/2025\/11\/Narituba-5.jpg\" alt=\"kylpyl&auml;loma p&auml;rnussa I Kerross&auml;ngyllinen huone\" class=\"wp-image-443\" srcset=\"https:\/\/www.viiking.ee\/wp-content\/uploads\/2025\/11\/Narituba-5.jpg 1920w, https:\/\/www.viiking.ee\/wp-content\/uploads\/2025\/11\/Narituba-5-300x200.jpg 300w, https:\/\/www.viiking.ee\/wp-content\/uploads\/2025\/11\/Narituba-5-1024x683.jpg 1024w, https:\/\/www.viiking.ee\/wp-content\/uploads\/2025\/11\/Narituba-5-768x512.jpg 768w, https:\/\/www.viiking.ee\/wp-content\/uploads\/2025\/11\/Narituba-5-1536x1024.jpg 1536w, https:\/\/www.viiking.ee\/wp-content\/uploads\/2025\/11\/Narituba-5-1568x1045.jpg 1568w\" sizes=\"auto, (max-width: 1920px) 100vw, 1920px\" \/><\/a><\/figure>\n\n\n\n<figure class=\"wp-block-image size-full\"><a href=\"https:\/\/www.viiking.ee\/wp-content\/uploads\/2025\/11\/Narituba-2.jpg\" title=\"\"><img loading=\"lazy\" decoding=\"async\" width=\"1920\" height=\"1293\" data-id=\"435\" src=\"https:\/\/www.viiking.ee\/wp-content\/uploads\/2025\/11\/Narituba-2.jpg\" alt=\"kylpyl&auml;loma p&auml;rnussa I Kerross&auml;ngyllinen huone\" class=\"wp-image-435\" srcset=\"https:\/\/www.viiking.ee\/wp-content\/uploads\/2025\/11\/Narituba-2.jpg 1920w, https:\/\/www.viiking.ee\/wp-content\/uploads\/2025\/11\/Narituba-2-300x202.jpg 300w, https:\/\/www.viiking.ee\/wp-content\/uploads\/2025\/11\/Narituba-2-1024x690.jpg 1024w, https:\/\/www.viiking.ee\/wp-content\/uploads\/2025\/11\/Narituba-2-768x517.jpg 768w, https:\/\/www.viiking.ee\/wp-content\/uploads\/2025\/11\/Narituba-2-1536x1034.jpg 1536w, https:\/\/www.viiking.ee\/wp-content\/uploads\/2025\/11\/Narituba-2-1568x1056.jpg 1568w\" sizes=\"auto, (max-width: 1920px) 100vw, 1920px\" \/><\/a><\/figure>\n<\/figure>\n<\/div>\n<\/div>\n\n\n\n<div style=\"height:20px\" aria-hidden=\"true\" class=\"wp-block-spacer\"><\/div>\n\n\n\n<p><\/p>\n","protected":false},"excerpt":{"rendered":"<p>Kerross&auml;ngyllinen huone Mukava ja hyvin sisustettu huone. Savuttoma ja sopiva allergikoille. Uusittu vuonna 2013. Huoneessa on 2 erillist&auml; s&auml;nky&auml;, jotka voidaan laittaa vierekk&auml;in ja my&ouml;s kerross&auml;nky. Huone sopii enint&auml;&auml;n 4 hengelle. Huoneista on kaunis n&auml;k&ouml;ala rauhallisen sis&auml;pihan puolelle. Huoneen mukavuudet: Majoituksen hinta sis&auml;lt&auml;&auml;:<\/p>\n","protected":false},"author":3,"featured_media":0,"parent":0,"menu_order":0,"comment_status":"closed","ping_status":"closed","template":"","meta":{"footnotes":""},"class_list":["post-3426","page","type-page","status-publish","hentry"],"yoast_head":"<!-- This site is optimized with the Yoast SEO plugin v27.4 - https:\/\/yoast.com\/product\/yoast-seo-wordpress\/ -->\n<title>Kylpyl\u00e4loma P\u00e4rnussa | Kerross\u00e4ngyllinen huone | Viiking Spa<\/title>\n<meta name=\"description\" content=\"Huone sopii enint\u00e4\u00e4n 4 hengelle. Hinnassa sis\u00e4ltyy aamiainen, aamusauna ja uinti. Huoneista on n\u00e4k\u00f6ala rauhallisen sis\u00e4pihan puolelle.\" \/>\n<meta name=\"robots\" content=\"index, follow, max-snippet:-1, max-image-preview:large, max-video-preview:-1\" \/>\n<link rel=\"canonical\" href=\"https:\/\/www.viiking.ee\/fi\/kerrossangyllinen-huone\/\" \/>\n<meta property=\"og:locale\" content=\"fi_FI\" \/>\n<meta property=\"og:type\" content=\"article\" \/>\n<meta property=\"og:title\" content=\"Kylpyl\u00e4loma P\u00e4rnussa | Kerross\u00e4ngyllinen huone | Viiking Spa\" \/>\n<meta property=\"og:description\" content=\"Huone sopii enint\u00e4\u00e4n 4 hengelle. Hinnassa sis\u00e4ltyy aamiainen, aamusauna ja uinti. Huoneista on n\u00e4k\u00f6ala rauhallisen sis\u00e4pihan puolelle.\" \/>\n<meta property=\"og:url\" content=\"https:\/\/www.viiking.ee\/fi\/kerrossangyllinen-huone\/\" \/>\n<meta property=\"og:site_name\" content=\"Viiking Spaa Hotell P&auml;rnus\" \/>\n<meta property=\"article:modified_time\" content=\"2026-03-12T15:59:37+00:00\" \/>\n<meta property=\"og:image\" content=\"https:\/\/www.viiking.ee\/wp-content\/uploads\/2025\/11\/Narituba-1.jpg\" \/>\n\t<meta property=\"og:image:width\" content=\"1920\" \/>\n\t<meta property=\"og:image:height\" content=\"1280\" \/>\n\t<meta property=\"og:image:type\" content=\"image\/jpeg\" \/>\n<meta name=\"twitter:card\" content=\"summary_large_image\" \/>\n<meta name=\"twitter:label1\" content=\"Arvioitu lukuaika\" \/>\n\t<meta name=\"twitter:data1\" content=\"2 minuuttia\" \/>\n<script type=\"application\/ld+json\" class=\"yoast-schema-graph\">{\"@context\":\"https:\\\/\\\/schema.org\",\"@graph\":[{\"@type\":\"WebPage\",\"@id\":\"https:\\\/\\\/www.viiking.ee\\\/fi\\\/kerrossangyllinen-huone\\\/\",\"url\":\"https:\\\/\\\/www.viiking.ee\\\/fi\\\/kerrossangyllinen-huone\\\/\",\"name\":\"Kylpyl\u00e4loma P\u00e4rnussa | Kerross\u00e4ngyllinen huone | Viiking Spa\",\"isPartOf\":{\"@id\":\"https:\\\/\\\/www.viiking.ee\\\/en\\\/#website\"},\"primaryImageOfPage\":{\"@id\":\"https:\\\/\\\/www.viiking.ee\\\/fi\\\/kerrossangyllinen-huone\\\/#primaryimage\"},\"image\":{\"@id\":\"https:\\\/\\\/www.viiking.ee\\\/fi\\\/kerrossangyllinen-huone\\\/#primaryimage\"},\"thumbnailUrl\":\"https:\\\/\\\/www.viiking.ee\\\/wp-content\\\/uploads\\\/2025\\\/11\\\/Narituba-1.jpg\",\"datePublished\":\"2025-12-03T14:20:44+00:00\",\"dateModified\":\"2026-03-12T15:59:37+00:00\",\"description\":\"Huone sopii enint\u00e4\u00e4n 4 hengelle. Hinnassa sis\u00e4ltyy aamiainen, aamusauna ja uinti. Huoneista on n\u00e4k\u00f6ala rauhallisen sis\u00e4pihan puolelle.\",\"breadcrumb\":{\"@id\":\"https:\\\/\\\/www.viiking.ee\\\/fi\\\/kerrossangyllinen-huone\\\/#breadcrumb\"},\"inLanguage\":\"fi\",\"potentialAction\":[{\"@type\":\"ReadAction\",\"target\":[\"https:\\\/\\\/www.viiking.ee\\\/fi\\\/kerrossangyllinen-huone\\\/\"]}]},{\"@type\":\"ImageObject\",\"inLanguage\":\"fi\",\"@id\":\"https:\\\/\\\/www.viiking.ee\\\/fi\\\/kerrossangyllinen-huone\\\/#primaryimage\",\"url\":\"https:\\\/\\\/www.viiking.ee\\\/wp-content\\\/uploads\\\/2025\\\/11\\\/Narituba-1.jpg\",\"contentUrl\":\"https:\\\/\\\/www.viiking.ee\\\/wp-content\\\/uploads\\\/2025\\\/11\\\/Narituba-1.jpg\"},{\"@type\":\"BreadcrumbList\",\"@id\":\"https:\\\/\\\/www.viiking.ee\\\/fi\\\/kerrossangyllinen-huone\\\/#breadcrumb\",\"itemListElement\":[{\"@type\":\"ListItem\",\"position\":1,\"name\":\"Home\",\"item\":\"https:\\\/\\\/www.viiking.ee\\\/fi\\\/\"},{\"@type\":\"ListItem\",\"position\":2,\"name\":\"Kerross\u00e4ngyllinen huone\"}]},{\"@type\":\"WebSite\",\"@id\":\"https:\\\/\\\/www.viiking.ee\\\/en\\\/#website\",\"url\":\"https:\\\/\\\/www.viiking.ee\\\/en\\\/\",\"name\":\"Viiking Spaa Hotell P&auml;rnus\",\"description\":\"\",\"potentialAction\":[{\"@type\":\"SearchAction\",\"target\":{\"@type\":\"EntryPoint\",\"urlTemplate\":\"https:\\\/\\\/www.viiking.ee\\\/en\\\/?s={search_term_string}\"},\"query-input\":{\"@type\":\"PropertyValueSpecification\",\"valueRequired\":true,\"valueName\":\"search_term_string\"}}],\"inLanguage\":\"fi\"}]}<\/script>\n<!-- \/ Yoast SEO plugin. -->","yoast_head_json":{"title":"Kylpyl\u00e4loma P\u00e4rnussa | Kerross\u00e4ngyllinen huone | Viiking Spa","description":"Huone sopii enint\u00e4\u00e4n 4 hengelle. Hinnassa sis\u00e4ltyy aamiainen, aamusauna ja uinti. Huoneista on n\u00e4k\u00f6ala rauhallisen sis\u00e4pihan puolelle.","robots":{"index":"index","follow":"follow","max-snippet":"max-snippet:-1","max-image-preview":"max-image-preview:large","max-video-preview":"max-video-preview:-1"},"canonical":"https:\/\/www.viiking.ee\/fi\/kerrossangyllinen-huone\/","og_locale":"fi_FI","og_type":"article","og_title":"Kylpyl\u00e4loma P\u00e4rnussa | Kerross\u00e4ngyllinen huone | Viiking Spa","og_description":"Huone sopii enint\u00e4\u00e4n 4 hengelle. Hinnassa sis\u00e4ltyy aamiainen, aamusauna ja uinti. Huoneista on n\u00e4k\u00f6ala rauhallisen sis\u00e4pihan puolelle.","og_url":"https:\/\/www.viiking.ee\/fi\/kerrossangyllinen-huone\/","og_site_name":"Viiking Spaa Hotell P&auml;rnus","article_modified_time":"2026-03-12T15:59:37+00:00","og_image":[{"width":1920,"height":1280,"url":"https:\/\/www.viiking.ee\/wp-content\/uploads\/2025\/11\/Narituba-1.jpg","type":"image\/jpeg"}],"twitter_card":"summary_large_image","twitter_misc":{"Arvioitu lukuaika":"2 minuuttia"},"schema":{"@context":"https:\/\/schema.org","@graph":[{"@type":"WebPage","@id":"https:\/\/www.viiking.ee\/fi\/kerrossangyllinen-huone\/","url":"https:\/\/www.viiking.ee\/fi\/kerrossangyllinen-huone\/","name":"Kylpyl\u00e4loma P\u00e4rnussa | Kerross\u00e4ngyllinen huone | Viiking Spa","isPartOf":{"@id":"https:\/\/www.viiking.ee\/en\/#website"},"primaryImageOfPage":{"@id":"https:\/\/www.viiking.ee\/fi\/kerrossangyllinen-huone\/#primaryimage"},"image":{"@id":"https:\/\/www.viiking.ee\/fi\/kerrossangyllinen-huone\/#primaryimage"},"thumbnailUrl":"https:\/\/www.viiking.ee\/wp-content\/uploads\/2025\/11\/Narituba-1.jpg","datePublished":"2025-12-03T14:20:44+00:00","dateModified":"2026-03-12T15:59:37+00:00","description":"Huone sopii enint\u00e4\u00e4n 4 hengelle. Hinnassa sis\u00e4ltyy aamiainen, aamusauna ja uinti. Huoneista on n\u00e4k\u00f6ala rauhallisen sis\u00e4pihan puolelle.","breadcrumb":{"@id":"https:\/\/www.viiking.ee\/fi\/kerrossangyllinen-huone\/#breadcrumb"},"inLanguage":"fi","potentialAction":[{"@type":"ReadAction","target":["https:\/\/www.viiking.ee\/fi\/kerrossangyllinen-huone\/"]}]},{"@type":"ImageObject","inLanguage":"fi","@id":"https:\/\/www.viiking.ee\/fi\/kerrossangyllinen-huone\/#primaryimage","url":"https:\/\/www.viiking.ee\/wp-content\/uploads\/2025\/11\/Narituba-1.jpg","contentUrl":"https:\/\/www.viiking.ee\/wp-content\/uploads\/2025\/11\/Narituba-1.jpg"},{"@type":"BreadcrumbList","@id":"https:\/\/www.viiking.ee\/fi\/kerrossangyllinen-huone\/#breadcrumb","itemListElement":[{"@type":"ListItem","position":1,"name":"Home","item":"https:\/\/www.viiking.ee\/fi\/"},{"@type":"ListItem","position":2,"name":"Kerross\u00e4ngyllinen huone"}]},{"@type":"WebSite","@id":"https:\/\/www.viiking.ee\/en\/#website","url":"https:\/\/www.viiking.ee\/en\/","name":"Viiking Spaa Hotell P&auml;rnus","description":"","potentialAction":[{"@type":"SearchAction","target":{"@type":"EntryPoint","urlTemplate":"https:\/\/www.viiking.ee\/en\/?s={search_term_string}"},"query-input":{"@type":"PropertyValueSpecification","valueRequired":true,"valueName":"search_term_string"}}],"inLanguage":"fi"}]}},"_links":{"self":[{"href":"https:\/\/www.viiking.ee\/fi\/wp-json\/wp\/v2\/pages\/3426","targetHints":{"allow":["GET"]}}],"collection":[{"href":"https:\/\/www.viiking.ee\/fi\/wp-json\/wp\/v2\/pages"}],"about":[{"href":"https:\/\/www.viiking.ee\/fi\/wp-json\/wp\/v2\/types\/page"}],"author":[{"embeddable":true,"href":"https:\/\/www.viiking.ee\/fi\/wp-json\/wp\/v2\/users\/3"}],"replies":[{"embeddable":true,"href":"https:\/\/www.viiking.ee\/fi\/wp-json\/wp\/v2\/comments?post=3426"}],"version-history":[{"count":6,"href":"https:\/\/www.viiking.ee\/fi\/wp-json\/wp\/v2\/pages\/3426\/revisions"}],"predecessor-version":[{"id":60223,"href":"https:\/\/www.viiking.ee\/fi\/wp-json\/wp\/v2\/pages\/3426\/revisions\/60223"}],"wp:attachment":[{"href":"https:\/\/www.viiking.ee\/fi\/wp-json\/wp\/v2\/media?parent=3426"}],"curies":[{"name":"wp","href":"https:\/\/api.w.org\/{rel}","templated":true}]}}