{"id":3420,"date":"2025-12-03T14:25:37","date_gmt":"2025-12-03T14:25:37","guid":{"rendered":"https:\/\/viiking.ee\/superior-kahekohaline-tuba\/"},"modified":"2026-03-12T15:49:53","modified_gmt":"2026-03-12T15:49:53","slug":"superior-kahden-hengen-huone","status":"publish","type":"page","link":"https:\/\/www.viiking.ee\/fi\/superior-kahden-hengen-huone\/","title":{"rendered":"Superior kahden hengen huone"},"content":{"rendered":"<!DOCTYPE html PUBLIC \"-\/\/W3C\/\/DTD HTML 4.0 Transitional\/\/EN\" \"http:\/\/www.w3.org\/TR\/REC-html40\/loose.dtd\">\n<?xml encoding=\"utf-8\" ?><div class=\"wp-block-cover alignfull is-light\"><img loading=\"lazy\" decoding=\"async\" width=\"2560\" height=\"1707\" class=\"wp-block-cover__image-background wp-image-1586 size-full\" alt=\"\" src=\"https:\/\/www.viiking.ee\/wp-content\/uploads\/2025\/12\/Superior_tuba_viiking_spaa-scaled.jpg\" data-object-fit=\"cover\" srcset=\"https:\/\/www.viiking.ee\/wp-content\/uploads\/2025\/12\/Superior_tuba_viiking_spaa-scaled.jpg 2560w, https:\/\/www.viiking.ee\/wp-content\/uploads\/2025\/12\/Superior_tuba_viiking_spaa-300x200.jpg 300w, https:\/\/www.viiking.ee\/wp-content\/uploads\/2025\/12\/Superior_tuba_viiking_spaa-1024x683.jpg 1024w, https:\/\/www.viiking.ee\/wp-content\/uploads\/2025\/12\/Superior_tuba_viiking_spaa-768x512.jpg 768w, https:\/\/www.viiking.ee\/wp-content\/uploads\/2025\/12\/Superior_tuba_viiking_spaa-1536x1024.jpg 1536w, https:\/\/www.viiking.ee\/wp-content\/uploads\/2025\/12\/Superior_tuba_viiking_spaa-2048x1365.jpg 2048w\" sizes=\"auto, (max-width: 2560px) 100vw, 2560px\" \/><span aria-hidden=\"true\" class=\"wp-block-cover__background has-background-dim-0 has-background-dim\"><\/span><div class=\"wp-block-cover__inner-container is-layout-flow wp-block-cover-is-layout-flow\">\n<p class=\"has-text-align-center has-large-font-size\"><\/p>\n<\/div><\/div>\n\n\n\n<div style=\"height:30px\" aria-hidden=\"true\" class=\"wp-block-spacer mobile-spacer-10\"><\/div>\n\n\n\n<h1 class=\"wp-block-heading has-text-align-center\">Superior kahden hengen huone<\/h1>\n\n\n\n<div class=\"wp-block-columns alignwide is-layout-flex wp-container-core-columns-is-layout-28f84493 wp-block-columns-is-layout-flex\">\n<div class=\"wp-block-column has-background is-layout-flow wp-block-column-is-layout-flow\" style=\"background-color:#e8d9c6;padding-top:var(--wp--preset--spacing--40);padding-bottom:var(--wp--preset--spacing--40)\">\n<div class=\"wp-block-columns alignwide has-background is-layout-flex wp-container-core-columns-is-layout-28f84493 wp-block-columns-is-layout-flex\" style=\"background-color:#e8d9c6\">\n<div class=\"wp-block-column is-vertically-aligned-center animated fadeIn delay-200ms slow is-layout-flow wp-block-column-is-layout-flow\" style=\"flex-basis:50%\">\n<p>Mukavat ja hyvin sisustetut superior-luokan huoneet. Savuttomat. Sopivat allergikoille. Kaikissa huoneissa parveke ja ilmastointilaite (kes&auml;kaudella). Huoneessa on 2 erillist&auml; s&auml;nky&auml;, jotka voidaan laittaa vierekk&auml;in. Huoneeseen mahtuu my&ouml;s 1&nbsp;lapsi lis&auml;- tai vauvans&auml;ngyll&auml;. Huoneesta avautuvat n&auml;k&ouml;alat sek&auml; P&auml;rnu Kolled&#382; -opistoon, Ringi-kadulle ett&auml; sis&auml;pihalle p&auml;in.<\/p>\n\n\n\n<p><\/p>\n\n\n\n<div class=\"wp-block-buttons is-layout-flex wp-block-buttons-is-layout-flex\">\n<div class=\"wp-block-button\"><a class=\"wp-block-button__link wp-element-button\" href=\"https:\/\/hotel.viiking.ee\/fi\/\" title=\"VARAA\">VARAA<\/a><\/div>\n<\/div>\n<\/div>\n\n\n\n<div class=\"wp-block-column animated fadeIn delay-200ms slow is-layout-flow wp-block-column-is-layout-flow\">\n<h3 class=\"wp-block-heading\">Huoneen mukavuudet:<\/h3>\n\n\n\n<ul class=\"wp-block-list\">\n<li>Koko 16&ndash;18 m&sup2;<\/li>\n\n\n\n<li>90 cm leve&auml;t s&auml;ngyt<\/li>\n\n\n\n<li>Maksuton WiFi-yhteys<\/li>\n\n\n\n<li>Ilmastointilaite<\/li>\n\n\n\n<li>Viile&auml;kaappi<\/li>\n\n\n\n<li>Suihku<\/li>\n\n\n\n<li>Kylpytakit aikuisille (hotelli ei tarjoa kylpytakkeja lapsille)<\/li>\n\n\n\n<li>Hiustenkuivain<\/li>\n\n\n\n<li>Taulutelevisio<\/li>\n<\/ul>\n<\/div>\n\n\n\n<div class=\"wp-block-column animated fadeIn delay-200ms slow is-layout-flow wp-block-column-is-layout-flow\" style=\"flex-basis:25%\">\n<h3 class=\"wp-block-heading\">Majoituksen hinta sis&auml;lt&auml;&auml;:<\/h3>\n\n\n\n<ul class=\"wp-block-list\">\n<li>Aamiaisen<\/li>\n\n\n\n<li><a href=\"https:\/\/www.viiking.ee\/fi\/aamuuinti\/\" title=\"Aamu-uinnin\">Aamu-uinnin<\/a><\/li>\n\n\n\n<li><a href=\"https:\/\/www.viiking.ee\/fi\/vesikeskus\/\" title=\"Vesi- ja saunakeskus &rdquo;Viiking Saagan&rdquo;&nbsp;k&auml;yt&ouml;n\">Vesi- ja saunakeskus &rdquo;Viiking Saagan&rdquo;&nbsp;k&auml;yt&ouml;n<\/a><\/li>\n\n\n\n<li>Kuntoilutilan&nbsp;k&auml;ytt&ouml;.<\/li>\n<\/ul>\n<\/div>\n<\/div>\n\n\n\n<figure class=\"wp-block-gallery has-nested-images columns-default is-cropped animated fadeIn delay-200ms slow wp-block-gallery-1 is-layout-flex wp-block-gallery-is-layout-flex\">\n<figure class=\"wp-block-image size-full\"><a href=\"https:\/\/www.viiking.ee\/wp-content\/uploads\/2025\/11\/Vaade_superior-toast.jpg\" title=\"\"><img loading=\"lazy\" decoding=\"async\" width=\"1920\" height=\"1280\" data-id=\"635\" src=\"https:\/\/www.viiking.ee\/wp-content\/uploads\/2025\/11\/Vaade_superior-toast.jpg\" alt=\"\" class=\"wp-image-635\" srcset=\"https:\/\/www.viiking.ee\/wp-content\/uploads\/2025\/11\/Vaade_superior-toast.jpg 1920w, https:\/\/www.viiking.ee\/wp-content\/uploads\/2025\/11\/Vaade_superior-toast-300x200.jpg 300w, https:\/\/www.viiking.ee\/wp-content\/uploads\/2025\/11\/Vaade_superior-toast-1024x683.jpg 1024w, https:\/\/www.viiking.ee\/wp-content\/uploads\/2025\/11\/Vaade_superior-toast-768x512.jpg 768w, https:\/\/www.viiking.ee\/wp-content\/uploads\/2025\/11\/Vaade_superior-toast-1536x1024.jpg 1536w, https:\/\/www.viiking.ee\/wp-content\/uploads\/2025\/11\/Vaade_superior-toast-1568x1045.jpg 1568w\" sizes=\"auto, (max-width: 1920px) 100vw, 1920px\" \/><\/a><\/figure>\n\n\n\n<figure class=\"wp-block-image size-full\"><a href=\"https:\/\/www.viiking.ee\/wp-content\/uploads\/2025\/11\/Superior_tuba_viiking_spaas-1-scaled.jpg\" title=\"\"><img loading=\"lazy\" decoding=\"async\" width=\"2560\" height=\"1707\" data-id=\"639\" src=\"https:\/\/www.viiking.ee\/wp-content\/uploads\/2025\/11\/Superior_tuba_viiking_spaas-1-scaled.jpg\" alt=\"\" class=\"wp-image-639\" srcset=\"https:\/\/www.viiking.ee\/wp-content\/uploads\/2025\/11\/Superior_tuba_viiking_spaas-1-scaled.jpg 2560w, https:\/\/www.viiking.ee\/wp-content\/uploads\/2025\/11\/Superior_tuba_viiking_spaas-1-300x200.jpg 300w, https:\/\/www.viiking.ee\/wp-content\/uploads\/2025\/11\/Superior_tuba_viiking_spaas-1-1024x683.jpg 1024w, https:\/\/www.viiking.ee\/wp-content\/uploads\/2025\/11\/Superior_tuba_viiking_spaas-1-768x512.jpg 768w, https:\/\/www.viiking.ee\/wp-content\/uploads\/2025\/11\/Superior_tuba_viiking_spaas-1-1536x1024.jpg 1536w, https:\/\/www.viiking.ee\/wp-content\/uploads\/2025\/11\/Superior_tuba_viiking_spaas-1-2048x1365.jpg 2048w, https:\/\/www.viiking.ee\/wp-content\/uploads\/2025\/11\/Superior_tuba_viiking_spaas-1-1568x1045.jpg 1568w\" sizes=\"auto, (max-width: 2560px) 100vw, 2560px\" \/><\/a><\/figure>\n\n\n\n<figure class=\"wp-block-image size-full\"><a href=\"https:\/\/www.viiking.ee\/wp-content\/uploads\/2025\/11\/Superior_tuba_viiking_spaa_hotellis.jpg\" title=\"\"><img loading=\"lazy\" decoding=\"async\" width=\"1920\" height=\"1280\" data-id=\"607\" src=\"https:\/\/www.viiking.ee\/wp-content\/uploads\/2025\/11\/Superior_tuba_viiking_spaa_hotellis.jpg\" alt=\"\" class=\"wp-image-607\" srcset=\"https:\/\/www.viiking.ee\/wp-content\/uploads\/2025\/11\/Superior_tuba_viiking_spaa_hotellis.jpg 1920w, https:\/\/www.viiking.ee\/wp-content\/uploads\/2025\/11\/Superior_tuba_viiking_spaa_hotellis-300x200.jpg 300w, https:\/\/www.viiking.ee\/wp-content\/uploads\/2025\/11\/Superior_tuba_viiking_spaa_hotellis-1024x683.jpg 1024w, https:\/\/www.viiking.ee\/wp-content\/uploads\/2025\/11\/Superior_tuba_viiking_spaa_hotellis-768x512.jpg 768w, https:\/\/www.viiking.ee\/wp-content\/uploads\/2025\/11\/Superior_tuba_viiking_spaa_hotellis-1536x1024.jpg 1536w, https:\/\/www.viiking.ee\/wp-content\/uploads\/2025\/11\/Superior_tuba_viiking_spaa_hotellis-1568x1045.jpg 1568w\" sizes=\"auto, (max-width: 1920px) 100vw, 1920px\" \/><\/a><\/figure>\n\n\n\n<figure class=\"wp-block-image size-full\"><a href=\"https:\/\/www.viiking.ee\/wp-content\/uploads\/2025\/11\/Superior_tuba_Parnu_viiking-scaled.jpg\" title=\"\"><img loading=\"lazy\" decoding=\"async\" width=\"2560\" height=\"1707\" data-id=\"599\" src=\"https:\/\/www.viiking.ee\/wp-content\/uploads\/2025\/11\/Superior_tuba_Parnu_viiking-scaled.jpg\" alt=\"\" class=\"wp-image-599\" srcset=\"https:\/\/www.viiking.ee\/wp-content\/uploads\/2025\/11\/Superior_tuba_Parnu_viiking-scaled.jpg 2560w, https:\/\/www.viiking.ee\/wp-content\/uploads\/2025\/11\/Superior_tuba_Parnu_viiking-300x200.jpg 300w, https:\/\/www.viiking.ee\/wp-content\/uploads\/2025\/11\/Superior_tuba_Parnu_viiking-1024x683.jpg 1024w, https:\/\/www.viiking.ee\/wp-content\/uploads\/2025\/11\/Superior_tuba_Parnu_viiking-768x512.jpg 768w, https:\/\/www.viiking.ee\/wp-content\/uploads\/2025\/11\/Superior_tuba_Parnu_viiking-1536x1024.jpg 1536w, https:\/\/www.viiking.ee\/wp-content\/uploads\/2025\/11\/Superior_tuba_Parnu_viiking-2048x1365.jpg 2048w, https:\/\/www.viiking.ee\/wp-content\/uploads\/2025\/11\/Superior_tuba_Parnu_viiking-1568x1045.jpg 1568w\" sizes=\"auto, (max-width: 2560px) 100vw, 2560px\" \/><\/a><\/figure>\n\n\n\n<figure class=\"wp-block-image size-full\"><a href=\"https:\/\/www.viiking.ee\/wp-content\/uploads\/2025\/11\/Superior-tuba_3_Viiking_Parnu.jpg\" title=\"\"><img loading=\"lazy\" decoding=\"async\" width=\"1920\" height=\"1280\" data-id=\"631\" src=\"https:\/\/www.viiking.ee\/wp-content\/uploads\/2025\/11\/Superior-tuba_3_Viiking_Parnu.jpg\" alt=\"\" class=\"wp-image-631\" srcset=\"https:\/\/www.viiking.ee\/wp-content\/uploads\/2025\/11\/Superior-tuba_3_Viiking_Parnu.jpg 1920w, https:\/\/www.viiking.ee\/wp-content\/uploads\/2025\/11\/Superior-tuba_3_Viiking_Parnu-300x200.jpg 300w, https:\/\/www.viiking.ee\/wp-content\/uploads\/2025\/11\/Superior-tuba_3_Viiking_Parnu-1024x683.jpg 1024w, https:\/\/www.viiking.ee\/wp-content\/uploads\/2025\/11\/Superior-tuba_3_Viiking_Parnu-768x512.jpg 768w, https:\/\/www.viiking.ee\/wp-content\/uploads\/2025\/11\/Superior-tuba_3_Viiking_Parnu-1536x1024.jpg 1536w, https:\/\/www.viiking.ee\/wp-content\/uploads\/2025\/11\/Superior-tuba_3_Viiking_Parnu-1568x1045.jpg 1568w\" sizes=\"auto, (max-width: 1920px) 100vw, 1920px\" \/><\/a><\/figure>\n\n\n\n<figure class=\"wp-block-image size-full\"><a href=\"https:\/\/www.viiking.ee\/wp-content\/uploads\/2025\/11\/Dusiruum-superior-toas.jpg\" title=\"\"><img loading=\"lazy\" decoding=\"async\" width=\"1920\" height=\"1280\" data-id=\"591\" src=\"https:\/\/www.viiking.ee\/wp-content\/uploads\/2025\/11\/Dusiruum-superior-toas.jpg\" alt=\"\" class=\"wp-image-591\" srcset=\"https:\/\/www.viiking.ee\/wp-content\/uploads\/2025\/11\/Dusiruum-superior-toas.jpg 1920w, https:\/\/www.viiking.ee\/wp-content\/uploads\/2025\/11\/Dusiruum-superior-toas-300x200.jpg 300w, https:\/\/www.viiking.ee\/wp-content\/uploads\/2025\/11\/Dusiruum-superior-toas-1024x683.jpg 1024w, https:\/\/www.viiking.ee\/wp-content\/uploads\/2025\/11\/Dusiruum-superior-toas-768x512.jpg 768w, https:\/\/www.viiking.ee\/wp-content\/uploads\/2025\/11\/Dusiruum-superior-toas-1536x1024.jpg 1536w, https:\/\/www.viiking.ee\/wp-content\/uploads\/2025\/11\/Dusiruum-superior-toas-1568x1045.jpg 1568w\" sizes=\"auto, (max-width: 1920px) 100vw, 1920px\" \/><\/a><\/figure>\n\n\n\n<figure class=\"wp-block-image size-full\"><a href=\"https:\/\/www.viiking.ee\/wp-content\/uploads\/2025\/11\/Superior_tuba_-dusiruum.jpg\" title=\"\"><img loading=\"lazy\" decoding=\"async\" width=\"1920\" height=\"1280\" data-id=\"595\" src=\"https:\/\/www.viiking.ee\/wp-content\/uploads\/2025\/11\/Superior_tuba_-dusiruum.jpg\" alt=\"\" class=\"wp-image-595\" srcset=\"https:\/\/www.viiking.ee\/wp-content\/uploads\/2025\/11\/Superior_tuba_-dusiruum.jpg 1920w, https:\/\/www.viiking.ee\/wp-content\/uploads\/2025\/11\/Superior_tuba_-dusiruum-300x200.jpg 300w, https:\/\/www.viiking.ee\/wp-content\/uploads\/2025\/11\/Superior_tuba_-dusiruum-1024x683.jpg 1024w, https:\/\/www.viiking.ee\/wp-content\/uploads\/2025\/11\/Superior_tuba_-dusiruum-768x512.jpg 768w, https:\/\/www.viiking.ee\/wp-content\/uploads\/2025\/11\/Superior_tuba_-dusiruum-1536x1024.jpg 1536w, https:\/\/www.viiking.ee\/wp-content\/uploads\/2025\/11\/Superior_tuba_-dusiruum-1568x1045.jpg 1568w\" sizes=\"auto, (max-width: 1920px) 100vw, 1920px\" \/><\/a><\/figure>\n\n\n\n<figure class=\"wp-block-image size-full\"><a href=\"https:\/\/www.viiking.ee\/wp-content\/uploads\/2025\/11\/Superior_tuba_viikingspaa.jpg\" title=\"\"><img loading=\"lazy\" decoding=\"async\" width=\"1920\" height=\"1289\" data-id=\"619\" src=\"https:\/\/www.viiking.ee\/wp-content\/uploads\/2025\/11\/Superior_tuba_viikingspaa.jpg\" alt=\"\" class=\"wp-image-619\" srcset=\"https:\/\/www.viiking.ee\/wp-content\/uploads\/2025\/11\/Superior_tuba_viikingspaa.jpg 1920w, https:\/\/www.viiking.ee\/wp-content\/uploads\/2025\/11\/Superior_tuba_viikingspaa-300x201.jpg 300w, https:\/\/www.viiking.ee\/wp-content\/uploads\/2025\/11\/Superior_tuba_viikingspaa-1024x687.jpg 1024w, https:\/\/www.viiking.ee\/wp-content\/uploads\/2025\/11\/Superior_tuba_viikingspaa-768x516.jpg 768w, https:\/\/www.viiking.ee\/wp-content\/uploads\/2025\/11\/Superior_tuba_viikingspaa-1536x1031.jpg 1536w, https:\/\/www.viiking.ee\/wp-content\/uploads\/2025\/11\/Superior_tuba_viikingspaa-1568x1053.jpg 1568w\" sizes=\"auto, (max-width: 1920px) 100vw, 1920px\" \/><\/a><\/figure>\n\n\n\n<figure class=\"wp-block-image size-full\"><a href=\"https:\/\/www.viiking.ee\/wp-content\/uploads\/2025\/11\/Superior_tuba_viikingus.jpg\" title=\"\"><img loading=\"lazy\" decoding=\"async\" width=\"1920\" height=\"1280\" data-id=\"627\" src=\"https:\/\/www.viiking.ee\/wp-content\/uploads\/2025\/11\/Superior_tuba_viikingus.jpg\" alt=\"\" class=\"wp-image-627\" srcset=\"https:\/\/www.viiking.ee\/wp-content\/uploads\/2025\/11\/Superior_tuba_viikingus.jpg 1920w, https:\/\/www.viiking.ee\/wp-content\/uploads\/2025\/11\/Superior_tuba_viikingus-300x200.jpg 300w, https:\/\/www.viiking.ee\/wp-content\/uploads\/2025\/11\/Superior_tuba_viikingus-1024x683.jpg 1024w, https:\/\/www.viiking.ee\/wp-content\/uploads\/2025\/11\/Superior_tuba_viikingus-768x512.jpg 768w, https:\/\/www.viiking.ee\/wp-content\/uploads\/2025\/11\/Superior_tuba_viikingus-1536x1024.jpg 1536w, https:\/\/www.viiking.ee\/wp-content\/uploads\/2025\/11\/Superior_tuba_viikingus-1568x1045.jpg 1568w\" sizes=\"auto, (max-width: 1920px) 100vw, 1920px\" \/><\/a><\/figure>\n<\/figure>\n<\/div>\n<\/div>\n\n\n\n<div style=\"height:20px\" aria-hidden=\"true\" class=\"wp-block-spacer\"><\/div>\n\n\n\n<p><\/p>\n","protected":false},"excerpt":{"rendered":"<p>Superior kahden hengen huone Mukavat ja hyvin sisustetut superior-luokan huoneet. Savuttomat. Sopivat allergikoille. Kaikissa huoneissa parveke ja ilmastointilaite (kes&auml;kaudella). Huoneessa on 2 erillist&auml; s&auml;nky&auml;, jotka voidaan laittaa vierekk&auml;in. Huoneeseen mahtuu my&ouml;s 1&nbsp;lapsi lis&auml;- tai vauvans&auml;ngyll&auml;. Huoneesta avautuvat n&auml;k&ouml;alat sek&auml; P&auml;rnu Kolled&#382; -opistoon, Ringi-kadulle ett&auml; sis&auml;pihalle p&auml;in. Huoneen mukavuudet: Majoituksen hinta sis&auml;lt&auml;&auml;:<\/p>\n","protected":false},"author":3,"featured_media":0,"parent":0,"menu_order":0,"comment_status":"closed","ping_status":"closed","template":"","meta":{"footnotes":""},"class_list":["post-3420","page","type-page","status-publish","hentry"],"yoast_head":"<!-- This site is optimized with the Yoast SEO plugin v27.4 - https:\/\/yoast.com\/product\/yoast-seo-wordpress\/ -->\n<title>Superior kahden hengen huone I Viiking Spa Hotelli<\/title>\n<meta name=\"description\" content=\"Huoneessa on 2 erillist\u00e4 s\u00e4nky\u00e4, jotka voidaan laittaa vierekk\u00e4in. Huoneeseen mahtuu my\u00f6s 1 lapsi lis\u00e4- tai vauvans\u00e4ngyll\u00e4.\" \/>\n<meta name=\"robots\" content=\"index, follow, max-snippet:-1, max-image-preview:large, max-video-preview:-1\" \/>\n<link rel=\"canonical\" href=\"https:\/\/www.viiking.ee\/fi\/superior-kahden-hengen-huone\/\" \/>\n<meta property=\"og:locale\" content=\"fi_FI\" \/>\n<meta property=\"og:type\" content=\"article\" \/>\n<meta property=\"og:title\" content=\"Superior kahden hengen huone I Viiking Spa Hotelli\" \/>\n<meta property=\"og:description\" content=\"Huoneessa on 2 erillist\u00e4 s\u00e4nky\u00e4, jotka voidaan laittaa vierekk\u00e4in. Huoneeseen mahtuu my\u00f6s 1 lapsi lis\u00e4- tai vauvans\u00e4ngyll\u00e4.\" \/>\n<meta property=\"og:url\" content=\"https:\/\/www.viiking.ee\/fi\/superior-kahden-hengen-huone\/\" \/>\n<meta property=\"og:site_name\" content=\"Viiking Spaa Hotell P&auml;rnus\" \/>\n<meta property=\"article:modified_time\" content=\"2026-03-12T15:49:53+00:00\" \/>\n<meta property=\"og:image\" content=\"https:\/\/www.viiking.ee\/wp-content\/uploads\/2025\/12\/Superior_tuba_viiking_spaa-scaled.jpg\" \/>\n\t<meta property=\"og:image:width\" content=\"2560\" \/>\n\t<meta property=\"og:image:height\" content=\"1707\" \/>\n\t<meta property=\"og:image:type\" content=\"image\/jpeg\" \/>\n<meta name=\"twitter:card\" content=\"summary_large_image\" \/>\n<meta name=\"twitter:label1\" content=\"Arvioitu lukuaika\" \/>\n\t<meta name=\"twitter:data1\" content=\"3 minuuttia\" \/>\n<script type=\"application\/ld+json\" class=\"yoast-schema-graph\">{\"@context\":\"https:\\\/\\\/schema.org\",\"@graph\":[{\"@type\":\"WebPage\",\"@id\":\"https:\\\/\\\/www.viiking.ee\\\/fi\\\/superior-kahden-hengen-huone\\\/\",\"url\":\"https:\\\/\\\/www.viiking.ee\\\/fi\\\/superior-kahden-hengen-huone\\\/\",\"name\":\"Superior kahden hengen huone I Viiking Spa Hotelli\",\"isPartOf\":{\"@id\":\"https:\\\/\\\/www.viiking.ee\\\/en\\\/#website\"},\"primaryImageOfPage\":{\"@id\":\"https:\\\/\\\/www.viiking.ee\\\/fi\\\/superior-kahden-hengen-huone\\\/#primaryimage\"},\"image\":{\"@id\":\"https:\\\/\\\/www.viiking.ee\\\/fi\\\/superior-kahden-hengen-huone\\\/#primaryimage\"},\"thumbnailUrl\":\"https:\\\/\\\/www.viiking.ee\\\/wp-content\\\/uploads\\\/2025\\\/12\\\/Superior_tuba_viiking_spaa-scaled.jpg\",\"datePublished\":\"2025-12-03T14:25:37+00:00\",\"dateModified\":\"2026-03-12T15:49:53+00:00\",\"description\":\"Huoneessa on 2 erillist\u00e4 s\u00e4nky\u00e4, jotka voidaan laittaa vierekk\u00e4in. Huoneeseen mahtuu my\u00f6s 1 lapsi lis\u00e4- tai vauvans\u00e4ngyll\u00e4.\",\"breadcrumb\":{\"@id\":\"https:\\\/\\\/www.viiking.ee\\\/fi\\\/superior-kahden-hengen-huone\\\/#breadcrumb\"},\"inLanguage\":\"fi\",\"potentialAction\":[{\"@type\":\"ReadAction\",\"target\":[\"https:\\\/\\\/www.viiking.ee\\\/fi\\\/superior-kahden-hengen-huone\\\/\"]}]},{\"@type\":\"ImageObject\",\"inLanguage\":\"fi\",\"@id\":\"https:\\\/\\\/www.viiking.ee\\\/fi\\\/superior-kahden-hengen-huone\\\/#primaryimage\",\"url\":\"https:\\\/\\\/www.viiking.ee\\\/wp-content\\\/uploads\\\/2025\\\/12\\\/Superior_tuba_viiking_spaa-scaled.jpg\",\"contentUrl\":\"https:\\\/\\\/www.viiking.ee\\\/wp-content\\\/uploads\\\/2025\\\/12\\\/Superior_tuba_viiking_spaa-scaled.jpg\"},{\"@type\":\"BreadcrumbList\",\"@id\":\"https:\\\/\\\/www.viiking.ee\\\/fi\\\/superior-kahden-hengen-huone\\\/#breadcrumb\",\"itemListElement\":[{\"@type\":\"ListItem\",\"position\":1,\"name\":\"Home\",\"item\":\"https:\\\/\\\/www.viiking.ee\\\/fi\\\/\"},{\"@type\":\"ListItem\",\"position\":2,\"name\":\"Superior kahden hengen huone\"}]},{\"@type\":\"WebSite\",\"@id\":\"https:\\\/\\\/www.viiking.ee\\\/en\\\/#website\",\"url\":\"https:\\\/\\\/www.viiking.ee\\\/en\\\/\",\"name\":\"Viiking Spaa Hotell P&auml;rnus\",\"description\":\"\",\"potentialAction\":[{\"@type\":\"SearchAction\",\"target\":{\"@type\":\"EntryPoint\",\"urlTemplate\":\"https:\\\/\\\/www.viiking.ee\\\/en\\\/?s={search_term_string}\"},\"query-input\":{\"@type\":\"PropertyValueSpecification\",\"valueRequired\":true,\"valueName\":\"search_term_string\"}}],\"inLanguage\":\"fi\"}]}<\/script>\n<!-- \/ Yoast SEO plugin. -->","yoast_head_json":{"title":"Superior kahden hengen huone I Viiking Spa Hotelli","description":"Huoneessa on 2 erillist\u00e4 s\u00e4nky\u00e4, jotka voidaan laittaa vierekk\u00e4in. Huoneeseen mahtuu my\u00f6s 1 lapsi lis\u00e4- tai vauvans\u00e4ngyll\u00e4.","robots":{"index":"index","follow":"follow","max-snippet":"max-snippet:-1","max-image-preview":"max-image-preview:large","max-video-preview":"max-video-preview:-1"},"canonical":"https:\/\/www.viiking.ee\/fi\/superior-kahden-hengen-huone\/","og_locale":"fi_FI","og_type":"article","og_title":"Superior kahden hengen huone I Viiking Spa Hotelli","og_description":"Huoneessa on 2 erillist\u00e4 s\u00e4nky\u00e4, jotka voidaan laittaa vierekk\u00e4in. Huoneeseen mahtuu my\u00f6s 1 lapsi lis\u00e4- tai vauvans\u00e4ngyll\u00e4.","og_url":"https:\/\/www.viiking.ee\/fi\/superior-kahden-hengen-huone\/","og_site_name":"Viiking Spaa Hotell P&auml;rnus","article_modified_time":"2026-03-12T15:49:53+00:00","og_image":[{"width":2560,"height":1707,"url":"https:\/\/www.viiking.ee\/wp-content\/uploads\/2025\/12\/Superior_tuba_viiking_spaa-scaled.jpg","type":"image\/jpeg"}],"twitter_card":"summary_large_image","twitter_misc":{"Arvioitu lukuaika":"3 minuuttia"},"schema":{"@context":"https:\/\/schema.org","@graph":[{"@type":"WebPage","@id":"https:\/\/www.viiking.ee\/fi\/superior-kahden-hengen-huone\/","url":"https:\/\/www.viiking.ee\/fi\/superior-kahden-hengen-huone\/","name":"Superior kahden hengen huone I Viiking Spa Hotelli","isPartOf":{"@id":"https:\/\/www.viiking.ee\/en\/#website"},"primaryImageOfPage":{"@id":"https:\/\/www.viiking.ee\/fi\/superior-kahden-hengen-huone\/#primaryimage"},"image":{"@id":"https:\/\/www.viiking.ee\/fi\/superior-kahden-hengen-huone\/#primaryimage"},"thumbnailUrl":"https:\/\/www.viiking.ee\/wp-content\/uploads\/2025\/12\/Superior_tuba_viiking_spaa-scaled.jpg","datePublished":"2025-12-03T14:25:37+00:00","dateModified":"2026-03-12T15:49:53+00:00","description":"Huoneessa on 2 erillist\u00e4 s\u00e4nky\u00e4, jotka voidaan laittaa vierekk\u00e4in. Huoneeseen mahtuu my\u00f6s 1 lapsi lis\u00e4- tai vauvans\u00e4ngyll\u00e4.","breadcrumb":{"@id":"https:\/\/www.viiking.ee\/fi\/superior-kahden-hengen-huone\/#breadcrumb"},"inLanguage":"fi","potentialAction":[{"@type":"ReadAction","target":["https:\/\/www.viiking.ee\/fi\/superior-kahden-hengen-huone\/"]}]},{"@type":"ImageObject","inLanguage":"fi","@id":"https:\/\/www.viiking.ee\/fi\/superior-kahden-hengen-huone\/#primaryimage","url":"https:\/\/www.viiking.ee\/wp-content\/uploads\/2025\/12\/Superior_tuba_viiking_spaa-scaled.jpg","contentUrl":"https:\/\/www.viiking.ee\/wp-content\/uploads\/2025\/12\/Superior_tuba_viiking_spaa-scaled.jpg"},{"@type":"BreadcrumbList","@id":"https:\/\/www.viiking.ee\/fi\/superior-kahden-hengen-huone\/#breadcrumb","itemListElement":[{"@type":"ListItem","position":1,"name":"Home","item":"https:\/\/www.viiking.ee\/fi\/"},{"@type":"ListItem","position":2,"name":"Superior kahden hengen huone"}]},{"@type":"WebSite","@id":"https:\/\/www.viiking.ee\/en\/#website","url":"https:\/\/www.viiking.ee\/en\/","name":"Viiking Spaa Hotell P&auml;rnus","description":"","potentialAction":[{"@type":"SearchAction","target":{"@type":"EntryPoint","urlTemplate":"https:\/\/www.viiking.ee\/en\/?s={search_term_string}"},"query-input":{"@type":"PropertyValueSpecification","valueRequired":true,"valueName":"search_term_string"}}],"inLanguage":"fi"}]}},"_links":{"self":[{"href":"https:\/\/www.viiking.ee\/fi\/wp-json\/wp\/v2\/pages\/3420","targetHints":{"allow":["GET"]}}],"collection":[{"href":"https:\/\/www.viiking.ee\/fi\/wp-json\/wp\/v2\/pages"}],"about":[{"href":"https:\/\/www.viiking.ee\/fi\/wp-json\/wp\/v2\/types\/page"}],"author":[{"embeddable":true,"href":"https:\/\/www.viiking.ee\/fi\/wp-json\/wp\/v2\/users\/3"}],"replies":[{"embeddable":true,"href":"https:\/\/www.viiking.ee\/fi\/wp-json\/wp\/v2\/comments?post=3420"}],"version-history":[{"count":4,"href":"https:\/\/www.viiking.ee\/fi\/wp-json\/wp\/v2\/pages\/3420\/revisions"}],"predecessor-version":[{"id":59732,"href":"https:\/\/www.viiking.ee\/fi\/wp-json\/wp\/v2\/pages\/3420\/revisions\/59732"}],"wp:attachment":[{"href":"https:\/\/www.viiking.ee\/fi\/wp-json\/wp\/v2\/media?parent=3420"}],"curies":[{"name":"wp","href":"https:\/\/api.w.org\/{rel}","templated":true}]}}