{"id":3411,"date":"2025-12-03T13:46:48","date_gmt":"2025-12-03T13:46:48","guid":{"rendered":"https:\/\/viiking.ee\/standard-kahekohaline-tuba\/"},"modified":"2026-03-12T15:45:37","modified_gmt":"2026-03-12T15:45:37","slug":"standard-kahden-hengen-huone","status":"publish","type":"page","link":"https:\/\/www.viiking.ee\/fi\/standard-kahden-hengen-huone\/","title":{"rendered":"Standard kahden hengen huone"},"content":{"rendered":"<!DOCTYPE html PUBLIC \"-\/\/W3C\/\/DTD HTML 4.0 Transitional\/\/EN\" \"http:\/\/www.w3.org\/TR\/REC-html40\/loose.dtd\">\n<?xml encoding=\"utf-8\" ?><div class=\"wp-block-cover alignfull is-light\"><img loading=\"lazy\" decoding=\"async\" width=\"2560\" height=\"1707\" class=\"wp-block-cover__image-background wp-image-535 size-full\" alt=\"majoitus p&auml;rnussa Viiking Spa Hotellissa I Standard kahden hengen huone \" src=\"https:\/\/www.viiking.ee\/wp-content\/uploads\/2025\/11\/Standard_tuba_viikingus-scaled.jpg\" style=\"object-position:54% 71%\" data-object-fit=\"cover\" data-object-position=\"54% 71%\" srcset=\"https:\/\/www.viiking.ee\/wp-content\/uploads\/2025\/11\/Standard_tuba_viikingus-scaled.jpg 2560w, https:\/\/www.viiking.ee\/wp-content\/uploads\/2025\/11\/Standard_tuba_viikingus-300x200.jpg 300w, https:\/\/www.viiking.ee\/wp-content\/uploads\/2025\/11\/Standard_tuba_viikingus-1024x683.jpg 1024w, https:\/\/www.viiking.ee\/wp-content\/uploads\/2025\/11\/Standard_tuba_viikingus-768x512.jpg 768w, https:\/\/www.viiking.ee\/wp-content\/uploads\/2025\/11\/Standard_tuba_viikingus-1536x1024.jpg 1536w, https:\/\/www.viiking.ee\/wp-content\/uploads\/2025\/11\/Standard_tuba_viikingus-2048x1365.jpg 2048w\" sizes=\"auto, (max-width: 2560px) 100vw, 2560px\" \/><span aria-hidden=\"true\" class=\"wp-block-cover__background has-background-dim-0 has-background-dim\"><\/span><div class=\"wp-block-cover__inner-container is-layout-flow wp-block-cover-is-layout-flow\">\n<p class=\"has-text-align-center has-large-font-size\"><\/p>\n<\/div><\/div>\n\n\n\n<div style=\"height:30px\" aria-hidden=\"true\" class=\"wp-block-spacer mobile-spacer-10\"><\/div>\n\n\n\n<h1 class=\"wp-block-heading has-text-align-center\">Standard kahden hengen huone<\/h1>\n\n\n\n<div class=\"wp-block-columns alignwide is-layout-flex wp-container-core-columns-is-layout-28f84493 wp-block-columns-is-layout-flex\">\n<div class=\"wp-block-column has-background is-layout-flow wp-block-column-is-layout-flow\" style=\"background-color:#e8d9c6;padding-top:var(--wp--preset--spacing--40);padding-bottom:var(--wp--preset--spacing--40)\">\n<p><\/p>\n\n\n\n<div class=\"wp-block-columns alignwide has-background is-layout-flex wp-container-core-columns-is-layout-28f84493 wp-block-columns-is-layout-flex\" style=\"background-color:#e8d9c6\">\n<div class=\"wp-block-column is-vertically-aligned-center animated fadeIn delay-200ms slow is-layout-flow wp-block-column-is-layout-flow\" style=\"flex-basis:50%\">\n<p>Mukavat ja hyvin sisustetut huoneet. Savuttomat. Sopivat allergikoille. Huoneessa on 2 erillist&auml; s&auml;nky&auml;, jotka voidaan laittaa vierekk&auml;in. Joihinkin huoneisiin sopii my&ouml;s vauvas&auml;nky. Huoneista kaunis n&auml;k&ouml;ala Vallik&auml;&auml;riin p&auml;in tai rauhallisen sis&auml;pihan puolelle.<\/p>\n\n\n\n<p>Majoitus P&auml;rnussa &ndash; Viiking Spa Hotelli on erinomainen valinta majoitukseesi P&auml;rnussa.<\/p>\n\n\n\n<div class=\"wp-block-buttons is-layout-flex wp-block-buttons-is-layout-flex\">\n<div class=\"wp-block-button\"><a class=\"wp-block-button__link wp-element-button\" href=\"https:\/\/hotel.viiking.ee\/fi\/\" title=\"VARAA\">VARAA<\/a><\/div>\n<\/div>\n<\/div>\n\n\n\n<div class=\"wp-block-column animated fadeIn delay-200ms slow is-layout-flow wp-block-column-is-layout-flow\">\n<h3 class=\"wp-block-heading\">Huoneen mukavuudet:<\/h3>\n\n\n\n<ul class=\"wp-block-list\">\n<li>Huoneiden koko 12 &ndash; 13 m&sup2;<\/li>\n\n\n\n<li>90 cm leve&auml;t s&auml;ngyt<\/li>\n\n\n\n<li>Taulutelevisio<\/li>\n\n\n\n<li>Suoravalintapuhelin<\/li>\n\n\n\n<li>Viile&auml;kaappi<\/li>\n\n\n\n<li>Suihku<\/li>\n\n\n\n<li>Hiustenkuivaaja<\/li>\n\n\n\n<li>Kylpytakit aikuisille (hotelli ei tarjoa kylpytakkeja lapsille)<\/li>\n\n\n\n<li>Maksuton WiFi-yhteys<\/li>\n<\/ul>\n<\/div>\n\n\n\n<div class=\"wp-block-column animated fadeIn delay-200ms slow is-layout-flow wp-block-column-is-layout-flow\" style=\"flex-basis:25%\">\n<h3 class=\"wp-block-heading\">Majoituksen hinta sis&auml;lt&auml;&auml;:<\/h3>\n\n\n\n<ul class=\"wp-block-list\">\n<li>Aamiaisen<\/li>\n\n\n\n<li><a href=\"https:\/\/www.viiking.ee\/fi\/aamuuinti\/\" title=\"Aamu-uinnin\">Aamu-uinnin<\/a><\/li>\n\n\n\n<li><a href=\"https:\/\/www.viiking.ee\/fi\/vesikeskus\/\" title=\"Vesi- ja saunakeskus &rdquo;Viiking Saagan&rdquo;&nbsp;k&auml;yt&ouml;n\">Vesi- ja saunakeskus &rdquo;Viiking Saagan&rdquo;&nbsp;k&auml;yt&ouml;n<\/a><\/li>\n\n\n\n<li><a href=\"https:\/\/www.viiking.ee\/fi\/lisapalvelut\/\" title=\"Kuntoilutilan&nbsp;k&auml;ytt&ouml;\">Kuntoilutilan&nbsp;k&auml;ytt&ouml;<\/a>.<\/li>\n<\/ul>\n<\/div>\n<\/div>\n\n\n\n<figure class=\"wp-block-gallery has-nested-images columns-default is-cropped animated fadeIn delay-200ms slow wp-block-gallery-1 is-layout-flex wp-block-gallery-is-layout-flex\">\n<figure class=\"wp-block-image size-full\"><a href=\"https:\/\/www.viiking.ee\/wp-content\/uploads\/2025\/11\/Standard_uhekohaline_tuba.jpg\" title=\"\"><img loading=\"lazy\" decoding=\"async\" width=\"1920\" height=\"1080\" data-id=\"587\" src=\"https:\/\/www.viiking.ee\/wp-content\/uploads\/2025\/11\/Standard_uhekohaline_tuba.jpg\" alt=\"majoitus p&auml;rnussa Viiking Spa Hotellissa I Standard kahden hengen huone \" class=\"wp-image-587\" srcset=\"https:\/\/www.viiking.ee\/wp-content\/uploads\/2025\/11\/Standard_uhekohaline_tuba.jpg 1920w, https:\/\/www.viiking.ee\/wp-content\/uploads\/2025\/11\/Standard_uhekohaline_tuba-300x169.jpg 300w, https:\/\/www.viiking.ee\/wp-content\/uploads\/2025\/11\/Standard_uhekohaline_tuba-1024x576.jpg 1024w, https:\/\/www.viiking.ee\/wp-content\/uploads\/2025\/11\/Standard_uhekohaline_tuba-768x432.jpg 768w, https:\/\/www.viiking.ee\/wp-content\/uploads\/2025\/11\/Standard_uhekohaline_tuba-1536x864.jpg 1536w, https:\/\/www.viiking.ee\/wp-content\/uploads\/2025\/11\/Standard_uhekohaline_tuba-1568x882.jpg 1568w\" sizes=\"auto, (max-width: 1920px) 100vw, 1920px\" \/><\/a><\/figure>\n\n\n\n<figure class=\"wp-block-image size-full\"><a href=\"https:\/\/www.viiking.ee\/wp-content\/uploads\/2025\/11\/Standardt_tuba_1-scaled.jpg\" title=\"\"><img loading=\"lazy\" decoding=\"async\" width=\"2560\" height=\"1707\" data-id=\"539\" src=\"https:\/\/www.viiking.ee\/wp-content\/uploads\/2025\/11\/Standardt_tuba_1-scaled.jpg\" alt=\"majoitus p&auml;rnussa Viiking Spa Hotellissa I Standard kahden hengen huone \" class=\"wp-image-539\" srcset=\"https:\/\/www.viiking.ee\/wp-content\/uploads\/2025\/11\/Standardt_tuba_1-scaled.jpg 2560w, https:\/\/www.viiking.ee\/wp-content\/uploads\/2025\/11\/Standardt_tuba_1-300x200.jpg 300w, https:\/\/www.viiking.ee\/wp-content\/uploads\/2025\/11\/Standardt_tuba_1-1024x683.jpg 1024w, https:\/\/www.viiking.ee\/wp-content\/uploads\/2025\/11\/Standardt_tuba_1-768x512.jpg 768w, https:\/\/www.viiking.ee\/wp-content\/uploads\/2025\/11\/Standardt_tuba_1-1536x1024.jpg 1536w, https:\/\/www.viiking.ee\/wp-content\/uploads\/2025\/11\/Standardt_tuba_1-2048x1365.jpg 2048w, https:\/\/www.viiking.ee\/wp-content\/uploads\/2025\/11\/Standardt_tuba_1-1568x1045.jpg 1568w\" sizes=\"auto, (max-width: 2560px) 100vw, 2560px\" \/><\/a><\/figure>\n\n\n\n<figure class=\"wp-block-image size-full\"><a href=\"https:\/\/www.viiking.ee\/wp-content\/uploads\/2025\/11\/Standard_tuba_viikingus-scaled.jpg\" title=\"\"><img loading=\"lazy\" decoding=\"async\" width=\"2560\" height=\"1707\" data-id=\"535\" src=\"https:\/\/www.viiking.ee\/wp-content\/uploads\/2025\/11\/Standard_tuba_viikingus-scaled.jpg\" alt=\"majoitus p&auml;rnussa Viiking Spa Hotellissa I Standard kahden hengen huone \" class=\"wp-image-535\" srcset=\"https:\/\/www.viiking.ee\/wp-content\/uploads\/2025\/11\/Standard_tuba_viikingus-scaled.jpg 2560w, https:\/\/www.viiking.ee\/wp-content\/uploads\/2025\/11\/Standard_tuba_viikingus-300x200.jpg 300w, https:\/\/www.viiking.ee\/wp-content\/uploads\/2025\/11\/Standard_tuba_viikingus-1024x683.jpg 1024w, https:\/\/www.viiking.ee\/wp-content\/uploads\/2025\/11\/Standard_tuba_viikingus-768x512.jpg 768w, https:\/\/www.viiking.ee\/wp-content\/uploads\/2025\/11\/Standard_tuba_viikingus-1536x1024.jpg 1536w, https:\/\/www.viiking.ee\/wp-content\/uploads\/2025\/11\/Standard_tuba_viikingus-2048x1365.jpg 2048w\" sizes=\"auto, (max-width: 2560px) 100vw, 2560px\" \/><\/a><\/figure>\n\n\n\n<figure class=\"wp-block-image size-full\"><a href=\"https:\/\/www.viiking.ee\/wp-content\/uploads\/2025\/11\/Standard-kahekohaline-tuba.jpg\" title=\"\"><img loading=\"lazy\" decoding=\"async\" width=\"1920\" height=\"1080\" data-id=\"527\" src=\"https:\/\/www.viiking.ee\/wp-content\/uploads\/2025\/11\/Standard-kahekohaline-tuba.jpg\" alt=\"majoitus p&auml;rnussa Viiking Spa Hotellissa I Standard kahden hengen huone \" class=\"wp-image-527\" srcset=\"https:\/\/www.viiking.ee\/wp-content\/uploads\/2025\/11\/Standard-kahekohaline-tuba.jpg 1920w, https:\/\/www.viiking.ee\/wp-content\/uploads\/2025\/11\/Standard-kahekohaline-tuba-300x169.jpg 300w, https:\/\/www.viiking.ee\/wp-content\/uploads\/2025\/11\/Standard-kahekohaline-tuba-1024x576.jpg 1024w, https:\/\/www.viiking.ee\/wp-content\/uploads\/2025\/11\/Standard-kahekohaline-tuba-768x432.jpg 768w, https:\/\/www.viiking.ee\/wp-content\/uploads\/2025\/11\/Standard-kahekohaline-tuba-1536x864.jpg 1536w, https:\/\/www.viiking.ee\/wp-content\/uploads\/2025\/11\/Standard-kahekohaline-tuba-1568x882.jpg 1568w\" sizes=\"auto, (max-width: 1920px) 100vw, 1920px\" \/><\/a><\/figure>\n\n\n\n<figure class=\"wp-block-image size-full\"><a href=\"https:\/\/www.viiking.ee\/wp-content\/uploads\/2025\/11\/Vannituba-standard-kahekohalises-toas.jpg\" title=\"\"><img loading=\"lazy\" decoding=\"async\" width=\"1920\" height=\"1080\" data-id=\"543\" src=\"https:\/\/www.viiking.ee\/wp-content\/uploads\/2025\/11\/Vannituba-standard-kahekohalises-toas.jpg\" alt=\"majoitus p&auml;rnussa Viiking Spa Hotellissa I Standard kahden hengen huone \" class=\"wp-image-543\" srcset=\"https:\/\/www.viiking.ee\/wp-content\/uploads\/2025\/11\/Vannituba-standard-kahekohalises-toas.jpg 1920w, https:\/\/www.viiking.ee\/wp-content\/uploads\/2025\/11\/Vannituba-standard-kahekohalises-toas-300x169.jpg 300w, https:\/\/www.viiking.ee\/wp-content\/uploads\/2025\/11\/Vannituba-standard-kahekohalises-toas-1024x576.jpg 1024w, https:\/\/www.viiking.ee\/wp-content\/uploads\/2025\/11\/Vannituba-standard-kahekohalises-toas-768x432.jpg 768w, https:\/\/www.viiking.ee\/wp-content\/uploads\/2025\/11\/Vannituba-standard-kahekohalises-toas-1536x864.jpg 1536w, https:\/\/www.viiking.ee\/wp-content\/uploads\/2025\/11\/Vannituba-standard-kahekohalises-toas-1568x882.jpg 1568w\" sizes=\"auto, (max-width: 1920px) 100vw, 1920px\" \/><\/a><\/figure>\n<\/figure>\n<\/div>\n<\/div>\n\n\n\n<div style=\"height:20px\" aria-hidden=\"true\" class=\"wp-block-spacer\"><\/div>\n\n\n\n<p><\/p>\n","protected":false},"excerpt":{"rendered":"<p>Standard kahden hengen huone Mukavat ja hyvin sisustetut huoneet. Savuttomat. Sopivat allergikoille. Huoneessa on 2 erillist&auml; s&auml;nky&auml;, jotka voidaan laittaa vierekk&auml;in. Joihinkin huoneisiin sopii my&ouml;s vauvas&auml;nky. Huoneista kaunis n&auml;k&ouml;ala Vallik&auml;&auml;riin p&auml;in tai rauhallisen sis&auml;pihan puolelle. Majoitus P&auml;rnussa &ndash; Viiking Spa Hotelli on erinomainen valinta majoitukseesi P&auml;rnussa. Huoneen mukavuudet: Majoituksen hinta sis&auml;lt&auml;&auml;:<\/p>\n","protected":false},"author":3,"featured_media":0,"parent":0,"menu_order":0,"comment_status":"closed","ping_status":"closed","template":"","meta":{"footnotes":""},"class_list":["post-3411","page","type-page","status-publish","hentry"],"yoast_head":"<!-- This site is optimized with the Yoast SEO plugin v27.4 - https:\/\/yoast.com\/product\/yoast-seo-wordpress\/ -->\n<title>Majoitus P\u00e4rnussa | Standard hengen huone | Viiking Spa Hotelli<\/title>\n<meta name=\"description\" content=\"Majoitus P\u00e4rnussa Viiking Spa hotellin kahden hengen huoneessa. JHinnassa sis\u00e4ltyy aamiainen, aamusauna ja uinti.\" \/>\n<meta name=\"robots\" content=\"index, follow, max-snippet:-1, max-image-preview:large, max-video-preview:-1\" \/>\n<link rel=\"canonical\" href=\"https:\/\/www.viiking.ee\/fi\/standard-kahden-hengen-huone\/\" \/>\n<meta property=\"og:locale\" content=\"fi_FI\" \/>\n<meta property=\"og:type\" content=\"article\" \/>\n<meta property=\"og:title\" content=\"Majoitus P\u00e4rnussa | Standard hengen huone | Viiking Spa Hotelli\" \/>\n<meta property=\"og:description\" content=\"Majoitus P\u00e4rnussa Viiking Spa hotellin kahden hengen huoneessa. JHinnassa sis\u00e4ltyy aamiainen, aamusauna ja uinti.\" \/>\n<meta property=\"og:url\" content=\"https:\/\/www.viiking.ee\/fi\/standard-kahden-hengen-huone\/\" \/>\n<meta property=\"og:site_name\" content=\"Viiking Spaa Hotell P&auml;rnus\" \/>\n<meta property=\"article:modified_time\" content=\"2026-03-12T15:45:37+00:00\" \/>\n<meta property=\"og:image\" content=\"https:\/\/www.viiking.ee\/wp-content\/uploads\/2025\/11\/Standard_tuba_viikingus-scaled.jpg\" \/>\n\t<meta property=\"og:image:width\" content=\"2560\" \/>\n\t<meta property=\"og:image:height\" content=\"1707\" \/>\n\t<meta property=\"og:image:type\" content=\"image\/jpeg\" \/>\n<meta name=\"twitter:card\" content=\"summary_large_image\" \/>\n<meta name=\"twitter:label1\" content=\"Arvioitu lukuaika\" \/>\n\t<meta name=\"twitter:data1\" content=\"2 minuuttia\" \/>\n<script type=\"application\/ld+json\" class=\"yoast-schema-graph\">{\"@context\":\"https:\\\/\\\/schema.org\",\"@graph\":[{\"@type\":\"WebPage\",\"@id\":\"https:\\\/\\\/www.viiking.ee\\\/fi\\\/standard-kahden-hengen-huone\\\/\",\"url\":\"https:\\\/\\\/www.viiking.ee\\\/fi\\\/standard-kahden-hengen-huone\\\/\",\"name\":\"Majoitus P\u00e4rnussa | Standard hengen huone | Viiking Spa Hotelli\",\"isPartOf\":{\"@id\":\"https:\\\/\\\/www.viiking.ee\\\/en\\\/#website\"},\"primaryImageOfPage\":{\"@id\":\"https:\\\/\\\/www.viiking.ee\\\/fi\\\/standard-kahden-hengen-huone\\\/#primaryimage\"},\"image\":{\"@id\":\"https:\\\/\\\/www.viiking.ee\\\/fi\\\/standard-kahden-hengen-huone\\\/#primaryimage\"},\"thumbnailUrl\":\"https:\\\/\\\/www.viiking.ee\\\/wp-content\\\/uploads\\\/2025\\\/11\\\/Standard_tuba_viikingus-scaled.jpg\",\"datePublished\":\"2025-12-03T13:46:48+00:00\",\"dateModified\":\"2026-03-12T15:45:37+00:00\",\"description\":\"Majoitus P\u00e4rnussa Viiking Spa hotellin kahden hengen huoneessa. JHinnassa sis\u00e4ltyy aamiainen, aamusauna ja uinti.\",\"breadcrumb\":{\"@id\":\"https:\\\/\\\/www.viiking.ee\\\/fi\\\/standard-kahden-hengen-huone\\\/#breadcrumb\"},\"inLanguage\":\"fi\",\"potentialAction\":[{\"@type\":\"ReadAction\",\"target\":[\"https:\\\/\\\/www.viiking.ee\\\/fi\\\/standard-kahden-hengen-huone\\\/\"]}]},{\"@type\":\"ImageObject\",\"inLanguage\":\"fi\",\"@id\":\"https:\\\/\\\/www.viiking.ee\\\/fi\\\/standard-kahden-hengen-huone\\\/#primaryimage\",\"url\":\"https:\\\/\\\/www.viiking.ee\\\/wp-content\\\/uploads\\\/2025\\\/11\\\/Standard_tuba_viikingus-scaled.jpg\",\"contentUrl\":\"https:\\\/\\\/www.viiking.ee\\\/wp-content\\\/uploads\\\/2025\\\/11\\\/Standard_tuba_viikingus-scaled.jpg\"},{\"@type\":\"BreadcrumbList\",\"@id\":\"https:\\\/\\\/www.viiking.ee\\\/fi\\\/standard-kahden-hengen-huone\\\/#breadcrumb\",\"itemListElement\":[{\"@type\":\"ListItem\",\"position\":1,\"name\":\"Home\",\"item\":\"https:\\\/\\\/www.viiking.ee\\\/fi\\\/\"},{\"@type\":\"ListItem\",\"position\":2,\"name\":\"Standard kahden hengen huone\"}]},{\"@type\":\"WebSite\",\"@id\":\"https:\\\/\\\/www.viiking.ee\\\/en\\\/#website\",\"url\":\"https:\\\/\\\/www.viiking.ee\\\/en\\\/\",\"name\":\"Viiking Spaa Hotell P&auml;rnus\",\"description\":\"\",\"potentialAction\":[{\"@type\":\"SearchAction\",\"target\":{\"@type\":\"EntryPoint\",\"urlTemplate\":\"https:\\\/\\\/www.viiking.ee\\\/en\\\/?s={search_term_string}\"},\"query-input\":{\"@type\":\"PropertyValueSpecification\",\"valueRequired\":true,\"valueName\":\"search_term_string\"}}],\"inLanguage\":\"fi\"}]}<\/script>\n<!-- \/ Yoast SEO plugin. -->","yoast_head_json":{"title":"Majoitus P\u00e4rnussa | Standard hengen huone | Viiking Spa Hotelli","description":"Majoitus P\u00e4rnussa Viiking Spa hotellin kahden hengen huoneessa. JHinnassa sis\u00e4ltyy aamiainen, aamusauna ja uinti.","robots":{"index":"index","follow":"follow","max-snippet":"max-snippet:-1","max-image-preview":"max-image-preview:large","max-video-preview":"max-video-preview:-1"},"canonical":"https:\/\/www.viiking.ee\/fi\/standard-kahden-hengen-huone\/","og_locale":"fi_FI","og_type":"article","og_title":"Majoitus P\u00e4rnussa | Standard hengen huone | Viiking Spa Hotelli","og_description":"Majoitus P\u00e4rnussa Viiking Spa hotellin kahden hengen huoneessa. JHinnassa sis\u00e4ltyy aamiainen, aamusauna ja uinti.","og_url":"https:\/\/www.viiking.ee\/fi\/standard-kahden-hengen-huone\/","og_site_name":"Viiking Spaa Hotell P&auml;rnus","article_modified_time":"2026-03-12T15:45:37+00:00","og_image":[{"width":2560,"height":1707,"url":"https:\/\/www.viiking.ee\/wp-content\/uploads\/2025\/11\/Standard_tuba_viikingus-scaled.jpg","type":"image\/jpeg"}],"twitter_card":"summary_large_image","twitter_misc":{"Arvioitu lukuaika":"2 minuuttia"},"schema":{"@context":"https:\/\/schema.org","@graph":[{"@type":"WebPage","@id":"https:\/\/www.viiking.ee\/fi\/standard-kahden-hengen-huone\/","url":"https:\/\/www.viiking.ee\/fi\/standard-kahden-hengen-huone\/","name":"Majoitus P\u00e4rnussa | Standard hengen huone | Viiking Spa Hotelli","isPartOf":{"@id":"https:\/\/www.viiking.ee\/en\/#website"},"primaryImageOfPage":{"@id":"https:\/\/www.viiking.ee\/fi\/standard-kahden-hengen-huone\/#primaryimage"},"image":{"@id":"https:\/\/www.viiking.ee\/fi\/standard-kahden-hengen-huone\/#primaryimage"},"thumbnailUrl":"https:\/\/www.viiking.ee\/wp-content\/uploads\/2025\/11\/Standard_tuba_viikingus-scaled.jpg","datePublished":"2025-12-03T13:46:48+00:00","dateModified":"2026-03-12T15:45:37+00:00","description":"Majoitus P\u00e4rnussa Viiking Spa hotellin kahden hengen huoneessa. JHinnassa sis\u00e4ltyy aamiainen, aamusauna ja uinti.","breadcrumb":{"@id":"https:\/\/www.viiking.ee\/fi\/standard-kahden-hengen-huone\/#breadcrumb"},"inLanguage":"fi","potentialAction":[{"@type":"ReadAction","target":["https:\/\/www.viiking.ee\/fi\/standard-kahden-hengen-huone\/"]}]},{"@type":"ImageObject","inLanguage":"fi","@id":"https:\/\/www.viiking.ee\/fi\/standard-kahden-hengen-huone\/#primaryimage","url":"https:\/\/www.viiking.ee\/wp-content\/uploads\/2025\/11\/Standard_tuba_viikingus-scaled.jpg","contentUrl":"https:\/\/www.viiking.ee\/wp-content\/uploads\/2025\/11\/Standard_tuba_viikingus-scaled.jpg"},{"@type":"BreadcrumbList","@id":"https:\/\/www.viiking.ee\/fi\/standard-kahden-hengen-huone\/#breadcrumb","itemListElement":[{"@type":"ListItem","position":1,"name":"Home","item":"https:\/\/www.viiking.ee\/fi\/"},{"@type":"ListItem","position":2,"name":"Standard kahden hengen huone"}]},{"@type":"WebSite","@id":"https:\/\/www.viiking.ee\/en\/#website","url":"https:\/\/www.viiking.ee\/en\/","name":"Viiking Spaa Hotell P&auml;rnus","description":"","potentialAction":[{"@type":"SearchAction","target":{"@type":"EntryPoint","urlTemplate":"https:\/\/www.viiking.ee\/en\/?s={search_term_string}"},"query-input":{"@type":"PropertyValueSpecification","valueRequired":true,"valueName":"search_term_string"}}],"inLanguage":"fi"}]}},"_links":{"self":[{"href":"https:\/\/www.viiking.ee\/fi\/wp-json\/wp\/v2\/pages\/3411","targetHints":{"allow":["GET"]}}],"collection":[{"href":"https:\/\/www.viiking.ee\/fi\/wp-json\/wp\/v2\/pages"}],"about":[{"href":"https:\/\/www.viiking.ee\/fi\/wp-json\/wp\/v2\/types\/page"}],"author":[{"embeddable":true,"href":"https:\/\/www.viiking.ee\/fi\/wp-json\/wp\/v2\/users\/3"}],"replies":[{"embeddable":true,"href":"https:\/\/www.viiking.ee\/fi\/wp-json\/wp\/v2\/comments?post=3411"}],"version-history":[{"count":7,"href":"https:\/\/www.viiking.ee\/fi\/wp-json\/wp\/v2\/pages\/3411\/revisions"}],"predecessor-version":[{"id":60218,"href":"https:\/\/www.viiking.ee\/fi\/wp-json\/wp\/v2\/pages\/3411\/revisions\/60218"}],"wp:attachment":[{"href":"https:\/\/www.viiking.ee\/fi\/wp-json\/wp\/v2\/media?parent=3411"}],"curies":[{"name":"wp","href":"https:\/\/api.w.org\/{rel}","templated":true}]}}