{"id":3396,"date":"2025-12-10T13:24:25","date_gmt":"2025-12-10T13:24:25","guid":{"rendered":"https:\/\/viiking.ee\/kontaktid\/"},"modified":"2026-04-24T07:28:59","modified_gmt":"2026-04-24T07:28:59","slug":"yhteystiedot-parnun-kartta","status":"publish","type":"page","link":"https:\/\/www.viiking.ee\/fi\/yhteystiedot-parnun-kartta\/","title":{"rendered":"Yhteystiedot"},"content":{"rendered":"<!DOCTYPE html PUBLIC \"-\/\/W3C\/\/DTD HTML 4.0 Transitional\/\/EN\" \"http:\/\/www.w3.org\/TR\/REC-html40\/loose.dtd\">\n<?xml encoding=\"utf-8\" ?><div class=\"wp-block-cover alignfull\"><img loading=\"lazy\" decoding=\"async\" width=\"1920\" height=\"1284\" class=\"wp-block-cover__image-background wp-image-991 size-full\" alt=\"\" src=\"https:\/\/www.viiking.ee\/wp-content\/uploads\/2025\/11\/Vaade_viiking_hotellile-sygisel.jpg\" data-object-fit=\"cover\" srcset=\"https:\/\/www.viiking.ee\/wp-content\/uploads\/2025\/11\/Vaade_viiking_hotellile-sygisel.jpg 1920w, https:\/\/www.viiking.ee\/wp-content\/uploads\/2025\/11\/Vaade_viiking_hotellile-sygisel-300x201.jpg 300w, https:\/\/www.viiking.ee\/wp-content\/uploads\/2025\/11\/Vaade_viiking_hotellile-sygisel-1024x685.jpg 1024w, https:\/\/www.viiking.ee\/wp-content\/uploads\/2025\/11\/Vaade_viiking_hotellile-sygisel-768x514.jpg 768w, https:\/\/www.viiking.ee\/wp-content\/uploads\/2025\/11\/Vaade_viiking_hotellile-sygisel-1536x1027.jpg 1536w, https:\/\/www.viiking.ee\/wp-content\/uploads\/2025\/11\/Vaade_viiking_hotellile-sygisel-1568x1049.jpg 1568w\" sizes=\"auto, (max-width: 1920px) 100vw, 1920px\" \/><span aria-hidden=\"true\" class=\"wp-block-cover__background has-background-dim-0 has-background-dim\"><\/span><div class=\"wp-block-cover__inner-container is-layout-flow wp-block-cover-is-layout-flow\">\n<p class=\"has-text-align-center has-large-font-size\"><\/p>\n<\/div><\/div>\n\n\n\n<div style=\"height:30px\" aria-hidden=\"true\" class=\"wp-block-spacer mobile-spacer-10\"><\/div>\n\n\n\n<h1 class=\"wp-block-heading has-text-align-center\" style=\"font-size:55px;letter-spacing:1px\">Yhteystiedot<\/h1>\n\n\n\n<p class=\"has-text-align-center\" style=\"font-size:20px;letter-spacing:0.5px\"><strong>AS Taastusravikeskus Viiking<\/strong><\/p>\n\n\n\n<p class=\"has-text-align-center\" style=\"font-size:20px;letter-spacing:0.5px\">Sadama 15, P&auml;rnu<\/p>\n\n\n\n<div style=\"height:15px\" aria-hidden=\"true\" class=\"wp-block-spacer mobile-spacer-10\"><\/div>\n\n\n\n<div class=\"wp-block-columns alignwide is-layout-flex wp-container-core-columns-is-layout-28f84493 wp-block-columns-is-layout-flex\">\n<div class=\"wp-block-column animated fadeInLeft delay-100ms slow has-beige-background-color has-background is-layout-flow wp-block-column-is-layout-flow\">\n<div class=\"wp-block-cover is-light\"><span aria-hidden=\"true\" class=\"wp-block-cover__background has-brass-background-color has-background-dim-0 has-background-dim\"><\/span><div class=\"wp-block-cover__inner-container is-layout-constrained wp-block-cover-is-layout-constrained\">\n<p><strong><strong>Puhelin<\/strong><\/strong> <\/p>\n\n\n\n<p><\/p>\n\n\n\n<p>Hotellin vastaanotto ( 24h )&nbsp;<br><a href=\"tel:+3724490500\" title=\"+372 449 0500\">+372 449 0500<\/a>&nbsp;\/ +372 501 3496<br>Hoito vastaanotto&nbsp;<br><a href=\"tel:+3724490510\" title=\"+372 449 0510\">+372 449 0510<\/a>&nbsp;\/ +372 5381 3281<br>Vesi- ja saunakeskus&nbsp;<a href=\"tel:+3724490514\" title=\"+372 449 0514\">+372 449 0514<\/a><br>Myyntiosasto&nbsp;<a href=\"tel:+3724490505\" title=\"+372 449 0505\">+372 449 0505<\/a>&nbsp;\/&nbsp;+372 5308 8148<br>(Myyntiosasto on auki Ma-Pe 8:00 &ndash; 16:30)<br>Kauneussalonki&nbsp;<a href=\"tel:+372%20449%200515\" title=\"+372 449 0510\">+372 449 0510<\/a><\/p>\n\n\n\n<p><strong><strong>S-posti<\/strong><\/strong>:&nbsp;<a href=\"mailto:info@viiking.ee\" target=\"_blank\" rel=\"noreferrer noopener\" title=\"info@viiking.ee\">info@viiking.ee<\/a> (Ma-Pe 8:00 &ndash; 16:30)<br><strong>Span johtaja:<\/strong> <a href=\"mailto:kaisa@viiking.ee\" title=\"kaisa@viiking.ee\">kaisa@viiking.ee<\/a><br><strong><strong>Hoito vastaanoton s-posti<\/strong><\/strong>:&nbsp;<a href=\"mailto:spaa@viiking.ee\" target=\"_blank\" rel=\"noreferrer noopener\" title=\"spaa@viiking.ee\">spaa@viiking.ee<br><\/a><strong><strong>Kauneussalongin s-posti<\/strong><\/strong>:<strong>&nbsp;<\/strong><a href=\"mailto:spaa@viiking.ee\" target=\"_blank\" rel=\"noreferrer noopener\" title=\"spaa@viiking.ee\">spaa@viiking.ee<\/a><\/p>\n<\/div><\/div>\n<\/div>\n\n\n\n<div class=\"wp-block-column has-beige-background-color has-background is-layout-flow wp-container-core-column-is-layout-334757f1 wp-block-column-is-layout-flow\" style=\"padding-top:var(--wp--preset--spacing--20);padding-right:var(--wp--preset--spacing--20);padding-bottom:var(--wp--preset--spacing--20);padding-left:var(--wp--preset--spacing--20)\">\n<div class=\"wp-block-cover animated fadeIn delay-100ms slow\" style=\"padding-top:0;padding-right:0;padding-bottom:0;padding-left:0;min-height:465px;aspect-ratio:unset;\"><img loading=\"lazy\" decoding=\"async\" width=\"2560\" height=\"1707\" class=\"wp-block-cover__image-background wp-image-955 size-full\" alt=\"\" src=\"https:\/\/www.viiking.ee\/wp-content\/uploads\/2025\/11\/Katuseterrass_viiking_spaa-scaled.jpg\" data-object-fit=\"cover\" srcset=\"https:\/\/www.viiking.ee\/wp-content\/uploads\/2025\/11\/Katuseterrass_viiking_spaa-scaled.jpg 2560w, https:\/\/www.viiking.ee\/wp-content\/uploads\/2025\/11\/Katuseterrass_viiking_spaa-300x200.jpg 300w, https:\/\/www.viiking.ee\/wp-content\/uploads\/2025\/11\/Katuseterrass_viiking_spaa-1024x683.jpg 1024w, https:\/\/www.viiking.ee\/wp-content\/uploads\/2025\/11\/Katuseterrass_viiking_spaa-768x512.jpg 768w, https:\/\/www.viiking.ee\/wp-content\/uploads\/2025\/11\/Katuseterrass_viiking_spaa-1536x1024.jpg 1536w, https:\/\/www.viiking.ee\/wp-content\/uploads\/2025\/11\/Katuseterrass_viiking_spaa-2048x1365.jpg 2048w, https:\/\/www.viiking.ee\/wp-content\/uploads\/2025\/11\/Katuseterrass_viiking_spaa-1568x1045.jpg 1568w\" sizes=\"auto, (max-width: 2560px) 100vw, 2560px\" \/><span aria-hidden=\"true\" class=\"wp-block-cover__background has-background-dim-0 has-background-dim\" style=\"background-color:#2b3960\"><\/span><div class=\"wp-block-cover__inner-container is-layout-constrained wp-container-core-cover-is-layout-c06d165c wp-block-cover-is-layout-constrained\">\n<p class=\"has-text-align-center has-large-font-size\"><\/p>\n<\/div><\/div>\n<\/div>\n\n\n\n<div class=\"wp-block-column animated fadeInRight delay-100ms slow has-beige-background-color has-background is-layout-flow wp-block-column-is-layout-flow\">\n<div class=\"wp-block-cover is-light\"><span aria-hidden=\"true\" class=\"wp-block-cover__background has-brass-background-color has-background-dim-0 has-background-dim\"><\/span><div class=\"wp-block-cover__inner-container is-layout-constrained wp-block-cover-is-layout-constrained\">\n<p>Myyntiosasto on auki Ma-Pe 8:00 &ndash; 16:30.<\/p>\n\n\n\n<p>Hoito vastaanotto on auki Ma-Su 8:00 &ndash; 18:00.<\/p>\n\n\n\n<p>Sis&auml;&auml;nk&auml;ynti vesi- ja saunakeskukseen sek&auml; kauneushoitola Stellaan Ringi-kadun puolelta.<\/p>\n<\/div><\/div>\n<\/div>\n<\/div>\n\n\n\n<div style=\"height:15px\" aria-hidden=\"true\" class=\"wp-block-spacer mobile-spacer-10\"><\/div>\n\n\n\n<div class=\"wp-block-columns has-beige-background-color has-background is-layout-flex wp-container-core-columns-is-layout-0a48bf8a wp-block-columns-is-layout-flex\" style=\"padding-top:var(--wp--preset--spacing--30);padding-right:var(--wp--preset--spacing--30);padding-bottom:var(--wp--preset--spacing--30);padding-left:var(--wp--preset--spacing--30);box-shadow:var(--wp--preset--shadow--natural)\">\n<div class=\"wp-block-column is-layout-flow wp-block-column-is-layout-flow\">\n<figure class=\"wp-block-image aligncenter size-full is-resized\"><img loading=\"lazy\" decoding=\"async\" width=\"384\" height=\"480\" src=\"https:\/\/www.viiking.ee\/wp-content\/uploads\/2025\/12\/Tripadvisor-2.png\" alt=\"\" class=\"wp-image-1526\" style=\"width:150px\" srcset=\"https:\/\/www.viiking.ee\/wp-content\/uploads\/2025\/12\/Tripadvisor-2.png 384w, https:\/\/www.viiking.ee\/wp-content\/uploads\/2025\/12\/Tripadvisor-2-240x300.png 240w\" sizes=\"auto, (max-width: 384px) 100vw, 384px\" \/><\/figure>\n<\/div>\n\n\n\n<div class=\"wp-block-column is-layout-flow wp-block-column-is-layout-flow\" style=\"padding-top:0;padding-right:0;padding-bottom:0;padding-left:0\">\n<figure class=\"wp-block-image aligncenter size-full is-resized\"><img loading=\"lazy\" decoding=\"async\" width=\"240\" height=\"300\" src=\"https:\/\/www.viiking.ee\/wp-content\/uploads\/2025\/12\/TC_thank-you-social_L_1080-x-1350_2024-240x300-5eeb496.jpg\" alt=\"\" class=\"wp-image-1534\" style=\"width:150px\"><\/figure>\n<\/div>\n\n\n\n<div class=\"wp-block-column is-layout-flow wp-block-column-is-layout-flow\">\n<figure class=\"wp-block-image aligncenter size-full is-resized\"><img loading=\"lazy\" decoding=\"async\" width=\"600\" height=\"750\" src=\"https:\/\/www.viiking.ee\/wp-content\/uploads\/2025\/12\/TC_thank-you-social_LL_1080-x-1350_2025-4-600x750-1.png\" alt=\"\" class=\"wp-image-1530\" style=\"width:150px\" srcset=\"https:\/\/www.viiking.ee\/wp-content\/uploads\/2025\/12\/TC_thank-you-social_LL_1080-x-1350_2025-4-600x750-1.png 600w, https:\/\/www.viiking.ee\/wp-content\/uploads\/2025\/12\/TC_thank-you-social_LL_1080-x-1350_2025-4-600x750-1-240x300.png 240w\" sizes=\"auto, (max-width: 600px) 100vw, 600px\" \/><\/figure>\n<\/div>\n<\/div>\n\n\n\n<div style=\"height:15px\" aria-hidden=\"true\" class=\"wp-block-spacer mobile-spacer-10\"><\/div>\n\n\n\n<div style=\"height:15px\" aria-hidden=\"true\" class=\"wp-block-spacer mobile-spacer-10\"><\/div>\n\n\n\n<h2 class=\"wp-block-heading has-text-align-center\">Yritystiedot<\/h2>\n\n\n\n<div class=\"wp-block-columns has-beige-background-color has-background is-layout-flex wp-container-core-columns-is-layout-28f84493 wp-block-columns-is-layout-flex\">\n<div class=\"wp-block-column is-layout-flow wp-block-column-is-layout-flow\">\n<div class=\"wp-block-columns is-layout-flex wp-container-core-columns-is-layout-28f84493 wp-block-columns-is-layout-flex\">\n<div class=\"wp-block-column is-layout-flow wp-block-column-is-layout-flow\">\n<p><strong>AS Taastusravikeskus Viiking<\/strong><\/p>\n\n\n\n<p>Sadama 15<br>P&auml;rnu 80012, Viro<br>Rek. nro 10002098<br>ALV nro EE100118290<\/p>\n\n\n\n<p><\/p>\n<\/div>\n<\/div>\n<\/div>\n\n\n\n<div class=\"wp-block-column is-layout-flow wp-block-column-is-layout-flow\">\n<p><strong>SEB pank<\/strong><br>A\/A EE551010902001513008<br>SWIFT koodi: EEUHEE2X<\/p>\n\n\n\n<p><strong>Swedbank<\/strong><br>A\/A EE192200221011598775<br>SWIFT koodi: HABAEE2X<\/p>\n<\/div>\n<\/div>\n\n\n\n<div style=\"height:15px\" aria-hidden=\"true\" class=\"wp-block-spacer mobile-spacer-10\"><\/div>\n\n\n\n<h2 class=\"wp-block-heading has-text-align-center\">Viiking Spaa Hotellin sijainti P&auml;rnun kartalla<\/h2>\n\n\n\n<div class=\"wp-block-columns alignfull is-layout-flex wp-container-core-columns-is-layout-954ec4bb wp-block-columns-is-layout-flex\" style=\"padding-right:var(--wp--preset--spacing--40);padding-left:var(--wp--preset--spacing--40)\">\n<div class=\"wp-block-column has-background is-layout-flow wp-block-column-is-layout-flow\" style=\"background-color:#e8d9c6;padding-top:var(--wp--preset--spacing--20);padding-right:var(--wp--preset--spacing--20);padding-bottom:var(--wp--preset--spacing--20);padding-left:var(--wp--preset--spacing--20)\">\n<iframe src=\"https:\/\/www.google.com\/maps\/embed?pb=!1m18!1m12!1m3!1d2091.5416501514646!2d24.487203377476842!3d58.38426647417056!2m3!1f0!2f0!3f0!3m2!1i1024!2i768!4f13.1!3m3!1m2!1s0x46ecfd15d7c5ecb7%3A0xf35f126f30f2d54b!2sSpaa%20Hotell%20Viiking!5e0!3m2!1set!2see!4v1762266656912!5m2!1set!2see\" width=\"100%\" height=\"350\" style=\"border:0;\" allowfullscreen=\"\" loading=\"lazy\" referrerpolicy=\"no-referrer-when-downgrade\"><\/iframe>\n<\/div>\n<\/div>\n\n\n\n<div style=\"height:30px\" aria-hidden=\"true\" class=\"wp-block-spacer mobile-spacer-10\"><\/div>\n","protected":false},"excerpt":{"rendered":"<p>Yhteystiedot AS Taastusravikeskus Viiking Sadama 15, P&auml;rnu Yritystiedot AS Taastusravikeskus Viiking Sadama 15P&auml;rnu 80012, ViroRek. nro 10002098ALV nro EE100118290 SEB pankA\/A EE551010902001513008SWIFT koodi: EEUHEE2X SwedbankA\/A EE192200221011598775SWIFT koodi: HABAEE2X Viiking Spaa Hotellin sijainti P&auml;rnun kartalla<\/p>\n","protected":false},"author":3,"featured_media":0,"parent":0,"menu_order":0,"comment_status":"closed","ping_status":"closed","template":"","meta":{"footnotes":""},"class_list":["post-3396","page","type-page","status-publish","hentry"],"yoast_head":"<!-- This site is optimized with the Yoast SEO plugin v27.4 - https:\/\/yoast.com\/product\/yoast-seo-wordpress\/ -->\n<title>P\u00e4rnun kartta | Viiking Spa Hotellin sijainti | P\u00e4rnu, Viro<\/title>\n<meta name=\"description\" content=\"Viiking Spa Hotelli sijaitse P\u00e4rnun keskustassa, historiallisen Vallikraavin vieress\u00e4, 5 min. k\u00e4velyn p\u00e4\u00e4ssa P\u00e4rnun rannasta.\" \/>\n<meta name=\"robots\" content=\"index, follow, max-snippet:-1, max-image-preview:large, max-video-preview:-1\" \/>\n<link rel=\"canonical\" href=\"https:\/\/www.viiking.ee\/fi\/yhteystiedot-parnun-kartta\/\" \/>\n<meta property=\"og:locale\" content=\"fi_FI\" \/>\n<meta property=\"og:type\" content=\"article\" \/>\n<meta property=\"og:title\" content=\"P\u00e4rnun kartta | Viiking Spa Hotellin sijainti | P\u00e4rnu, Viro\" \/>\n<meta property=\"og:description\" content=\"Viiking Spa Hotelli sijaitse P\u00e4rnun keskustassa, historiallisen Vallikraavin vieress\u00e4, 5 min. k\u00e4velyn p\u00e4\u00e4ssa P\u00e4rnun rannasta.\" \/>\n<meta property=\"og:url\" content=\"https:\/\/www.viiking.ee\/fi\/yhteystiedot-parnun-kartta\/\" \/>\n<meta property=\"og:site_name\" content=\"Viiking Spaa Hotell P&auml;rnus\" \/>\n<meta property=\"article:modified_time\" content=\"2026-04-24T07:28:59+00:00\" \/>\n<meta property=\"og:image\" content=\"https:\/\/www.viiking.ee\/wp-content\/uploads\/2025\/11\/Vaade_viiking_hotellile-sygisel.jpg\" \/>\n\t<meta property=\"og:image:width\" content=\"1920\" \/>\n\t<meta property=\"og:image:height\" content=\"1284\" \/>\n\t<meta property=\"og:image:type\" content=\"image\/jpeg\" \/>\n<meta name=\"twitter:card\" content=\"summary_large_image\" \/>\n<meta name=\"twitter:label1\" content=\"Arvioitu lukuaika\" \/>\n\t<meta name=\"twitter:data1\" content=\"2 minuuttia\" \/>\n<script type=\"application\/ld+json\" class=\"yoast-schema-graph\">{\"@context\":\"https:\\\/\\\/schema.org\",\"@graph\":[{\"@type\":\"WebPage\",\"@id\":\"https:\\\/\\\/www.viiking.ee\\\/fi\\\/yhteystiedot-parnun-kartta\\\/\",\"url\":\"https:\\\/\\\/www.viiking.ee\\\/fi\\\/yhteystiedot-parnun-kartta\\\/\",\"name\":\"P\u00e4rnun kartta | Viiking Spa Hotellin sijainti | P\u00e4rnu, Viro\",\"isPartOf\":{\"@id\":\"https:\\\/\\\/www.viiking.ee\\\/en\\\/#website\"},\"primaryImageOfPage\":{\"@id\":\"https:\\\/\\\/www.viiking.ee\\\/fi\\\/yhteystiedot-parnun-kartta\\\/#primaryimage\"},\"image\":{\"@id\":\"https:\\\/\\\/www.viiking.ee\\\/fi\\\/yhteystiedot-parnun-kartta\\\/#primaryimage\"},\"thumbnailUrl\":\"https:\\\/\\\/www.viiking.ee\\\/wp-content\\\/uploads\\\/2025\\\/11\\\/Vaade_viiking_hotellile-sygisel.jpg\",\"datePublished\":\"2025-12-10T13:24:25+00:00\",\"dateModified\":\"2026-04-24T07:28:59+00:00\",\"description\":\"Viiking Spa Hotelli sijaitse P\u00e4rnun keskustassa, historiallisen Vallikraavin vieress\u00e4, 5 min. k\u00e4velyn p\u00e4\u00e4ssa P\u00e4rnun rannasta.\",\"breadcrumb\":{\"@id\":\"https:\\\/\\\/www.viiking.ee\\\/fi\\\/yhteystiedot-parnun-kartta\\\/#breadcrumb\"},\"inLanguage\":\"fi\",\"potentialAction\":[{\"@type\":\"ReadAction\",\"target\":[\"https:\\\/\\\/www.viiking.ee\\\/fi\\\/yhteystiedot-parnun-kartta\\\/\"]}]},{\"@type\":\"ImageObject\",\"inLanguage\":\"fi\",\"@id\":\"https:\\\/\\\/www.viiking.ee\\\/fi\\\/yhteystiedot-parnun-kartta\\\/#primaryimage\",\"url\":\"https:\\\/\\\/www.viiking.ee\\\/wp-content\\\/uploads\\\/2025\\\/11\\\/Vaade_viiking_hotellile-sygisel.jpg\",\"contentUrl\":\"https:\\\/\\\/www.viiking.ee\\\/wp-content\\\/uploads\\\/2025\\\/11\\\/Vaade_viiking_hotellile-sygisel.jpg\"},{\"@type\":\"BreadcrumbList\",\"@id\":\"https:\\\/\\\/www.viiking.ee\\\/fi\\\/yhteystiedot-parnun-kartta\\\/#breadcrumb\",\"itemListElement\":[{\"@type\":\"ListItem\",\"position\":1,\"name\":\"Home\",\"item\":\"https:\\\/\\\/www.viiking.ee\\\/fi\\\/\"},{\"@type\":\"ListItem\",\"position\":2,\"name\":\"Yhteystiedot\"}]},{\"@type\":\"WebSite\",\"@id\":\"https:\\\/\\\/www.viiking.ee\\\/en\\\/#website\",\"url\":\"https:\\\/\\\/www.viiking.ee\\\/en\\\/\",\"name\":\"Viiking Spaa Hotell P&auml;rnus\",\"description\":\"\",\"potentialAction\":[{\"@type\":\"SearchAction\",\"target\":{\"@type\":\"EntryPoint\",\"urlTemplate\":\"https:\\\/\\\/www.viiking.ee\\\/en\\\/?s={search_term_string}\"},\"query-input\":{\"@type\":\"PropertyValueSpecification\",\"valueRequired\":true,\"valueName\":\"search_term_string\"}}],\"inLanguage\":\"fi\"}]}<\/script>\n<!-- \/ Yoast SEO plugin. -->","yoast_head_json":{"title":"P\u00e4rnun kartta | Viiking Spa Hotellin sijainti | P\u00e4rnu, Viro","description":"Viiking Spa Hotelli sijaitse P\u00e4rnun keskustassa, historiallisen Vallikraavin vieress\u00e4, 5 min. k\u00e4velyn p\u00e4\u00e4ssa P\u00e4rnun rannasta.","robots":{"index":"index","follow":"follow","max-snippet":"max-snippet:-1","max-image-preview":"max-image-preview:large","max-video-preview":"max-video-preview:-1"},"canonical":"https:\/\/www.viiking.ee\/fi\/yhteystiedot-parnun-kartta\/","og_locale":"fi_FI","og_type":"article","og_title":"P\u00e4rnun kartta | Viiking Spa Hotellin sijainti | P\u00e4rnu, Viro","og_description":"Viiking Spa Hotelli sijaitse P\u00e4rnun keskustassa, historiallisen Vallikraavin vieress\u00e4, 5 min. k\u00e4velyn p\u00e4\u00e4ssa P\u00e4rnun rannasta.","og_url":"https:\/\/www.viiking.ee\/fi\/yhteystiedot-parnun-kartta\/","og_site_name":"Viiking Spaa Hotell P&auml;rnus","article_modified_time":"2026-04-24T07:28:59+00:00","og_image":[{"width":1920,"height":1284,"url":"https:\/\/www.viiking.ee\/wp-content\/uploads\/2025\/11\/Vaade_viiking_hotellile-sygisel.jpg","type":"image\/jpeg"}],"twitter_card":"summary_large_image","twitter_misc":{"Arvioitu lukuaika":"2 minuuttia"},"schema":{"@context":"https:\/\/schema.org","@graph":[{"@type":"WebPage","@id":"https:\/\/www.viiking.ee\/fi\/yhteystiedot-parnun-kartta\/","url":"https:\/\/www.viiking.ee\/fi\/yhteystiedot-parnun-kartta\/","name":"P\u00e4rnun kartta | Viiking Spa Hotellin sijainti | P\u00e4rnu, Viro","isPartOf":{"@id":"https:\/\/www.viiking.ee\/en\/#website"},"primaryImageOfPage":{"@id":"https:\/\/www.viiking.ee\/fi\/yhteystiedot-parnun-kartta\/#primaryimage"},"image":{"@id":"https:\/\/www.viiking.ee\/fi\/yhteystiedot-parnun-kartta\/#primaryimage"},"thumbnailUrl":"https:\/\/www.viiking.ee\/wp-content\/uploads\/2025\/11\/Vaade_viiking_hotellile-sygisel.jpg","datePublished":"2025-12-10T13:24:25+00:00","dateModified":"2026-04-24T07:28:59+00:00","description":"Viiking Spa Hotelli sijaitse P\u00e4rnun keskustassa, historiallisen Vallikraavin vieress\u00e4, 5 min. k\u00e4velyn p\u00e4\u00e4ssa P\u00e4rnun rannasta.","breadcrumb":{"@id":"https:\/\/www.viiking.ee\/fi\/yhteystiedot-parnun-kartta\/#breadcrumb"},"inLanguage":"fi","potentialAction":[{"@type":"ReadAction","target":["https:\/\/www.viiking.ee\/fi\/yhteystiedot-parnun-kartta\/"]}]},{"@type":"ImageObject","inLanguage":"fi","@id":"https:\/\/www.viiking.ee\/fi\/yhteystiedot-parnun-kartta\/#primaryimage","url":"https:\/\/www.viiking.ee\/wp-content\/uploads\/2025\/11\/Vaade_viiking_hotellile-sygisel.jpg","contentUrl":"https:\/\/www.viiking.ee\/wp-content\/uploads\/2025\/11\/Vaade_viiking_hotellile-sygisel.jpg"},{"@type":"BreadcrumbList","@id":"https:\/\/www.viiking.ee\/fi\/yhteystiedot-parnun-kartta\/#breadcrumb","itemListElement":[{"@type":"ListItem","position":1,"name":"Home","item":"https:\/\/www.viiking.ee\/fi\/"},{"@type":"ListItem","position":2,"name":"Yhteystiedot"}]},{"@type":"WebSite","@id":"https:\/\/www.viiking.ee\/en\/#website","url":"https:\/\/www.viiking.ee\/en\/","name":"Viiking Spaa Hotell P&auml;rnus","description":"","potentialAction":[{"@type":"SearchAction","target":{"@type":"EntryPoint","urlTemplate":"https:\/\/www.viiking.ee\/en\/?s={search_term_string}"},"query-input":{"@type":"PropertyValueSpecification","valueRequired":true,"valueName":"search_term_string"}}],"inLanguage":"fi"}]}},"_links":{"self":[{"href":"https:\/\/www.viiking.ee\/fi\/wp-json\/wp\/v2\/pages\/3396","targetHints":{"allow":["GET"]}}],"collection":[{"href":"https:\/\/www.viiking.ee\/fi\/wp-json\/wp\/v2\/pages"}],"about":[{"href":"https:\/\/www.viiking.ee\/fi\/wp-json\/wp\/v2\/types\/page"}],"author":[{"embeddable":true,"href":"https:\/\/www.viiking.ee\/fi\/wp-json\/wp\/v2\/users\/3"}],"replies":[{"embeddable":true,"href":"https:\/\/www.viiking.ee\/fi\/wp-json\/wp\/v2\/comments?post=3396"}],"version-history":[{"count":8,"href":"https:\/\/www.viiking.ee\/fi\/wp-json\/wp\/v2\/pages\/3396\/revisions"}],"predecessor-version":[{"id":60801,"href":"https:\/\/www.viiking.ee\/fi\/wp-json\/wp\/v2\/pages\/3396\/revisions\/60801"}],"wp:attachment":[{"href":"https:\/\/www.viiking.ee\/fi\/wp-json\/wp\/v2\/media?parent=3396"}],"curies":[{"name":"wp","href":"https:\/\/api.w.org\/{rel}","templated":true}]}}