{"id":3381,"date":"2025-12-10T14:28:03","date_gmt":"2025-12-10T14:28:03","guid":{"rendered":"https:\/\/viiking.ee\/seminariruumid\/"},"modified":"2026-03-18T13:49:21","modified_gmt":"2026-03-18T13:49:21","slug":"kokoustilat","status":"publish","type":"page","link":"https:\/\/www.viiking.ee\/fi\/kokoustilat\/","title":{"rendered":"Kokoustilat"},"content":{"rendered":"<!DOCTYPE html PUBLIC \"-\/\/W3C\/\/DTD HTML 4.0 Transitional\/\/EN\" \"http:\/\/www.w3.org\/TR\/REC-html40\/loose.dtd\">\n<?xml encoding=\"utf-8\" ?><div class=\"wp-block-cover alignfull is-light\"><img loading=\"lazy\" decoding=\"async\" width=\"1920\" height=\"1280\" class=\"wp-block-cover__image-background wp-image-683 size-full\" alt=\"Kokoustilat P&auml;rnussa | Viiking Spa Hotelli\" src=\"https:\/\/www.viiking.ee\/wp-content\/uploads\/2025\/11\/Victoria_saal_viiking.jpg\" data-object-fit=\"cover\" srcset=\"https:\/\/www.viiking.ee\/wp-content\/uploads\/2025\/11\/Victoria_saal_viiking.jpg 1920w, https:\/\/www.viiking.ee\/wp-content\/uploads\/2025\/11\/Victoria_saal_viiking-300x200.jpg 300w, https:\/\/www.viiking.ee\/wp-content\/uploads\/2025\/11\/Victoria_saal_viiking-1024x683.jpg 1024w, https:\/\/www.viiking.ee\/wp-content\/uploads\/2025\/11\/Victoria_saal_viiking-768x512.jpg 768w, https:\/\/www.viiking.ee\/wp-content\/uploads\/2025\/11\/Victoria_saal_viiking-1536x1024.jpg 1536w, https:\/\/www.viiking.ee\/wp-content\/uploads\/2025\/11\/Victoria_saal_viiking-1568x1045.jpg 1568w\" sizes=\"auto, (max-width: 1920px) 100vw, 1920px\" \/><span aria-hidden=\"true\" class=\"wp-block-cover__background has-background-dim-0 has-background-dim\"><\/span><div class=\"wp-block-cover__inner-container is-layout-flow wp-block-cover-is-layout-flow\">\n<p class=\"has-text-align-center has-large-font-size\"><\/p>\n<\/div><\/div>\n\n\n\n<div style=\"height:30px\" aria-hidden=\"true\" class=\"wp-block-spacer mobile-spacer-10\"><\/div>\n\n\n\n<h1 class=\"wp-block-heading has-text-align-center\" style=\"font-size:55px;letter-spacing:1px\">Kokoustilat<\/h1>\n\n\n\n<div class=\"wp-block-buttons is-content-justification-center is-layout-flex wp-container-core-buttons-is-layout-a89b3969 wp-block-buttons-is-layout-flex\">\n<div class=\"wp-block-button is-style-outline is-style-outline--1\"><a class=\"wp-block-button__link has-white-color has-brass-background-color has-text-color has-background has-link-color wp-element-button\" href=\"https:\/\/www.viiking.ee\/fi\/kokoustilat\/\" title=\"KOKOUSTILAT\">KOKOUSTILAT<\/a><\/div>\n\n\n\n<div class=\"wp-block-button is-style-outline is-style-outline--2\"><a class=\"wp-block-button__link wp-element-button\" href=\"https:\/\/www.viiking.ee\/fi\/hinnasto-ja-tilat\/\" title=\"HINNASTO &amp; TILAT\">HINNASTO &amp; TILAT<\/a><\/div>\n\n\n\n<div class=\"wp-block-button is-style-outline is-style-outline--3\"><a class=\"wp-block-button__link wp-element-button\" title=\"L&Auml;HET&Auml; PYYNT&Ouml;\">L&Auml;HET&Auml; PYYNT&Ouml;<\/a><\/div>\n<\/div>\n\n\n\n<div style=\"height:15px\" aria-hidden=\"true\" class=\"wp-block-spacer mobile-spacer-10\"><\/div>\n\n\n\n<div class=\"wp-block-columns alignwide has-background is-layout-flex wp-container-core-columns-is-layout-74d018ca wp-block-columns-is-layout-flex\" style=\"background-color:#e8d9c6;padding-top:var(--wp--preset--spacing--20);padding-right:var(--wp--preset--spacing--20);padding-bottom:var(--wp--preset--spacing--20);padding-left:var(--wp--preset--spacing--20)\">\n<div class=\"wp-block-column is-vertically-aligned-center animated fadeInLeft delay-100ms slow is-layout-flow wp-block-column-is-layout-flow\" style=\"padding-top:0;padding-right:var(--wp--preset--spacing--50);padding-bottom:0;padding-left:var(--wp--preset--spacing--50)\">\n<h2 class=\"wp-block-heading\">Christina sali<\/h2>\n\n\n\n<ul class=\"wp-block-list\">\n<li>Pinta-ala: 62 m&sup2;<\/li>\n\n\n\n<li>Teateri-tyyli: 40 hl&ouml;.<\/li>\n\n\n\n<li>Seminari-tyyli: 30 hl&ouml;.<\/li>\n\n\n\n<li>U-muoto: 20 hl&ouml;<\/li>\n<\/ul>\n\n\n\n<p><strong>Varusteet:<\/strong><\/p>\n\n\n\n<ul class=\"wp-block-list\">\n<li>valkokangas<\/li>\n\n\n\n<li>paperitaulu ja markkerit<\/li>\n\n\n\n<li>magneettitaulu<\/li>\n\n\n\n<li>dataprojektori<\/li>\n\n\n\n<li>Internetyhteys (muun muassa WIFI).<\/li>\n<\/ul>\n\n\n\n<p>Salissa olemassa taittosein&auml;, jolla voidaan tila jakaa kahtia (esim. ryhm&auml;ty&ouml;skentely&auml; varten).<\/p>\n<\/div>\n\n\n\n<div class=\"wp-block-column animated fadeInRight delay-100ms slow is-layout-flow wp-block-column-is-layout-flow\" style=\"padding-right:0;padding-left:0\">\n<div class=\"wp-block-edhotels-edhotels-slider intro-style-3\" style=\"min-height:450px\"><div data-hash=\"xmpxhihiu8o\" data-autoplay=\"false\" data-apdelay=\"3500\" data-effect=\"fade\" data-loop=\"false\" class=\"swiper-container swiper-intro swiper-intro-xmpxhihiu8o\"><div class=\"swiper-wrapper\">\n<div class=\"wp-block-edhotels-edhotels-slide swiper-slide scalable-img\"><img loading=\"lazy\" decoding=\"async\" width=\"1920\" height=\"1280\" src=\"https:\/\/www.viiking.ee\/wp-content\/uploads\/2025\/11\/Seminarisal_christina_Viiking_hotell.jpg\" alt=\"\" class=\"intro-image wp-image-671\" style=\"object-position:50% 50%\" srcset=\"https:\/\/www.viiking.ee\/wp-content\/uploads\/2025\/11\/Seminarisal_christina_Viiking_hotell.jpg 1920w, https:\/\/www.viiking.ee\/wp-content\/uploads\/2025\/11\/Seminarisal_christina_Viiking_hotell-300x200.jpg 300w, https:\/\/www.viiking.ee\/wp-content\/uploads\/2025\/11\/Seminarisal_christina_Viiking_hotell-1024x683.jpg 1024w, https:\/\/www.viiking.ee\/wp-content\/uploads\/2025\/11\/Seminarisal_christina_Viiking_hotell-768x512.jpg 768w, https:\/\/www.viiking.ee\/wp-content\/uploads\/2025\/11\/Seminarisal_christina_Viiking_hotell-1536x1024.jpg 1536w, https:\/\/www.viiking.ee\/wp-content\/uploads\/2025\/11\/Seminarisal_christina_Viiking_hotell-1568x1045.jpg 1568w\" sizes=\"auto, (max-width: 1920px) 100vw, 1920px\" \/><div class=\"intro-style-3-inner\">\n<p class=\"has-text-align-center has-white-color has-text-color\"><\/p>\n<\/div><\/div>\n\n\n\n<div class=\"wp-block-edhotels-edhotels-slide swiper-slide scalable-img\"><img loading=\"lazy\" decoding=\"async\" width=\"1920\" height=\"1280\" src=\"https:\/\/www.viiking.ee\/wp-content\/uploads\/2025\/11\/Christina_seminarisaal.jpg\" alt=\"\" class=\"intro-image wp-image-651\" style=\"object-position:50% 50%\" srcset=\"https:\/\/www.viiking.ee\/wp-content\/uploads\/2025\/11\/Christina_seminarisaal.jpg 1920w, https:\/\/www.viiking.ee\/wp-content\/uploads\/2025\/11\/Christina_seminarisaal-300x200.jpg 300w, https:\/\/www.viiking.ee\/wp-content\/uploads\/2025\/11\/Christina_seminarisaal-1024x683.jpg 1024w, https:\/\/www.viiking.ee\/wp-content\/uploads\/2025\/11\/Christina_seminarisaal-768x512.jpg 768w, https:\/\/www.viiking.ee\/wp-content\/uploads\/2025\/11\/Christina_seminarisaal-1536x1024.jpg 1536w, https:\/\/www.viiking.ee\/wp-content\/uploads\/2025\/11\/Christina_seminarisaal-1568x1045.jpg 1568w\" sizes=\"auto, (max-width: 1920px) 100vw, 1920px\" \/><div class=\"intro-style-3-inner\">\n<p class=\"has-text-align-center has-white-color has-text-color\"><\/p>\n<\/div><\/div>\n\n\n\n<div class=\"wp-block-edhotels-edhotels-slide swiper-slide scalable-img\"><img loading=\"lazy\" decoding=\"async\" width=\"1920\" height=\"1280\" src=\"https:\/\/www.viiking.ee\/wp-content\/uploads\/2025\/11\/Christina_seminariruum_viiking.jpg\" alt=\"\" class=\"intro-image wp-image-647\" style=\"object-position:50% 50%\" srcset=\"https:\/\/www.viiking.ee\/wp-content\/uploads\/2025\/11\/Christina_seminariruum_viiking.jpg 1920w, https:\/\/www.viiking.ee\/wp-content\/uploads\/2025\/11\/Christina_seminariruum_viiking-300x200.jpg 300w, https:\/\/www.viiking.ee\/wp-content\/uploads\/2025\/11\/Christina_seminariruum_viiking-1024x683.jpg 1024w, https:\/\/www.viiking.ee\/wp-content\/uploads\/2025\/11\/Christina_seminariruum_viiking-768x512.jpg 768w, https:\/\/www.viiking.ee\/wp-content\/uploads\/2025\/11\/Christina_seminariruum_viiking-1536x1024.jpg 1536w, https:\/\/www.viiking.ee\/wp-content\/uploads\/2025\/11\/Christina_seminariruum_viiking-1568x1045.jpg 1568w\" sizes=\"auto, (max-width: 1920px) 100vw, 1920px\" \/><div class=\"intro-style-3-inner\">\n<p class=\"has-text-align-center has-white-color has-text-color\"><\/p>\n<\/div><\/div>\n<\/div><div class=\"swiper-pagination swiper-pagination-xmpxhihiu8o\"><\/div><\/div><div class=\"swiper-button-next swiper-button-white normal-slider-next-xmpxhihiu8o\"><\/div><div class=\"swiper-button-prev swiper-button-white normal-slider-prev-xmpxhihiu8o\"><\/div><\/div>\n\n\n\n<h2 class=\"wp-block-heading has-text-align-center\">HINTA 31&euro; tunti \/ 134&euro; p&auml;iv&auml;<\/h2>\n<\/div>\n<\/div>\n\n\n\n<div style=\"height:15px\" aria-hidden=\"true\" class=\"wp-block-spacer mobile-spacer-10\"><\/div>\n\n\n\n<div class=\"wp-block-columns alignwide has-background is-layout-flex wp-container-core-columns-is-layout-74d018ca wp-block-columns-is-layout-flex\" style=\"background-color:#e8d9c6;padding-top:var(--wp--preset--spacing--20);padding-right:var(--wp--preset--spacing--20);padding-bottom:var(--wp--preset--spacing--20);padding-left:var(--wp--preset--spacing--20)\">\n<div class=\"wp-block-column animated fadeInLeft delay-100ms slow is-layout-flow wp-block-column-is-layout-flow\" style=\"padding-right:0;padding-left:0\">\n<div class=\"wp-block-edhotels-edhotels-slider intro-style-3\" style=\"min-height:450px\"><div data-hash=\"xmpxhihiu8o\" data-autoplay=\"false\" data-apdelay=\"3500\" data-effect=\"fade\" data-loop=\"false\" class=\"swiper-container swiper-intro swiper-intro-xmpxhihiu8o\"><div class=\"swiper-wrapper\">\n<div class=\"wp-block-edhotels-edhotels-slide swiper-slide scalable-img\"><img loading=\"lazy\" decoding=\"async\" width=\"1920\" height=\"1280\" src=\"https:\/\/www.viiking.ee\/wp-content\/uploads\/2025\/11\/Victoria_saal_viiking_spaa.jpg\" alt=\"\" class=\"intro-image wp-image-679\" style=\"object-position:50% 50%\" srcset=\"https:\/\/www.viiking.ee\/wp-content\/uploads\/2025\/11\/Victoria_saal_viiking_spaa.jpg 1920w, https:\/\/www.viiking.ee\/wp-content\/uploads\/2025\/11\/Victoria_saal_viiking_spaa-300x200.jpg 300w, https:\/\/www.viiking.ee\/wp-content\/uploads\/2025\/11\/Victoria_saal_viiking_spaa-1024x683.jpg 1024w, https:\/\/www.viiking.ee\/wp-content\/uploads\/2025\/11\/Victoria_saal_viiking_spaa-768x512.jpg 768w, https:\/\/www.viiking.ee\/wp-content\/uploads\/2025\/11\/Victoria_saal_viiking_spaa-1536x1024.jpg 1536w, https:\/\/www.viiking.ee\/wp-content\/uploads\/2025\/11\/Victoria_saal_viiking_spaa-1568x1045.jpg 1568w\" sizes=\"auto, (max-width: 1920px) 100vw, 1920px\" \/><div class=\"intro-style-3-inner\">\n<p class=\"has-text-align-center has-white-color has-text-color\"><\/p>\n<\/div><\/div>\n\n\n\n<div class=\"wp-block-edhotels-edhotels-slide swiper-slide scalable-img\"><img loading=\"lazy\" decoding=\"async\" width=\"1920\" height=\"1280\" src=\"https:\/\/www.viiking.ee\/wp-content\/uploads\/2025\/11\/Victoria_saal_viiking.jpg\" alt=\"\" class=\"intro-image wp-image-683\" style=\"object-position:50% 50%\" srcset=\"https:\/\/www.viiking.ee\/wp-content\/uploads\/2025\/11\/Victoria_saal_viiking.jpg 1920w, https:\/\/www.viiking.ee\/wp-content\/uploads\/2025\/11\/Victoria_saal_viiking-300x200.jpg 300w, https:\/\/www.viiking.ee\/wp-content\/uploads\/2025\/11\/Victoria_saal_viiking-1024x683.jpg 1024w, https:\/\/www.viiking.ee\/wp-content\/uploads\/2025\/11\/Victoria_saal_viiking-768x512.jpg 768w, https:\/\/www.viiking.ee\/wp-content\/uploads\/2025\/11\/Victoria_saal_viiking-1536x1024.jpg 1536w, https:\/\/www.viiking.ee\/wp-content\/uploads\/2025\/11\/Victoria_saal_viiking-1568x1045.jpg 1568w\" sizes=\"auto, (max-width: 1920px) 100vw, 1920px\" \/><div class=\"intro-style-3-inner\">\n<p class=\"has-text-align-center has-white-color has-text-color\"><\/p>\n<\/div><\/div>\n\n\n\n<div class=\"wp-block-edhotels-edhotels-slide swiper-slide scalable-img\"><img loading=\"lazy\" decoding=\"async\" width=\"1920\" height=\"1280\" src=\"https:\/\/www.viiking.ee\/wp-content\/uploads\/2025\/11\/Victoria-saal-klassiruumistiil.jpg\" alt=\"\" class=\"intro-image wp-image-675\" style=\"object-position:50% 50%\" srcset=\"https:\/\/www.viiking.ee\/wp-content\/uploads\/2025\/11\/Victoria-saal-klassiruumistiil.jpg 1920w, https:\/\/www.viiking.ee\/wp-content\/uploads\/2025\/11\/Victoria-saal-klassiruumistiil-300x200.jpg 300w, https:\/\/www.viiking.ee\/wp-content\/uploads\/2025\/11\/Victoria-saal-klassiruumistiil-1024x683.jpg 1024w, https:\/\/www.viiking.ee\/wp-content\/uploads\/2025\/11\/Victoria-saal-klassiruumistiil-768x512.jpg 768w, https:\/\/www.viiking.ee\/wp-content\/uploads\/2025\/11\/Victoria-saal-klassiruumistiil-1536x1024.jpg 1536w, https:\/\/www.viiking.ee\/wp-content\/uploads\/2025\/11\/Victoria-saal-klassiruumistiil-1568x1045.jpg 1568w\" sizes=\"auto, (max-width: 1920px) 100vw, 1920px\" \/><div class=\"intro-style-3-inner\">\n<p class=\"has-text-align-center has-white-color has-text-color\"><\/p>\n<\/div><\/div>\n<\/div><div class=\"swiper-pagination swiper-pagination-xmpxhihiu8o\"><\/div><\/div><div class=\"swiper-button-next swiper-button-white normal-slider-next-xmpxhihiu8o\"><\/div><div class=\"swiper-button-prev swiper-button-white normal-slider-prev-xmpxhihiu8o\"><\/div><\/div>\n\n\n\n<h2 class=\"wp-block-heading has-text-align-center\">HINTA 37&euro; tunti \/ 181&euro; p&auml;iv&auml;<\/h2>\n<\/div>\n\n\n\n<div class=\"wp-block-column is-vertically-aligned-center animated fadeInRight delay-100ms slow wp-block-edhotels-first-column-in-mobile is-layout-flow wp-block-column-is-layout-flow\" style=\"padding-top:0;padding-right:var(--wp--preset--spacing--50);padding-bottom:0;padding-left:var(--wp--preset--spacing--50)\">\n<h2 class=\"wp-block-heading\">Victoria sali<\/h2>\n\n\n\n<ul class=\"wp-block-list\">\n<li>Pinta-ala: 108 m&sup2;<\/li>\n\n\n\n<li>Teateri-tyyli: 80 hl&ouml;.<\/li>\n\n\n\n<li>Seminari-tyyli: 60 hl&ouml;.<\/li>\n\n\n\n<li>U-muoto: 40 hl&ouml;<\/li>\n<\/ul>\n\n\n\n<p><strong>Varusteet:<\/strong><\/p>\n\n\n\n<ul class=\"wp-block-list\">\n<li>paperitaulu ja markkerit<\/li>\n\n\n\n<li>magneettitaulu<\/li>\n\n\n\n<li>dataprojektori<\/li>\n\n\n\n<li>Internetyhteys (muun muassa WIFI)<\/li>\n\n\n\n<li>Piano<\/li>\n<\/ul>\n<\/div>\n<\/div>\n\n\n\n<div style=\"height:15px\" aria-hidden=\"true\" class=\"wp-block-spacer mobile-spacer-10\"><\/div>\n\n\n\n<div class=\"wp-block-columns alignwide has-background is-layout-flex wp-container-core-columns-is-layout-74d018ca wp-block-columns-is-layout-flex\" style=\"background-color:#e8d9c6;padding-top:var(--wp--preset--spacing--20);padding-right:var(--wp--preset--spacing--20);padding-bottom:var(--wp--preset--spacing--20);padding-left:var(--wp--preset--spacing--20)\">\n<div class=\"wp-block-column is-vertically-aligned-center animated fadeInLeft delay-100ms slow wp-block-edhotels-first-column-in-mobile is-layout-flow wp-block-column-is-layout-flow\" style=\"padding-top:0;padding-right:var(--wp--preset--spacing--50);padding-bottom:0;padding-left:var(--wp--preset--spacing--50)\">\n<h2 class=\"wp-block-heading\">Klubi huone<\/h2>\n\n\n\n<p>Klubi huoneessa voidaan j&auml;rjest&auml;&auml; tilaisuuksia max 20:lle hengelle.<br>Avarassa huoneessa on olemassa kaikki mahdollisuudet pienempien seminaarien, syntym&auml;p&auml;iv&auml;juhlien ynn&auml; muiden tilaisuuksien j&auml;rjest&auml;miseen.<br>Seminaareja varten on mahdollista vuokrata dataprojektoria valkokankaineen.<br>My&ouml;s p&ouml;yd&auml;t voidaan sijoittaa toivomustenne mukaan.<\/p>\n\n\n\n<p>Pinta-ala 42 m&sup2;<\/p>\n\n\n\n<p><strong>Varusteet:<\/strong><\/p>\n\n\n\n<ul class=\"wp-block-list\">\n<li>TV<\/li>\n<\/ul>\n<\/div>\n\n\n\n<div class=\"wp-block-column animated fadeInRight delay-100ms slow is-layout-flow wp-block-column-is-layout-flow\" style=\"padding-right:0;padding-left:0\">\n<div class=\"wp-block-edhotels-edhotels-slider intro-style-3\" style=\"min-height:450px\"><div data-hash=\"xmpxhihiu8o\" data-autoplay=\"false\" data-apdelay=\"3500\" data-effect=\"fade\" data-loop=\"false\" class=\"swiper-container swiper-intro swiper-intro-xmpxhihiu8o\"><div class=\"swiper-wrapper\">\n<div class=\"wp-block-edhotels-edhotels-slide swiper-slide scalable-img\"><img loading=\"lazy\" decoding=\"async\" width=\"2560\" height=\"1707\" src=\"https:\/\/www.viiking.ee\/wp-content\/uploads\/2025\/12\/Klubiruum-scaled.jpg\" alt=\"\" class=\"intro-image wp-image-1568\" style=\"object-position:50% 50%\" srcset=\"https:\/\/www.viiking.ee\/wp-content\/uploads\/2025\/12\/Klubiruum-scaled.jpg 2560w, https:\/\/www.viiking.ee\/wp-content\/uploads\/2025\/12\/Klubiruum-300x200.jpg 300w, https:\/\/www.viiking.ee\/wp-content\/uploads\/2025\/12\/Klubiruum-1024x683.jpg 1024w, https:\/\/www.viiking.ee\/wp-content\/uploads\/2025\/12\/Klubiruum-768x512.jpg 768w, https:\/\/www.viiking.ee\/wp-content\/uploads\/2025\/12\/Klubiruum-1536x1024.jpg 1536w, https:\/\/www.viiking.ee\/wp-content\/uploads\/2025\/12\/Klubiruum-2048x1365.jpg 2048w, https:\/\/www.viiking.ee\/wp-content\/uploads\/2025\/12\/Klubiruum-1568x1045.jpg 1568w\" sizes=\"auto, (max-width: 2560px) 100vw, 2560px\" \/><div class=\"intro-style-3-inner\">\n<p class=\"has-text-align-center has-white-color has-text-color\"><\/p>\n<\/div><\/div>\n<\/div><div class=\"swiper-pagination swiper-pagination-xmpxhihiu8o\"><\/div><\/div><div class=\"swiper-button-next swiper-button-white normal-slider-next-xmpxhihiu8o\"><\/div><div class=\"swiper-button-prev swiper-button-white normal-slider-prev-xmpxhihiu8o\"><\/div><\/div>\n\n\n\n<h2 class=\"wp-block-heading has-text-align-center\">HIND 25&euro; tunti \/ 117&euro; p&auml;iv&auml;<\/h2>\n<\/div>\n<\/div>\n\n\n\n<div style=\"height:15px\" aria-hidden=\"true\" class=\"wp-block-spacer mobile-spacer-5\"><\/div>\n\n\n\n<ul class=\"wp-block-list\">\n<li>Vuokraamme seminaaritiloja 2h alkaen.<\/li>\n\n\n\n<li>Seminaareissa ei ole teknist&auml; tukea.<\/li>\n\n\n\n<li>Viiking Spa Hotelli j&auml;tt&auml;&auml; itselleen oikeuden hinnastomuutuksiin.<\/li>\n<\/ul>\n","protected":false},"excerpt":{"rendered":"<p>Kokoustilat Christina sali Varusteet: Salissa olemassa taittosein&auml;, jolla voidaan tila jakaa kahtia (esim. ryhm&auml;ty&ouml;skentely&auml; varten). HINTA 31&euro; tunti \/ 134&euro; p&auml;iv&auml; HINTA 37&euro; tunti \/ 181&euro; p&auml;iv&auml; Victoria sali Varusteet: Klubi huone Klubi huoneessa voidaan j&auml;rjest&auml;&auml; tilaisuuksia max 20:lle hengelle.Avarassa huoneessa on olemassa kaikki mahdollisuudet pienempien seminaarien, syntym&auml;p&auml;iv&auml;juhlien ynn&auml; muiden tilaisuuksien j&auml;rjest&auml;miseen.Seminaareja varten on mahdollista [&hellip;]<\/p>\n","protected":false},"author":3,"featured_media":0,"parent":0,"menu_order":0,"comment_status":"closed","ping_status":"closed","template":"","meta":{"footnotes":""},"class_list":["post-3381","page","type-page","status-publish","hentry"],"yoast_head":"<!-- This site is optimized with the Yoast SEO plugin v27.4 - https:\/\/yoast.com\/product\/yoast-seo-wordpress\/ -->\n<title>Kokoustilat P\u00e4rnussa | Viiking Spa Hotelli, Viro | P\u00e4rnun hotellit<\/title>\n<meta name=\"description\" content=\"Kokoustilat enit. 140-lle hengelle P\u00e4rnussa, Viiking Spa Hotellissa. Kokoustiloissa on seminaareja ja kokouksia varten tarvittava varustus.\" \/>\n<meta name=\"robots\" content=\"index, follow, max-snippet:-1, max-image-preview:large, max-video-preview:-1\" \/>\n<link rel=\"canonical\" href=\"https:\/\/www.viiking.ee\/fi\/kokoustilat\/\" \/>\n<meta property=\"og:locale\" content=\"fi_FI\" \/>\n<meta property=\"og:type\" content=\"article\" \/>\n<meta property=\"og:title\" content=\"Kokoustilat P\u00e4rnussa | Viiking Spa Hotelli, Viro | P\u00e4rnun hotellit\" \/>\n<meta property=\"og:description\" content=\"Kokoustilat enit. 140-lle hengelle P\u00e4rnussa, Viiking Spa Hotellissa. Kokoustiloissa on seminaareja ja kokouksia varten tarvittava varustus.\" \/>\n<meta property=\"og:url\" content=\"https:\/\/www.viiking.ee\/fi\/kokoustilat\/\" \/>\n<meta property=\"og:site_name\" content=\"Viiking Spaa Hotell P&auml;rnus\" \/>\n<meta property=\"article:modified_time\" content=\"2026-03-18T13:49:21+00:00\" \/>\n<meta property=\"og:image\" content=\"https:\/\/www.viiking.ee\/wp-content\/uploads\/2025\/11\/Victoria_saal_viiking.jpg\" \/>\n\t<meta property=\"og:image:width\" content=\"1920\" \/>\n\t<meta property=\"og:image:height\" content=\"1280\" \/>\n\t<meta property=\"og:image:type\" content=\"image\/jpeg\" \/>\n<meta name=\"twitter:card\" content=\"summary_large_image\" \/>\n<meta name=\"twitter:label1\" content=\"Arvioitu lukuaika\" \/>\n\t<meta name=\"twitter:data1\" content=\"3 minuuttia\" \/>\n<script type=\"application\/ld+json\" class=\"yoast-schema-graph\">{\"@context\":\"https:\\\/\\\/schema.org\",\"@graph\":[{\"@type\":\"WebPage\",\"@id\":\"https:\\\/\\\/www.viiking.ee\\\/fi\\\/kokoustilat\\\/\",\"url\":\"https:\\\/\\\/www.viiking.ee\\\/fi\\\/kokoustilat\\\/\",\"name\":\"Kokoustilat P\u00e4rnussa | Viiking Spa Hotelli, Viro | P\u00e4rnun hotellit\",\"isPartOf\":{\"@id\":\"https:\\\/\\\/www.viiking.ee\\\/en\\\/#website\"},\"primaryImageOfPage\":{\"@id\":\"https:\\\/\\\/www.viiking.ee\\\/fi\\\/kokoustilat\\\/#primaryimage\"},\"image\":{\"@id\":\"https:\\\/\\\/www.viiking.ee\\\/fi\\\/kokoustilat\\\/#primaryimage\"},\"thumbnailUrl\":\"https:\\\/\\\/www.viiking.ee\\\/wp-content\\\/uploads\\\/2025\\\/11\\\/Victoria_saal_viiking.jpg\",\"datePublished\":\"2025-12-10T14:28:03+00:00\",\"dateModified\":\"2026-03-18T13:49:21+00:00\",\"description\":\"Kokoustilat enit. 140-lle hengelle P\u00e4rnussa, Viiking Spa Hotellissa. Kokoustiloissa on seminaareja ja kokouksia varten tarvittava varustus.\",\"breadcrumb\":{\"@id\":\"https:\\\/\\\/www.viiking.ee\\\/fi\\\/kokoustilat\\\/#breadcrumb\"},\"inLanguage\":\"fi\",\"potentialAction\":[{\"@type\":\"ReadAction\",\"target\":[\"https:\\\/\\\/www.viiking.ee\\\/fi\\\/kokoustilat\\\/\"]}]},{\"@type\":\"ImageObject\",\"inLanguage\":\"fi\",\"@id\":\"https:\\\/\\\/www.viiking.ee\\\/fi\\\/kokoustilat\\\/#primaryimage\",\"url\":\"https:\\\/\\\/www.viiking.ee\\\/wp-content\\\/uploads\\\/2025\\\/11\\\/Victoria_saal_viiking.jpg\",\"contentUrl\":\"https:\\\/\\\/www.viiking.ee\\\/wp-content\\\/uploads\\\/2025\\\/11\\\/Victoria_saal_viiking.jpg\"},{\"@type\":\"BreadcrumbList\",\"@id\":\"https:\\\/\\\/www.viiking.ee\\\/fi\\\/kokoustilat\\\/#breadcrumb\",\"itemListElement\":[{\"@type\":\"ListItem\",\"position\":1,\"name\":\"Home\",\"item\":\"https:\\\/\\\/www.viiking.ee\\\/fi\\\/\"},{\"@type\":\"ListItem\",\"position\":2,\"name\":\"Kokoustilat\"}]},{\"@type\":\"WebSite\",\"@id\":\"https:\\\/\\\/www.viiking.ee\\\/en\\\/#website\",\"url\":\"https:\\\/\\\/www.viiking.ee\\\/en\\\/\",\"name\":\"Viiking Spaa Hotell P&auml;rnus\",\"description\":\"\",\"potentialAction\":[{\"@type\":\"SearchAction\",\"target\":{\"@type\":\"EntryPoint\",\"urlTemplate\":\"https:\\\/\\\/www.viiking.ee\\\/en\\\/?s={search_term_string}\"},\"query-input\":{\"@type\":\"PropertyValueSpecification\",\"valueRequired\":true,\"valueName\":\"search_term_string\"}}],\"inLanguage\":\"fi\"}]}<\/script>\n<!-- \/ Yoast SEO plugin. -->","yoast_head_json":{"title":"Kokoustilat P\u00e4rnussa | Viiking Spa Hotelli, Viro | P\u00e4rnun hotellit","description":"Kokoustilat enit. 140-lle hengelle P\u00e4rnussa, Viiking Spa Hotellissa. Kokoustiloissa on seminaareja ja kokouksia varten tarvittava varustus.","robots":{"index":"index","follow":"follow","max-snippet":"max-snippet:-1","max-image-preview":"max-image-preview:large","max-video-preview":"max-video-preview:-1"},"canonical":"https:\/\/www.viiking.ee\/fi\/kokoustilat\/","og_locale":"fi_FI","og_type":"article","og_title":"Kokoustilat P\u00e4rnussa | Viiking Spa Hotelli, Viro | P\u00e4rnun hotellit","og_description":"Kokoustilat enit. 140-lle hengelle P\u00e4rnussa, Viiking Spa Hotellissa. Kokoustiloissa on seminaareja ja kokouksia varten tarvittava varustus.","og_url":"https:\/\/www.viiking.ee\/fi\/kokoustilat\/","og_site_name":"Viiking Spaa Hotell P&auml;rnus","article_modified_time":"2026-03-18T13:49:21+00:00","og_image":[{"width":1920,"height":1280,"url":"https:\/\/www.viiking.ee\/wp-content\/uploads\/2025\/11\/Victoria_saal_viiking.jpg","type":"image\/jpeg"}],"twitter_card":"summary_large_image","twitter_misc":{"Arvioitu lukuaika":"3 minuuttia"},"schema":{"@context":"https:\/\/schema.org","@graph":[{"@type":"WebPage","@id":"https:\/\/www.viiking.ee\/fi\/kokoustilat\/","url":"https:\/\/www.viiking.ee\/fi\/kokoustilat\/","name":"Kokoustilat P\u00e4rnussa | Viiking Spa Hotelli, Viro | P\u00e4rnun hotellit","isPartOf":{"@id":"https:\/\/www.viiking.ee\/en\/#website"},"primaryImageOfPage":{"@id":"https:\/\/www.viiking.ee\/fi\/kokoustilat\/#primaryimage"},"image":{"@id":"https:\/\/www.viiking.ee\/fi\/kokoustilat\/#primaryimage"},"thumbnailUrl":"https:\/\/www.viiking.ee\/wp-content\/uploads\/2025\/11\/Victoria_saal_viiking.jpg","datePublished":"2025-12-10T14:28:03+00:00","dateModified":"2026-03-18T13:49:21+00:00","description":"Kokoustilat enit. 140-lle hengelle P\u00e4rnussa, Viiking Spa Hotellissa. Kokoustiloissa on seminaareja ja kokouksia varten tarvittava varustus.","breadcrumb":{"@id":"https:\/\/www.viiking.ee\/fi\/kokoustilat\/#breadcrumb"},"inLanguage":"fi","potentialAction":[{"@type":"ReadAction","target":["https:\/\/www.viiking.ee\/fi\/kokoustilat\/"]}]},{"@type":"ImageObject","inLanguage":"fi","@id":"https:\/\/www.viiking.ee\/fi\/kokoustilat\/#primaryimage","url":"https:\/\/www.viiking.ee\/wp-content\/uploads\/2025\/11\/Victoria_saal_viiking.jpg","contentUrl":"https:\/\/www.viiking.ee\/wp-content\/uploads\/2025\/11\/Victoria_saal_viiking.jpg"},{"@type":"BreadcrumbList","@id":"https:\/\/www.viiking.ee\/fi\/kokoustilat\/#breadcrumb","itemListElement":[{"@type":"ListItem","position":1,"name":"Home","item":"https:\/\/www.viiking.ee\/fi\/"},{"@type":"ListItem","position":2,"name":"Kokoustilat"}]},{"@type":"WebSite","@id":"https:\/\/www.viiking.ee\/en\/#website","url":"https:\/\/www.viiking.ee\/en\/","name":"Viiking Spaa Hotell P&auml;rnus","description":"","potentialAction":[{"@type":"SearchAction","target":{"@type":"EntryPoint","urlTemplate":"https:\/\/www.viiking.ee\/en\/?s={search_term_string}"},"query-input":{"@type":"PropertyValueSpecification","valueRequired":true,"valueName":"search_term_string"}}],"inLanguage":"fi"}]}},"_links":{"self":[{"href":"https:\/\/www.viiking.ee\/fi\/wp-json\/wp\/v2\/pages\/3381","targetHints":{"allow":["GET"]}}],"collection":[{"href":"https:\/\/www.viiking.ee\/fi\/wp-json\/wp\/v2\/pages"}],"about":[{"href":"https:\/\/www.viiking.ee\/fi\/wp-json\/wp\/v2\/types\/page"}],"author":[{"embeddable":true,"href":"https:\/\/www.viiking.ee\/fi\/wp-json\/wp\/v2\/users\/3"}],"replies":[{"embeddable":true,"href":"https:\/\/www.viiking.ee\/fi\/wp-json\/wp\/v2\/comments?post=3381"}],"version-history":[{"count":5,"href":"https:\/\/www.viiking.ee\/fi\/wp-json\/wp\/v2\/pages\/3381\/revisions"}],"predecessor-version":[{"id":60346,"href":"https:\/\/www.viiking.ee\/fi\/wp-json\/wp\/v2\/pages\/3381\/revisions\/60346"}],"wp:attachment":[{"href":"https:\/\/www.viiking.ee\/fi\/wp-json\/wp\/v2\/media?parent=3381"}],"curies":[{"name":"wp","href":"https:\/\/api.w.org\/{rel}","templated":true}]}}