{"id":3375,"date":"2025-12-12T13:26:14","date_gmt":"2025-12-12T13:26:14","guid":{"rendered":"https:\/\/viiking.ee\/lastepeo-paketid\/"},"modified":"2026-03-18T13:45:52","modified_gmt":"2026-03-18T13:45:52","slug":"lastenjuhlapaketit","status":"publish","type":"page","link":"https:\/\/www.viiking.ee\/fi\/lastenjuhlapaketit\/","title":{"rendered":"Lastenjuhlapaketit"},"content":{"rendered":"<!DOCTYPE html PUBLIC \"-\/\/W3C\/\/DTD HTML 4.0 Transitional\/\/EN\" \"http:\/\/www.w3.org\/TR\/REC-html40\/loose.dtd\">\n<?xml encoding=\"utf-8\" ?><div class=\"wp-block-cover alignfull is-light\"><img loading=\"lazy\" decoding=\"async\" width=\"1920\" height=\"1280\" class=\"wp-block-cover__image-background wp-image-767 size-full\" alt=\"\" src=\"https:\/\/www.viiking.ee\/wp-content\/uploads\/2025\/11\/Lapsed-veekeskuses.jpg\" style=\"object-position:48% 25%\" data-object-fit=\"cover\" data-object-position=\"48% 25%\" srcset=\"https:\/\/www.viiking.ee\/wp-content\/uploads\/2025\/11\/Lapsed-veekeskuses.jpg 1920w, https:\/\/www.viiking.ee\/wp-content\/uploads\/2025\/11\/Lapsed-veekeskuses-300x200.jpg 300w, https:\/\/www.viiking.ee\/wp-content\/uploads\/2025\/11\/Lapsed-veekeskuses-1024x683.jpg 1024w, https:\/\/www.viiking.ee\/wp-content\/uploads\/2025\/11\/Lapsed-veekeskuses-768x512.jpg 768w, https:\/\/www.viiking.ee\/wp-content\/uploads\/2025\/11\/Lapsed-veekeskuses-1536x1024.jpg 1536w, https:\/\/www.viiking.ee\/wp-content\/uploads\/2025\/11\/Lapsed-veekeskuses-1568x1045.jpg 1568w\" sizes=\"auto, (max-width: 1920px) 100vw, 1920px\" \/><span aria-hidden=\"true\" class=\"wp-block-cover__background has-background-dim-0 has-background-dim\" style=\"background-color:#849483\"><\/span><div class=\"wp-block-cover__inner-container is-layout-flow wp-block-cover-is-layout-flow\">\n<p class=\"has-text-align-center has-large-font-size\"><\/p>\n<\/div><\/div>\n\n\n\n<div style=\"height:30px\" aria-hidden=\"true\" class=\"wp-block-spacer mobile-spacer-10\"><\/div>\n\n\n\n<h1 class=\"wp-block-heading has-text-align-center\">Lastenjuhlapaketit<\/h1>\n\n\n\n<div class=\"wp-block-columns alignwide is-layout-flex wp-container-core-columns-is-layout-658170e2 wp-block-columns-is-layout-flex\">\n<div class=\"wp-block-column has-white-color has-brass-background-color has-text-color has-background has-link-color wp-elements-33226ce574155e20e3910d5e45408f78 is-layout-flow wp-block-column-is-layout-flow\" style=\"box-shadow:var(--wp--preset--shadow--natural)\">\n<div class=\"wp-block-cover is-light has-custom-content-position is-position-top-center\"><span aria-hidden=\"true\" class=\"wp-block-cover__background has-brass-background-color has-background-dim-0 has-background-dim\"><\/span><div class=\"wp-block-cover__inner-container is-layout-constrained wp-block-cover-is-layout-constrained\">\n<div style=\"height:50px\" aria-hidden=\"true\" class=\"wp-block-spacer mobile-spacer-10\"><\/div>\n\n\n\n<p class=\"has-text-align-center has-white-color has-text-color has-link-color wp-elements-86f244788b37f619d3f6ce01a16a3bbd\"><strong>LASTENJUHLAPAKETTI 1<\/strong><\/p>\n\n\n\n<p class=\"has-text-align-center has-white-color has-text-color has-link-color wp-elements-09e3a75181f32b40c055ddd9f337feff\">Tuoreet juures- ja hedelm&auml;palat dippikastikkeella<br>Ranskalaiset perunat dippikastikkeella<br>Pirtel&ouml;<br>Pikkuleiv&auml;t<br>Mehujuoma \/ sitruunavesi<\/p>\n\n\n\n<p class=\"has-text-align-center has-white-color has-text-color has-link-color wp-elements-3d3cf8c2ae672814056a592bc536f461\"><strong><strong>Hinta<\/strong> 12&euro; \/ <strong>henkil&ouml;<\/strong><\/strong><\/p>\n<\/div><\/div>\n<\/div>\n\n\n\n<div class=\"wp-block-column has-white-color has-green-background-color has-text-color has-background has-link-color wp-elements-a1e08103588a4f74a6ccc07c17b6d3dd is-layout-flow wp-block-column-is-layout-flow\" style=\"box-shadow:var(--wp--preset--shadow--natural)\">\n<div class=\"wp-block-cover is-light has-custom-content-position is-position-top-center\"><span aria-hidden=\"true\" class=\"wp-block-cover__background has-brass-background-color has-background-dim-0 has-background-dim\"><\/span><div class=\"wp-block-cover__inner-container is-layout-constrained wp-block-cover-is-layout-constrained\">\n<div style=\"height:50px\" aria-hidden=\"true\" class=\"wp-block-spacer mobile-spacer-10\"><\/div>\n\n\n\n<p class=\"has-text-align-center has-white-color has-text-color has-link-color wp-elements-260116b8c2d5f39fe12a8d929c86c529\"><strong>LASTENJUHLAPAKETTI 2<\/strong><\/p>\n\n\n\n<p class=\"has-text-align-center has-white-color has-text-color has-link-color wp-elements-9dee721792d29e5a0eca60bc502dc42b\">Peruna-kinkku kerrossalaatti<br>Pikkuvoileiv&auml;t kinkulla ja juustolla<br>Letut hunajalla ja hillolla<br>Appelsiinimehu \/ sitruunavesi<\/p>\n\n\n\n<p class=\"has-text-align-center has-white-color has-text-color has-link-color wp-elements-5d4017b5798085955490b244ac4dd682\"><strong><strong><strong>Hinta<\/strong> 14&euro; \/ <strong>henkil&ouml;<\/strong><\/strong><\/strong><\/p>\n<\/div><\/div>\n<\/div>\n\n\n\n<div class=\"wp-block-column has-white-color has-brass-background-color has-text-color has-background has-link-color wp-elements-7817529da449eea1b4f0fc4a220c9415 is-layout-flow wp-block-column-is-layout-flow\" style=\"box-shadow:var(--wp--preset--shadow--natural)\">\n<div class=\"wp-block-cover is-light has-custom-content-position is-position-top-center\"><span aria-hidden=\"true\" class=\"wp-block-cover__background has-brass-background-color has-background-dim-0 has-background-dim\"><\/span><div class=\"wp-block-cover__inner-container is-layout-constrained wp-block-cover-is-layout-constrained\">\n<div style=\"height:50px\" aria-hidden=\"true\" class=\"wp-block-spacer mobile-spacer-10\"><\/div>\n\n\n\n<p class=\"has-text-align-center has-white-color has-text-color has-link-color wp-elements-a18f5788a6227ad36b9648e769d00220\"><strong>LASTENJUHLAPAKETTI 3<\/strong><\/p>\n\n\n\n<p class=\"has-text-align-center has-white-color has-text-color has-link-color wp-elements-c07e9e2e8fdb3583b96c7bb718772971\">Taikinakupit kinkkusalaatilla<br>Friteerattu kanafilee taikinassa dippikastikkeella<br>Vihannestikut dippikastikkeella<br>Suklaakakku<br>Appelsiinimehu \/ sitruunavesi<\/p>\n\n\n\n<p class=\"has-text-align-center has-white-color has-text-color has-link-color wp-elements-7748068f375c1db58f1795206c88faf6\"><strong><strong><strong><strong>Hinta<\/strong> 16&euro; \/ <strong>henkil&ouml;<\/strong><\/strong><\/strong><\/strong><\/p>\n<\/div><\/div>\n<\/div>\n<\/div>\n\n\n\n<ul class=\"wp-block-list\">\n<li>Hinnat per henkil&ouml;.<\/li>\n\n\n\n<li>Minimi henkil&ouml;m&auml;&auml;r&auml; 10 henkil&ouml;&auml;.<\/li>\n\n\n\n<li>Ryhm&auml;menut ainoastaan ennakkotilauksesta, pyyd&auml;mme ryhm&auml;menun ennakkotilaukset toimittamaan v&auml;hint&auml;&auml;n 5 ty&ouml;p&auml;iv&auml;&auml; etuk&auml;teen.<\/li>\n\n\n\n<li>Ryhm&auml;menun peruutus viimeist&auml;&auml;n 5 ty&ouml;p&auml;iv&auml;&auml; ennen toteutumista.<\/li>\n\n\n\n<li>Toivomme ryhmien valitsevan yhden vaihtoehdon koko ryhm&auml;lle.<\/li>\n<\/ul>\n\n\n\n<p>Varaukset ja lis&auml;tiedot&nbsp;<a href=\"mailto:info@viiking.ee\" title=\"info@viiking.ee\">info@viiking.ee<\/a>&nbsp;tai&nbsp;<a href=\"tel:+3724490505\" title=\"+372 449 0505\">+372 449 0505<\/a>.<\/p>\n\n\n\n<p>* Hotellilla on oikeus muuttaa ruokalistaa, ruoan tarjoiluj&auml;rjestelyj&auml; sek&auml; kellonaikoja.<br>* Viiking Spa Hotelli j&auml;tt&auml;&auml; itselleen oikeuden hinnastomuutuksiin.<\/p>\n\n\n\n<div style=\"height:15px\" aria-hidden=\"true\" class=\"wp-block-spacer\"><\/div>\n","protected":false},"excerpt":{"rendered":"<p>Lastenjuhlapaketit Varaukset ja lis&auml;tiedot&nbsp;info@viiking.ee&nbsp;tai&nbsp;+372 449 0505. * Hotellilla on oikeus muuttaa ruokalistaa, ruoan tarjoiluj&auml;rjestelyj&auml; sek&auml; kellonaikoja.* Viiking Spa Hotelli j&auml;tt&auml;&auml; itselleen oikeuden hinnastomuutuksiin.<\/p>\n","protected":false},"author":3,"featured_media":0,"parent":0,"menu_order":0,"comment_status":"closed","ping_status":"closed","template":"","meta":{"footnotes":""},"class_list":["post-3375","page","type-page","status-publish","hentry"],"yoast_head":"<!-- This site is optimized with the Yoast SEO plugin v27.4 - https:\/\/yoast.com\/product\/yoast-seo-wordpress\/ -->\n<title>Lastenjuhlapaketit P\u00e4rnussa I Viiking Spa Hotelli<\/title>\n<meta name=\"description\" content=\"Lastenjuhlapaketi minimi henkil\u00f6m\u00e4\u00e4r\u00e4 10 henkil\u00f6\u00e4.\" \/>\n<meta name=\"robots\" content=\"index, follow, max-snippet:-1, max-image-preview:large, max-video-preview:-1\" \/>\n<link rel=\"canonical\" href=\"https:\/\/www.viiking.ee\/fi\/lastenjuhlapaketit\/\" \/>\n<meta property=\"og:locale\" content=\"fi_FI\" \/>\n<meta property=\"og:type\" content=\"article\" \/>\n<meta property=\"og:title\" content=\"Lastenjuhlapaketit P\u00e4rnussa I Viiking Spa Hotelli\" \/>\n<meta property=\"og:description\" content=\"Lastenjuhlapaketi minimi henkil\u00f6m\u00e4\u00e4r\u00e4 10 henkil\u00f6\u00e4.\" \/>\n<meta property=\"og:url\" content=\"https:\/\/www.viiking.ee\/fi\/lastenjuhlapaketit\/\" \/>\n<meta property=\"og:site_name\" content=\"Viiking Spaa Hotell P&auml;rnus\" \/>\n<meta property=\"article:modified_time\" content=\"2026-03-18T13:45:52+00:00\" \/>\n<meta property=\"og:image\" content=\"https:\/\/www.viiking.ee\/wp-content\/uploads\/2025\/11\/Lapsed-veekeskuses.jpg\" \/>\n\t<meta property=\"og:image:width\" content=\"1920\" \/>\n\t<meta property=\"og:image:height\" content=\"1280\" \/>\n\t<meta property=\"og:image:type\" content=\"image\/jpeg\" \/>\n<meta name=\"twitter:card\" content=\"summary_large_image\" \/>\n<meta name=\"twitter:label1\" content=\"Arvioitu lukuaika\" \/>\n\t<meta name=\"twitter:data1\" content=\"1 minuutti\" \/>\n<script type=\"application\/ld+json\" class=\"yoast-schema-graph\">{\"@context\":\"https:\\\/\\\/schema.org\",\"@graph\":[{\"@type\":\"WebPage\",\"@id\":\"https:\\\/\\\/www.viiking.ee\\\/fi\\\/lastenjuhlapaketit\\\/\",\"url\":\"https:\\\/\\\/www.viiking.ee\\\/fi\\\/lastenjuhlapaketit\\\/\",\"name\":\"Lastenjuhlapaketit P\u00e4rnussa I Viiking Spa Hotelli\",\"isPartOf\":{\"@id\":\"https:\\\/\\\/www.viiking.ee\\\/en\\\/#website\"},\"primaryImageOfPage\":{\"@id\":\"https:\\\/\\\/www.viiking.ee\\\/fi\\\/lastenjuhlapaketit\\\/#primaryimage\"},\"image\":{\"@id\":\"https:\\\/\\\/www.viiking.ee\\\/fi\\\/lastenjuhlapaketit\\\/#primaryimage\"},\"thumbnailUrl\":\"https:\\\/\\\/www.viiking.ee\\\/wp-content\\\/uploads\\\/2025\\\/11\\\/Lapsed-veekeskuses.jpg\",\"datePublished\":\"2025-12-12T13:26:14+00:00\",\"dateModified\":\"2026-03-18T13:45:52+00:00\",\"description\":\"Lastenjuhlapaketi minimi henkil\u00f6m\u00e4\u00e4r\u00e4 10 henkil\u00f6\u00e4.\",\"breadcrumb\":{\"@id\":\"https:\\\/\\\/www.viiking.ee\\\/fi\\\/lastenjuhlapaketit\\\/#breadcrumb\"},\"inLanguage\":\"fi\",\"potentialAction\":[{\"@type\":\"ReadAction\",\"target\":[\"https:\\\/\\\/www.viiking.ee\\\/fi\\\/lastenjuhlapaketit\\\/\"]}]},{\"@type\":\"ImageObject\",\"inLanguage\":\"fi\",\"@id\":\"https:\\\/\\\/www.viiking.ee\\\/fi\\\/lastenjuhlapaketit\\\/#primaryimage\",\"url\":\"https:\\\/\\\/www.viiking.ee\\\/wp-content\\\/uploads\\\/2025\\\/11\\\/Lapsed-veekeskuses.jpg\",\"contentUrl\":\"https:\\\/\\\/www.viiking.ee\\\/wp-content\\\/uploads\\\/2025\\\/11\\\/Lapsed-veekeskuses.jpg\"},{\"@type\":\"BreadcrumbList\",\"@id\":\"https:\\\/\\\/www.viiking.ee\\\/fi\\\/lastenjuhlapaketit\\\/#breadcrumb\",\"itemListElement\":[{\"@type\":\"ListItem\",\"position\":1,\"name\":\"Home\",\"item\":\"https:\\\/\\\/www.viiking.ee\\\/fi\\\/\"},{\"@type\":\"ListItem\",\"position\":2,\"name\":\"Lastenjuhlapaketit\"}]},{\"@type\":\"WebSite\",\"@id\":\"https:\\\/\\\/www.viiking.ee\\\/en\\\/#website\",\"url\":\"https:\\\/\\\/www.viiking.ee\\\/en\\\/\",\"name\":\"Viiking Spaa Hotell P&auml;rnus\",\"description\":\"\",\"potentialAction\":[{\"@type\":\"SearchAction\",\"target\":{\"@type\":\"EntryPoint\",\"urlTemplate\":\"https:\\\/\\\/www.viiking.ee\\\/en\\\/?s={search_term_string}\"},\"query-input\":{\"@type\":\"PropertyValueSpecification\",\"valueRequired\":true,\"valueName\":\"search_term_string\"}}],\"inLanguage\":\"fi\"}]}<\/script>\n<!-- \/ Yoast SEO plugin. -->","yoast_head_json":{"title":"Lastenjuhlapaketit P\u00e4rnussa I Viiking Spa Hotelli","description":"Lastenjuhlapaketi minimi henkil\u00f6m\u00e4\u00e4r\u00e4 10 henkil\u00f6\u00e4.","robots":{"index":"index","follow":"follow","max-snippet":"max-snippet:-1","max-image-preview":"max-image-preview:large","max-video-preview":"max-video-preview:-1"},"canonical":"https:\/\/www.viiking.ee\/fi\/lastenjuhlapaketit\/","og_locale":"fi_FI","og_type":"article","og_title":"Lastenjuhlapaketit P\u00e4rnussa I Viiking Spa Hotelli","og_description":"Lastenjuhlapaketi minimi henkil\u00f6m\u00e4\u00e4r\u00e4 10 henkil\u00f6\u00e4.","og_url":"https:\/\/www.viiking.ee\/fi\/lastenjuhlapaketit\/","og_site_name":"Viiking Spaa Hotell P&auml;rnus","article_modified_time":"2026-03-18T13:45:52+00:00","og_image":[{"width":1920,"height":1280,"url":"https:\/\/www.viiking.ee\/wp-content\/uploads\/2025\/11\/Lapsed-veekeskuses.jpg","type":"image\/jpeg"}],"twitter_card":"summary_large_image","twitter_misc":{"Arvioitu lukuaika":"1 minuutti"},"schema":{"@context":"https:\/\/schema.org","@graph":[{"@type":"WebPage","@id":"https:\/\/www.viiking.ee\/fi\/lastenjuhlapaketit\/","url":"https:\/\/www.viiking.ee\/fi\/lastenjuhlapaketit\/","name":"Lastenjuhlapaketit P\u00e4rnussa I Viiking Spa Hotelli","isPartOf":{"@id":"https:\/\/www.viiking.ee\/en\/#website"},"primaryImageOfPage":{"@id":"https:\/\/www.viiking.ee\/fi\/lastenjuhlapaketit\/#primaryimage"},"image":{"@id":"https:\/\/www.viiking.ee\/fi\/lastenjuhlapaketit\/#primaryimage"},"thumbnailUrl":"https:\/\/www.viiking.ee\/wp-content\/uploads\/2025\/11\/Lapsed-veekeskuses.jpg","datePublished":"2025-12-12T13:26:14+00:00","dateModified":"2026-03-18T13:45:52+00:00","description":"Lastenjuhlapaketi minimi henkil\u00f6m\u00e4\u00e4r\u00e4 10 henkil\u00f6\u00e4.","breadcrumb":{"@id":"https:\/\/www.viiking.ee\/fi\/lastenjuhlapaketit\/#breadcrumb"},"inLanguage":"fi","potentialAction":[{"@type":"ReadAction","target":["https:\/\/www.viiking.ee\/fi\/lastenjuhlapaketit\/"]}]},{"@type":"ImageObject","inLanguage":"fi","@id":"https:\/\/www.viiking.ee\/fi\/lastenjuhlapaketit\/#primaryimage","url":"https:\/\/www.viiking.ee\/wp-content\/uploads\/2025\/11\/Lapsed-veekeskuses.jpg","contentUrl":"https:\/\/www.viiking.ee\/wp-content\/uploads\/2025\/11\/Lapsed-veekeskuses.jpg"},{"@type":"BreadcrumbList","@id":"https:\/\/www.viiking.ee\/fi\/lastenjuhlapaketit\/#breadcrumb","itemListElement":[{"@type":"ListItem","position":1,"name":"Home","item":"https:\/\/www.viiking.ee\/fi\/"},{"@type":"ListItem","position":2,"name":"Lastenjuhlapaketit"}]},{"@type":"WebSite","@id":"https:\/\/www.viiking.ee\/en\/#website","url":"https:\/\/www.viiking.ee\/en\/","name":"Viiking Spaa Hotell P&auml;rnus","description":"","potentialAction":[{"@type":"SearchAction","target":{"@type":"EntryPoint","urlTemplate":"https:\/\/www.viiking.ee\/en\/?s={search_term_string}"},"query-input":{"@type":"PropertyValueSpecification","valueRequired":true,"valueName":"search_term_string"}}],"inLanguage":"fi"}]}},"_links":{"self":[{"href":"https:\/\/www.viiking.ee\/fi\/wp-json\/wp\/v2\/pages\/3375","targetHints":{"allow":["GET"]}}],"collection":[{"href":"https:\/\/www.viiking.ee\/fi\/wp-json\/wp\/v2\/pages"}],"about":[{"href":"https:\/\/www.viiking.ee\/fi\/wp-json\/wp\/v2\/types\/page"}],"author":[{"embeddable":true,"href":"https:\/\/www.viiking.ee\/fi\/wp-json\/wp\/v2\/users\/3"}],"replies":[{"embeddable":true,"href":"https:\/\/www.viiking.ee\/fi\/wp-json\/wp\/v2\/comments?post=3375"}],"version-history":[{"count":1,"href":"https:\/\/www.viiking.ee\/fi\/wp-json\/wp\/v2\/pages\/3375\/revisions"}],"predecessor-version":[{"id":3377,"href":"https:\/\/www.viiking.ee\/fi\/wp-json\/wp\/v2\/pages\/3375\/revisions\/3377"}],"wp:attachment":[{"href":"https:\/\/www.viiking.ee\/fi\/wp-json\/wp\/v2\/media?parent=3375"}],"curies":[{"name":"wp","href":"https:\/\/api.w.org\/{rel}","templated":true}]}}