{"id":3353,"date":"2025-12-10T09:58:31","date_gmt":"2025-12-10T09:58:31","guid":{"rendered":"https:\/\/viiking.ee\/kosmeetik\/"},"modified":"2026-03-18T13:34:43","modified_gmt":"2026-03-18T13:34:43","slug":"kosmetologi","status":"publish","type":"page","link":"https:\/\/www.viiking.ee\/fi\/kosmetologi\/","title":{"rendered":"Kosmetologi"},"content":{"rendered":"<!DOCTYPE html PUBLIC \"-\/\/W3C\/\/DTD HTML 4.0 Transitional\/\/EN\" \"http:\/\/www.w3.org\/TR\/REC-html40\/loose.dtd\">\n<?xml encoding=\"utf-8\" ?><div class=\"wp-block-cover alignfull\"><img loading=\"lazy\" decoding=\"async\" width=\"1323\" height=\"1920\" class=\"wp-block-cover__image-background wp-image-871 size-full\" alt=\"Kosmetologi P&auml;rnun Viiking Spa Hotellissa\" src=\"https:\/\/www.viiking.ee\/wp-content\/uploads\/2025\/11\/Naohooldus.jpg\" style=\"object-position:62% 66%\" data-object-fit=\"cover\" data-object-position=\"62% 66%\" srcset=\"https:\/\/www.viiking.ee\/wp-content\/uploads\/2025\/11\/Naohooldus.jpg 1323w, https:\/\/www.viiking.ee\/wp-content\/uploads\/2025\/11\/Naohooldus-207x300.jpg 207w, https:\/\/www.viiking.ee\/wp-content\/uploads\/2025\/11\/Naohooldus-706x1024.jpg 706w, https:\/\/www.viiking.ee\/wp-content\/uploads\/2025\/11\/Naohooldus-768x1115.jpg 768w, https:\/\/www.viiking.ee\/wp-content\/uploads\/2025\/11\/Naohooldus-1058x1536.jpg 1058w\" sizes=\"auto, (max-width: 1323px) 100vw, 1323px\" \/><span aria-hidden=\"true\" class=\"wp-block-cover__background has-background-dim-0 has-background-dim\"><\/span><div class=\"wp-block-cover__inner-container is-layout-flow wp-block-cover-is-layout-flow\">\n<p class=\"has-text-align-center has-large-font-size\"><\/p>\n<\/div><\/div>\n\n\n\n<div style=\"height:30px\" aria-hidden=\"true\" class=\"wp-block-spacer mobile-spacer-10\"><\/div>\n\n\n\n<h1 class=\"wp-block-heading has-text-align-center\" style=\"font-size:55px;letter-spacing:1px\">Kosmetologi<\/h1>\n\n\n\n<p class=\"has-text-align-center\" style=\"font-size:20px;letter-spacing:0.5px\">Salongin kosmetologit antavat neuvoja ja auttavat l&ouml;yt&auml;m&auml;&auml;n juuri sinulle sopivan hoidon.&nbsp;Asiantuntijamme auttavat valitsemaan tuotteet, joita ihosi kotonakin tarvitsee.&nbsp;<br>Kaikissa kasvo- ja vartalohoidoissa kosmetologimme k&auml;ytt&auml;v&auml;t ainutlaatuisia Sothys&nbsp;ja Anesi -kosmetiikkasarjan tuotteita, jotka ovat saatavilla vain salonkituotteina.<\/p>\n\n\n\n<div style=\"height:15px\" aria-hidden=\"true\" class=\"wp-block-spacer mobile-spacer-10\"><\/div>\n\n\n\n<div class=\"wp-block-buttons is-content-justification-center is-layout-flex wp-container-core-buttons-is-layout-a89b3969 wp-block-buttons-is-layout-flex\">\n<div class=\"wp-block-button\"><a class=\"wp-block-button__link has-text-align-center wp-element-button\" href=\"https:\/\/spa.viiking.ee\/fi\/tootekategooria\/salbos_cosmetician_fi\/\" title=\"VARAA\">VARAA<\/a><\/div>\n<\/div>\n\n\n\n<div style=\"height:15px\" aria-hidden=\"true\" class=\"wp-block-spacer mobile-spacer-10\"><\/div>\n\n\n\n<div class=\"wp-block-buttons alignwide is-content-justification-center is-layout-flex wp-container-core-buttons-is-layout-a89b3969 wp-block-buttons-is-layout-flex\">\n<div class=\"wp-block-button is-style-outline is-style-outline--1\"><a class=\"wp-block-button__link wp-element-button\" href=\"https:\/\/www.viiking.ee\/fi\/kampaamo\/\" title=\"KAMPAAMO\">KAMPAAMO<\/a><\/div>\n\n\n\n<div class=\"wp-block-button is-style-outline is-style-outline--2\"><a class=\"wp-block-button__link has-white-color has-brass-background-color has-text-color has-background has-link-color wp-element-button\" href=\"https:\/\/www.viiking.ee\/fi\/kosmetologi\/\" title=\"KOSMETOLOGI\">KOSMETOLOGI<\/a><\/div>\n\n\n\n<div class=\"wp-block-button is-style-outline is-style-outline--3\"><a class=\"wp-block-button__link wp-element-button\" href=\"https:\/\/www.viiking.ee\/fi\/kasien-ja-jalkojen-hoidot-kauneushoitolassa\/\" style=\"text-transform:uppercase\" title=\"K&Auml;SIEN JA JALKOJEN HOIDOT\">K&Auml;SIEN JA JALKOJEN HOIDOT<\/a><\/div>\n\n\n\n<div class=\"wp-block-button is-style-outline is-style-outline--4\"><a class=\"wp-block-button__link has-text-align-center wp-element-button\" href=\"https:\/\/www.viiking.ee\/fi\/miehille\/\" style=\"text-transform:uppercase\" title=\"MIEHILLE\">MIEHILLE<\/a><\/div>\n\n\n\n<div class=\"wp-block-button is-style-outline is-style-outline--5\"><a class=\"wp-block-button__link wp-element-button\" href=\"https:\/\/www.viiking.ee\/fi\/lapsille\/\" style=\"text-transform:uppercase\" title=\"LAPSILLE\">LAPSILLE<\/a><\/div>\n<\/div>\n\n\n\n<div class=\"wp-block-columns has-beige-background-color has-background is-layout-flex wp-container-core-columns-is-layout-28f84493 wp-block-columns-is-layout-flex\">\n<div class=\"wp-block-column is-layout-flow wp-block-column-is-layout-flow\">\n<div class=\"wp-block-edhotels-edhotels-accordions accordion left\">\n<div class=\"acc_h\"><h3>SOTHYS kausihoito 60 min<\/h3><span class=\"price\"><strong>60&euro;<\/strong><\/span><\/div><div class=\"acc_txt\">\n<p>Sothys kehitt&auml;&auml; kaksi kertaa vuodessa tavanomaisista hoidoista poiketen erityisen vuodenaikoihin perustuvan kausihoidon: syksyll&auml; iho on v&auml;synyt ja s&auml;vyt&ouml;n, mink&auml; vuoksi syyshoito sis&auml;lt&auml;&auml; tehokkaasti ihoa hoitavia ainesosia, jotka ravitsevat ja silottavat ihoa Kev&auml;&auml;ll&auml; iho tarvitsee kuitenkin enemm&auml;n kosteutusta pakkasten j&auml;lkeen. Nopea kausihoito on loistava vaihtelu tavallisiin hoitoihin &ndash; iho on rentoutunut ja raikas!<\/p>\n<\/div>\n\n\n\n<div class=\"acc_h\"><h3>Sothys Organics &trade; kasvohoito 30 min<\/h3><span class=\"price\"><strong>38&euro;<\/strong><\/span><\/div><div class=\"acc_txt\">\n<p>Orgaanisessa pikahoidossa yhdistyv&auml;t luonto, aistillisuus ja tehokkuus.<\/p>\n\n\n\n<p>Hoito tarjoaa raikasta sitruuna-aniksen tuoksua, ihoa hyv&auml;ilev&auml;&auml; tekstuuria ja syv&auml;sti rentouttavaa kasvojen ja hiuspohjan hieronta, joka auttaa v&auml;hent&auml;m&auml;&auml;n stressi&auml;.<\/p>\n\n\n\n<p>Sertifioitujen ranskalaista alkuper&auml;&auml; olevien tehoaineiden yhteisvaikutus palauttaa ihon kimmoisuuden, hyvinvointitunteen ja kirkkauden ensimm&auml;isen hoidon j&auml;lkeen.<\/p>\n\n\n\n<p>Hoito sopii sek&auml; naisille ett&auml; miehille ja kaikille ihotyypeille, my&ouml;s herk&auml;lle.<\/p>\n<\/div>\n\n\n\n<div class=\"acc_h\"><h3>ANESI 3C Vitamin Glow kauneushoito 60 min<\/h3><span class=\"price\"><strong>60&euro;<\/strong><\/span><\/div><div class=\"acc_txt\">\n<p>T&auml;ydellinen kirkkautta ja energiaa antava hoito, h&auml;ivytt&auml;&auml; vuodenaikojen vaihtumiseen liittyvi&auml; stressin ja v&auml;symyksen merkkej&auml;. 3C Vitamin Glow ammattimainen kauneushoito on eritt&auml;in tehokas, se on antioksidanttinen, kosteuttava ja ihon s&auml;vy&auml; tasoittava hoito.<\/p>\n\n\n\n<p>Sis&auml;lt&auml;&auml; maksimaalista tehokkuutta takaavan kolminkertaisen annoksen C-vitamiinia, ihoa puhdistavaa ja kirkkautta antavaa AHA-kuorinta-ainetta sek&auml; ihoa hapella rikastavaa kuplivaa naamiota, joka varmistaa ihon nopean palautumisen ja kirkkauden.<\/p>\n<\/div>\n\n\n\n<div class=\"acc_h\"><h3>ANESI EPIGENESSE kasvohoito 60 min<\/h3><span class=\"price\"><strong>60&euro;<\/strong><\/span><\/div><div class=\"acc_txt\">\n<p>Kliinisesti todistettuja epigeenisi&auml; vaikuttavia aineita Epigenomyl&reg;, Telosense&reg; sis&auml;lt&auml;v&auml; dermaseuttinen kasvohoito, joka uudistaa, silottaa ja nuorentaa ihoa sek&auml; palauttaa sen energian. Antaa ik&auml;&auml;ntymisen merkkej&auml; sis&auml;lt&auml;v&auml;lle iholle uutta energiaa, poistaa v&auml;symyksen merkkej&auml;.<\/p>\n\n\n\n<p>NUORENTAVA, IHON ENERGIAN PALAUTTAVA HOITO tarjoaa iholle runsaasti ihonlaatuisia lipidej&auml;, jotka ravitsevat, kosteuttavat ja sis&auml;lt&auml;v&auml;t palauttavia ja kiinteytt&auml;vi&auml; vaikuttavia aineita. Epigenesse-sarjan tuotteet parantavat ihon koostumusta, v&auml;hent&auml;v&auml;t ryppyj&auml; ja pienent&auml;v&auml;t huokosia. Tuloksena on virheett&ouml;m&auml;mpi, loistavampi ja nuorekkaampi iho.<\/p>\n<\/div>\n\n\n\n<div class=\"acc_h\"><h3>Kauneuspaketti &bdquo;Auringon kosketus&ldquo;&nbsp; 90 min<\/h3><span class=\"price\"><strong>72&euro;<\/strong><\/span><\/div><div class=\"acc_txt\">\n<p>Kauneuspaketti sis&auml;lt&auml;&auml; kaksi hoitoa:<\/p>\n\n\n\n<p>Alessandron spa-pedikyyri (ilman lakkausta) ja rentouttava kasvojen hieronta.<\/p>\n\n\n\n<ul class=\"wp-block-list\">\n<li>Spa-pedikyyri on pehmitt&auml;v&auml; hoito, joka alkaa jalkahoidolla jota seuraa kuorinta, pehmitt&auml;v&auml; naamio, hieronta ja voitelu.<\/li>\n\n\n\n<li>Rentouttavaan kasvojen hierontaan sis&auml;ltyy kasvojen puhdistus emulsiolla ja kasvovedell&auml;, rentouttava hieronta ja hoito p&auml;&auml;ttyy iholle sopivan kasvovoiteen levitt&auml;miseen.<\/li>\n\n\n\n<li>K&auml;yt&auml;mme Sothys ja Anes kasvohoitotuotteita.<\/li>\n<\/ul>\n<\/div>\n\n\n\n<div class=\"acc_h\"><h3>Kauneuspaketti &bdquo;Stellan helmi&ldquo; 60 min<\/h3><span class=\"price\"><strong>59&euro;<\/strong><\/span><\/div><div class=\"acc_txt\">\n<p>Kauneuspaketti sis&auml;lt&auml;&auml; kaksi hoitoa:<br>Alessandron pikamanikyyri kynsi&auml; vahvistavalla hoitolakalla sek&auml; rentouttava kasvojen, kaulan ja decolt&eacute;-alueen hieronta 30 minuuttia.<\/p>\n\n\n\n<ul class=\"wp-block-list\">\n<li>Pikamanikyyriin sis&auml;ltyy kynsien viilaus, kynsinauhojen poisto, kynsien lakkaus hoitolakalla, kynsinauhojen &ouml;ljy&auml;minen sek&auml; k&auml;sien voitelu.<\/li>\n\n\n\n<li>Rentouttavaan kasvohoitoon sis&auml;ltyy kasvojen puhdistus sek&auml; kuorinta jota seuraa kasvojen, kaulan sek&auml; decolt&eacute;-alueen rentouttava hieronta. Hoito p&auml;&auml;ttyy iholle sopivan kasvo- sek&auml; silm&auml;nymp&auml;rysvoiteen levitt&auml;miseen.<\/li>\n<\/ul>\n\n\n\n<p>K&auml;yt&auml;mme Sothys ja Anes kasvohoitotuotteita.<\/p>\n<\/div>\n\n\n\n<div class=\"acc_h\"><h3>Peruskasvohoito ihotyypin mukaan 60 min<\/h3><span class=\"price\"><strong>49&euro;<\/strong><\/span><\/div><div class=\"acc_txt\">\n<p>Kosmetologin neuvonta. Kasvojen ihon puhdistus, kuorinta, hieronta, naamio, kasvovoide.<\/p>\n<\/div>\n\n\n\n<div class=\"acc_h\"><h3>ANESI happihoito ultra&auml;&auml;nilaiteella 60 min<\/h3><span class=\"price\"><strong>60&euro;<\/strong><\/span><\/div><div class=\"acc_txt\">\n<p>Anesi-happihoito ultra&auml;&auml;nilaitteella.<\/p>\n<\/div>\n\n\n\n<div class=\"acc_h\"><h3>ANESI HARMONIE herk&auml;n ihon erikoishoito 60 min<\/h3><span class=\"price\"><strong>60&euro;<\/strong><\/span><\/div><div class=\"acc_txt\">\n<p>Ihanteellinen ihonhoito yliherk&auml;lle ja tulehtuneelle iholle, rauhoittaa,&nbsp;ehk&auml;isee tulehdusta, nostaa tonusta, viilent&auml;&auml;.<\/p>\n<\/div>\n\n\n\n<div class=\"acc_h\"><h3>ANESI CELLULAR 3 nuorentava kasvohoito 60 min<\/h3><span class=\"price\"><strong>60&euro;<\/strong><\/span><\/div><div class=\"acc_txt\">\n<p>Nuorentava ja ihoa uudistava hoito AHA-hapoilla, v&auml;hent&auml;&auml; pigmenttimuutoksia ja yhten&auml;ist&auml;&auml; ihon v&auml;ri&auml;. Lis&auml;&auml; ihon hohtoa ja tasoittaa pieni&auml; ryppyj&auml;.<br>Hoito ei sovi herk&auml;lle ja &auml;rsyyntyneelle iholle.<\/p>\n<\/div>\n\n\n\n<div class=\"acc_h\"><h3>ANESI DERMO-PEEL EXPERT terapeuttinen kasvohoito 60 min<\/h3><span class=\"price\"><strong>60&euro;<\/strong><\/span><\/div><div class=\"acc_txt\">\n<p>Kosmeettinen mikrohionta. Dermo-peel expert on tehokas intensiivisesti kuoriva, puhdistava, ihon pintaa tasoittava ja ihoa palauttava tehohoito. Hoito on suunnattu ihon uudistumiseen. Ammattimainen mekaaninen ja entsymaattinen kuorinta poistaa kuolleet ihosolut iholta tehokkaasti. Iho muuttuu huomattavasti tasaisemmaksi ja nuorekkaammaksi. Sopii erityisesti ihon syv&auml;puhdistukseen, liikasarveistumiseen ja ep&auml;tasaiseen rakenteeseen, syviin ryppyihin, akneongelmiin ja pigmenttimuutoksiin.<\/p>\n<\/div>\n\n\n\n<div class=\"acc_h\"><h3>Rentouttava hoito kasvojen, kaulan ja dekoltee-alueen hieronnalla 30 min<\/h3><span class=\"price\"><strong>35&euro;<\/strong><\/span><\/div><div class=\"acc_txt\">\n<p><\/p>\n<\/div>\n\n\n\n<div class=\"acc_h\"><h3>Nuorten kasvojen puhdistus (alle 16 v.) 60 min<\/h3><span class=\"price\"><strong>38&euro;<\/strong><\/span><\/div><div class=\"acc_txt\">\n<p>Kosmetologin neuvonta. Kasvojen ihon puhdistus, kuorinta, puhdistus, naamio, kasvovoide.<\/p>\n<\/div>\n\n\n\n<div class=\"acc_h\"><h3>SOTHYS YOUTH nuorentava tehohoito 90 min<\/h3><span class=\"price\"><strong>80&euro;<\/strong><\/span><\/div><div class=\"acc_txt\">\n<p>Nuorentava tehohoito<br>&beta;P3. TRI COMPLEX &trade;<\/p>\n\n\n\n<p>Nuorentava tehohoito &beta;P3. TRI COMPLEX &trade; kolmoisyhdisteell&auml; &ndash; se on 90 min tarkoitusper&auml;ist&auml; hoitoa taistellakseen ik&auml;&auml;ntymisen merkkej&auml;, ryppyj&auml; ja veltostunutta ihoa vastaan. &Auml;&auml;rimm&auml;isen tarkoituksenmukaiset tuotteet + asiantuntevat k&auml;sihieronnan tekniikat. Hoito koostuu viidest&auml; perusvaiheesta ja kahdeksasta erikoiskaavasta: uusi protokolla, tuotteiden kerta-annokset, multi-naamiot, multi-vy&ouml;hykkeet. Erinomainen vaikutus jo yhden tehohoitokerran j&auml;lkeen.<\/p>\n<\/div>\n\n\n\n<div class=\"acc_h\"><h3>HYDRA3Ha. Kosteuttava hyalyronihapon tehohoito 90 min<\/h3><span class=\"price\"><strong>80&euro;<\/strong><\/span><\/div><div class=\"acc_txt\">\n<p>Sopii kaikille ihotyypeille.<br>Hoito on tarkoitettu sek&auml; naisille ett&auml; miehille.<\/p>\n\n\n\n<p>Ylellinen kasvohoito, joka on suunniteltu nimenomaan eri ihotyyppien kosteustarpeen mukaan. Kuusiosainen monitoiminen hoito palauttaa sek&auml; ihon kosteustason ett&auml; hidastaa ihon ik&auml;&auml;ntymisen merkkej&auml;, sis&auml;lt&auml;&auml; ylellisen Digi-esth&eacute;tique<sup>&reg;&nbsp;<\/sup>hieronnan ja uuden sukupolven kosteuttavia vaikuttavia aineita. Hydra<sup>3Ha.&nbsp;<\/sup>Tehohoito yhdist&auml;&auml; tekniikan saavutukset aistillisiin nautintoihin.<\/p>\n\n\n\n<p>Tuloksia jo ensimm&auml;isen kasvohoidon j&auml;lkeen!<\/p>\n<\/div>\n\n\n\n<div class=\"acc_h\"><h3>Nopea silm&auml;nymp&auml;ryksen hoito (kasvohoidon lis&auml;ksi)&nbsp; 30 min<\/h3><span class=\"price\"><strong>21&euro;<\/strong><\/span><\/div><div class=\"acc_txt\">\n<p>Hoito sis&auml;lt&auml;&auml;: silm&auml;nymp&auml;rysihon puhdistus ja kevyt kuorinta,&nbsp; onka j&auml;lkeen laitetaan silmille raikastava ja&nbsp;rauhoittava naamio. Sopii silmille, joilla ensimm&auml;iset v&auml;symyksen ja ihon ik&auml;&auml;ntymisen merkit.<\/p>\n<\/div>\n\n\n\n<div class=\"acc_h\"><h3>ACTIVE CONTOUR &ndash; silm&auml;ntmp&auml;ryshoito 45 min<\/h3><span class=\"price\"><strong>40&euro;<\/strong><\/span><\/div><div class=\"acc_txt\">\n<p>Silm&auml;nymp&auml;ryshoito tasoittaa pieni&auml; ryppyj&auml; ja v&auml;hent&auml;&auml; turvotusta, auttaa v&auml;hent&auml;m&auml;&auml;n tummentumia silmien ymp&auml;rill&auml;. Erikoishoitotuotteet: kuorinta-aine, hierontavoide, kompressi, naamio &ndash; ovat kehitetty juuri silm&auml;nymp&auml;ryksien ihon virkist&auml;miseen ja raikastamiseen. Tuloksena ovat lev&auml;nneet silm&auml;t ja raikas iho.<\/p>\n<\/div>\n\n\n\n<div class=\"acc_h\"><h3>Karvojenpoisto s&auml;&auml;ret<\/h3><span class=\"price\"><strong>20&euro;<\/strong><\/span><\/div><div class=\"acc_txt\">\n<p><\/p>\n<\/div>\n\n\n\n<div class=\"acc_h\"><h3>Karvojenpoisto s&auml;&auml;ret ja reidet<\/h3><span class=\"price\"><strong>40&euro;<\/strong><\/span><\/div><div class=\"acc_txt\">\n<p><\/p>\n<\/div>\n\n\n\n<div class=\"acc_h\"><h3>Karvojenpoisto kainalot<\/h3><span class=\"price\"><strong>20&euro;<\/strong><\/span><\/div><div class=\"acc_txt\">\n<p><\/p>\n<\/div>\n\n\n\n<div class=\"acc_h\"><h3>Karvojenpoisto k&auml;sivarret<\/h3><span class=\"price\"><strong>20&euro;<\/strong><\/span><\/div><div class=\"acc_txt\">\n<p><\/p>\n<\/div>\n\n\n\n<div class=\"acc_h\"><h3>Karvojenpoisto kasvot alk.<\/h3><span class=\"price\"><strong>15&euro;<\/strong><\/span><\/div><div class=\"acc_txt\">\n<p><\/p>\n<\/div>\n\n\n\n<div class=\"acc_h\"><h3>Ripsien v&auml;rj&auml;ys<\/h3><span class=\"price\"><strong>10&euro;<\/strong><\/span><\/div><div class=\"acc_txt\">\n<p><\/p>\n<\/div>\n\n\n\n<div class=\"acc_h\"><h3>Kulmien v&auml;rj&auml;ys<\/h3><span class=\"price\"><strong>10&euro;<\/strong><\/span><\/div><div class=\"acc_txt\">\n<p><\/p>\n<\/div>\n\n\n\n<div class=\"acc_h\"><h3>Kulmien muotoilu<\/h3><span class=\"price\"><strong>10&euro;<\/strong><\/span><\/div><div class=\"acc_txt\">\n<p><\/p>\n<\/div>\n\n\n\n<div class=\"acc_h\"><h3>Ripsien kestotaivutus seka -v&auml;rj&auml;ys<\/h3><span class=\"price\"><strong>35&euro;<\/strong><\/span><\/div><div class=\"acc_txt\">\n<p><\/p>\n<\/div>\n<\/div>\n<\/div>\n<\/div>\n\n\n\n<p>* Hotelli&nbsp;j&auml;tt&auml;&auml; itseleen oikeuden hinnastomuutoksiin.<br>* K&auml;ytt&auml;m&auml;tt&ouml;mist&auml; palveluista ei palauteta rahaa.<\/p>\n\n\n\n<p class=\"has-text-align-left\"><strong>Yhteystiedot<\/strong><\/p>\n\n\n\n<p class=\"has-text-align-left\">Puhelin:&nbsp;<a href=\"tel:+372%20449%200515\" title=\"+372 449 0510\">+372 449 0510<\/a><br>S&auml;hk&ouml;posti:&nbsp;<a href=\"mailto:spaa@viiking.ee\" title=\"spaa@viiking.ee\">spaa@viiking.ee<\/a><\/p>\n\n\n\n<p class=\"has-text-align-left\">Olemme avoinna Ma&ndash;La 9:00 &ndash; 18:00<\/p>\n\n\n\n<div style=\"height:15px\" aria-hidden=\"true\" class=\"wp-block-spacer mobile-spacer-5\"><\/div>\n","protected":false},"excerpt":{"rendered":"<p>Kosmetologi Salongin kosmetologit antavat neuvoja ja auttavat l&ouml;yt&auml;m&auml;&auml;n juuri sinulle sopivan hoidon.&nbsp;Asiantuntijamme auttavat valitsemaan tuotteet, joita ihosi kotonakin tarvitsee.&nbsp;Kaikissa kasvo- ja vartalohoidoissa kosmetologimme k&auml;ytt&auml;v&auml;t ainutlaatuisia Sothys&nbsp;ja Anesi -kosmetiikkasarjan tuotteita, jotka ovat saatavilla vain salonkituotteina. * Hotelli&nbsp;j&auml;tt&auml;&auml; itseleen oikeuden hinnastomuutoksiin.* K&auml;ytt&auml;m&auml;tt&ouml;mist&auml; palveluista ei palauteta rahaa. Yhteystiedot Puhelin:&nbsp;+372 449 0510S&auml;hk&ouml;posti:&nbsp;spaa@viiking.ee Olemme avoinna Ma&ndash;La 9:00 &ndash; 18:00<\/p>\n","protected":false},"author":3,"featured_media":0,"parent":0,"menu_order":0,"comment_status":"closed","ping_status":"closed","template":"","meta":{"footnotes":""},"class_list":["post-3353","page","type-page","status-publish","hentry"],"yoast_head":"<!-- This site is optimized with the Yoast SEO plugin v27.4 - https:\/\/yoast.com\/product\/yoast-seo-wordpress\/ -->\n<title>Kosmetologi P\u00e4rnussa |\u00a0Viiking Spa Hotelli |\u00a0Kauneushoitola<\/title>\n<meta name=\"description\" content=\"Kosmetologi P\u00e4rnun Viiking Spa Hotellissa. Salongin kosmetologit antavat neuvoja ja auttavat l\u00f6yt\u00e4m\u00e4\u00e4n juuri sinulle sopivan hoidon.\" \/>\n<meta name=\"robots\" content=\"index, follow, max-snippet:-1, max-image-preview:large, max-video-preview:-1\" \/>\n<link rel=\"canonical\" href=\"https:\/\/www.viiking.ee\/fi\/kosmetologi\/\" \/>\n<meta property=\"og:locale\" content=\"fi_FI\" \/>\n<meta property=\"og:type\" content=\"article\" \/>\n<meta property=\"og:title\" content=\"Kosmetologi P\u00e4rnussa |\u00a0Viiking Spa Hotelli |\u00a0Kauneushoitola\" \/>\n<meta property=\"og:description\" content=\"Kosmetologi P\u00e4rnun Viiking Spa Hotellissa. Salongin kosmetologit antavat neuvoja ja auttavat l\u00f6yt\u00e4m\u00e4\u00e4n juuri sinulle sopivan hoidon.\" \/>\n<meta property=\"og:url\" content=\"https:\/\/www.viiking.ee\/fi\/kosmetologi\/\" \/>\n<meta property=\"og:site_name\" content=\"Viiking Spaa Hotell P&auml;rnus\" \/>\n<meta property=\"article:modified_time\" content=\"2026-03-18T13:34:43+00:00\" \/>\n<meta property=\"og:image\" content=\"https:\/\/www.viiking.ee\/wp-content\/uploads\/2025\/11\/Naohooldus.jpg\" \/>\n\t<meta property=\"og:image:width\" content=\"1323\" \/>\n\t<meta property=\"og:image:height\" content=\"1920\" \/>\n\t<meta property=\"og:image:type\" content=\"image\/jpeg\" \/>\n<meta name=\"twitter:card\" content=\"summary_large_image\" \/>\n<meta name=\"twitter:label1\" content=\"Arvioitu lukuaika\" \/>\n\t<meta name=\"twitter:data1\" content=\"5 minuuttia\" \/>\n<script type=\"application\/ld+json\" class=\"yoast-schema-graph\">{\"@context\":\"https:\\\/\\\/schema.org\",\"@graph\":[{\"@type\":\"WebPage\",\"@id\":\"https:\\\/\\\/www.viiking.ee\\\/fi\\\/kosmetologi\\\/\",\"url\":\"https:\\\/\\\/www.viiking.ee\\\/fi\\\/kosmetologi\\\/\",\"name\":\"Kosmetologi P\u00e4rnussa |\u00a0Viiking Spa Hotelli |\u00a0Kauneushoitola\",\"isPartOf\":{\"@id\":\"https:\\\/\\\/www.viiking.ee\\\/en\\\/#website\"},\"primaryImageOfPage\":{\"@id\":\"https:\\\/\\\/www.viiking.ee\\\/fi\\\/kosmetologi\\\/#primaryimage\"},\"image\":{\"@id\":\"https:\\\/\\\/www.viiking.ee\\\/fi\\\/kosmetologi\\\/#primaryimage\"},\"thumbnailUrl\":\"https:\\\/\\\/www.viiking.ee\\\/wp-content\\\/uploads\\\/2025\\\/11\\\/Naohooldus.jpg\",\"datePublished\":\"2025-12-10T09:58:31+00:00\",\"dateModified\":\"2026-03-18T13:34:43+00:00\",\"description\":\"Kosmetologi P\u00e4rnun Viiking Spa Hotellissa. Salongin kosmetologit antavat neuvoja ja auttavat l\u00f6yt\u00e4m\u00e4\u00e4n juuri sinulle sopivan hoidon.\",\"breadcrumb\":{\"@id\":\"https:\\\/\\\/www.viiking.ee\\\/fi\\\/kosmetologi\\\/#breadcrumb\"},\"inLanguage\":\"fi\",\"potentialAction\":[{\"@type\":\"ReadAction\",\"target\":[\"https:\\\/\\\/www.viiking.ee\\\/fi\\\/kosmetologi\\\/\"]}]},{\"@type\":\"ImageObject\",\"inLanguage\":\"fi\",\"@id\":\"https:\\\/\\\/www.viiking.ee\\\/fi\\\/kosmetologi\\\/#primaryimage\",\"url\":\"https:\\\/\\\/www.viiking.ee\\\/wp-content\\\/uploads\\\/2025\\\/11\\\/Naohooldus.jpg\",\"contentUrl\":\"https:\\\/\\\/www.viiking.ee\\\/wp-content\\\/uploads\\\/2025\\\/11\\\/Naohooldus.jpg\"},{\"@type\":\"BreadcrumbList\",\"@id\":\"https:\\\/\\\/www.viiking.ee\\\/fi\\\/kosmetologi\\\/#breadcrumb\",\"itemListElement\":[{\"@type\":\"ListItem\",\"position\":1,\"name\":\"Home\",\"item\":\"https:\\\/\\\/www.viiking.ee\\\/fi\\\/\"},{\"@type\":\"ListItem\",\"position\":2,\"name\":\"Kosmetologi\"}]},{\"@type\":\"WebSite\",\"@id\":\"https:\\\/\\\/www.viiking.ee\\\/en\\\/#website\",\"url\":\"https:\\\/\\\/www.viiking.ee\\\/en\\\/\",\"name\":\"Viiking Spaa Hotell P&auml;rnus\",\"description\":\"\",\"potentialAction\":[{\"@type\":\"SearchAction\",\"target\":{\"@type\":\"EntryPoint\",\"urlTemplate\":\"https:\\\/\\\/www.viiking.ee\\\/en\\\/?s={search_term_string}\"},\"query-input\":{\"@type\":\"PropertyValueSpecification\",\"valueRequired\":true,\"valueName\":\"search_term_string\"}}],\"inLanguage\":\"fi\"}]}<\/script>\n<!-- \/ Yoast SEO plugin. -->","yoast_head_json":{"title":"Kosmetologi P\u00e4rnussa |\u00a0Viiking Spa Hotelli |\u00a0Kauneushoitola","description":"Kosmetologi P\u00e4rnun Viiking Spa Hotellissa. Salongin kosmetologit antavat neuvoja ja auttavat l\u00f6yt\u00e4m\u00e4\u00e4n juuri sinulle sopivan hoidon.","robots":{"index":"index","follow":"follow","max-snippet":"max-snippet:-1","max-image-preview":"max-image-preview:large","max-video-preview":"max-video-preview:-1"},"canonical":"https:\/\/www.viiking.ee\/fi\/kosmetologi\/","og_locale":"fi_FI","og_type":"article","og_title":"Kosmetologi P\u00e4rnussa |\u00a0Viiking Spa Hotelli |\u00a0Kauneushoitola","og_description":"Kosmetologi P\u00e4rnun Viiking Spa Hotellissa. Salongin kosmetologit antavat neuvoja ja auttavat l\u00f6yt\u00e4m\u00e4\u00e4n juuri sinulle sopivan hoidon.","og_url":"https:\/\/www.viiking.ee\/fi\/kosmetologi\/","og_site_name":"Viiking Spaa Hotell P&auml;rnus","article_modified_time":"2026-03-18T13:34:43+00:00","og_image":[{"width":1323,"height":1920,"url":"https:\/\/www.viiking.ee\/wp-content\/uploads\/2025\/11\/Naohooldus.jpg","type":"image\/jpeg"}],"twitter_card":"summary_large_image","twitter_misc":{"Arvioitu lukuaika":"5 minuuttia"},"schema":{"@context":"https:\/\/schema.org","@graph":[{"@type":"WebPage","@id":"https:\/\/www.viiking.ee\/fi\/kosmetologi\/","url":"https:\/\/www.viiking.ee\/fi\/kosmetologi\/","name":"Kosmetologi P\u00e4rnussa |\u00a0Viiking Spa Hotelli |\u00a0Kauneushoitola","isPartOf":{"@id":"https:\/\/www.viiking.ee\/en\/#website"},"primaryImageOfPage":{"@id":"https:\/\/www.viiking.ee\/fi\/kosmetologi\/#primaryimage"},"image":{"@id":"https:\/\/www.viiking.ee\/fi\/kosmetologi\/#primaryimage"},"thumbnailUrl":"https:\/\/www.viiking.ee\/wp-content\/uploads\/2025\/11\/Naohooldus.jpg","datePublished":"2025-12-10T09:58:31+00:00","dateModified":"2026-03-18T13:34:43+00:00","description":"Kosmetologi P\u00e4rnun Viiking Spa Hotellissa. Salongin kosmetologit antavat neuvoja ja auttavat l\u00f6yt\u00e4m\u00e4\u00e4n juuri sinulle sopivan hoidon.","breadcrumb":{"@id":"https:\/\/www.viiking.ee\/fi\/kosmetologi\/#breadcrumb"},"inLanguage":"fi","potentialAction":[{"@type":"ReadAction","target":["https:\/\/www.viiking.ee\/fi\/kosmetologi\/"]}]},{"@type":"ImageObject","inLanguage":"fi","@id":"https:\/\/www.viiking.ee\/fi\/kosmetologi\/#primaryimage","url":"https:\/\/www.viiking.ee\/wp-content\/uploads\/2025\/11\/Naohooldus.jpg","contentUrl":"https:\/\/www.viiking.ee\/wp-content\/uploads\/2025\/11\/Naohooldus.jpg"},{"@type":"BreadcrumbList","@id":"https:\/\/www.viiking.ee\/fi\/kosmetologi\/#breadcrumb","itemListElement":[{"@type":"ListItem","position":1,"name":"Home","item":"https:\/\/www.viiking.ee\/fi\/"},{"@type":"ListItem","position":2,"name":"Kosmetologi"}]},{"@type":"WebSite","@id":"https:\/\/www.viiking.ee\/en\/#website","url":"https:\/\/www.viiking.ee\/en\/","name":"Viiking Spaa Hotell P&auml;rnus","description":"","potentialAction":[{"@type":"SearchAction","target":{"@type":"EntryPoint","urlTemplate":"https:\/\/www.viiking.ee\/en\/?s={search_term_string}"},"query-input":{"@type":"PropertyValueSpecification","valueRequired":true,"valueName":"search_term_string"}}],"inLanguage":"fi"}]}},"_links":{"self":[{"href":"https:\/\/www.viiking.ee\/fi\/wp-json\/wp\/v2\/pages\/3353","targetHints":{"allow":["GET"]}}],"collection":[{"href":"https:\/\/www.viiking.ee\/fi\/wp-json\/wp\/v2\/pages"}],"about":[{"href":"https:\/\/www.viiking.ee\/fi\/wp-json\/wp\/v2\/types\/page"}],"author":[{"embeddable":true,"href":"https:\/\/www.viiking.ee\/fi\/wp-json\/wp\/v2\/users\/3"}],"replies":[{"embeddable":true,"href":"https:\/\/www.viiking.ee\/fi\/wp-json\/wp\/v2\/comments?post=3353"}],"version-history":[{"count":5,"href":"https:\/\/www.viiking.ee\/fi\/wp-json\/wp\/v2\/pages\/3353\/revisions"}],"predecessor-version":[{"id":60334,"href":"https:\/\/www.viiking.ee\/fi\/wp-json\/wp\/v2\/pages\/3353\/revisions\/60334"}],"wp:attachment":[{"href":"https:\/\/www.viiking.ee\/fi\/wp-json\/wp\/v2\/media?parent=3353"}],"curies":[{"name":"wp","href":"https:\/\/api.w.org\/{rel}","templated":true}]}}