{"id":3296,"date":"2025-12-09T13:55:33","date_gmt":"2025-12-09T13:55:33","guid":{"rendered":"https:\/\/viiking.ee\/soojus-kulmaravi\/"},"modified":"2026-01-23T10:48:37","modified_gmt":"2026-01-23T10:48:37","slug":"lampo-ja-kylmahoidot","status":"publish","type":"page","link":"https:\/\/www.viiking.ee\/fi\/lampo-ja-kylmahoidot\/","title":{"rendered":"L\u00e4mp\u00f6- ja kylm\u00e4hoidot"},"content":{"rendered":"<!DOCTYPE html PUBLIC \"-\/\/W3C\/\/DTD HTML 4.0 Transitional\/\/EN\" \"http:\/\/www.w3.org\/TR\/REC-html40\/loose.dtd\">\n<?xml encoding=\"utf-8\" ?><div class=\"wp-block-cover alignfull\"><img loading=\"lazy\" decoding=\"async\" width=\"1920\" height=\"1280\" class=\"wp-block-cover__image-background wp-image-855 size-full\" alt=\"\" src=\"https:\/\/www.viiking.ee\/wp-content\/uploads\/2025\/11\/Kateparafiin.jpg\" data-object-fit=\"cover\" srcset=\"https:\/\/www.viiking.ee\/wp-content\/uploads\/2025\/11\/Kateparafiin.jpg 1920w, https:\/\/www.viiking.ee\/wp-content\/uploads\/2025\/11\/Kateparafiin-300x200.jpg 300w, https:\/\/www.viiking.ee\/wp-content\/uploads\/2025\/11\/Kateparafiin-1024x683.jpg 1024w, https:\/\/www.viiking.ee\/wp-content\/uploads\/2025\/11\/Kateparafiin-768x512.jpg 768w, https:\/\/www.viiking.ee\/wp-content\/uploads\/2025\/11\/Kateparafiin-1536x1024.jpg 1536w, https:\/\/www.viiking.ee\/wp-content\/uploads\/2025\/11\/Kateparafiin-1568x1045.jpg 1568w\" sizes=\"auto, (max-width: 1920px) 100vw, 1920px\" \/><span aria-hidden=\"true\" class=\"wp-block-cover__background has-background-dim-0 has-background-dim\"><\/span><div class=\"wp-block-cover__inner-container is-layout-flow wp-block-cover-is-layout-flow\">\n<p class=\"has-text-align-center has-large-font-size\"><\/p>\n<\/div><\/div>\n\n\n\n<div style=\"height:30px\" aria-hidden=\"true\" class=\"wp-block-spacer mobile-spacer-10\"><\/div>\n\n\n\n<h1 class=\"wp-block-heading has-text-align-center\">L&auml;mp&ouml;- ja kylm&auml;hoidot<\/h1>\n\n\n\n<div class=\"wp-block-buttons alignwide is-content-justification-center is-layout-flex wp-container-core-buttons-is-layout-a89b3969 wp-block-buttons-is-layout-flex\">\n<div class=\"wp-block-button is-style-outline is-style-outline--1\"><a class=\"wp-block-button__link wp-element-button\" href=\"https:\/\/www.viiking.ee\/fi\/terveysalan-tyontekijan-vastaanotto\/\" title=\"TERVEYSALAN TY&Ouml;NTEKIJ&Auml;N VASTAANOTTO\">TERVEYSALAN TY&Ouml;NTEKIJ&Auml;N VASTAANOTTO<\/a><\/div>\n\n\n\n<div class=\"wp-block-button is-style-outline is-style-outline--2\"><a class=\"wp-block-button__link wp-element-button\" href=\"https:\/\/www.viiking.ee\/fi\/sahkohoito\/\" title=\"S&Auml;HK&Ouml;HOITO\">S&Auml;HK&Ouml;HOITO<\/a><\/div>\n\n\n\n<div class=\"wp-block-button is-style-outline is-style-outline--3\"><a class=\"wp-block-button__link has-white-color has-brass-background-color has-text-color has-background has-link-color wp-element-button\" href=\"https:\/\/www.viiking.ee\/fi\/lampo-ja-kylmahoidot\/\" title=\"L&Auml;MP&Ouml;- JA KYLM&Auml;HOIDOT\">L&Auml;MP&Ouml;- JA KYLM&Auml;HOIDOT<\/a><\/div>\n\n\n\n<div class=\"wp-block-button is-style-outline is-style-outline--4\"><a class=\"wp-block-button__link wp-element-button\" href=\"https:\/\/www.viiking.ee\/fi\/vesihoidot\/\" style=\"text-transform:uppercase\" title=\"VESIHOIDOT\">VESIHOIDOT<\/a><\/div>\n\n\n\n<div class=\"wp-block-button is-style-outline is-style-outline--5\"><a class=\"wp-block-button__link has-text-align-center wp-element-button\" href=\"https:\/\/www.viiking.ee\/fi\/liikuntahoito\/\" style=\"text-transform:uppercase\" title=\"LIIKUNTAHOITO\">LIIKUNTAHOITO<\/a><\/div>\n\n\n\n<div class=\"wp-block-button is-style-outline is-style-outline--6\"><a class=\"wp-block-button__link wp-element-button\" href=\"https:\/\/www.viiking.ee\/fi\/muut-hoidot\/\" style=\"text-transform:uppercase\" title=\"MUUT HOIDOT\">MUUT HOIDOT<\/a><\/div>\n\n\n\n<div class=\"wp-block-button is-style-outline is-style-outline--7\"><a class=\"wp-block-button__link wp-element-button\" href=\"https:\/\/www.viiking.ee\/fi\/terveystutkimukset\/\" style=\"text-transform:uppercase\" title=\"TERVEYSTUTKIMUKSET\">TERVEYSTUTKIMUKSET<\/a><\/div>\n\n\n\n<div class=\"wp-block-button is-style-outline is-style-outline--8\"><a class=\"wp-block-button__link wp-element-button\" href=\"https:\/\/www.viiking.ee\/fi\/terveystestit\/\" style=\"text-transform:uppercase\" title=\"TERVEYSTESTIT\">TERVEYSTESTIT<\/a><\/div>\n\n\n\n<div class=\"wp-block-button is-style-outline is-style-outline--9\"><a class=\"wp-block-button__link wp-element-button\" href=\"https:\/\/www.viiking.ee\/fi\/laboratoriotutkimukset-verianalyysit-2\/\" style=\"text-transform:uppercase\" title=\"LABORATORIOTUTKIMUKSET &ndash; VERIANALYYSIT\">LABORATORIOTUTKIMUKSET &ndash; VERIANALYYSIT<\/a><\/div>\n\n\n\n<div class=\"wp-block-button is-style-outline is-style-outline--10\"><a class=\"wp-block-button__link wp-element-button\" href=\"https:\/\/www.viiking.ee\/fi\/vesivoimistelu\/\" style=\"text-transform:uppercase\" title=\"VESIVOIMISTELU\">VESIVOIMISTELU<\/a><\/div>\n<\/div>\n\n\n\n<div class=\"wp-block-columns has-background is-layout-flex wp-container-core-columns-is-layout-28f84493 wp-block-columns-is-layout-flex\" style=\"background-color:#e8d9c6\">\n<div class=\"wp-block-column is-layout-flow wp-block-column-is-layout-flow\">\n<div class=\"wp-block-edhotels-edhotels-accordions accordion left\">\n<div class=\"acc_h\"><h3>Osokeriitti-parafiinihoito 15 min<\/h3><span class=\"price\"><strong>18&euro;<\/strong><\/span><\/div><div class=\"acc_txt\">\n<p>Osokeriitti-parafiinihoito on l&auml;mp&ouml;hoito, joka vaikuttaa paikallisesti nivel- tai lihasvaivoihin. Hoitoon k&auml;ytet&auml;&auml;n parafiinin ja osokeriitin seosta, jonka l&auml;mp&ouml;tila on 52 &ordm;C. Osokeriitin lis&auml;&auml;minen parafiiniin nostaa seoksen l&auml;mm&ouml;nsitomiskyky&auml; &ndash; ominaisuutta hitaammin ja kauemmin elimist&ouml;lle l&auml;mp&ouml;&auml; luovuttaa. Lis&auml;ksi on osokeriitissa sis&auml;ltyvill&auml; eteerisill&auml; &ouml;ljyill&auml; terveytt&auml;v&auml;&auml; vaikutusta. Osokeriitti-parafiinihoidolla on kipua lievitt&auml;v&auml; ja tulehduksenvastainen vaikutus. K&auml;ytet&auml;&auml;n kroonisten nivel- ja lihastautien sek&auml; vammojen j&auml;lkeisten muutosten tapauksessa.<\/p>\n<\/div>\n\n\n\n<div class=\"acc_h\"><h3>Kevyet jalat 15min<\/h3><span class=\"price\"><strong>17&euro;<\/strong><\/span><\/div><div class=\"acc_txt\">\n<p>Vuosien kuluessa monilla ihmisill&auml;, erityisesti naisilla, tulevat jaloille kapillaarien &ldquo;verkostot&rdquo; ja ihonalaiset laskimonlaajentumat, jotka voivat kantautua my&ouml;s syv&auml;laskimoihin, aiheuttaen tulehdusta ja trombivaaraa. Siihen auttaa hyvin laskimohoito geelill&auml;. Geeli sis&auml;lt&auml;&auml; ryp&auml;leisiin sis&auml;ltyvi&auml; flavonoideja, jotka vahvistavat verisuonten sein&auml;mi&auml; ja v&auml;hent&auml;v&auml;t sidekudoksen l&auml;p&auml;isykyky&auml;.<\/p>\n\n\n\n<p><strong>Laskimogeeliin on lis&auml;tty viel&auml;:<\/strong><\/p>\n\n\n\n<ul class=\"wp-block-list\">\n<li>hevoskastanjan uutetta, joka nostaa laskimosein&auml;mien tonusta ja nopeuttaa verenvirtausta suonissa, est&auml;en trombien muodostusta. Hoitoon k&auml;ytet&auml;&auml;n hevoskastanjaa, punaisen ryp&auml;leen, m&auml;nnynkuoren, tammenlehtien uutteita sek&auml; mentolia sis&auml;lt&auml;vi&auml; geelej&auml;.<\/li>\n\n\n\n<li>makean mantelin &ouml;ljy&auml;, joka sis&auml;lt&auml;&auml; t&auml;rkeit&auml; fermenttej&auml;, rasvahappoja, parkkiaineita sek&auml; B2-vitamiinia, jotka normalisoivat kudosten aineenvaihduntaa, parantavat veren- ja lymfankiertoa, est&auml;en trombien muodostusta ja laskien turvotuksia;<\/li>\n\n\n\n<li>allantoiinia, joka kosteutta ja pehmitt&auml;&auml; ihoa ja edist&auml;&auml; ihon pintasolujen uusiutumista;<\/li>\n\n\n\n<li>glyseriini&auml;, joka ihoa pehmitt&auml;m&auml;ll&auml; poistaa ihon j&auml;nnitys- ja kuivuustunteen sek&auml; suojaa ihoa ymp&auml;rist&ouml;n haittavaikutuksilta.<\/li>\n<\/ul>\n\n\n\n<p><strong><strong>K&auml;ytt&ouml;aiheet<\/strong>:<\/strong><\/p>\n\n\n\n<ul class=\"wp-block-list\">\n<li>jalkojen laskimonlaajentumat<\/li>\n\n\n\n<li>verisuonten spasmien aiheuttama jalkakipu<\/li>\n\n\n\n<li>kapillaarien &ldquo;verkostot&rdquo; jaloissa<\/li>\n\n\n\n<li>v&auml;symys- ja painotunne sek&auml; pitk&auml;st&auml; k&auml;velemisest&auml; tai seisomisesta aiheutunut turvotus jaloissa<\/li>\n\n\n\n<li>v&auml;hent&auml;&auml; jalkojen turvotusta<\/li>\n<\/ul>\n\n\n\n<p><strong><strong>Ei voida k&auml;ytt&auml;&auml;<\/strong>:<\/strong><\/p>\n\n\n\n<ul class=\"wp-block-list\">\n<li>mahdollinen henkil&ouml;kohtainen yliherkkyys jollekin valmisteen aineosalle<\/li>\n\n\n\n<li>avoimet ihovauriot<\/li>\n\n\n\n<li>troofiset haavaumat<\/li>\n<\/ul>\n<\/div>\n\n\n\n<div class=\"acc_h\"><h3>Mutak&auml;&auml;re jaloille Hiidenmaan mutavoiteella 15 min<\/h3><span class=\"price\"><strong>18&euro;<\/strong><\/span><\/div><div class=\"acc_txt\">\n<p>Mutahoito kuuluu vanhimpiin hoitomenetelmiin. Virossa on mutahoitoa k&auml;ytetty jo yli 200 vuotta.<\/p>\n\n\n\n<p>Hoitomudalla on kroonisia tulehduksia hoitava ja kipua lievitt&auml;v&auml; vaikutus, se nopeuttaa aineenvaihduntaa ja solujen uusiutumista sek&auml; poistaa kehosta ylim&auml;&auml;r&auml;ist&auml; nestett&auml; ja kuona-aineita. Mutahoito antaa lis&auml;ksi miellytt&auml;v&auml;n rentoutuneen ja hyv&auml;n olon tunteen. E-vitamiinin pitoisuuden ansiosta hoitomudalla on vahva oksidoitumista est&auml;v&auml; vaikutus ja se stimuloi kudosten uusiutumista, ihosta tulee elastinen ja raikas.<\/p>\n\n\n\n<p>Hoidossa k&auml;&auml;reisiin k&auml;ytet&auml;&auml;n erityist&auml; hoitomutavoidetta. Hoidon aikana jalat puhdistetaan ja desinfioidaan. Sen j&auml;lkeen levitet&auml;&auml;n hoitomutavoide, k&auml;&auml;rit&auml;&auml;n jalat muoviin ja annetaan vaikuttaa 10 minuuttia. Muovin poistamisen j&auml;lkeen hierotaan kevyesti voiteen imeytymiseen asti. Hoito kest&auml;&auml; 15 minuuttia.<\/p>\n\n\n\n<p><strong><strong>Aiheet<\/strong>:<\/strong><\/p>\n\n\n\n<ul class=\"wp-block-list\">\n<li>reumaattiset sairaudet<\/li>\n\n\n\n<li>krooniset nivel-, j&auml;nne-lihasrakenteen tulehdukset<\/li>\n\n\n\n<li>lihasatrofiat<\/li>\n\n\n\n<li>vammojen ja leikkausten j&auml;lkeiset kiinnikkeet<\/li>\n\n\n\n<li>krooniset ihosairaudet (psoriaasi, ekseema)<\/li>\n<\/ul>\n\n\n\n<p><strong><strong>Vasta-aiheet<\/strong>:<\/strong><\/p>\n\n\n\n<ul class=\"wp-block-list\">\n<li>kaikkien edell&auml; mainittujen tautien akuutti vaihe<\/li>\n\n\n\n<li>kuume<\/li>\n\n\n\n<li>kasvaimet<\/li>\n\n\n\n<li>veritaudit<\/li>\n\n\n\n<li>syd&auml;men vajaatoiminnan II-III vaihe<\/li>\n\n\n\n<li>raskaus<\/li>\n\n\n\n<li>tietyt munuaistaudit<\/li>\n\n\n\n<li>mielisairaudet<\/li>\n\n\n\n<li>tuberkuloosi<\/li>\n<\/ul>\n\n\n\n<p>Ep&auml;ilyksien her&auml;tty&auml; kysy lis&auml;tietoja l&auml;&auml;k&auml;rilt&auml;.<\/p>\n<\/div>\n\n\n\n<div class=\"acc_h\"><h3>Paikallinen kylm&auml;hoito 10 min<\/h3><span class=\"price\"><strong>10&euro;<\/strong><\/span><\/div><div class=\"acc_txt\">\n<p>Paikalliseen kylm&auml;hoitoon k&auml;ytet&auml;&auml;n erikoisgeelill&auml; t&auml;ytettyj&auml; pakkauksia, joita pidet&auml;&auml;n -12 asteessa ja asetetaan kankaaseen k&auml;&auml;rittyn&auml; kipe&auml;lle paikalle. Paikallista kylm&auml;hoitoa k&auml;ytet&auml;&auml;n akuuttien lihastulehdusten, tuoreiden vammojen ja palovammojen hoitoon.<\/p>\n<\/div>\n<\/div>\n<\/div>\n<\/div>\n\n\n\n<p class=\"has-text-align-left\">* Viiking Spa -hotelli pid&auml;tt&auml;&auml; oikeuden muuttaa hintoja.<br>* K&auml;ytt&auml;m&auml;tt&ouml;mist&auml; palveluista ei palauteta rahaa.<br><\/p>\n\n\n\n<div style=\"height:15px\" aria-hidden=\"true\" class=\"wp-block-spacer\"><\/div>\n","protected":false},"excerpt":{"rendered":"<p>L&auml;mp&ouml;- ja kylm&auml;hoidot * Viiking Spa -hotelli pid&auml;tt&auml;&auml; oikeuden muuttaa hintoja.* K&auml;ytt&auml;m&auml;tt&ouml;mist&auml; palveluista ei palauteta rahaa.<\/p>\n","protected":false},"author":3,"featured_media":0,"parent":0,"menu_order":0,"comment_status":"closed","ping_status":"closed","template":"","meta":{"footnotes":""},"class_list":["post-3296","page","type-page","status-publish","hentry"],"yoast_head":"<!-- This site is optimized with the Yoast SEO plugin v27.4 - https:\/\/yoast.com\/product\/yoast-seo-wordpress\/ -->\n<title>L\u00e4mp\u00f6- ja kylm\u00e4hoidot - Viiking Spaa Hotell P&auml;rnus<\/title>\n<meta name=\"robots\" content=\"index, follow, max-snippet:-1, max-image-preview:large, max-video-preview:-1\" \/>\n<link rel=\"canonical\" href=\"https:\/\/www.viiking.ee\/fi\/lampo-ja-kylmahoidot\/\" \/>\n<meta property=\"og:locale\" content=\"fi_FI\" \/>\n<meta property=\"og:type\" content=\"article\" \/>\n<meta property=\"og:title\" content=\"L\u00e4mp\u00f6- ja kylm\u00e4hoidot - Viiking Spaa Hotell P&auml;rnus\" \/>\n<meta property=\"og:description\" content=\"L&auml;mp&ouml;- ja kylm&auml;hoidot * Viiking Spa -hotelli pid&auml;tt&auml;&auml; oikeuden muuttaa hintoja.* K&auml;ytt&auml;m&auml;tt&ouml;mist&auml; palveluista ei palauteta rahaa.\" \/>\n<meta property=\"og:url\" content=\"https:\/\/www.viiking.ee\/fi\/lampo-ja-kylmahoidot\/\" \/>\n<meta property=\"og:site_name\" content=\"Viiking Spaa Hotell P&auml;rnus\" \/>\n<meta property=\"article:modified_time\" content=\"2026-01-23T10:48:37+00:00\" \/>\n<meta property=\"og:image\" content=\"https:\/\/www.viiking.ee\/wp-content\/uploads\/2025\/11\/Kateparafiin.jpg\" \/>\n<meta name=\"twitter:card\" content=\"summary_large_image\" \/>\n<meta name=\"twitter:label1\" content=\"Arvioitu lukuaika\" \/>\n\t<meta name=\"twitter:data1\" content=\"3 minuuttia\" \/>\n<script type=\"application\/ld+json\" class=\"yoast-schema-graph\">{\"@context\":\"https:\\\/\\\/schema.org\",\"@graph\":[{\"@type\":\"WebPage\",\"@id\":\"https:\\\/\\\/www.viiking.ee\\\/fi\\\/lampo-ja-kylmahoidot\\\/\",\"url\":\"https:\\\/\\\/www.viiking.ee\\\/fi\\\/lampo-ja-kylmahoidot\\\/\",\"name\":\"L\u00e4mp\u00f6- ja kylm\u00e4hoidot - Viiking Spaa Hotell P&auml;rnus\",\"isPartOf\":{\"@id\":\"https:\\\/\\\/www.viiking.ee\\\/en\\\/#website\"},\"primaryImageOfPage\":{\"@id\":\"https:\\\/\\\/www.viiking.ee\\\/fi\\\/lampo-ja-kylmahoidot\\\/#primaryimage\"},\"image\":{\"@id\":\"https:\\\/\\\/www.viiking.ee\\\/fi\\\/lampo-ja-kylmahoidot\\\/#primaryimage\"},\"thumbnailUrl\":\"https:\\\/\\\/www.viiking.ee\\\/wp-content\\\/uploads\\\/2025\\\/11\\\/Kateparafiin.jpg\",\"datePublished\":\"2025-12-09T13:55:33+00:00\",\"dateModified\":\"2026-01-23T10:48:37+00:00\",\"breadcrumb\":{\"@id\":\"https:\\\/\\\/www.viiking.ee\\\/fi\\\/lampo-ja-kylmahoidot\\\/#breadcrumb\"},\"inLanguage\":\"fi\",\"potentialAction\":[{\"@type\":\"ReadAction\",\"target\":[\"https:\\\/\\\/www.viiking.ee\\\/fi\\\/lampo-ja-kylmahoidot\\\/\"]}]},{\"@type\":\"ImageObject\",\"inLanguage\":\"fi\",\"@id\":\"https:\\\/\\\/www.viiking.ee\\\/fi\\\/lampo-ja-kylmahoidot\\\/#primaryimage\",\"url\":\"https:\\\/\\\/www.viiking.ee\\\/wp-content\\\/uploads\\\/2025\\\/11\\\/Kateparafiin.jpg\",\"contentUrl\":\"https:\\\/\\\/www.viiking.ee\\\/wp-content\\\/uploads\\\/2025\\\/11\\\/Kateparafiin.jpg\"},{\"@type\":\"BreadcrumbList\",\"@id\":\"https:\\\/\\\/www.viiking.ee\\\/fi\\\/lampo-ja-kylmahoidot\\\/#breadcrumb\",\"itemListElement\":[{\"@type\":\"ListItem\",\"position\":1,\"name\":\"Home\",\"item\":\"https:\\\/\\\/www.viiking.ee\\\/fi\\\/\"},{\"@type\":\"ListItem\",\"position\":2,\"name\":\"L\u00e4mp\u00f6- ja kylm\u00e4hoidot\"}]},{\"@type\":\"WebSite\",\"@id\":\"https:\\\/\\\/www.viiking.ee\\\/en\\\/#website\",\"url\":\"https:\\\/\\\/www.viiking.ee\\\/en\\\/\",\"name\":\"Viiking Spaa Hotell P&auml;rnus\",\"description\":\"\",\"potentialAction\":[{\"@type\":\"SearchAction\",\"target\":{\"@type\":\"EntryPoint\",\"urlTemplate\":\"https:\\\/\\\/www.viiking.ee\\\/en\\\/?s={search_term_string}\"},\"query-input\":{\"@type\":\"PropertyValueSpecification\",\"valueRequired\":true,\"valueName\":\"search_term_string\"}}],\"inLanguage\":\"fi\"}]}<\/script>\n<!-- \/ Yoast SEO plugin. -->","yoast_head_json":{"title":"L\u00e4mp\u00f6- ja kylm\u00e4hoidot - Viiking Spaa Hotell P&auml;rnus","robots":{"index":"index","follow":"follow","max-snippet":"max-snippet:-1","max-image-preview":"max-image-preview:large","max-video-preview":"max-video-preview:-1"},"canonical":"https:\/\/www.viiking.ee\/fi\/lampo-ja-kylmahoidot\/","og_locale":"fi_FI","og_type":"article","og_title":"L\u00e4mp\u00f6- ja kylm\u00e4hoidot - Viiking Spaa Hotell P&auml;rnus","og_description":"L&auml;mp&ouml;- ja kylm&auml;hoidot * Viiking Spa -hotelli pid&auml;tt&auml;&auml; oikeuden muuttaa hintoja.* K&auml;ytt&auml;m&auml;tt&ouml;mist&auml; palveluista ei palauteta rahaa.","og_url":"https:\/\/www.viiking.ee\/fi\/lampo-ja-kylmahoidot\/","og_site_name":"Viiking Spaa Hotell P&auml;rnus","article_modified_time":"2026-01-23T10:48:37+00:00","og_image":[{"url":"https:\/\/www.viiking.ee\/wp-content\/uploads\/2025\/11\/Kateparafiin.jpg","type":"","width":"","height":""}],"twitter_card":"summary_large_image","twitter_misc":{"Arvioitu lukuaika":"3 minuuttia"},"schema":{"@context":"https:\/\/schema.org","@graph":[{"@type":"WebPage","@id":"https:\/\/www.viiking.ee\/fi\/lampo-ja-kylmahoidot\/","url":"https:\/\/www.viiking.ee\/fi\/lampo-ja-kylmahoidot\/","name":"L\u00e4mp\u00f6- ja kylm\u00e4hoidot - Viiking Spaa Hotell P&auml;rnus","isPartOf":{"@id":"https:\/\/www.viiking.ee\/en\/#website"},"primaryImageOfPage":{"@id":"https:\/\/www.viiking.ee\/fi\/lampo-ja-kylmahoidot\/#primaryimage"},"image":{"@id":"https:\/\/www.viiking.ee\/fi\/lampo-ja-kylmahoidot\/#primaryimage"},"thumbnailUrl":"https:\/\/www.viiking.ee\/wp-content\/uploads\/2025\/11\/Kateparafiin.jpg","datePublished":"2025-12-09T13:55:33+00:00","dateModified":"2026-01-23T10:48:37+00:00","breadcrumb":{"@id":"https:\/\/www.viiking.ee\/fi\/lampo-ja-kylmahoidot\/#breadcrumb"},"inLanguage":"fi","potentialAction":[{"@type":"ReadAction","target":["https:\/\/www.viiking.ee\/fi\/lampo-ja-kylmahoidot\/"]}]},{"@type":"ImageObject","inLanguage":"fi","@id":"https:\/\/www.viiking.ee\/fi\/lampo-ja-kylmahoidot\/#primaryimage","url":"https:\/\/www.viiking.ee\/wp-content\/uploads\/2025\/11\/Kateparafiin.jpg","contentUrl":"https:\/\/www.viiking.ee\/wp-content\/uploads\/2025\/11\/Kateparafiin.jpg"},{"@type":"BreadcrumbList","@id":"https:\/\/www.viiking.ee\/fi\/lampo-ja-kylmahoidot\/#breadcrumb","itemListElement":[{"@type":"ListItem","position":1,"name":"Home","item":"https:\/\/www.viiking.ee\/fi\/"},{"@type":"ListItem","position":2,"name":"L\u00e4mp\u00f6- ja kylm\u00e4hoidot"}]},{"@type":"WebSite","@id":"https:\/\/www.viiking.ee\/en\/#website","url":"https:\/\/www.viiking.ee\/en\/","name":"Viiking Spaa Hotell P&auml;rnus","description":"","potentialAction":[{"@type":"SearchAction","target":{"@type":"EntryPoint","urlTemplate":"https:\/\/www.viiking.ee\/en\/?s={search_term_string}"},"query-input":{"@type":"PropertyValueSpecification","valueRequired":true,"valueName":"search_term_string"}}],"inLanguage":"fi"}]}},"_links":{"self":[{"href":"https:\/\/www.viiking.ee\/fi\/wp-json\/wp\/v2\/pages\/3296","targetHints":{"allow":["GET"]}}],"collection":[{"href":"https:\/\/www.viiking.ee\/fi\/wp-json\/wp\/v2\/pages"}],"about":[{"href":"https:\/\/www.viiking.ee\/fi\/wp-json\/wp\/v2\/types\/page"}],"author":[{"embeddable":true,"href":"https:\/\/www.viiking.ee\/fi\/wp-json\/wp\/v2\/users\/3"}],"replies":[{"embeddable":true,"href":"https:\/\/www.viiking.ee\/fi\/wp-json\/wp\/v2\/comments?post=3296"}],"version-history":[{"count":3,"href":"https:\/\/www.viiking.ee\/fi\/wp-json\/wp\/v2\/pages\/3296\/revisions"}],"predecessor-version":[{"id":3302,"href":"https:\/\/www.viiking.ee\/fi\/wp-json\/wp\/v2\/pages\/3296\/revisions\/3302"}],"wp:attachment":[{"href":"https:\/\/www.viiking.ee\/fi\/wp-json\/wp\/v2\/media?parent=3296"}],"curies":[{"name":"wp","href":"https:\/\/api.w.org\/{rel}","templated":true}]}}