{"id":3290,"date":"2025-12-09T15:07:13","date_gmt":"2025-12-09T15:07:13","guid":{"rendered":"https:\/\/viiking.ee\/tervisetootaja-vastuvott\/"},"modified":"2026-03-18T13:29:24","modified_gmt":"2026-03-18T13:29:24","slug":"terveysalan-tyontekijan-vastaanotto","status":"publish","type":"page","link":"https:\/\/www.viiking.ee\/fi\/terveysalan-tyontekijan-vastaanotto\/","title":{"rendered":"Terveysalan ty\u00f6ntekij\u00e4n vastaanotto"},"content":{"rendered":"<!DOCTYPE html PUBLIC \"-\/\/W3C\/\/DTD HTML 4.0 Transitional\/\/EN\" \"http:\/\/www.w3.org\/TR\/REC-html40\/loose.dtd\">\n<?xml encoding=\"utf-8\" ?><div class=\"wp-block-cover alignfull\"><img loading=\"lazy\" decoding=\"async\" width=\"1920\" height=\"1280\" class=\"wp-block-cover__image-background wp-image-863 size-full\" alt=\"\" src=\"https:\/\/www.viiking.ee\/wp-content\/uploads\/2025\/11\/Massaaz.jpg\" style=\"object-position:57% 63%\" data-object-fit=\"cover\" data-object-position=\"57% 63%\" srcset=\"https:\/\/www.viiking.ee\/wp-content\/uploads\/2025\/11\/Massaaz.jpg 1920w, https:\/\/www.viiking.ee\/wp-content\/uploads\/2025\/11\/Massaaz-300x200.jpg 300w, https:\/\/www.viiking.ee\/wp-content\/uploads\/2025\/11\/Massaaz-1024x683.jpg 1024w, https:\/\/www.viiking.ee\/wp-content\/uploads\/2025\/11\/Massaaz-768x512.jpg 768w, https:\/\/www.viiking.ee\/wp-content\/uploads\/2025\/11\/Massaaz-1536x1024.jpg 1536w, https:\/\/www.viiking.ee\/wp-content\/uploads\/2025\/11\/Massaaz-1568x1045.jpg 1568w\" sizes=\"auto, (max-width: 1920px) 100vw, 1920px\" \/><span aria-hidden=\"true\" class=\"wp-block-cover__background has-background-dim-0 has-background-dim\"><\/span><div class=\"wp-block-cover__inner-container is-layout-flow wp-block-cover-is-layout-flow\">\n<p class=\"has-text-align-center has-large-font-size\"><\/p>\n<\/div><\/div>\n\n\n\n<div style=\"height:30px\" aria-hidden=\"true\" class=\"wp-block-spacer mobile-spacer-10\"><\/div>\n\n\n\n<h1 class=\"wp-block-heading has-text-align-center\">Terveysalan ty&ouml;ntekij&auml;n vastaanotto<\/h1>\n\n\n\n<div style=\"height:15px\" aria-hidden=\"true\" class=\"wp-block-spacer\"><\/div>\n\n\n\n<div class=\"wp-block-buttons alignwide is-content-justification-center is-layout-flex wp-container-core-buttons-is-layout-a89b3969 wp-block-buttons-is-layout-flex\">\n<div class=\"wp-block-button is-style-outline is-style-outline--1\"><a class=\"wp-block-button__link has-white-color has-brass-background-color has-text-color has-background has-link-color wp-element-button\" title=\"TERVEYSALAN TY&Ouml;NTEKIJ&Auml;N VASTAANOTTO\">TERVEYSALAN TY&Ouml;NTEKIJ&Auml;N VASTAANOTTO<\/a><\/div>\n\n\n\n<div class=\"wp-block-button is-style-outline is-style-outline--2\"><a class=\"wp-block-button__link wp-element-button\" href=\"https:\/\/www.viiking.ee\/fi\/sahkohoito\/\" title=\"S&Auml;HK&Ouml;HOITO\">S&Auml;HK&Ouml;HOITO<\/a><\/div>\n\n\n\n<div class=\"wp-block-button is-style-outline is-style-outline--3\"><a class=\"wp-block-button__link wp-element-button\" href=\"https:\/\/www.viiking.ee\/fi\/lampo-ja-kylmahoidot\/\" title=\"L&Auml;MP&Ouml;- JA KYLM&Auml;HOIDOT\">L&Auml;MP&Ouml;- JA KYLM&Auml;HOIDOT<\/a><\/div>\n\n\n\n<div class=\"wp-block-button is-style-outline is-style-outline--4\"><a class=\"wp-block-button__link wp-element-button\" href=\"https:\/\/www.viiking.ee\/fi\/vesihoidot\/\" style=\"text-transform:uppercase\" title=\"VESIHOIDOT\">VESIHOIDOT<\/a><\/div>\n\n\n\n<div class=\"wp-block-button is-style-outline is-style-outline--5\"><a class=\"wp-block-button__link has-text-align-center wp-element-button\" href=\"https:\/\/www.viiking.ee\/fi\/liikuntahoito\/\" style=\"text-transform:uppercase\" title=\"LIIKUNTAHOITO\">LIIKUNTAHOITO<\/a><\/div>\n\n\n\n<div class=\"wp-block-button is-style-outline is-style-outline--6\"><a class=\"wp-block-button__link wp-element-button\" href=\"https:\/\/www.viiking.ee\/fi\/muut-hoidot\/\" style=\"text-transform:uppercase\" title=\"MUUT HOIDOT\">MUUT HOIDOT<\/a><\/div>\n\n\n\n<div class=\"wp-block-button is-style-outline is-style-outline--7\"><a class=\"wp-block-button__link has-black-color has-text-color has-link-color wp-element-button\" href=\"https:\/\/www.viiking.ee\/fi\/terveystutkimukset\/\" style=\"text-transform:uppercase\" title=\"TERVEYSTUTKIMUKSET\">TERVEYSTUTKIMUKSET<\/a><\/div>\n\n\n\n<div class=\"wp-block-button is-style-outline is-style-outline--8\"><a class=\"wp-block-button__link wp-element-button\" href=\"https:\/\/www.viiking.ee\/fi\/terveystestit\/\" style=\"text-transform:uppercase\" title=\"TERVEYSTESTIT\">TERVEYSTESTIT<\/a><\/div>\n\n\n\n<div class=\"wp-block-button is-style-outline is-style-outline--9\"><a class=\"wp-block-button__link wp-element-button\" href=\"https:\/\/www.viiking.ee\/fi\/laboratoriotutkimukset-verianalyysit-2\/\" style=\"text-transform:uppercase\" title=\"LABORATORIOTUTKIMUKSET &ndash; VERIANALYYSIT\">LABORATORIOTUTKIMUKSET &ndash; VERIANALYYSIT<\/a><\/div>\n\n\n\n<div class=\"wp-block-button is-style-outline is-style-outline--10\"><a class=\"wp-block-button__link wp-element-button\" href=\"https:\/\/www.viiking.ee\/fi\/vesivoimistelu\/\" style=\"text-transform:uppercase\" title=\"VESIVOIMISTELU\">VESIVOIMISTELU<\/a><\/div>\n<\/div>\n\n\n\n<div class=\"wp-block-columns has-background is-layout-flex wp-container-core-columns-is-layout-28f84493 wp-block-columns-is-layout-flex\" style=\"background-color:#e8d9c6\">\n<div class=\"wp-block-column is-layout-flow wp-block-column-is-layout-flow\">\n<div class=\"wp-block-edhotels-edhotels-accordions accordion left\">\n<div class=\"acc_h\"><h3>L&auml;&auml;k&auml;rin vastaanotto<\/h3><span class=\"price\"><strong>30&euro;<\/strong><\/span><\/div><div class=\"acc_txt\">\n<p>L&auml;&auml;kerin vastaanotto, toinen kerta 15&euro;<\/p>\n<\/div>\n\n\n\n<div class=\"acc_h\"><h3>Sairaanhoitojan vastaanotto<\/h3><span class=\"price\"><strong>15&euro;<\/strong><\/span><\/div><div class=\"acc_txt\">\n<p><\/p>\n<\/div>\n\n\n\n<div class=\"acc_h\"><h3>Neurologi<\/h3><span class=\"price\"><strong>45&euro;<\/strong><\/span><\/div><div class=\"acc_txt\">\n<p>Neurologin toinen kerta 25&euro;<\/p>\n<\/div>\n\n\n\n<div class=\"acc_h\"><h3>Reseptin kirjoitus<\/h3><span class=\"price\"><strong>10&euro;<\/strong><\/span><\/div><div class=\"acc_txt\">\n<p><\/p>\n<\/div>\n<\/div>\n<\/div>\n<\/div>\n\n\n\n<p class=\"has-text-align-left\">* Viiking Spa -hotelli pid&auml;tt&auml;&auml; oikeuden muuttaa hintoja.<br>* K&auml;ytt&auml;m&auml;tt&ouml;mist&auml; palveluista ei palauteta rahaa.<br><\/p>\n\n\n\n<div style=\"height:15px\" aria-hidden=\"true\" class=\"wp-block-spacer\"><\/div>\n","protected":false},"excerpt":{"rendered":"<p>Terveysalan ty&ouml;ntekij&auml;n vastaanotto * Viiking Spa -hotelli pid&auml;tt&auml;&auml; oikeuden muuttaa hintoja.* K&auml;ytt&auml;m&auml;tt&ouml;mist&auml; palveluista ei palauteta rahaa.<\/p>\n","protected":false},"author":3,"featured_media":0,"parent":0,"menu_order":0,"comment_status":"closed","ping_status":"closed","template":"","meta":{"footnotes":""},"class_list":["post-3290","page","type-page","status-publish","hentry"],"yoast_head":"<!-- This site is optimized with the Yoast SEO plugin v27.4 - https:\/\/yoast.com\/product\/yoast-seo-wordpress\/ -->\n<title>Terveysalan ty\u00f6ntekij\u00e4n vastaanotto I Viiking Spa Hotelli<\/title>\n<meta name=\"description\" content=\"L\u00e4\u00e4k\u00e4rin, Sairaanhoitojan, neurologi vastaanotto\" \/>\n<meta name=\"robots\" content=\"index, follow, max-snippet:-1, max-image-preview:large, max-video-preview:-1\" \/>\n<link rel=\"canonical\" href=\"https:\/\/www.viiking.ee\/fi\/terveysalan-tyontekijan-vastaanotto\/\" \/>\n<meta property=\"og:locale\" content=\"fi_FI\" \/>\n<meta property=\"og:type\" content=\"article\" \/>\n<meta property=\"og:title\" content=\"Terveysalan ty\u00f6ntekij\u00e4n vastaanotto I Viiking Spa Hotelli\" \/>\n<meta property=\"og:description\" content=\"L\u00e4\u00e4k\u00e4rin, Sairaanhoitojan, neurologi vastaanotto\" \/>\n<meta property=\"og:url\" content=\"https:\/\/www.viiking.ee\/fi\/terveysalan-tyontekijan-vastaanotto\/\" \/>\n<meta property=\"og:site_name\" content=\"Viiking Spaa Hotell P&auml;rnus\" \/>\n<meta property=\"article:modified_time\" content=\"2026-03-18T13:29:24+00:00\" \/>\n<meta property=\"og:image\" content=\"https:\/\/www.viiking.ee\/wp-content\/uploads\/2025\/11\/Massaaz.jpg\" \/>\n\t<meta property=\"og:image:width\" content=\"1920\" \/>\n\t<meta property=\"og:image:height\" content=\"1280\" \/>\n\t<meta property=\"og:image:type\" content=\"image\/jpeg\" \/>\n<meta name=\"twitter:card\" content=\"summary_large_image\" \/>\n<meta name=\"twitter:label1\" content=\"Arvioitu lukuaika\" \/>\n\t<meta name=\"twitter:data1\" content=\"1 minuutti\" \/>\n<script type=\"application\/ld+json\" class=\"yoast-schema-graph\">{\"@context\":\"https:\\\/\\\/schema.org\",\"@graph\":[{\"@type\":\"WebPage\",\"@id\":\"https:\\\/\\\/www.viiking.ee\\\/fi\\\/terveysalan-tyontekijan-vastaanotto\\\/\",\"url\":\"https:\\\/\\\/www.viiking.ee\\\/fi\\\/terveysalan-tyontekijan-vastaanotto\\\/\",\"name\":\"Terveysalan ty\u00f6ntekij\u00e4n vastaanotto I Viiking Spa Hotelli\",\"isPartOf\":{\"@id\":\"https:\\\/\\\/www.viiking.ee\\\/en\\\/#website\"},\"primaryImageOfPage\":{\"@id\":\"https:\\\/\\\/www.viiking.ee\\\/fi\\\/terveysalan-tyontekijan-vastaanotto\\\/#primaryimage\"},\"image\":{\"@id\":\"https:\\\/\\\/www.viiking.ee\\\/fi\\\/terveysalan-tyontekijan-vastaanotto\\\/#primaryimage\"},\"thumbnailUrl\":\"https:\\\/\\\/www.viiking.ee\\\/wp-content\\\/uploads\\\/2025\\\/11\\\/Massaaz.jpg\",\"datePublished\":\"2025-12-09T15:07:13+00:00\",\"dateModified\":\"2026-03-18T13:29:24+00:00\",\"description\":\"L\u00e4\u00e4k\u00e4rin, Sairaanhoitojan, neurologi vastaanotto\",\"breadcrumb\":{\"@id\":\"https:\\\/\\\/www.viiking.ee\\\/fi\\\/terveysalan-tyontekijan-vastaanotto\\\/#breadcrumb\"},\"inLanguage\":\"fi\",\"potentialAction\":[{\"@type\":\"ReadAction\",\"target\":[\"https:\\\/\\\/www.viiking.ee\\\/fi\\\/terveysalan-tyontekijan-vastaanotto\\\/\"]}]},{\"@type\":\"ImageObject\",\"inLanguage\":\"fi\",\"@id\":\"https:\\\/\\\/www.viiking.ee\\\/fi\\\/terveysalan-tyontekijan-vastaanotto\\\/#primaryimage\",\"url\":\"https:\\\/\\\/www.viiking.ee\\\/wp-content\\\/uploads\\\/2025\\\/11\\\/Massaaz.jpg\",\"contentUrl\":\"https:\\\/\\\/www.viiking.ee\\\/wp-content\\\/uploads\\\/2025\\\/11\\\/Massaaz.jpg\"},{\"@type\":\"BreadcrumbList\",\"@id\":\"https:\\\/\\\/www.viiking.ee\\\/fi\\\/terveysalan-tyontekijan-vastaanotto\\\/#breadcrumb\",\"itemListElement\":[{\"@type\":\"ListItem\",\"position\":1,\"name\":\"Home\",\"item\":\"https:\\\/\\\/www.viiking.ee\\\/fi\\\/\"},{\"@type\":\"ListItem\",\"position\":2,\"name\":\"Terveysalan ty\u00f6ntekij\u00e4n vastaanotto\"}]},{\"@type\":\"WebSite\",\"@id\":\"https:\\\/\\\/www.viiking.ee\\\/en\\\/#website\",\"url\":\"https:\\\/\\\/www.viiking.ee\\\/en\\\/\",\"name\":\"Viiking Spaa Hotell P&auml;rnus\",\"description\":\"\",\"potentialAction\":[{\"@type\":\"SearchAction\",\"target\":{\"@type\":\"EntryPoint\",\"urlTemplate\":\"https:\\\/\\\/www.viiking.ee\\\/en\\\/?s={search_term_string}\"},\"query-input\":{\"@type\":\"PropertyValueSpecification\",\"valueRequired\":true,\"valueName\":\"search_term_string\"}}],\"inLanguage\":\"fi\"}]}<\/script>\n<!-- \/ Yoast SEO plugin. -->","yoast_head_json":{"title":"Terveysalan ty\u00f6ntekij\u00e4n vastaanotto I Viiking Spa Hotelli","description":"L\u00e4\u00e4k\u00e4rin, Sairaanhoitojan, neurologi vastaanotto","robots":{"index":"index","follow":"follow","max-snippet":"max-snippet:-1","max-image-preview":"max-image-preview:large","max-video-preview":"max-video-preview:-1"},"canonical":"https:\/\/www.viiking.ee\/fi\/terveysalan-tyontekijan-vastaanotto\/","og_locale":"fi_FI","og_type":"article","og_title":"Terveysalan ty\u00f6ntekij\u00e4n vastaanotto I Viiking Spa Hotelli","og_description":"L\u00e4\u00e4k\u00e4rin, Sairaanhoitojan, neurologi vastaanotto","og_url":"https:\/\/www.viiking.ee\/fi\/terveysalan-tyontekijan-vastaanotto\/","og_site_name":"Viiking Spaa Hotell P&auml;rnus","article_modified_time":"2026-03-18T13:29:24+00:00","og_image":[{"width":1920,"height":1280,"url":"https:\/\/www.viiking.ee\/wp-content\/uploads\/2025\/11\/Massaaz.jpg","type":"image\/jpeg"}],"twitter_card":"summary_large_image","twitter_misc":{"Arvioitu lukuaika":"1 minuutti"},"schema":{"@context":"https:\/\/schema.org","@graph":[{"@type":"WebPage","@id":"https:\/\/www.viiking.ee\/fi\/terveysalan-tyontekijan-vastaanotto\/","url":"https:\/\/www.viiking.ee\/fi\/terveysalan-tyontekijan-vastaanotto\/","name":"Terveysalan ty\u00f6ntekij\u00e4n vastaanotto I Viiking Spa Hotelli","isPartOf":{"@id":"https:\/\/www.viiking.ee\/en\/#website"},"primaryImageOfPage":{"@id":"https:\/\/www.viiking.ee\/fi\/terveysalan-tyontekijan-vastaanotto\/#primaryimage"},"image":{"@id":"https:\/\/www.viiking.ee\/fi\/terveysalan-tyontekijan-vastaanotto\/#primaryimage"},"thumbnailUrl":"https:\/\/www.viiking.ee\/wp-content\/uploads\/2025\/11\/Massaaz.jpg","datePublished":"2025-12-09T15:07:13+00:00","dateModified":"2026-03-18T13:29:24+00:00","description":"L\u00e4\u00e4k\u00e4rin, Sairaanhoitojan, neurologi vastaanotto","breadcrumb":{"@id":"https:\/\/www.viiking.ee\/fi\/terveysalan-tyontekijan-vastaanotto\/#breadcrumb"},"inLanguage":"fi","potentialAction":[{"@type":"ReadAction","target":["https:\/\/www.viiking.ee\/fi\/terveysalan-tyontekijan-vastaanotto\/"]}]},{"@type":"ImageObject","inLanguage":"fi","@id":"https:\/\/www.viiking.ee\/fi\/terveysalan-tyontekijan-vastaanotto\/#primaryimage","url":"https:\/\/www.viiking.ee\/wp-content\/uploads\/2025\/11\/Massaaz.jpg","contentUrl":"https:\/\/www.viiking.ee\/wp-content\/uploads\/2025\/11\/Massaaz.jpg"},{"@type":"BreadcrumbList","@id":"https:\/\/www.viiking.ee\/fi\/terveysalan-tyontekijan-vastaanotto\/#breadcrumb","itemListElement":[{"@type":"ListItem","position":1,"name":"Home","item":"https:\/\/www.viiking.ee\/fi\/"},{"@type":"ListItem","position":2,"name":"Terveysalan ty\u00f6ntekij\u00e4n vastaanotto"}]},{"@type":"WebSite","@id":"https:\/\/www.viiking.ee\/en\/#website","url":"https:\/\/www.viiking.ee\/en\/","name":"Viiking Spaa Hotell P&auml;rnus","description":"","potentialAction":[{"@type":"SearchAction","target":{"@type":"EntryPoint","urlTemplate":"https:\/\/www.viiking.ee\/en\/?s={search_term_string}"},"query-input":{"@type":"PropertyValueSpecification","valueRequired":true,"valueName":"search_term_string"}}],"inLanguage":"fi"}]}},"_links":{"self":[{"href":"https:\/\/www.viiking.ee\/fi\/wp-json\/wp\/v2\/pages\/3290","targetHints":{"allow":["GET"]}}],"collection":[{"href":"https:\/\/www.viiking.ee\/fi\/wp-json\/wp\/v2\/pages"}],"about":[{"href":"https:\/\/www.viiking.ee\/fi\/wp-json\/wp\/v2\/types\/page"}],"author":[{"embeddable":true,"href":"https:\/\/www.viiking.ee\/fi\/wp-json\/wp\/v2\/users\/3"}],"replies":[{"embeddable":true,"href":"https:\/\/www.viiking.ee\/fi\/wp-json\/wp\/v2\/comments?post=3290"}],"version-history":[{"count":3,"href":"https:\/\/www.viiking.ee\/fi\/wp-json\/wp\/v2\/pages\/3290\/revisions"}],"predecessor-version":[{"id":60331,"href":"https:\/\/www.viiking.ee\/fi\/wp-json\/wp\/v2\/pages\/3290\/revisions\/60331"}],"wp:attachment":[{"href":"https:\/\/www.viiking.ee\/fi\/wp-json\/wp\/v2\/media?parent=3290"}],"curies":[{"name":"wp","href":"https:\/\/api.w.org\/{rel}","templated":true}]}}