{"id":3131,"date":"2025-12-04T11:16:27","date_gmt":"2025-12-04T11:16:27","guid":{"rendered":"https:\/\/viiking.ee\/lisateenused-2\/"},"modified":"2026-03-18T12:17:27","modified_gmt":"2026-03-18T12:17:27","slug":"lisapalvelut","status":"publish","type":"page","link":"https:\/\/www.viiking.ee\/fi\/lisapalvelut\/","title":{"rendered":"Lis\u00e4palvelut"},"content":{"rendered":"<!DOCTYPE html PUBLIC \"-\/\/W3C\/\/DTD HTML 4.0 Transitional\/\/EN\" \"http:\/\/www.w3.org\/TR\/REC-html40\/loose.dtd\">\n<?xml encoding=\"utf-8\" ?><div class=\"wp-block-cover alignfull\"><img loading=\"lazy\" decoding=\"async\" width=\"2560\" height=\"1707\" class=\"wp-block-cover__image-background wp-image-959 size-full\" alt=\"\" src=\"https:\/\/www.viiking.ee\/wp-content\/uploads\/2025\/11\/Katuseterrass-scaled.jpg\" data-object-fit=\"cover\" srcset=\"https:\/\/www.viiking.ee\/wp-content\/uploads\/2025\/11\/Katuseterrass-scaled.jpg 2560w, https:\/\/www.viiking.ee\/wp-content\/uploads\/2025\/11\/Katuseterrass-300x200.jpg 300w, https:\/\/www.viiking.ee\/wp-content\/uploads\/2025\/11\/Katuseterrass-1024x683.jpg 1024w, https:\/\/www.viiking.ee\/wp-content\/uploads\/2025\/11\/Katuseterrass-768x512.jpg 768w, https:\/\/www.viiking.ee\/wp-content\/uploads\/2025\/11\/Katuseterrass-1536x1024.jpg 1536w, https:\/\/www.viiking.ee\/wp-content\/uploads\/2025\/11\/Katuseterrass-2048x1365.jpg 2048w, https:\/\/www.viiking.ee\/wp-content\/uploads\/2025\/11\/Katuseterrass-1568x1045.jpg 1568w\" sizes=\"auto, (max-width: 2560px) 100vw, 2560px\" \/><span aria-hidden=\"true\" class=\"wp-block-cover__background has-background-dim-0 has-background-dim\"><\/span><div class=\"wp-block-cover__inner-container is-layout-flow wp-block-cover-is-layout-flow\">\n<p class=\"has-text-align-center has-large-font-size\"><\/p>\n<\/div><\/div>\n\n\n\n<div style=\"height:30px\" aria-hidden=\"true\" class=\"wp-block-spacer mobile-spacer-10\"><\/div>\n\n\n\n<h1 class=\"wp-block-heading has-text-align-center\">Lis&auml;palvelut<\/h1>\n\n\n\n<p><strong><strong>Tavallisten hotellipalveluiden lis&auml;ksi Viiking Spa -hotelli tarjoaa asiakkailleen useita lis&auml;palveluja:<\/strong><\/strong><\/p>\n\n\n\n<ul class=\"wp-block-list\">\n<li>internettipiste A-rakennuksen hotellin vastaanotossa<\/li>\n\n\n\n<li>WiFi<\/li>\n\n\n\n<li>s&auml;hk&ouml;auton lataus<\/li>\n\n\n\n<li>tallelokerot<\/li>\n\n\n\n<li>lasten leikihuone<\/li>\n\n\n\n<li>biljardi<\/li>\n<\/ul>\n\n\n\n<div style=\"height:30px\" aria-hidden=\"true\" class=\"wp-block-spacer mobile-spacer-10\"><\/div>\n\n\n\n<div class=\"wp-block-columns alignwide has-background is-layout-flex wp-container-core-columns-is-layout-983c8176 wp-block-columns-is-layout-flex\" style=\"background-color:#e8d9c6;padding-top:var(--wp--preset--spacing--20);padding-right:0;padding-bottom:var(--wp--preset--spacing--20);padding-left:0\">\n<div class=\"wp-block-column is-layout-flow wp-block-column-is-layout-flow\" style=\"padding-right:var(--wp--preset--spacing--20);padding-left:var(--wp--preset--spacing--20)\">\n<div class=\"wp-block-edhotels-edhotels-slider intro-style-3 animated fadeInLeft delay-100ms slow\" style=\"min-height:450px\"><div data-hash=\"hldca6yedw\" data-autoplay=\"false\" data-apdelay=\"3500\" data-effect=\"fade\" data-loop=\"false\" class=\"swiper-container swiper-intro swiper-intro-hldca6yedw\"><div class=\"swiper-wrapper\">\n<div class=\"wp-block-edhotels-edhotels-slide swiper-slide scalable-img\"><img loading=\"lazy\" decoding=\"async\" width=\"1920\" height=\"1280\" src=\"https:\/\/www.viiking.ee\/wp-content\/uploads\/2025\/11\/Pere_jousaalis_viiking_spaas.jpg\" alt=\"\" class=\"intro-image wp-image-971\" style=\"object-position:50% 50%\" srcset=\"https:\/\/www.viiking.ee\/wp-content\/uploads\/2025\/11\/Pere_jousaalis_viiking_spaas.jpg 1920w, https:\/\/www.viiking.ee\/wp-content\/uploads\/2025\/11\/Pere_jousaalis_viiking_spaas-300x200.jpg 300w, https:\/\/www.viiking.ee\/wp-content\/uploads\/2025\/11\/Pere_jousaalis_viiking_spaas-1024x683.jpg 1024w, https:\/\/www.viiking.ee\/wp-content\/uploads\/2025\/11\/Pere_jousaalis_viiking_spaas-768x512.jpg 768w, https:\/\/www.viiking.ee\/wp-content\/uploads\/2025\/11\/Pere_jousaalis_viiking_spaas-1536x1024.jpg 1536w, https:\/\/www.viiking.ee\/wp-content\/uploads\/2025\/11\/Pere_jousaalis_viiking_spaas-1568x1045.jpg 1568w\" sizes=\"auto, (max-width: 1920px) 100vw, 1920px\" \/><div class=\"intro-style-3-inner\">\n<p class=\"has-text-align-center has-white-color has-text-color\"><\/p>\n<\/div><\/div>\n<\/div><\/div><\/div>\n<\/div>\n\n\n\n<div class=\"wp-block-column is-vertically-aligned-center animated fadeInRight delay-100ms slow wp-block-edhotels-first-column-in-mobile is-layout-flow wp-block-column-is-layout-flow\" style=\"padding-top:0;padding-right:var(--wp--preset--spacing--40);padding-bottom:0;padding-left:var(--wp--preset--spacing--40)\">\n<h2 class=\"wp-block-heading\">Kuntosalilaitteet<\/h2>\n\n\n\n<p>C-rakennuksessa Viiking Kylpyl&auml;n asiakkaiden k&auml;ytett&auml;viss&auml; on kuntoilutila. K&auml;yt&ouml;ss&auml;mme on Trenniekspertin sek&auml; yhdysvaltalaisen kuntosalilaitteiden valmistajan Cybex Internationalin laitteita, jotka ovat turvallisia ja helppok&auml;ytt&ouml;isi&auml;.<\/p>\n\n\n\n<p><strong><strong>Kuntosalin laitteita voi k&auml;ytt&auml;&auml;<\/strong><\/strong>:<\/p>\n\n\n\n<p>Ma-Pe klo 12:00 &ndash; 22:00<br>La-Su klo 8:00 &ndash; 22:00<\/p>\n\n\n\n<p><strong><strong>Kuntosalilaitteet ovat asiakkaiden k&auml;yt&ouml;ss&auml; omalla vastuulla.<\/strong><\/strong><\/p>\n\n\n\n<p>Hotellilla on oikeus muuttaa aukioloaikoja.<\/p>\n<\/div>\n<\/div>\n\n\n\n<div style=\"height:15px\" aria-hidden=\"true\" class=\"wp-block-spacer mobile-spacer-5\"><\/div>\n\n\n\n<div class=\"wp-block-columns alignwide has-background is-layout-flex wp-container-core-columns-is-layout-74d018ca wp-block-columns-is-layout-flex\" style=\"background-color:#e8d9c6;padding-top:var(--wp--preset--spacing--20);padding-right:var(--wp--preset--spacing--20);padding-bottom:var(--wp--preset--spacing--20);padding-left:var(--wp--preset--spacing--20)\">\n<div class=\"wp-block-column is-vertically-aligned-center animated fadeInLeft delay-100ms slow is-layout-flow wp-block-column-is-layout-flow\" style=\"padding-top:0;padding-right:var(--wp--preset--spacing--60);padding-bottom:0;padding-left:var(--wp--preset--spacing--60)\">\n<h2 class=\"wp-block-heading\">Lasten leikihuone<\/h2>\n\n\n\n<p>Hotellin ensimm&auml;isess&auml; kerroksessa on ainutlaatuinen Viikinkien leikkiluola , jossa perheen pienimm&auml;t voivat pit&auml;&auml; hauskaa.<\/p>\n\n\n\n<p>HUOM! Leikkihuone on valvomaton.<\/p>\n<\/div>\n\n\n\n<div class=\"wp-block-column animated fadeInRight delay-100ms slow is-layout-flow wp-container-core-column-is-layout-b108c007 wp-block-column-is-layout-flow\" style=\"padding-right:0;padding-left:0\">\n<div class=\"wp-block-edhotels-edhotels-slider intro-style-3\" style=\"min-height:450px\"><div data-hash=\"xmpxhihiu8o\" data-autoplay=\"false\" data-apdelay=\"3500\" data-effect=\"fade\" data-loop=\"false\" class=\"swiper-container swiper-intro swiper-intro-xmpxhihiu8o\"><div class=\"swiper-wrapper\">\n<div class=\"wp-block-edhotels-edhotels-slide swiper-slide scalable-img\"><img loading=\"lazy\" decoding=\"async\" width=\"2560\" height=\"1707\" src=\"https:\/\/www.viiking.ee\/wp-content\/uploads\/2025\/11\/Tahvel_mangutoas-scaled.jpg\" alt=\"\" class=\"intro-image wp-image-979\" style=\"object-position:50% 50%\" srcset=\"https:\/\/www.viiking.ee\/wp-content\/uploads\/2025\/11\/Tahvel_mangutoas-scaled.jpg 2560w, https:\/\/www.viiking.ee\/wp-content\/uploads\/2025\/11\/Tahvel_mangutoas-300x200.jpg 300w, https:\/\/www.viiking.ee\/wp-content\/uploads\/2025\/11\/Tahvel_mangutoas-1024x683.jpg 1024w, https:\/\/www.viiking.ee\/wp-content\/uploads\/2025\/11\/Tahvel_mangutoas-768x512.jpg 768w, https:\/\/www.viiking.ee\/wp-content\/uploads\/2025\/11\/Tahvel_mangutoas-1536x1024.jpg 1536w, https:\/\/www.viiking.ee\/wp-content\/uploads\/2025\/11\/Tahvel_mangutoas-2048x1365.jpg 2048w, https:\/\/www.viiking.ee\/wp-content\/uploads\/2025\/11\/Tahvel_mangutoas-1568x1045.jpg 1568w\" sizes=\"auto, (max-width: 2560px) 100vw, 2560px\" \/><div class=\"intro-style-3-inner\">\n<p class=\"has-text-align-center has-white-color has-text-color\"><\/p>\n<\/div><\/div>\n\n\n\n<div class=\"wp-block-edhotels-edhotels-slide swiper-slide scalable-img\"><img loading=\"lazy\" decoding=\"async\" width=\"2560\" height=\"1707\" src=\"https:\/\/www.viiking.ee\/wp-content\/uploads\/2025\/11\/Mangutuba_viiking_spaasjpg-scaled.jpg\" alt=\"\" class=\"intro-image wp-image-967\" style=\"object-position:50% 50%\" srcset=\"https:\/\/www.viiking.ee\/wp-content\/uploads\/2025\/11\/Mangutuba_viiking_spaasjpg-scaled.jpg 2560w, https:\/\/www.viiking.ee\/wp-content\/uploads\/2025\/11\/Mangutuba_viiking_spaasjpg-300x200.jpg 300w, https:\/\/www.viiking.ee\/wp-content\/uploads\/2025\/11\/Mangutuba_viiking_spaasjpg-1024x683.jpg 1024w, https:\/\/www.viiking.ee\/wp-content\/uploads\/2025\/11\/Mangutuba_viiking_spaasjpg-768x512.jpg 768w, https:\/\/www.viiking.ee\/wp-content\/uploads\/2025\/11\/Mangutuba_viiking_spaasjpg-1536x1024.jpg 1536w, https:\/\/www.viiking.ee\/wp-content\/uploads\/2025\/11\/Mangutuba_viiking_spaasjpg-2048x1365.jpg 2048w, https:\/\/www.viiking.ee\/wp-content\/uploads\/2025\/11\/Mangutuba_viiking_spaasjpg-1568x1045.jpg 1568w\" sizes=\"auto, (max-width: 2560px) 100vw, 2560px\" \/><div class=\"intro-style-3-inner\">\n<p class=\"has-text-align-center has-white-color has-text-color\"><\/p>\n<\/div><\/div>\n\n\n\n<div class=\"wp-block-edhotels-edhotels-slide swiper-slide scalable-img\"><img loading=\"lazy\" decoding=\"async\" width=\"1920\" height=\"2560\" src=\"https:\/\/www.viiking.ee\/wp-content\/uploads\/2025\/11\/Laste_mangutuba-scaled.jpg\" alt=\"\" class=\"intro-image wp-image-963\" style=\"object-position:50% 50%\" srcset=\"https:\/\/www.viiking.ee\/wp-content\/uploads\/2025\/11\/Laste_mangutuba-scaled.jpg 1920w, https:\/\/www.viiking.ee\/wp-content\/uploads\/2025\/11\/Laste_mangutuba-225x300.jpg 225w, https:\/\/www.viiking.ee\/wp-content\/uploads\/2025\/11\/Laste_mangutuba-768x1024.jpg 768w, https:\/\/www.viiking.ee\/wp-content\/uploads\/2025\/11\/Laste_mangutuba-1152x1536.jpg 1152w, https:\/\/www.viiking.ee\/wp-content\/uploads\/2025\/11\/Laste_mangutuba-1536x2048.jpg 1536w, https:\/\/www.viiking.ee\/wp-content\/uploads\/2025\/11\/Laste_mangutuba-1568x2091.jpg 1568w\" sizes=\"auto, (max-width: 1920px) 100vw, 1920px\" \/><div class=\"intro-style-3-inner\">\n<p class=\"has-text-align-center has-white-color has-text-color\"><\/p>\n<\/div><\/div>\n<\/div><div class=\"swiper-pagination swiper-pagination-xmpxhihiu8o\"><\/div><\/div><div class=\"swiper-button-next swiper-button-white normal-slider-next-xmpxhihiu8o\"><\/div><div class=\"swiper-button-prev swiper-button-white normal-slider-prev-xmpxhihiu8o\"><\/div><\/div>\n<\/div>\n<\/div>\n\n\n\n<div style=\"height:15px\" aria-hidden=\"true\" class=\"wp-block-spacer mobile-spacer-5\"><\/div>\n\n\n\n<div class=\"wp-block-columns alignwide has-background is-layout-flex wp-container-core-columns-is-layout-74d018ca wp-block-columns-is-layout-flex\" style=\"background-color:#e8d9c6;padding-top:var(--wp--preset--spacing--20);padding-right:var(--wp--preset--spacing--20);padding-bottom:var(--wp--preset--spacing--20);padding-left:var(--wp--preset--spacing--20)\">\n<div class=\"wp-block-column is-vertically-aligned-center animated fadeInLeft delay-100ms slow is-layout-flow wp-container-core-column-is-layout-b108c007 wp-block-column-is-layout-flow\" style=\"padding-right:0;padding-left:0\">\n<div class=\"wp-block-edhotels-edhotels-slider intro-style-3\" style=\"min-height:450px\"><div data-hash=\"0hjdtipvp4yf\" data-autoplay=\"false\" data-apdelay=\"3500\" data-effect=\"slide\" data-loop=\"false\" class=\"swiper-container swiper-intro swiper-intro-0hjdtipvp4yf\"><div class=\"swiper-wrapper\">\n<div class=\"wp-block-edhotels-edhotels-slide swiper-slide scalable-img\"><img loading=\"lazy\" decoding=\"async\" width=\"2560\" height=\"1435\" src=\"https:\/\/www.viiking.ee\/wp-content\/uploads\/2025\/12\/sparkling-scaled.jpeg\" alt=\"\" class=\"intro-image wp-image-1162\" style=\"object-position:50% 50%\" srcset=\"https:\/\/www.viiking.ee\/wp-content\/uploads\/2025\/12\/sparkling-scaled.jpeg 2560w, https:\/\/www.viiking.ee\/wp-content\/uploads\/2025\/12\/sparkling-300x168.jpeg 300w, https:\/\/www.viiking.ee\/wp-content\/uploads\/2025\/12\/sparkling-1024x574.jpeg 1024w, https:\/\/www.viiking.ee\/wp-content\/uploads\/2025\/12\/sparkling-768x430.jpeg 768w, https:\/\/www.viiking.ee\/wp-content\/uploads\/2025\/12\/sparkling-1536x861.jpeg 1536w, https:\/\/www.viiking.ee\/wp-content\/uploads\/2025\/12\/sparkling-2048x1148.jpeg 2048w, https:\/\/www.viiking.ee\/wp-content\/uploads\/2025\/12\/sparkling-1568x879.jpeg 1568w\" sizes=\"auto, (max-width: 2560px) 100vw, 2560px\" \/><div class=\"intro-style-3-inner\">\n<p class=\"has-text-align-center has-white-color has-text-color\"><\/p>\n<\/div><\/div>\n<\/div><\/div><\/div>\n<\/div>\n\n\n\n<div class=\"wp-block-column is-vertically-aligned-center animated fadeInRight delay-100ms slow wp-block-edhotels-first-column-in-mobile is-layout-flow wp-block-column-is-layout-flow\" style=\"padding-top:0;padding-right:var(--wp--preset--spacing--60);padding-bottom:0;padding-left:var(--wp--preset--spacing--60)\">\n<h2 class=\"wp-block-heading\">Onnittelupaketti<\/h2>\n\n\n\n<p>Viiking Spa Hotelli tarjoaa lis&auml;palveluna mahdollisuutta tilata hotellihuoneeseen yst&auml;v&auml;lle tai tutulle merkkip&auml;iv&auml;n johdosta onnittelupaketti.<\/p>\n\n\n\n<p>Tarjolla on kolme onnittelupakettia:<\/p>\n\n\n\n<ol class=\"wp-block-list\">\n<li>Pullo kuohuviini&auml; (Prince Henry Demi-Sec 75 cl) ja kukkakimppu &ndash;<strong>44 EUR<\/strong><\/li>\n\n\n\n<li>Konvehtirasia ja kukkakimppu &ndash;<strong>44 EUR<\/strong><\/li>\n\n\n\n<li>Pullo kouhuviini&auml; Louis Perdrier Demi-Sec \/ Brut 75 cl &ndash; <strong>29 EUR<\/strong><\/li>\n\n\n\n<li>Kukkakimppu (sesonkiaikana saatavilla olevien kukkien mukaan) &ndash; <strong>24 EUR<\/strong><\/li>\n<\/ol>\n\n\n\n<p>Tilataan vastaanotosta&nbsp;<a href=\"tel:+3724490500\" title=\"+372 449 0500\">+372 449 0500<\/a>&nbsp;tai&nbsp;<a href=\"mailto:info@viiking.ee\" title=\"info@viiking.ee\">info@viiking.ee<\/a>.<br>Pyyd&auml;mme sinua tekem&auml;&auml;n tilauksesi v&auml;hint&auml;&auml;n 48 tuntia ennen saapumistasi hotelliin.<\/p>\n<\/div>\n<\/div>\n\n\n\n<div style=\"height:15px\" aria-hidden=\"true\" class=\"wp-block-spacer mobile-spacer-5\"><\/div>\n\n\n\n<div class=\"wp-block-columns alignwide has-background is-layout-flex wp-container-core-columns-is-layout-74d018ca wp-block-columns-is-layout-flex\" style=\"background-color:#e8d9c6;padding-top:var(--wp--preset--spacing--20);padding-right:var(--wp--preset--spacing--20);padding-bottom:var(--wp--preset--spacing--20);padding-left:var(--wp--preset--spacing--20)\">\n<div class=\"wp-block-column is-vertically-aligned-center animated fadeInLeft delay-100ms slow is-layout-flow wp-block-column-is-layout-flow\" style=\"padding-top:0;padding-right:var(--wp--preset--spacing--60);padding-bottom:0;padding-left:var(--wp--preset--spacing--60)\">\n<h2 class=\"wp-block-heading\">Hammashoito<\/h2>\n\n\n\n<p><a href=\"https:\/\/hambaraviviiking.ee\/\" title=\"Hammasl&auml;&auml;k&auml;rit\">Hammasl&auml;&auml;k&auml;rit<\/a> sijaitsevat A-talossa 3. kerroksessa. Hammashoitopalveluja tarjoaa yhteisty&ouml;kumppanimme ja vuokralaisemme Hambaravi Viiking O&Uuml;. Ajan voi varata soittamalla seuraaviin puhelinnumeroihin.<\/p>\n\n\n\n<p>A-32&nbsp;<br>dr. Helen J&otilde;e&auml;&auml;r&nbsp;<br><a href=\"tel:+3724490507\" title=\"+372 449 0507&nbsp;\">+372 449 0507&nbsp;<\/a><\/p>\n\n\n\n<p>A-32<br>dr. Kristel V&auml;llo&nbsp;<br><a href=\"tel:+3724490507\" title=\"+372 449 0507&nbsp;\">+372 449 0507&nbsp;<\/a><\/p>\n\n\n\n<p>A-33&nbsp;&nbsp;&nbsp; <br>dr. Malle Hindrichson&nbsp;<br><a href=\"tel:+3724490507\" title=\"+372 449 0508\">+372 449 0508<\/a><\/p>\n<\/div>\n\n\n\n<div class=\"wp-block-column is-vertically-aligned-center animated fadeInRight delay-100ms slow is-layout-flow wp-container-core-column-is-layout-b108c007 wp-block-column-is-layout-flow\" style=\"padding-right:0;padding-left:0\">\n<div class=\"wp-block-edhotels-edhotels-slider intro-style-3\" style=\"min-height:450px\"><div data-hash=\"u8et8ghz4da\" data-autoplay=\"false\" data-apdelay=\"3500\" data-effect=\"slide\" data-loop=\"false\" class=\"swiper-container swiper-intro swiper-intro-u8et8ghz4da\"><div class=\"swiper-wrapper\">\n<div class=\"wp-block-edhotels-edhotels-slide swiper-slide scalable-img\"><img decoding=\"async\" src=\"https:\/\/www.viiking.ee\/wp-content\/uploads\/2025\/12\/dentist.jpeg\" alt=\"\" class=\"intro-image wp-image-1166\" style=\"object-position:50% 50%\"><div class=\"intro-style-3-inner\">\n<p class=\"has-text-align-center has-white-color has-text-color\"><\/p>\n<\/div><\/div>\n<\/div><\/div><\/div>\n<\/div>\n<\/div>\n\n\n\n<div style=\"height:15px\" aria-hidden=\"true\" class=\"wp-block-spacer mobile-spacer-10\"><\/div>\n\n\n\n<p><\/p>\n","protected":false},"excerpt":{"rendered":"<p>Lis&auml;palvelut Tavallisten hotellipalveluiden lis&auml;ksi Viiking Spa -hotelli tarjoaa asiakkailleen useita lis&auml;palveluja: Kuntosalilaitteet C-rakennuksessa Viiking Kylpyl&auml;n asiakkaiden k&auml;ytett&auml;viss&auml; on kuntoilutila. K&auml;yt&ouml;ss&auml;mme on Trenniekspertin sek&auml; yhdysvaltalaisen kuntosalilaitteiden valmistajan Cybex Internationalin laitteita, jotka ovat turvallisia ja helppok&auml;ytt&ouml;isi&auml;. Kuntosalin laitteita voi k&auml;ytt&auml;&auml;: Ma-Pe klo 12:00 &ndash; 22:00La-Su klo 8:00 &ndash; 22:00 Kuntosalilaitteet ovat asiakkaiden k&auml;yt&ouml;ss&auml; omalla vastuulla. Hotellilla on [&hellip;]<\/p>\n","protected":false},"author":3,"featured_media":0,"parent":0,"menu_order":0,"comment_status":"closed","ping_status":"closed","template":"","meta":{"footnotes":""},"class_list":["post-3131","page","type-page","status-publish","hentry"],"yoast_head":"<!-- This site is optimized with the Yoast SEO plugin v27.4 - https:\/\/yoast.com\/product\/yoast-seo-wordpress\/ -->\n<title>Lis\u00e4palvelut Viiking Spa Hotellissa I P\u00e4rnu<\/title>\n<meta name=\"description\" content=\"Tavallisten hotellipalveluiden lis\u00e4ksi Viiking Spa -hotelli tarjoaa asiakkailleen useita lis\u00e4palveluja. Lue lis\u00e4\u00e4\" \/>\n<meta name=\"robots\" content=\"index, follow, max-snippet:-1, max-image-preview:large, max-video-preview:-1\" \/>\n<link rel=\"canonical\" href=\"https:\/\/www.viiking.ee\/fi\/lisapalvelut\/\" \/>\n<meta property=\"og:locale\" content=\"fi_FI\" \/>\n<meta property=\"og:type\" content=\"article\" \/>\n<meta property=\"og:title\" content=\"Lis\u00e4palvelut Viiking Spa Hotellissa I P\u00e4rnu\" \/>\n<meta property=\"og:description\" content=\"Tavallisten hotellipalveluiden lis\u00e4ksi Viiking Spa -hotelli tarjoaa asiakkailleen useita lis\u00e4palveluja. Lue lis\u00e4\u00e4\" \/>\n<meta property=\"og:url\" content=\"https:\/\/www.viiking.ee\/fi\/lisapalvelut\/\" \/>\n<meta property=\"og:site_name\" content=\"Viiking Spaa Hotell P&auml;rnus\" \/>\n<meta property=\"article:modified_time\" content=\"2026-03-18T12:17:27+00:00\" \/>\n<meta property=\"og:image\" content=\"https:\/\/www.viiking.ee\/wp-content\/uploads\/2025\/11\/Katuseterrass-scaled.jpg\" \/>\n\t<meta property=\"og:image:width\" content=\"2560\" \/>\n\t<meta property=\"og:image:height\" content=\"1707\" \/>\n\t<meta property=\"og:image:type\" content=\"image\/jpeg\" \/>\n<meta name=\"twitter:card\" content=\"summary_large_image\" \/>\n<meta name=\"twitter:label1\" content=\"Arvioitu lukuaika\" \/>\n\t<meta name=\"twitter:data1\" content=\"3 minuuttia\" \/>\n<script type=\"application\/ld+json\" class=\"yoast-schema-graph\">{\"@context\":\"https:\\\/\\\/schema.org\",\"@graph\":[{\"@type\":\"WebPage\",\"@id\":\"https:\\\/\\\/www.viiking.ee\\\/fi\\\/lisapalvelut\\\/\",\"url\":\"https:\\\/\\\/www.viiking.ee\\\/fi\\\/lisapalvelut\\\/\",\"name\":\"Lis\u00e4palvelut Viiking Spa Hotellissa I P\u00e4rnu\",\"isPartOf\":{\"@id\":\"https:\\\/\\\/www.viiking.ee\\\/en\\\/#website\"},\"primaryImageOfPage\":{\"@id\":\"https:\\\/\\\/www.viiking.ee\\\/fi\\\/lisapalvelut\\\/#primaryimage\"},\"image\":{\"@id\":\"https:\\\/\\\/www.viiking.ee\\\/fi\\\/lisapalvelut\\\/#primaryimage\"},\"thumbnailUrl\":\"https:\\\/\\\/www.viiking.ee\\\/wp-content\\\/uploads\\\/2025\\\/11\\\/Katuseterrass-scaled.jpg\",\"datePublished\":\"2025-12-04T11:16:27+00:00\",\"dateModified\":\"2026-03-18T12:17:27+00:00\",\"description\":\"Tavallisten hotellipalveluiden lis\u00e4ksi Viiking Spa -hotelli tarjoaa asiakkailleen useita lis\u00e4palveluja. Lue lis\u00e4\u00e4\",\"breadcrumb\":{\"@id\":\"https:\\\/\\\/www.viiking.ee\\\/fi\\\/lisapalvelut\\\/#breadcrumb\"},\"inLanguage\":\"fi\",\"potentialAction\":[{\"@type\":\"ReadAction\",\"target\":[\"https:\\\/\\\/www.viiking.ee\\\/fi\\\/lisapalvelut\\\/\"]}]},{\"@type\":\"ImageObject\",\"inLanguage\":\"fi\",\"@id\":\"https:\\\/\\\/www.viiking.ee\\\/fi\\\/lisapalvelut\\\/#primaryimage\",\"url\":\"https:\\\/\\\/www.viiking.ee\\\/wp-content\\\/uploads\\\/2025\\\/11\\\/Katuseterrass-scaled.jpg\",\"contentUrl\":\"https:\\\/\\\/www.viiking.ee\\\/wp-content\\\/uploads\\\/2025\\\/11\\\/Katuseterrass-scaled.jpg\"},{\"@type\":\"BreadcrumbList\",\"@id\":\"https:\\\/\\\/www.viiking.ee\\\/fi\\\/lisapalvelut\\\/#breadcrumb\",\"itemListElement\":[{\"@type\":\"ListItem\",\"position\":1,\"name\":\"Home\",\"item\":\"https:\\\/\\\/www.viiking.ee\\\/fi\\\/\"},{\"@type\":\"ListItem\",\"position\":2,\"name\":\"Lis\u00e4palvelut\"}]},{\"@type\":\"WebSite\",\"@id\":\"https:\\\/\\\/www.viiking.ee\\\/en\\\/#website\",\"url\":\"https:\\\/\\\/www.viiking.ee\\\/en\\\/\",\"name\":\"Viiking Spaa Hotell P&auml;rnus\",\"description\":\"\",\"potentialAction\":[{\"@type\":\"SearchAction\",\"target\":{\"@type\":\"EntryPoint\",\"urlTemplate\":\"https:\\\/\\\/www.viiking.ee\\\/en\\\/?s={search_term_string}\"},\"query-input\":{\"@type\":\"PropertyValueSpecification\",\"valueRequired\":true,\"valueName\":\"search_term_string\"}}],\"inLanguage\":\"fi\"}]}<\/script>\n<!-- \/ Yoast SEO plugin. -->","yoast_head_json":{"title":"Lis\u00e4palvelut Viiking Spa Hotellissa I P\u00e4rnu","description":"Tavallisten hotellipalveluiden lis\u00e4ksi Viiking Spa -hotelli tarjoaa asiakkailleen useita lis\u00e4palveluja. Lue lis\u00e4\u00e4","robots":{"index":"index","follow":"follow","max-snippet":"max-snippet:-1","max-image-preview":"max-image-preview:large","max-video-preview":"max-video-preview:-1"},"canonical":"https:\/\/www.viiking.ee\/fi\/lisapalvelut\/","og_locale":"fi_FI","og_type":"article","og_title":"Lis\u00e4palvelut Viiking Spa Hotellissa I P\u00e4rnu","og_description":"Tavallisten hotellipalveluiden lis\u00e4ksi Viiking Spa -hotelli tarjoaa asiakkailleen useita lis\u00e4palveluja. Lue lis\u00e4\u00e4","og_url":"https:\/\/www.viiking.ee\/fi\/lisapalvelut\/","og_site_name":"Viiking Spaa Hotell P&auml;rnus","article_modified_time":"2026-03-18T12:17:27+00:00","og_image":[{"width":2560,"height":1707,"url":"https:\/\/www.viiking.ee\/wp-content\/uploads\/2025\/11\/Katuseterrass-scaled.jpg","type":"image\/jpeg"}],"twitter_card":"summary_large_image","twitter_misc":{"Arvioitu lukuaika":"3 minuuttia"},"schema":{"@context":"https:\/\/schema.org","@graph":[{"@type":"WebPage","@id":"https:\/\/www.viiking.ee\/fi\/lisapalvelut\/","url":"https:\/\/www.viiking.ee\/fi\/lisapalvelut\/","name":"Lis\u00e4palvelut Viiking Spa Hotellissa I P\u00e4rnu","isPartOf":{"@id":"https:\/\/www.viiking.ee\/en\/#website"},"primaryImageOfPage":{"@id":"https:\/\/www.viiking.ee\/fi\/lisapalvelut\/#primaryimage"},"image":{"@id":"https:\/\/www.viiking.ee\/fi\/lisapalvelut\/#primaryimage"},"thumbnailUrl":"https:\/\/www.viiking.ee\/wp-content\/uploads\/2025\/11\/Katuseterrass-scaled.jpg","datePublished":"2025-12-04T11:16:27+00:00","dateModified":"2026-03-18T12:17:27+00:00","description":"Tavallisten hotellipalveluiden lis\u00e4ksi Viiking Spa -hotelli tarjoaa asiakkailleen useita lis\u00e4palveluja. Lue lis\u00e4\u00e4","breadcrumb":{"@id":"https:\/\/www.viiking.ee\/fi\/lisapalvelut\/#breadcrumb"},"inLanguage":"fi","potentialAction":[{"@type":"ReadAction","target":["https:\/\/www.viiking.ee\/fi\/lisapalvelut\/"]}]},{"@type":"ImageObject","inLanguage":"fi","@id":"https:\/\/www.viiking.ee\/fi\/lisapalvelut\/#primaryimage","url":"https:\/\/www.viiking.ee\/wp-content\/uploads\/2025\/11\/Katuseterrass-scaled.jpg","contentUrl":"https:\/\/www.viiking.ee\/wp-content\/uploads\/2025\/11\/Katuseterrass-scaled.jpg"},{"@type":"BreadcrumbList","@id":"https:\/\/www.viiking.ee\/fi\/lisapalvelut\/#breadcrumb","itemListElement":[{"@type":"ListItem","position":1,"name":"Home","item":"https:\/\/www.viiking.ee\/fi\/"},{"@type":"ListItem","position":2,"name":"Lis\u00e4palvelut"}]},{"@type":"WebSite","@id":"https:\/\/www.viiking.ee\/en\/#website","url":"https:\/\/www.viiking.ee\/en\/","name":"Viiking Spaa Hotell P&auml;rnus","description":"","potentialAction":[{"@type":"SearchAction","target":{"@type":"EntryPoint","urlTemplate":"https:\/\/www.viiking.ee\/en\/?s={search_term_string}"},"query-input":{"@type":"PropertyValueSpecification","valueRequired":true,"valueName":"search_term_string"}}],"inLanguage":"fi"}]}},"_links":{"self":[{"href":"https:\/\/www.viiking.ee\/fi\/wp-json\/wp\/v2\/pages\/3131","targetHints":{"allow":["GET"]}}],"collection":[{"href":"https:\/\/www.viiking.ee\/fi\/wp-json\/wp\/v2\/pages"}],"about":[{"href":"https:\/\/www.viiking.ee\/fi\/wp-json\/wp\/v2\/types\/page"}],"author":[{"embeddable":true,"href":"https:\/\/www.viiking.ee\/fi\/wp-json\/wp\/v2\/users\/3"}],"replies":[{"embeddable":true,"href":"https:\/\/www.viiking.ee\/fi\/wp-json\/wp\/v2\/comments?post=3131"}],"version-history":[{"count":2,"href":"https:\/\/www.viiking.ee\/fi\/wp-json\/wp\/v2\/pages\/3131\/revisions"}],"predecessor-version":[{"id":59708,"href":"https:\/\/www.viiking.ee\/fi\/wp-json\/wp\/v2\/pages\/3131\/revisions\/59708"}],"wp:attachment":[{"href":"https:\/\/www.viiking.ee\/fi\/wp-json\/wp\/v2\/media?parent=3131"}],"curies":[{"name":"wp","href":"https:\/\/api.w.org\/{rel}","templated":true}]}}