{"id":3123,"date":"2025-11-06T12:03:19","date_gmt":"2025-11-06T12:03:19","guid":{"rendered":"https:\/\/viiking.ee\/majutus\/"},"modified":"2026-03-18T12:12:30","modified_gmt":"2026-03-18T12:12:30","slug":"majoitus","status":"publish","type":"page","link":"https:\/\/www.viiking.ee\/fi\/majoitus\/","title":{"rendered":"Majoitus"},"content":{"rendered":"<!DOCTYPE html PUBLIC \"-\/\/W3C\/\/DTD HTML 4.0 Transitional\/\/EN\" \"http:\/\/www.w3.org\/TR\/REC-html40\/loose.dtd\">\n<?xml encoding=\"utf-8\" ?><div class=\"wp-block-cover alignfull is-light\"><img loading=\"lazy\" decoding=\"async\" width=\"2560\" height=\"1707\" class=\"wp-block-cover__image-background wp-image-332 size-full\" alt=\"kylpyl&auml;hotelli P&auml;rnussa I Viiking Spa Hotel\" src=\"https:\/\/www.viiking.ee\/wp-content\/uploads\/2025\/11\/viiking_spaa_perepuhkus-scaled.jpg\" style=\"object-position:52% 59%\" data-object-fit=\"cover\" data-object-position=\"52% 59%\" srcset=\"https:\/\/www.viiking.ee\/wp-content\/uploads\/2025\/11\/viiking_spaa_perepuhkus-scaled.jpg 2560w, https:\/\/www.viiking.ee\/wp-content\/uploads\/2025\/11\/viiking_spaa_perepuhkus-300x200.jpg 300w, https:\/\/www.viiking.ee\/wp-content\/uploads\/2025\/11\/viiking_spaa_perepuhkus-1024x683.jpg 1024w, https:\/\/www.viiking.ee\/wp-content\/uploads\/2025\/11\/viiking_spaa_perepuhkus-768x512.jpg 768w, https:\/\/www.viiking.ee\/wp-content\/uploads\/2025\/11\/viiking_spaa_perepuhkus-1536x1024.jpg 1536w, https:\/\/www.viiking.ee\/wp-content\/uploads\/2025\/11\/viiking_spaa_perepuhkus-2048x1365.jpg 2048w, https:\/\/www.viiking.ee\/wp-content\/uploads\/2025\/11\/viiking_spaa_perepuhkus-1568x1045.jpg 1568w\" sizes=\"auto, (max-width: 2560px) 100vw, 2560px\" \/><span aria-hidden=\"true\" class=\"wp-block-cover__background has-background-dim-0 has-background-dim\"><\/span><div class=\"wp-block-cover__inner-container is-layout-flow wp-block-cover-is-layout-flow\">\n<p class=\"has-text-align-center has-large-font-size\"><\/p>\n<\/div><\/div>\n\n\n\n<div style=\"height:30px\" aria-hidden=\"true\" class=\"wp-block-spacer mobile-spacer-10\"><\/div>\n\n\n\n<h1 class=\"wp-block-heading has-text-align-center\">Majoitus Viiking Spa-hotellissa<\/h1>\n\n\n\n<p class=\"has-text-align-center\" style=\"font-size:18px;letter-spacing:0.5px\">Kylpyl&auml;hotelli avasi ensimm&auml;ist&auml; kertaa ovensa vieraille vuonna 1993. T&auml;n&auml;&auml;n hotelli<br>k&auml;sitt&auml;&auml; nelj&auml; nykyaikaista ja modernia rakennusta. &nbsp;Kaikkia rakennuksia yhdist&auml;v&auml;t toisiinsa lasik&auml;yt&auml;v&auml;t, joten talosta toiseen on mukava kulkea. <a href=\"https:\/\/www.viiking.ee\/fi\/majoitus\/\" title=\"Majoituksen\">Majoituksen<\/a> lis&auml;ksi hotellissa on vuonna 2015 avattu <a href=\"https:\/\/www.viiking.ee\/fi\/vesikeskus\/\" title=\"vesi- ja saunakeskus &rdquo;Viiking Saaga&rdquo;\">vesi- ja saunakeskus &rdquo;Viiking Saaga&rdquo;<\/a>, jossa on kuusi erilaista saunaa ja useita erilaisia &#8203;&#8203;vesipuistoja ja uima-altaita.<\/p>\n\n\n\n<p class=\"has-text-align-center\" style=\"font-size:18px;letter-spacing:0.5px\">Viiking Spa Hotel tarjoaa monipuolisia <a href=\"https:\/\/www.viiking.ee\/fi\/terveystutkimukset\/\" title=\"terveystarkastuksia\">terveystarkastuksia<\/a> moderneimmilla laitteilla ja laajan valikoiman klassisia <a href=\"https:\/\/www.viiking.ee\/fi\/hoidot\/\" title=\"kuntoutustoimenpiteit&auml;\">kuntoutustoimenpiteit&auml;<\/a>.<\/p>\n\n\n\n<div style=\"height:30px\" aria-hidden=\"true\" class=\"wp-block-spacer mobile-spacer-10\"><\/div>\n\n\n\n<div class=\"wp-block-columns alignwide is-layout-flex wp-container-core-columns-is-layout-28f84493 wp-block-columns-is-layout-flex\">\n<div class=\"wp-block-column has-background is-layout-flow wp-block-column-is-layout-flow\" style=\"background-color:#e8d9c6;padding-top:var(--wp--preset--spacing--30);padding-right:var(--wp--preset--spacing--30);padding-bottom:var(--wp--preset--spacing--30);padding-left:var(--wp--preset--spacing--30)\">\n<div class=\"wp-block-cover is-light has-custom-content-position is-position-bottom-center animated fadeIn slow delay-500ms\"><img loading=\"lazy\" decoding=\"async\" width=\"1024\" height=\"576\" class=\"wp-block-cover__image-background wp-image-38 size-large\" alt=\"kylpyl&auml;hotelli P&auml;rnussa I Viiking Spa Hotel\" src=\"https:\/\/www.viiking.ee\/wp-content\/uploads\/2025\/11\/Peretuba_3-1024x576.jpg\" data-object-fit=\"cover\" srcset=\"https:\/\/www.viiking.ee\/wp-content\/uploads\/2025\/11\/Peretuba_3-1024x576.jpg 1024w, https:\/\/www.viiking.ee\/wp-content\/uploads\/2025\/11\/Peretuba_3-300x169.jpg 300w, https:\/\/www.viiking.ee\/wp-content\/uploads\/2025\/11\/Peretuba_3-768x432.jpg 768w, https:\/\/www.viiking.ee\/wp-content\/uploads\/2025\/11\/Peretuba_3-1536x864.jpg 1536w, https:\/\/www.viiking.ee\/wp-content\/uploads\/2025\/11\/Peretuba_3-1568x882.jpg 1568w, https:\/\/www.viiking.ee\/wp-content\/uploads\/2025\/11\/Peretuba_3.jpg 1920w\" sizes=\"auto, (max-width: 1024px) 100vw, 1024px\" \/><span aria-hidden=\"true\" class=\"wp-block-cover__background has-background-dim-0 has-background-dim\" style=\"background-color:#918e89\"><\/span><div class=\"wp-block-cover__inner-container is-layout-constrained wp-block-cover-is-layout-constrained\">\n<h2 class=\"wp-block-heading has-text-align-center has-white-color has-text-color has-link-color has-large-font-size wp-elements-dde3c5830b567edfe663994ccb3c8314\">HOTELLI<\/h2>\n\n\n\n<div class=\"wp-block-buttons is-content-justification-center is-layout-flex wp-container-core-buttons-is-layout-a89b3969 wp-block-buttons-is-layout-flex\">\n<div class=\"wp-block-button\"><a class=\"wp-block-button__link has-small-font-size has-custom-font-size wp-element-button\" href=\"https:\/\/www.viiking.ee\/fi\/huoneet\/\" title=\"LUE LIS&Auml;&Auml;\">LUE LIS&Auml;&Auml;<\/a><\/div>\n<\/div>\n<\/div><\/div>\n<\/div>\n\n\n\n<div class=\"wp-block-column has-background is-layout-flow wp-block-column-is-layout-flow\" style=\"background-color:#e8d9c6;padding-top:var(--wp--preset--spacing--30);padding-right:var(--wp--preset--spacing--30);padding-bottom:var(--wp--preset--spacing--30);padding-left:var(--wp--preset--spacing--30)\">\n<div class=\"wp-block-cover has-custom-content-position is-position-bottom-center animated fadeIn slow delay-1s\"><img loading=\"lazy\" decoding=\"async\" width=\"1024\" height=\"683\" class=\"wp-block-cover__image-background wp-image-209 size-full\" alt=\"kylpyl&auml;hotelli P&auml;rnussa I Viiking Spa Hotel\" src=\"https:\/\/www.viiking.ee\/wp-content\/uploads\/2025\/11\/Valisvaated-1-1024x683-1.jpg\" style=\"object-position:55% 61%\" data-object-fit=\"cover\" data-object-position=\"55% 61%\" srcset=\"https:\/\/www.viiking.ee\/wp-content\/uploads\/2025\/11\/Valisvaated-1-1024x683-1.jpg 1024w, https:\/\/www.viiking.ee\/wp-content\/uploads\/2025\/11\/Valisvaated-1-1024x683-1-300x200.jpg 300w, https:\/\/www.viiking.ee\/wp-content\/uploads\/2025\/11\/Valisvaated-1-1024x683-1-768x512.jpg 768w\" sizes=\"auto, (max-width: 1024px) 100vw, 1024px\" \/><span aria-hidden=\"true\" class=\"wp-block-cover__background has-background-dim-10 has-background-dim\" style=\"background-color:#787671\"><\/span><div class=\"wp-block-cover__inner-container is-layout-constrained wp-block-cover-is-layout-constrained\">\n<h2 class=\"wp-block-heading has-text-align-center has-white-color has-text-color has-link-color has-large-font-size wp-elements-fdef6c1abbc0f235a60157650e25700c\">HUONEISTOT<\/h2>\n\n\n\n<div class=\"wp-block-buttons is-content-justification-center is-layout-flex wp-container-core-buttons-is-layout-a89b3969 wp-block-buttons-is-layout-flex\">\n<div class=\"wp-block-button\"><a class=\"wp-block-button__link has-small-font-size has-custom-font-size wp-element-button\" href=\"https:\/\/www.viiking.ee\/fi\/huoneistomajoitus\/\" title=\"LUE LIS&Auml;&Auml;\">LUE LIS&Auml;&Auml;<\/a><\/div>\n<\/div>\n<\/div><\/div>\n<\/div>\n<\/div>\n\n\n\n<div style=\"height:30px\" aria-hidden=\"true\" class=\"wp-block-spacer mobile-spacer-10\"><\/div>\n\n\n\n<p><\/p>\n","protected":false},"excerpt":{"rendered":"<p>Majoitus Viiking Spa-hotellissa Kylpyl&auml;hotelli avasi ensimm&auml;ist&auml; kertaa ovensa vieraille vuonna 1993. T&auml;n&auml;&auml;n hotellik&auml;sitt&auml;&auml; nelj&auml; nykyaikaista ja modernia rakennusta. &nbsp;Kaikkia rakennuksia yhdist&auml;v&auml;t toisiinsa lasik&auml;yt&auml;v&auml;t, joten talosta toiseen on mukava kulkea. Majoituksen lis&auml;ksi hotellissa on vuonna 2015 avattu vesi- ja saunakeskus &rdquo;Viiking Saaga&rdquo;, jossa on kuusi erilaista saunaa ja useita erilaisia &#8203;&#8203;vesipuistoja ja uima-altaita. Viiking Spa Hotel [&hellip;]<\/p>\n","protected":false},"author":3,"featured_media":0,"parent":0,"menu_order":0,"comment_status":"closed","ping_status":"closed","template":"","meta":{"footnotes":""},"class_list":["post-3123","page","type-page","status-publish","hentry"],"yoast_head":"<!-- This site is optimized with the Yoast SEO plugin v27.4 - https:\/\/yoast.com\/product\/yoast-seo-wordpress\/ -->\n<title>Kylpyl\u00e4hotelli P\u00e4rnussa | Viiking Spa Hotelli P\u00e4rnussa<\/title>\n<meta name=\"description\" content=\"Viiking Spa Hotelli on kylpyl\u00e4hotelli P\u00e4rnussa. Kaupakeskusket ja hiekaranta sijaitsevat vaan k\u00e4velymatkan p\u00e4\u00e4ss\u00e4 kylpyl\u00e4hotellista.\" \/>\n<meta name=\"robots\" content=\"index, follow, max-snippet:-1, max-image-preview:large, max-video-preview:-1\" \/>\n<link rel=\"canonical\" href=\"https:\/\/www.viiking.ee\/fi\/majoitus\/\" \/>\n<meta property=\"og:locale\" content=\"fi_FI\" \/>\n<meta property=\"og:type\" content=\"article\" \/>\n<meta property=\"og:title\" content=\"Kylpyl\u00e4hotelli P\u00e4rnussa | Viiking Spa Hotelli P\u00e4rnussa\" \/>\n<meta property=\"og:description\" content=\"Viiking Spa Hotelli on kylpyl\u00e4hotelli P\u00e4rnussa. Kaupakeskusket ja hiekaranta sijaitsevat vaan k\u00e4velymatkan p\u00e4\u00e4ss\u00e4 kylpyl\u00e4hotellista.\" \/>\n<meta property=\"og:url\" content=\"https:\/\/www.viiking.ee\/fi\/majoitus\/\" \/>\n<meta property=\"og:site_name\" content=\"Viiking Spaa Hotell P&auml;rnus\" \/>\n<meta property=\"article:modified_time\" content=\"2026-03-18T12:12:30+00:00\" \/>\n<meta property=\"og:image\" content=\"https:\/\/www.viiking.ee\/wp-content\/uploads\/2025\/11\/viiking_spaa_perepuhkus-scaled.jpg\" \/>\n\t<meta property=\"og:image:width\" content=\"2560\" \/>\n\t<meta property=\"og:image:height\" content=\"1707\" \/>\n\t<meta property=\"og:image:type\" content=\"image\/jpeg\" \/>\n<meta name=\"twitter:card\" content=\"summary_large_image\" \/>\n<meta name=\"twitter:label1\" content=\"Arvioitu lukuaika\" \/>\n\t<meta name=\"twitter:data1\" content=\"2 minuuttia\" \/>\n<script type=\"application\/ld+json\" class=\"yoast-schema-graph\">{\"@context\":\"https:\\\/\\\/schema.org\",\"@graph\":[{\"@type\":\"WebPage\",\"@id\":\"https:\\\/\\\/www.viiking.ee\\\/fi\\\/majoitus\\\/\",\"url\":\"https:\\\/\\\/www.viiking.ee\\\/fi\\\/majoitus\\\/\",\"name\":\"Kylpyl\u00e4hotelli P\u00e4rnussa | Viiking Spa Hotelli P\u00e4rnussa\",\"isPartOf\":{\"@id\":\"https:\\\/\\\/www.viiking.ee\\\/en\\\/#website\"},\"primaryImageOfPage\":{\"@id\":\"https:\\\/\\\/www.viiking.ee\\\/fi\\\/majoitus\\\/#primaryimage\"},\"image\":{\"@id\":\"https:\\\/\\\/www.viiking.ee\\\/fi\\\/majoitus\\\/#primaryimage\"},\"thumbnailUrl\":\"https:\\\/\\\/www.viiking.ee\\\/wp-content\\\/uploads\\\/2025\\\/11\\\/viiking_spaa_perepuhkus-scaled.jpg\",\"datePublished\":\"2025-11-06T12:03:19+00:00\",\"dateModified\":\"2026-03-18T12:12:30+00:00\",\"description\":\"Viiking Spa Hotelli on kylpyl\u00e4hotelli P\u00e4rnussa. Kaupakeskusket ja hiekaranta sijaitsevat vaan k\u00e4velymatkan p\u00e4\u00e4ss\u00e4 kylpyl\u00e4hotellista.\",\"breadcrumb\":{\"@id\":\"https:\\\/\\\/www.viiking.ee\\\/fi\\\/majoitus\\\/#breadcrumb\"},\"inLanguage\":\"fi\",\"potentialAction\":[{\"@type\":\"ReadAction\",\"target\":[\"https:\\\/\\\/www.viiking.ee\\\/fi\\\/majoitus\\\/\"]}]},{\"@type\":\"ImageObject\",\"inLanguage\":\"fi\",\"@id\":\"https:\\\/\\\/www.viiking.ee\\\/fi\\\/majoitus\\\/#primaryimage\",\"url\":\"https:\\\/\\\/www.viiking.ee\\\/wp-content\\\/uploads\\\/2025\\\/11\\\/viiking_spaa_perepuhkus-scaled.jpg\",\"contentUrl\":\"https:\\\/\\\/www.viiking.ee\\\/wp-content\\\/uploads\\\/2025\\\/11\\\/viiking_spaa_perepuhkus-scaled.jpg\"},{\"@type\":\"BreadcrumbList\",\"@id\":\"https:\\\/\\\/www.viiking.ee\\\/fi\\\/majoitus\\\/#breadcrumb\",\"itemListElement\":[{\"@type\":\"ListItem\",\"position\":1,\"name\":\"Home\",\"item\":\"https:\\\/\\\/www.viiking.ee\\\/fi\\\/\"},{\"@type\":\"ListItem\",\"position\":2,\"name\":\"Majoitus\"}]},{\"@type\":\"WebSite\",\"@id\":\"https:\\\/\\\/www.viiking.ee\\\/en\\\/#website\",\"url\":\"https:\\\/\\\/www.viiking.ee\\\/en\\\/\",\"name\":\"Viiking Spaa Hotell P&auml;rnus\",\"description\":\"\",\"potentialAction\":[{\"@type\":\"SearchAction\",\"target\":{\"@type\":\"EntryPoint\",\"urlTemplate\":\"https:\\\/\\\/www.viiking.ee\\\/en\\\/?s={search_term_string}\"},\"query-input\":{\"@type\":\"PropertyValueSpecification\",\"valueRequired\":true,\"valueName\":\"search_term_string\"}}],\"inLanguage\":\"fi\"}]}<\/script>\n<!-- \/ Yoast SEO plugin. -->","yoast_head_json":{"title":"Kylpyl\u00e4hotelli P\u00e4rnussa | Viiking Spa Hotelli P\u00e4rnussa","description":"Viiking Spa Hotelli on kylpyl\u00e4hotelli P\u00e4rnussa. Kaupakeskusket ja hiekaranta sijaitsevat vaan k\u00e4velymatkan p\u00e4\u00e4ss\u00e4 kylpyl\u00e4hotellista.","robots":{"index":"index","follow":"follow","max-snippet":"max-snippet:-1","max-image-preview":"max-image-preview:large","max-video-preview":"max-video-preview:-1"},"canonical":"https:\/\/www.viiking.ee\/fi\/majoitus\/","og_locale":"fi_FI","og_type":"article","og_title":"Kylpyl\u00e4hotelli P\u00e4rnussa | Viiking Spa Hotelli P\u00e4rnussa","og_description":"Viiking Spa Hotelli on kylpyl\u00e4hotelli P\u00e4rnussa. Kaupakeskusket ja hiekaranta sijaitsevat vaan k\u00e4velymatkan p\u00e4\u00e4ss\u00e4 kylpyl\u00e4hotellista.","og_url":"https:\/\/www.viiking.ee\/fi\/majoitus\/","og_site_name":"Viiking Spaa Hotell P&auml;rnus","article_modified_time":"2026-03-18T12:12:30+00:00","og_image":[{"width":2560,"height":1707,"url":"https:\/\/www.viiking.ee\/wp-content\/uploads\/2025\/11\/viiking_spaa_perepuhkus-scaled.jpg","type":"image\/jpeg"}],"twitter_card":"summary_large_image","twitter_misc":{"Arvioitu lukuaika":"2 minuuttia"},"schema":{"@context":"https:\/\/schema.org","@graph":[{"@type":"WebPage","@id":"https:\/\/www.viiking.ee\/fi\/majoitus\/","url":"https:\/\/www.viiking.ee\/fi\/majoitus\/","name":"Kylpyl\u00e4hotelli P\u00e4rnussa | Viiking Spa Hotelli P\u00e4rnussa","isPartOf":{"@id":"https:\/\/www.viiking.ee\/en\/#website"},"primaryImageOfPage":{"@id":"https:\/\/www.viiking.ee\/fi\/majoitus\/#primaryimage"},"image":{"@id":"https:\/\/www.viiking.ee\/fi\/majoitus\/#primaryimage"},"thumbnailUrl":"https:\/\/www.viiking.ee\/wp-content\/uploads\/2025\/11\/viiking_spaa_perepuhkus-scaled.jpg","datePublished":"2025-11-06T12:03:19+00:00","dateModified":"2026-03-18T12:12:30+00:00","description":"Viiking Spa Hotelli on kylpyl\u00e4hotelli P\u00e4rnussa. Kaupakeskusket ja hiekaranta sijaitsevat vaan k\u00e4velymatkan p\u00e4\u00e4ss\u00e4 kylpyl\u00e4hotellista.","breadcrumb":{"@id":"https:\/\/www.viiking.ee\/fi\/majoitus\/#breadcrumb"},"inLanguage":"fi","potentialAction":[{"@type":"ReadAction","target":["https:\/\/www.viiking.ee\/fi\/majoitus\/"]}]},{"@type":"ImageObject","inLanguage":"fi","@id":"https:\/\/www.viiking.ee\/fi\/majoitus\/#primaryimage","url":"https:\/\/www.viiking.ee\/wp-content\/uploads\/2025\/11\/viiking_spaa_perepuhkus-scaled.jpg","contentUrl":"https:\/\/www.viiking.ee\/wp-content\/uploads\/2025\/11\/viiking_spaa_perepuhkus-scaled.jpg"},{"@type":"BreadcrumbList","@id":"https:\/\/www.viiking.ee\/fi\/majoitus\/#breadcrumb","itemListElement":[{"@type":"ListItem","position":1,"name":"Home","item":"https:\/\/www.viiking.ee\/fi\/"},{"@type":"ListItem","position":2,"name":"Majoitus"}]},{"@type":"WebSite","@id":"https:\/\/www.viiking.ee\/en\/#website","url":"https:\/\/www.viiking.ee\/en\/","name":"Viiking Spaa Hotell P&auml;rnus","description":"","potentialAction":[{"@type":"SearchAction","target":{"@type":"EntryPoint","urlTemplate":"https:\/\/www.viiking.ee\/en\/?s={search_term_string}"},"query-input":{"@type":"PropertyValueSpecification","valueRequired":true,"valueName":"search_term_string"}}],"inLanguage":"fi"}]}},"_links":{"self":[{"href":"https:\/\/www.viiking.ee\/fi\/wp-json\/wp\/v2\/pages\/3123","targetHints":{"allow":["GET"]}}],"collection":[{"href":"https:\/\/www.viiking.ee\/fi\/wp-json\/wp\/v2\/pages"}],"about":[{"href":"https:\/\/www.viiking.ee\/fi\/wp-json\/wp\/v2\/types\/page"}],"author":[{"embeddable":true,"href":"https:\/\/www.viiking.ee\/fi\/wp-json\/wp\/v2\/users\/3"}],"replies":[{"embeddable":true,"href":"https:\/\/www.viiking.ee\/fi\/wp-json\/wp\/v2\/comments?post=3123"}],"version-history":[{"count":7,"href":"https:\/\/www.viiking.ee\/fi\/wp-json\/wp\/v2\/pages\/3123\/revisions"}],"predecessor-version":[{"id":60301,"href":"https:\/\/www.viiking.ee\/fi\/wp-json\/wp\/v2\/pages\/3123\/revisions\/60301"}],"wp:attachment":[{"href":"https:\/\/www.viiking.ee\/fi\/wp-json\/wp\/v2\/media?parent=3123"}],"curies":[{"name":"wp","href":"https:\/\/api.w.org\/{rel}","templated":true}]}}