{"id":2820,"date":"2025-12-10T08:55:04","date_gmt":"2025-12-10T08:55:04","guid":{"rendered":"https:\/\/viiking.ee\/ilu\/"},"modified":"2026-03-18T13:31:43","modified_gmt":"2026-03-18T13:31:43","slug":"kauneus","status":"publish","type":"page","link":"https:\/\/www.viiking.ee\/fi\/kauneus\/","title":{"rendered":"Kauneus"},"content":{"rendered":"<!DOCTYPE html PUBLIC \"-\/\/W3C\/\/DTD HTML 4.0 Transitional\/\/EN\" \"http:\/\/www.w3.org\/TR\/REC-html40\/loose.dtd\">\n<?xml encoding=\"utf-8\" ?><div class=\"wp-block-cover alignfull is-light\"><img loading=\"lazy\" decoding=\"async\" width=\"1920\" height=\"1280\" class=\"wp-block-cover__image-background wp-image-859 size-full\" alt=\"Kauneussalonki P&auml;rnussa\" src=\"https:\/\/www.viiking.ee\/wp-content\/uploads\/2025\/11\/Laste_manikuur.jpg\" style=\"object-position:48% 34%\" data-object-fit=\"cover\" data-object-position=\"48% 34%\" srcset=\"https:\/\/www.viiking.ee\/wp-content\/uploads\/2025\/11\/Laste_manikuur.jpg 1920w, https:\/\/www.viiking.ee\/wp-content\/uploads\/2025\/11\/Laste_manikuur-300x200.jpg 300w, https:\/\/www.viiking.ee\/wp-content\/uploads\/2025\/11\/Laste_manikuur-1024x683.jpg 1024w, https:\/\/www.viiking.ee\/wp-content\/uploads\/2025\/11\/Laste_manikuur-768x512.jpg 768w, https:\/\/www.viiking.ee\/wp-content\/uploads\/2025\/11\/Laste_manikuur-1536x1024.jpg 1536w, https:\/\/www.viiking.ee\/wp-content\/uploads\/2025\/11\/Laste_manikuur-1568x1045.jpg 1568w\" sizes=\"auto, (max-width: 1920px) 100vw, 1920px\" \/><span aria-hidden=\"true\" class=\"wp-block-cover__background has-background-dim-0 has-background-dim\" style=\"background-color:#9f7f7b\"><\/span><div class=\"wp-block-cover__inner-container is-layout-flow wp-block-cover-is-layout-flow\">\n<p class=\"has-text-align-center has-large-font-size\"><\/p>\n<\/div><\/div>\n\n\n\n<div style=\"height:30px\" aria-hidden=\"true\" class=\"wp-block-spacer mobile-spacer-10\"><\/div>\n\n\n\n<h1 class=\"wp-block-heading has-text-align-center\">Stella Kauneussalonki P&auml;rnussa<\/h1>\n\n\n\n<p class=\"has-text-align-center\" style=\"font-size:18px;letter-spacing:0.5px\">T&auml;ydellisen kauneussalonkiel&auml;myksen saamiseksi tarjoamme erilaisia hoitoja p&auml;&auml;st&auml; varpaisiin. Tavoitteena on tarjota asiakkaillemme joustavia, mukavia ja ammattimaisia kauneuspalveluja. Sinua palvelevat kampaajat, kosmetologit, manikyristit ja pedikyristit.<\/p>\n\n\n\n<div style=\"height:15px\" aria-hidden=\"true\" class=\"wp-block-spacer\"><\/div>\n\n\n\n<div class=\"wp-block-buttons alignwide is-content-justification-center is-layout-flex wp-container-core-buttons-is-layout-a89b3969 wp-block-buttons-is-layout-flex\">\n<div class=\"wp-block-button is-style-outline is-style-outline--1\"><a class=\"wp-block-button__link wp-element-button\" href=\"https:\/\/www.viiking.ee\/fi\/kampaamo\/\" title=\"KAMPAAMO\">KAMPAAMO<\/a><\/div>\n\n\n\n<div class=\"wp-block-button is-style-outline is-style-outline--2\"><a class=\"wp-block-button__link wp-element-button\" href=\"https:\/\/www.viiking.ee\/fi\/kosmetologi\/\" title=\"KOSMETOLOGI\">KOSMETOLOGI<\/a><\/div>\n\n\n\n<div class=\"wp-block-button is-style-outline is-style-outline--3\"><a class=\"wp-block-button__link wp-element-button\" href=\"https:\/\/www.viiking.ee\/fi\/kasien-ja-jalkojen-hoidot-kauneushoitolassa\/\" style=\"text-transform:uppercase\" title=\"K&Auml;SIEN JA JALKOJEN HOIDOT\">K&Auml;SIEN JA JALKOJEN HOIDOT<\/a><\/div>\n\n\n\n<div class=\"wp-block-button is-style-outline is-style-outline--4\"><a class=\"wp-block-button__link has-text-align-center wp-element-button\" href=\"https:\/\/www.viiking.ee\/fi\/miehille\/\" style=\"text-transform:uppercase\" title=\"MIEHILLE\">MIEHILLE<\/a><\/div>\n\n\n\n<div class=\"wp-block-button is-style-outline is-style-outline--5\"><a class=\"wp-block-button__link wp-element-button\" href=\"https:\/\/www.viiking.ee\/fi\/lapsille\/\" style=\"text-transform:uppercase\" title=\"LAPSILLE\">LAPSILLE<\/a><\/div>\n<\/div>\n\n\n\n<div style=\"height:15px\" aria-hidden=\"true\" class=\"wp-block-spacer\"><\/div>\n\n\n\n<figure class=\"wp-block-image aligncenter size-full is-resized\"><img loading=\"lazy\" decoding=\"async\" width=\"516\" height=\"266\" src=\"https:\/\/www.viiking.ee\/wp-content\/uploads\/2025\/12\/Viiking-Spa-ilusalongi-logo.jpg\" alt=\"\" class=\"wp-image-1462\" style=\"width:217px;height:auto\" srcset=\"https:\/\/www.viiking.ee\/wp-content\/uploads\/2025\/12\/Viiking-Spa-ilusalongi-logo.jpg 516w, https:\/\/www.viiking.ee\/wp-content\/uploads\/2025\/12\/Viiking-Spa-ilusalongi-logo-300x155.jpg 300w\" sizes=\"auto, (max-width: 516px) 100vw, 516px\" \/><\/figure>\n\n\n\n<div class=\"wp-block-columns alignwide has-background is-layout-flex wp-container-core-columns-is-layout-74d018ca wp-block-columns-is-layout-flex\" style=\"background-color:#e8d9c6;padding-top:var(--wp--preset--spacing--20);padding-right:var(--wp--preset--spacing--20);padding-bottom:var(--wp--preset--spacing--20);padding-left:var(--wp--preset--spacing--20)\">\n<div class=\"wp-block-column animated fadeInLeft delay-100ms slow is-layout-flow wp-block-column-is-layout-flow\" style=\"padding-top:var(--wp--preset--spacing--30);padding-right:var(--wp--preset--spacing--40);padding-bottom:var(--wp--preset--spacing--30);padding-left:var(--wp--preset--spacing--40)\">\n<p>Salongista voi ostaa korkealaatuisia tuotteita iholle, vartalolle ja hiuksille. K&auml;yt&auml;mme sek&auml; hoidoissa ett&auml; my&ouml;s myyntiin ainutlaatuisia ranskalaisen Sothys kosmetiikkasarjan tuotteita, &nbsp;Anesi ja &nbsp;Goldwellin hiustenhoitotuotteita.<\/p>\n\n\n\n<p>Pyrimme jatkuvasti t&auml;ydellisyyteen, jotta pystymme tarjoamaan parasta palvelua.<\/p>\n\n\n\n<p><strong><strong>Aukioloaika<\/strong><\/strong><br>Olemme avoinna Ma&ndash;La E-L 9:00 &ndash; 18:00<\/p>\n\n\n\n<p><strong>Yhteystiedot ja sijainti<\/strong><br>Puhelin:&nbsp;<a href=\"tel:+372%20449%200515\" target=\"_blank\" rel=\"noreferrer noopener\" title=\"+372 449 0510\">+372 449 0510<\/a><br>S&auml;hkoposti:&nbsp;<a href=\"mailto:spaa@viiking.ee\" target=\"_blank\" rel=\"noreferrer noopener\" title=\"spaa@viiking.ee\">spaa@viiking.ee<\/a><\/p>\n\n\n\n<h4 class=\"wp-block-heading\">Sijaitsemme osoitteessa Sadama 15, P&auml;rnu, Viiking Spa -hotellin D-rakennuksen 2. kerroksessa.<\/h4>\n\n\n\n<p>Maksulliseksi pys&auml;k&ouml;innin hotellin alueella ja hotellia ymp&auml;r&ouml;ivill&auml; kaduilla. Lis&auml;tietoja&nbsp;<a href=\"https:\/\/www.viiking.ee\/fi\/pysakointi\/\" title=\"t&auml;&auml;lt&auml;\">t&auml;&auml;lt&auml;<\/a>.<br><\/p>\n<\/div>\n\n\n\n<div class=\"wp-block-column is-vertically-aligned-top animated fadeInRight delay-100ms slow is-layout-flow wp-block-column-is-layout-flow\" style=\"padding-right:0;padding-left:0\">\n<div class=\"wp-block-edhotels-edhotels-slider intro-style-3\" style=\"min-height:450px\"><div data-hash=\"a6rvuyu5u26\" data-autoplay=\"false\" data-apdelay=\"3500\" data-effect=\"slide\" data-loop=\"false\" class=\"swiper-container swiper-intro swiper-intro-a6rvuyu5u26\"><div class=\"swiper-wrapper\">\n<div class=\"wp-block-edhotels-edhotels-slide swiper-slide scalable-img\"><img loading=\"lazy\" decoding=\"async\" width=\"1323\" height=\"1920\" src=\"https:\/\/www.viiking.ee\/wp-content\/uploads\/2025\/11\/Naohooldus.jpg\" alt=\"\" class=\"intro-image wp-image-871\" style=\"object-position:50% 50%\" srcset=\"https:\/\/www.viiking.ee\/wp-content\/uploads\/2025\/11\/Naohooldus.jpg 1323w, https:\/\/www.viiking.ee\/wp-content\/uploads\/2025\/11\/Naohooldus-207x300.jpg 207w, https:\/\/www.viiking.ee\/wp-content\/uploads\/2025\/11\/Naohooldus-706x1024.jpg 706w, https:\/\/www.viiking.ee\/wp-content\/uploads\/2025\/11\/Naohooldus-768x1115.jpg 768w, https:\/\/www.viiking.ee\/wp-content\/uploads\/2025\/11\/Naohooldus-1058x1536.jpg 1058w\" sizes=\"auto, (max-width: 1323px) 100vw, 1323px\" \/><div class=\"intro-style-3-inner\">\n<p class=\"has-text-align-center has-white-color has-text-color\"><\/p>\n<\/div><\/div>\n\n\n\n<div class=\"wp-block-edhotels-edhotels-slide swiper-slide scalable-img\"><img loading=\"lazy\" decoding=\"async\" width=\"1920\" height=\"1280\" src=\"https:\/\/www.viiking.ee\/wp-content\/uploads\/2025\/11\/Kateparafiin.jpg\" alt=\"\" class=\"intro-image wp-image-855\" style=\"object-position:50% 50%\" srcset=\"https:\/\/www.viiking.ee\/wp-content\/uploads\/2025\/11\/Kateparafiin.jpg 1920w, https:\/\/www.viiking.ee\/wp-content\/uploads\/2025\/11\/Kateparafiin-300x200.jpg 300w, https:\/\/www.viiking.ee\/wp-content\/uploads\/2025\/11\/Kateparafiin-1024x683.jpg 1024w, https:\/\/www.viiking.ee\/wp-content\/uploads\/2025\/11\/Kateparafiin-768x512.jpg 768w, https:\/\/www.viiking.ee\/wp-content\/uploads\/2025\/11\/Kateparafiin-1536x1024.jpg 1536w, https:\/\/www.viiking.ee\/wp-content\/uploads\/2025\/11\/Kateparafiin-1568x1045.jpg 1568w\" sizes=\"auto, (max-width: 1920px) 100vw, 1920px\" \/><div class=\"intro-style-3-inner\">\n<p class=\"has-text-align-center has-white-color has-text-color\"><\/p>\n<\/div><\/div>\n\n\n\n<div class=\"wp-block-edhotels-edhotels-slide swiper-slide scalable-img\"><img loading=\"lazy\" decoding=\"async\" width=\"1920\" height=\"1280\" src=\"https:\/\/www.viiking.ee\/wp-content\/uploads\/2025\/11\/Noohooldus_mehele.jpg\" alt=\"\" class=\"intro-image wp-image-875\" style=\"object-position:50% 50%\" srcset=\"https:\/\/www.viiking.ee\/wp-content\/uploads\/2025\/11\/Noohooldus_mehele.jpg 1920w, https:\/\/www.viiking.ee\/wp-content\/uploads\/2025\/11\/Noohooldus_mehele-300x200.jpg 300w, https:\/\/www.viiking.ee\/wp-content\/uploads\/2025\/11\/Noohooldus_mehele-1024x683.jpg 1024w, https:\/\/www.viiking.ee\/wp-content\/uploads\/2025\/11\/Noohooldus_mehele-768x512.jpg 768w, https:\/\/www.viiking.ee\/wp-content\/uploads\/2025\/11\/Noohooldus_mehele-1536x1024.jpg 1536w, https:\/\/www.viiking.ee\/wp-content\/uploads\/2025\/11\/Noohooldus_mehele-1568x1045.jpg 1568w\" sizes=\"auto, (max-width: 1920px) 100vw, 1920px\" \/><div class=\"intro-style-3-inner\">\n<p class=\"has-text-align-center has-white-color has-text-color\"><\/p>\n<\/div><\/div>\n\n\n\n<div class=\"wp-block-edhotels-edhotels-slide swiper-slide scalable-img\"><img loading=\"lazy\" decoding=\"async\" width=\"2560\" height=\"1707\" src=\"https:\/\/www.viiking.ee\/wp-content\/uploads\/2025\/11\/Ilusalong-scaled.jpg\" alt=\"\" class=\"intro-image wp-image-851\" style=\"object-position:50% 50%\" srcset=\"https:\/\/www.viiking.ee\/wp-content\/uploads\/2025\/11\/Ilusalong-scaled.jpg 2560w, https:\/\/www.viiking.ee\/wp-content\/uploads\/2025\/11\/Ilusalong-300x200.jpg 300w, https:\/\/www.viiking.ee\/wp-content\/uploads\/2025\/11\/Ilusalong-1024x683.jpg 1024w, https:\/\/www.viiking.ee\/wp-content\/uploads\/2025\/11\/Ilusalong-768x512.jpg 768w, https:\/\/www.viiking.ee\/wp-content\/uploads\/2025\/11\/Ilusalong-1536x1024.jpg 1536w, https:\/\/www.viiking.ee\/wp-content\/uploads\/2025\/11\/Ilusalong-2048x1365.jpg 2048w, https:\/\/www.viiking.ee\/wp-content\/uploads\/2025\/11\/Ilusalong-1568x1045.jpg 1568w\" sizes=\"auto, (max-width: 2560px) 100vw, 2560px\" \/><div class=\"intro-style-3-inner\">\n<p class=\"has-text-align-center has-white-color has-text-color\"><\/p>\n<\/div><\/div>\n<\/div><div class=\"swiper-pagination swiper-pagination-a6rvuyu5u26\"><\/div><\/div><div class=\"swiper-button-next swiper-button-white normal-slider-next-a6rvuyu5u26\"><\/div><div class=\"swiper-button-prev swiper-button-white normal-slider-prev-a6rvuyu5u26\"><\/div><\/div>\n<\/div>\n<\/div>\n\n\n\n<div style=\"height:15px\" aria-hidden=\"true\" class=\"wp-block-spacer mobile_spacer-0\"><\/div>\n\n\n\n<p><\/p>\n","protected":false},"excerpt":{"rendered":"<p>Stella Kauneussalonki P&auml;rnussa T&auml;ydellisen kauneussalonkiel&auml;myksen saamiseksi tarjoamme erilaisia hoitoja p&auml;&auml;st&auml; varpaisiin. Tavoitteena on tarjota asiakkaillemme joustavia, mukavia ja ammattimaisia kauneuspalveluja. Sinua palvelevat kampaajat, kosmetologit, manikyristit ja pedikyristit. Salongista voi ostaa korkealaatuisia tuotteita iholle, vartalolle ja hiuksille. K&auml;yt&auml;mme sek&auml; hoidoissa ett&auml; my&ouml;s myyntiin ainutlaatuisia ranskalaisen Sothys kosmetiikkasarjan tuotteita, &nbsp;Anesi ja &nbsp;Goldwellin hiustenhoitotuotteita. Pyrimme jatkuvasti t&auml;ydellisyyteen, jotta [&hellip;]<\/p>\n","protected":false},"author":3,"featured_media":0,"parent":0,"menu_order":0,"comment_status":"closed","ping_status":"closed","template":"","meta":{"footnotes":""},"class_list":["post-2820","page","type-page","status-publish","hentry"],"yoast_head":"<!-- This site is optimized with the Yoast SEO plugin v27.4 - https:\/\/yoast.com\/product\/yoast-seo-wordpress\/ -->\n<title>Kauneussalonki P\u00e4rnussa I Viiking Spa Hotelli<\/title>\n<meta name=\"description\" content=\"Kauneushoitola P\u00e4rnussa - Stella kauneussalonki sijaitse P\u00e4rnussa Viiking Spa Hotellissa. Sinua palvelevat kampaajat, kosmetologit, pedikyyri\" \/>\n<meta name=\"robots\" content=\"index, follow, max-snippet:-1, max-image-preview:large, max-video-preview:-1\" \/>\n<link rel=\"canonical\" href=\"https:\/\/www.viiking.ee\/fi\/kauneus\/\" \/>\n<meta property=\"og:locale\" content=\"fi_FI\" \/>\n<meta property=\"og:type\" content=\"article\" \/>\n<meta property=\"og:title\" content=\"Kauneussalonki P\u00e4rnussa I Viiking Spa Hotelli\" \/>\n<meta property=\"og:description\" content=\"Kauneushoitola P\u00e4rnussa - Stella kauneussalonki sijaitse P\u00e4rnussa Viiking Spa Hotellissa. Sinua palvelevat kampaajat, kosmetologit, pedikyyri\" \/>\n<meta property=\"og:url\" content=\"https:\/\/www.viiking.ee\/fi\/kauneus\/\" \/>\n<meta property=\"og:site_name\" content=\"Viiking Spaa Hotell P&auml;rnus\" \/>\n<meta property=\"article:modified_time\" content=\"2026-03-18T13:31:43+00:00\" \/>\n<meta property=\"og:image\" content=\"https:\/\/www.viiking.ee\/wp-content\/uploads\/2025\/11\/Laste_manikuur.jpg\" \/>\n\t<meta property=\"og:image:width\" content=\"1920\" \/>\n\t<meta property=\"og:image:height\" content=\"1280\" \/>\n\t<meta property=\"og:image:type\" content=\"image\/jpeg\" \/>\n<meta name=\"twitter:card\" content=\"summary_large_image\" \/>\n<meta name=\"twitter:label1\" content=\"Arvioitu lukuaika\" \/>\n\t<meta name=\"twitter:data1\" content=\"2 minuuttia\" \/>\n<script type=\"application\/ld+json\" class=\"yoast-schema-graph\">{\"@context\":\"https:\\\/\\\/schema.org\",\"@graph\":[{\"@type\":\"WebPage\",\"@id\":\"https:\\\/\\\/www.viiking.ee\\\/fi\\\/kauneus\\\/\",\"url\":\"https:\\\/\\\/www.viiking.ee\\\/fi\\\/kauneus\\\/\",\"name\":\"Kauneussalonki P\u00e4rnussa I Viiking Spa Hotelli\",\"isPartOf\":{\"@id\":\"https:\\\/\\\/www.viiking.ee\\\/en\\\/#website\"},\"primaryImageOfPage\":{\"@id\":\"https:\\\/\\\/www.viiking.ee\\\/fi\\\/kauneus\\\/#primaryimage\"},\"image\":{\"@id\":\"https:\\\/\\\/www.viiking.ee\\\/fi\\\/kauneus\\\/#primaryimage\"},\"thumbnailUrl\":\"https:\\\/\\\/www.viiking.ee\\\/wp-content\\\/uploads\\\/2025\\\/11\\\/Laste_manikuur.jpg\",\"datePublished\":\"2025-12-10T08:55:04+00:00\",\"dateModified\":\"2026-03-18T13:31:43+00:00\",\"description\":\"Kauneushoitola P\u00e4rnussa - Stella kauneussalonki sijaitse P\u00e4rnussa Viiking Spa Hotellissa. Sinua palvelevat kampaajat, kosmetologit, pedikyyri\",\"breadcrumb\":{\"@id\":\"https:\\\/\\\/www.viiking.ee\\\/fi\\\/kauneus\\\/#breadcrumb\"},\"inLanguage\":\"fi\",\"potentialAction\":[{\"@type\":\"ReadAction\",\"target\":[\"https:\\\/\\\/www.viiking.ee\\\/fi\\\/kauneus\\\/\"]}]},{\"@type\":\"ImageObject\",\"inLanguage\":\"fi\",\"@id\":\"https:\\\/\\\/www.viiking.ee\\\/fi\\\/kauneus\\\/#primaryimage\",\"url\":\"https:\\\/\\\/www.viiking.ee\\\/wp-content\\\/uploads\\\/2025\\\/11\\\/Laste_manikuur.jpg\",\"contentUrl\":\"https:\\\/\\\/www.viiking.ee\\\/wp-content\\\/uploads\\\/2025\\\/11\\\/Laste_manikuur.jpg\"},{\"@type\":\"BreadcrumbList\",\"@id\":\"https:\\\/\\\/www.viiking.ee\\\/fi\\\/kauneus\\\/#breadcrumb\",\"itemListElement\":[{\"@type\":\"ListItem\",\"position\":1,\"name\":\"Home\",\"item\":\"https:\\\/\\\/www.viiking.ee\\\/fi\\\/\"},{\"@type\":\"ListItem\",\"position\":2,\"name\":\"Kauneus\"}]},{\"@type\":\"WebSite\",\"@id\":\"https:\\\/\\\/www.viiking.ee\\\/en\\\/#website\",\"url\":\"https:\\\/\\\/www.viiking.ee\\\/en\\\/\",\"name\":\"Viiking Spaa Hotell P&auml;rnus\",\"description\":\"\",\"potentialAction\":[{\"@type\":\"SearchAction\",\"target\":{\"@type\":\"EntryPoint\",\"urlTemplate\":\"https:\\\/\\\/www.viiking.ee\\\/en\\\/?s={search_term_string}\"},\"query-input\":{\"@type\":\"PropertyValueSpecification\",\"valueRequired\":true,\"valueName\":\"search_term_string\"}}],\"inLanguage\":\"fi\"}]}<\/script>\n<!-- \/ Yoast SEO plugin. -->","yoast_head_json":{"title":"Kauneussalonki P\u00e4rnussa I Viiking Spa Hotelli","description":"Kauneushoitola P\u00e4rnussa - Stella kauneussalonki sijaitse P\u00e4rnussa Viiking Spa Hotellissa. Sinua palvelevat kampaajat, kosmetologit, pedikyyri","robots":{"index":"index","follow":"follow","max-snippet":"max-snippet:-1","max-image-preview":"max-image-preview:large","max-video-preview":"max-video-preview:-1"},"canonical":"https:\/\/www.viiking.ee\/fi\/kauneus\/","og_locale":"fi_FI","og_type":"article","og_title":"Kauneussalonki P\u00e4rnussa I Viiking Spa Hotelli","og_description":"Kauneushoitola P\u00e4rnussa - Stella kauneussalonki sijaitse P\u00e4rnussa Viiking Spa Hotellissa. Sinua palvelevat kampaajat, kosmetologit, pedikyyri","og_url":"https:\/\/www.viiking.ee\/fi\/kauneus\/","og_site_name":"Viiking Spaa Hotell P&auml;rnus","article_modified_time":"2026-03-18T13:31:43+00:00","og_image":[{"width":1920,"height":1280,"url":"https:\/\/www.viiking.ee\/wp-content\/uploads\/2025\/11\/Laste_manikuur.jpg","type":"image\/jpeg"}],"twitter_card":"summary_large_image","twitter_misc":{"Arvioitu lukuaika":"2 minuuttia"},"schema":{"@context":"https:\/\/schema.org","@graph":[{"@type":"WebPage","@id":"https:\/\/www.viiking.ee\/fi\/kauneus\/","url":"https:\/\/www.viiking.ee\/fi\/kauneus\/","name":"Kauneussalonki P\u00e4rnussa I Viiking Spa Hotelli","isPartOf":{"@id":"https:\/\/www.viiking.ee\/en\/#website"},"primaryImageOfPage":{"@id":"https:\/\/www.viiking.ee\/fi\/kauneus\/#primaryimage"},"image":{"@id":"https:\/\/www.viiking.ee\/fi\/kauneus\/#primaryimage"},"thumbnailUrl":"https:\/\/www.viiking.ee\/wp-content\/uploads\/2025\/11\/Laste_manikuur.jpg","datePublished":"2025-12-10T08:55:04+00:00","dateModified":"2026-03-18T13:31:43+00:00","description":"Kauneushoitola P\u00e4rnussa - Stella kauneussalonki sijaitse P\u00e4rnussa Viiking Spa Hotellissa. Sinua palvelevat kampaajat, kosmetologit, pedikyyri","breadcrumb":{"@id":"https:\/\/www.viiking.ee\/fi\/kauneus\/#breadcrumb"},"inLanguage":"fi","potentialAction":[{"@type":"ReadAction","target":["https:\/\/www.viiking.ee\/fi\/kauneus\/"]}]},{"@type":"ImageObject","inLanguage":"fi","@id":"https:\/\/www.viiking.ee\/fi\/kauneus\/#primaryimage","url":"https:\/\/www.viiking.ee\/wp-content\/uploads\/2025\/11\/Laste_manikuur.jpg","contentUrl":"https:\/\/www.viiking.ee\/wp-content\/uploads\/2025\/11\/Laste_manikuur.jpg"},{"@type":"BreadcrumbList","@id":"https:\/\/www.viiking.ee\/fi\/kauneus\/#breadcrumb","itemListElement":[{"@type":"ListItem","position":1,"name":"Home","item":"https:\/\/www.viiking.ee\/fi\/"},{"@type":"ListItem","position":2,"name":"Kauneus"}]},{"@type":"WebSite","@id":"https:\/\/www.viiking.ee\/en\/#website","url":"https:\/\/www.viiking.ee\/en\/","name":"Viiking Spaa Hotell P&auml;rnus","description":"","potentialAction":[{"@type":"SearchAction","target":{"@type":"EntryPoint","urlTemplate":"https:\/\/www.viiking.ee\/en\/?s={search_term_string}"},"query-input":{"@type":"PropertyValueSpecification","valueRequired":true,"valueName":"search_term_string"}}],"inLanguage":"fi"}]}},"_links":{"self":[{"href":"https:\/\/www.viiking.ee\/fi\/wp-json\/wp\/v2\/pages\/2820","targetHints":{"allow":["GET"]}}],"collection":[{"href":"https:\/\/www.viiking.ee\/fi\/wp-json\/wp\/v2\/pages"}],"about":[{"href":"https:\/\/www.viiking.ee\/fi\/wp-json\/wp\/v2\/types\/page"}],"author":[{"embeddable":true,"href":"https:\/\/www.viiking.ee\/fi\/wp-json\/wp\/v2\/users\/3"}],"replies":[{"embeddable":true,"href":"https:\/\/www.viiking.ee\/fi\/wp-json\/wp\/v2\/comments?post=2820"}],"version-history":[{"count":3,"href":"https:\/\/www.viiking.ee\/fi\/wp-json\/wp\/v2\/pages\/2820\/revisions"}],"predecessor-version":[{"id":60332,"href":"https:\/\/www.viiking.ee\/fi\/wp-json\/wp\/v2\/pages\/2820\/revisions\/60332"}],"wp:attachment":[{"href":"https:\/\/www.viiking.ee\/fi\/wp-json\/wp\/v2\/media?parent=2820"}],"curies":[{"name":"wp","href":"https:\/\/api.w.org\/{rel}","templated":true}]}}