{"id":2802,"date":"2025-12-05T10:38:51","date_gmt":"2025-12-05T10:38:51","guid":{"rendered":"https:\/\/viiking.ee\/hoolitsused\/"},"modified":"2026-03-18T13:24:15","modified_gmt":"2026-03-18T13:24:15","slug":"kylpylahoidot","status":"publish","type":"page","link":"https:\/\/www.viiking.ee\/fi\/kylpylahoidot\/","title":{"rendered":"Hoidot"},"content":{"rendered":"<!DOCTYPE html PUBLIC \"-\/\/W3C\/\/DTD HTML 4.0 Transitional\/\/EN\" \"http:\/\/www.w3.org\/TR\/REC-html40\/loose.dtd\">\n<?xml encoding=\"utf-8\" ?><div class=\"wp-block-cover alignfull\"><img loading=\"lazy\" decoding=\"async\" width=\"1920\" height=\"1280\" class=\"wp-block-cover__image-background wp-image-863 size-full\" alt=\"kylpyl&auml;hoidot Viiking Spa Hotellissa\" src=\"https:\/\/www.viiking.ee\/wp-content\/uploads\/2025\/11\/Massaaz.jpg\" style=\"object-position:40% 64%\" data-object-fit=\"cover\" data-object-position=\"40% 64%\" srcset=\"https:\/\/www.viiking.ee\/wp-content\/uploads\/2025\/11\/Massaaz.jpg 1920w, https:\/\/www.viiking.ee\/wp-content\/uploads\/2025\/11\/Massaaz-300x200.jpg 300w, https:\/\/www.viiking.ee\/wp-content\/uploads\/2025\/11\/Massaaz-1024x683.jpg 1024w, https:\/\/www.viiking.ee\/wp-content\/uploads\/2025\/11\/Massaaz-768x512.jpg 768w, https:\/\/www.viiking.ee\/wp-content\/uploads\/2025\/11\/Massaaz-1536x1024.jpg 1536w, https:\/\/www.viiking.ee\/wp-content\/uploads\/2025\/11\/Massaaz-1568x1045.jpg 1568w\" sizes=\"auto, (max-width: 1920px) 100vw, 1920px\" \/><span aria-hidden=\"true\" class=\"wp-block-cover__background has-background-dim-0 has-background-dim\" style=\"background-color:#946558\"><\/span><div class=\"wp-block-cover__inner-container is-layout-flow wp-block-cover-is-layout-flow\">\n<p class=\"has-text-align-center has-large-font-size\"><\/p>\n<\/div><\/div>\n\n\n\n<div style=\"height:30px\" aria-hidden=\"true\" class=\"wp-block-spacer\"><\/div>\n\n\n\n<h1 class=\"wp-block-heading has-text-align-center\">Hoidot<\/h1>\n\n\n\n<p class=\"has-text-align-center\" style=\"font-size:18px;letter-spacing:0.5px\">Rentoutuminen auttaa muuttamaan harmaan arjen v&auml;rikk&auml;&auml;mm&auml;ksi. Olet sen arvoinen! Stressin lievitt&auml;miseksi ja olon kohentamiseksi tarjoamme erilaisia rentouttavia hoitoja &ndash; vartalohoitoja ja kauneushoitoja.<\/p>\n\n\n\n<div style=\"height:15px\" aria-hidden=\"true\" class=\"wp-block-spacer\"><\/div>\n\n\n\n<div class=\"wp-block-buttons alignwide is-content-justification-center is-layout-flex wp-container-core-buttons-is-layout-a89b3969 wp-block-buttons-is-layout-flex\">\n<div class=\"wp-block-button is-style-outline is-style-outline--1\"><a class=\"wp-block-button__link wp-element-button\" href=\"https:\/\/www.viiking.ee\/fi\/kasien-ja-jalkojen-hoidot\/\" title=\"K&Auml;SIEN JA JALKOJEN HOIDOT\">K&Auml;SIEN JA JALKOJEN HOIDOT<\/a><\/div>\n\n\n\n<div class=\"wp-block-button is-style-outline is-style-outline--2\"><a class=\"wp-block-button__link wp-element-button\" href=\"https:\/\/www.viiking.ee\/fi\/kylvyt\/\" title=\"KYLVYT\">KYLVYT<\/a><\/div>\n\n\n\n<div class=\"wp-block-button is-style-outline is-style-outline--3\"><a class=\"wp-block-button__link wp-element-button\" href=\"https:\/\/www.viiking.ee\/fi\/hieronnat\/\" style=\"text-transform:uppercase\" title=\"HIERONNAT\">HIERONNAT<\/a><\/div>\n\n\n\n<div class=\"wp-block-button is-style-outline is-style-outline--4\"><a class=\"wp-block-button__link has-text-align-center wp-element-button\" href=\"https:\/\/www.viiking.ee\/fi\/vartalonhoidot\/\" style=\"text-transform:uppercase\" title=\"VARTALONHOIDOT\">VARTALONHOIDOT<\/a><\/div>\n<\/div>\n\n\n\n<div style=\"height:15px\" aria-hidden=\"true\" class=\"wp-block-spacer\"><\/div>\n\n\n\n<div class=\"wp-block-columns alignwide has-background is-layout-flex wp-container-core-columns-is-layout-74d018ca wp-block-columns-is-layout-flex\" style=\"background-color:#e8d9c6;padding-top:var(--wp--preset--spacing--20);padding-right:var(--wp--preset--spacing--20);padding-bottom:var(--wp--preset--spacing--20);padding-left:var(--wp--preset--spacing--20)\">\n<div class=\"wp-block-column animated fadeInLeft delay-100ms slow is-layout-flow wp-block-column-is-layout-flow\" style=\"padding-top:var(--wp--preset--spacing--30);padding-right:var(--wp--preset--spacing--40);padding-bottom:var(--wp--preset--spacing--30);padding-left:var(--wp--preset--spacing--40)\">\n<h3 class=\"wp-block-heading\">Kuntoutus &ndash; huoltaa omaa terveytt&auml;!<\/h3>\n\n\n\n<p>Tarjoamme hyv&auml;&auml; valikoimaa klassisia kuntoutushoitoja &ndash; erilaisia hierontalajeja, vesihoitoa, liikuntahoitoa, s&auml;hk&ouml;hoitoa, l&auml;mp&ouml;- ja kylm&auml;hoitoa.<\/p>\n\n\n\n<h3 class=\"wp-block-heading\">Rentoutushoidot<\/h3>\n\n\n\n<p>Jotta vapautua stressist&auml; ja parantaa vointia, tarjoamme erilaisia rentouttavia hoitoja &ndash; vibroakustinen tuoli, hierontatuoli.<\/p>\n\n\n\n<p><strong>Varaaminen <\/strong>:&nbsp;<a href=\"tel:+3724490510\" target=\"_blank\" rel=\"noreferrer noopener\" title=\"+372 449 0510\">+372 449 0510<\/a>&nbsp;\/ <a href=\"tel:37253813281\" target=\"_blank\" rel=\"noreferrer noopener\" title=\"+372 5381 3281\">+372 5381 3281<\/a><a href=\"mailto:spaa@viiking.ee\" target=\"_blank\" rel=\"noreferrer noopener\" title=\" \"> <\/a>tai<a href=\"mailto:spaa@viiking.ee\" target=\"_blank\" rel=\"noreferrer noopener\" title=\" spaa@viiking.ee\"> spaa@viiking.ee<\/a><\/p>\n<\/div>\n\n\n\n<div class=\"wp-block-column is-vertically-aligned-top animated fadeInRight delay-100ms slow is-layout-flow wp-block-column-is-layout-flow\" style=\"padding-right:0;padding-left:0\">\n<div class=\"wp-block-edhotels-edhotels-slider intro-style-3\" style=\"min-height:450px\"><div data-hash=\"a6rvuyu5u26\" data-autoplay=\"false\" data-apdelay=\"3500\" data-effect=\"slide\" data-loop=\"false\" class=\"swiper-container swiper-intro swiper-intro-a6rvuyu5u26\"><div class=\"swiper-wrapper\">\n<div class=\"wp-block-edhotels-edhotels-slide swiper-slide scalable-img\"><img loading=\"lazy\" decoding=\"async\" width=\"1920\" height=\"1280\" src=\"https:\/\/www.viiking.ee\/wp-content\/uploads\/2025\/11\/Vannihooldus.jpg\" alt=\"\" class=\"intro-image wp-image-879\" style=\"object-position:50% 50%\" srcset=\"https:\/\/www.viiking.ee\/wp-content\/uploads\/2025\/11\/Vannihooldus.jpg 1920w, https:\/\/www.viiking.ee\/wp-content\/uploads\/2025\/11\/Vannihooldus-300x200.jpg 300w, https:\/\/www.viiking.ee\/wp-content\/uploads\/2025\/11\/Vannihooldus-1024x683.jpg 1024w, https:\/\/www.viiking.ee\/wp-content\/uploads\/2025\/11\/Vannihooldus-768x512.jpg 768w, https:\/\/www.viiking.ee\/wp-content\/uploads\/2025\/11\/Vannihooldus-1536x1024.jpg 1536w, https:\/\/www.viiking.ee\/wp-content\/uploads\/2025\/11\/Vannihooldus-1568x1045.jpg 1568w\" sizes=\"auto, (max-width: 1920px) 100vw, 1920px\" \/><div class=\"intro-style-3-inner\">\n<p class=\"has-text-align-center has-white-color has-text-color\"><\/p>\n<\/div><\/div>\n\n\n\n<div class=\"wp-block-edhotels-edhotels-slide swiper-slide scalable-img\"><img loading=\"lazy\" decoding=\"async\" width=\"1323\" height=\"1920\" src=\"https:\/\/www.viiking.ee\/wp-content\/uploads\/2025\/11\/Naohooldus.jpg\" alt=\"\" class=\"intro-image wp-image-871\" style=\"object-position:50% 50%\" srcset=\"https:\/\/www.viiking.ee\/wp-content\/uploads\/2025\/11\/Naohooldus.jpg 1323w, https:\/\/www.viiking.ee\/wp-content\/uploads\/2025\/11\/Naohooldus-207x300.jpg 207w, https:\/\/www.viiking.ee\/wp-content\/uploads\/2025\/11\/Naohooldus-706x1024.jpg 706w, https:\/\/www.viiking.ee\/wp-content\/uploads\/2025\/11\/Naohooldus-768x1115.jpg 768w, https:\/\/www.viiking.ee\/wp-content\/uploads\/2025\/11\/Naohooldus-1058x1536.jpg 1058w\" sizes=\"auto, (max-width: 1323px) 100vw, 1323px\" \/><div class=\"intro-style-3-inner\">\n<p class=\"has-text-align-center has-white-color has-text-color\"><\/p>\n<\/div><\/div>\n\n\n\n<div class=\"wp-block-edhotels-edhotels-slide swiper-slide scalable-img\"><img loading=\"lazy\" decoding=\"async\" width=\"1920\" height=\"1280\" src=\"https:\/\/www.viiking.ee\/wp-content\/uploads\/2025\/11\/Kateparafiin.jpg\" alt=\"\" class=\"intro-image wp-image-855\" style=\"object-position:50% 50%\" srcset=\"https:\/\/www.viiking.ee\/wp-content\/uploads\/2025\/11\/Kateparafiin.jpg 1920w, https:\/\/www.viiking.ee\/wp-content\/uploads\/2025\/11\/Kateparafiin-300x200.jpg 300w, https:\/\/www.viiking.ee\/wp-content\/uploads\/2025\/11\/Kateparafiin-1024x683.jpg 1024w, https:\/\/www.viiking.ee\/wp-content\/uploads\/2025\/11\/Kateparafiin-768x512.jpg 768w, https:\/\/www.viiking.ee\/wp-content\/uploads\/2025\/11\/Kateparafiin-1536x1024.jpg 1536w, https:\/\/www.viiking.ee\/wp-content\/uploads\/2025\/11\/Kateparafiin-1568x1045.jpg 1568w\" sizes=\"auto, (max-width: 1920px) 100vw, 1920px\" \/><div class=\"intro-style-3-inner\">\n<p class=\"has-text-align-center has-white-color has-text-color\"><\/p>\n<\/div><\/div>\n\n\n\n<div class=\"wp-block-edhotels-edhotels-slide swiper-slide scalable-img\"><img loading=\"lazy\" decoding=\"async\" width=\"1920\" height=\"1280\" src=\"https:\/\/www.viiking.ee\/wp-content\/uploads\/2025\/11\/Noohooldus_mehele.jpg\" alt=\"\" class=\"intro-image wp-image-875\" style=\"object-position:50% 50%\" srcset=\"https:\/\/www.viiking.ee\/wp-content\/uploads\/2025\/11\/Noohooldus_mehele.jpg 1920w, https:\/\/www.viiking.ee\/wp-content\/uploads\/2025\/11\/Noohooldus_mehele-300x200.jpg 300w, https:\/\/www.viiking.ee\/wp-content\/uploads\/2025\/11\/Noohooldus_mehele-1024x683.jpg 1024w, https:\/\/www.viiking.ee\/wp-content\/uploads\/2025\/11\/Noohooldus_mehele-768x512.jpg 768w, https:\/\/www.viiking.ee\/wp-content\/uploads\/2025\/11\/Noohooldus_mehele-1536x1024.jpg 1536w, https:\/\/www.viiking.ee\/wp-content\/uploads\/2025\/11\/Noohooldus_mehele-1568x1045.jpg 1568w\" sizes=\"auto, (max-width: 1920px) 100vw, 1920px\" \/><div class=\"intro-style-3-inner\">\n<p class=\"has-text-align-center has-white-color has-text-color\"><\/p>\n<\/div><\/div>\n<\/div><div class=\"swiper-pagination swiper-pagination-a6rvuyu5u26\"><\/div><\/div><div class=\"swiper-button-next swiper-button-white normal-slider-next-a6rvuyu5u26\"><\/div><div class=\"swiper-button-prev swiper-button-white normal-slider-prev-a6rvuyu5u26\"><\/div><\/div>\n<\/div>\n<\/div>\n\n\n\n<div style=\"height:15px\" aria-hidden=\"true\" class=\"wp-block-spacer mobile_spacer-0\"><\/div>\n\n\n\n<div class=\"wp-block-group alignwide is-content-justification-center is-nowrap is-layout-flex wp-container-core-group-is-layout-23441af8 wp-block-group-is-layout-flex\">\n<div class=\"wp-block-columns is-layout-flex wp-container-core-columns-is-layout-28f84493 wp-block-columns-is-layout-flex\">\n<div class=\"wp-block-column is-layout-flow wp-block-column-is-layout-flow\" style=\"flex-basis:40%\">\n<figure class=\"wp-block-image aligncenter size-full is-resized\"><img loading=\"lazy\" decoding=\"async\" width=\"768\" height=\"373\" src=\"https:\/\/www.viiking.ee\/wp-content\/uploads\/2025\/12\/espal_logo_cmyk_NEW-768x373-1.jpg\" alt=\"\" class=\"wp-image-1266\" style=\"width:150px\" srcset=\"https:\/\/www.viiking.ee\/wp-content\/uploads\/2025\/12\/espal_logo_cmyk_NEW-768x373-1.jpg 768w, https:\/\/www.viiking.ee\/wp-content\/uploads\/2025\/12\/espal_logo_cmyk_NEW-768x373-1-300x146.jpg 300w\" sizes=\"auto, (max-width: 768px) 100vw, 768px\" \/><\/figure>\n<\/div>\n\n\n\n<div class=\"wp-block-column is-vertically-aligned-center is-layout-flow wp-block-column-is-layout-flow\" style=\"flex-basis:80%\">\n<p><a href=\"http:\/\/www.estonianspas.eu\/fi\/\" target=\"_blank\" rel=\"noreferrer noopener\" title=\"Viron kylpyl&auml;liitto\">Viron kylpyl&auml;liitto<\/a>&nbsp;on Viiking Spa Hotellille my&ouml;nt&auml;nyt hoitokylpyl&auml;n luokan.<\/p>\n<\/div>\n<\/div>\n\n\n\n<div style=\"height:15px;width:0px\" aria-hidden=\"true\" class=\"wp-block-spacer wp-container-content-42c95ffb\"><\/div>\n<\/div>\n\n\n\n<div style=\"height:15px\" aria-hidden=\"true\" class=\"wp-block-spacer\"><\/div>\n\n\n\n<p><\/p>\n","protected":false},"excerpt":{"rendered":"<p>Hoidot Rentoutuminen auttaa muuttamaan harmaan arjen v&auml;rikk&auml;&auml;mm&auml;ksi. Olet sen arvoinen! Stressin lievitt&auml;miseksi ja olon kohentamiseksi tarjoamme erilaisia rentouttavia hoitoja &ndash; vartalohoitoja ja kauneushoitoja. Kuntoutus &ndash; huoltaa omaa terveytt&auml;! Tarjoamme hyv&auml;&auml; valikoimaa klassisia kuntoutushoitoja &ndash; erilaisia hierontalajeja, vesihoitoa, liikuntahoitoa, s&auml;hk&ouml;hoitoa, l&auml;mp&ouml;- ja kylm&auml;hoitoa. Rentoutushoidot Jotta vapautua stressist&auml; ja parantaa vointia, tarjoamme erilaisia rentouttavia hoitoja &ndash; vibroakustinen [&hellip;]<\/p>\n","protected":false},"author":3,"featured_media":0,"parent":0,"menu_order":0,"comment_status":"closed","ping_status":"closed","template":"","meta":{"footnotes":""},"class_list":["post-2802","page","type-page","status-publish","hentry"],"yoast_head":"<!-- This site is optimized with the Yoast SEO plugin v27.4 - https:\/\/yoast.com\/product\/yoast-seo-wordpress\/ -->\n<title>Kylpyl\u00e4hoidot P\u00e4rnussa | Viiking Spa Hotelli P\u00e4rnussa, Viro<\/title>\n<meta name=\"description\" content=\"Kylpyl\u00e4hoidot Viiking Spa Hotellissa. Tarjoamme erilaisia hierontalajeja, vesihoitoa, liikuntahoitoa, s\u00e4hk\u00f6hoitoa, l\u00e4mp\u00f6- ja kylm\u00e4hoitoa.\" \/>\n<meta name=\"robots\" content=\"index, follow, max-snippet:-1, max-image-preview:large, max-video-preview:-1\" \/>\n<link rel=\"canonical\" href=\"https:\/\/www.viiking.ee\/fi\/kylpylahoidot\/\" \/>\n<meta property=\"og:locale\" content=\"fi_FI\" \/>\n<meta property=\"og:type\" content=\"article\" \/>\n<meta property=\"og:title\" content=\"Kylpyl\u00e4hoidot P\u00e4rnussa | Viiking Spa Hotelli P\u00e4rnussa, Viro\" \/>\n<meta property=\"og:description\" content=\"Kylpyl\u00e4hoidot Viiking Spa Hotellissa. Tarjoamme erilaisia hierontalajeja, vesihoitoa, liikuntahoitoa, s\u00e4hk\u00f6hoitoa, l\u00e4mp\u00f6- ja kylm\u00e4hoitoa.\" \/>\n<meta property=\"og:url\" content=\"https:\/\/www.viiking.ee\/fi\/kylpylahoidot\/\" \/>\n<meta property=\"og:site_name\" content=\"Viiking Spaa Hotell P&auml;rnus\" \/>\n<meta property=\"article:modified_time\" content=\"2026-03-18T13:24:15+00:00\" \/>\n<meta property=\"og:image\" content=\"https:\/\/www.viiking.ee\/wp-content\/uploads\/2025\/11\/Massaaz.jpg\" \/>\n\t<meta property=\"og:image:width\" content=\"1920\" \/>\n\t<meta property=\"og:image:height\" content=\"1280\" \/>\n\t<meta property=\"og:image:type\" content=\"image\/jpeg\" \/>\n<meta name=\"twitter:card\" content=\"summary_large_image\" \/>\n<meta name=\"twitter:label1\" content=\"Arvioitu lukuaika\" \/>\n\t<meta name=\"twitter:data1\" content=\"2 minuuttia\" \/>\n<script type=\"application\/ld+json\" class=\"yoast-schema-graph\">{\"@context\":\"https:\\\/\\\/schema.org\",\"@graph\":[{\"@type\":\"WebPage\",\"@id\":\"https:\\\/\\\/www.viiking.ee\\\/fi\\\/kylpylahoidot\\\/\",\"url\":\"https:\\\/\\\/www.viiking.ee\\\/fi\\\/kylpylahoidot\\\/\",\"name\":\"Kylpyl\u00e4hoidot P\u00e4rnussa | Viiking Spa Hotelli P\u00e4rnussa, Viro\",\"isPartOf\":{\"@id\":\"https:\\\/\\\/www.viiking.ee\\\/en\\\/#website\"},\"primaryImageOfPage\":{\"@id\":\"https:\\\/\\\/www.viiking.ee\\\/fi\\\/kylpylahoidot\\\/#primaryimage\"},\"image\":{\"@id\":\"https:\\\/\\\/www.viiking.ee\\\/fi\\\/kylpylahoidot\\\/#primaryimage\"},\"thumbnailUrl\":\"https:\\\/\\\/www.viiking.ee\\\/wp-content\\\/uploads\\\/2025\\\/11\\\/Massaaz.jpg\",\"datePublished\":\"2025-12-05T10:38:51+00:00\",\"dateModified\":\"2026-03-18T13:24:15+00:00\",\"description\":\"Kylpyl\u00e4hoidot Viiking Spa Hotellissa. Tarjoamme erilaisia hierontalajeja, vesihoitoa, liikuntahoitoa, s\u00e4hk\u00f6hoitoa, l\u00e4mp\u00f6- ja kylm\u00e4hoitoa.\",\"breadcrumb\":{\"@id\":\"https:\\\/\\\/www.viiking.ee\\\/fi\\\/kylpylahoidot\\\/#breadcrumb\"},\"inLanguage\":\"fi\",\"potentialAction\":[{\"@type\":\"ReadAction\",\"target\":[\"https:\\\/\\\/www.viiking.ee\\\/fi\\\/kylpylahoidot\\\/\"]}]},{\"@type\":\"ImageObject\",\"inLanguage\":\"fi\",\"@id\":\"https:\\\/\\\/www.viiking.ee\\\/fi\\\/kylpylahoidot\\\/#primaryimage\",\"url\":\"https:\\\/\\\/www.viiking.ee\\\/wp-content\\\/uploads\\\/2025\\\/11\\\/Massaaz.jpg\",\"contentUrl\":\"https:\\\/\\\/www.viiking.ee\\\/wp-content\\\/uploads\\\/2025\\\/11\\\/Massaaz.jpg\"},{\"@type\":\"BreadcrumbList\",\"@id\":\"https:\\\/\\\/www.viiking.ee\\\/fi\\\/kylpylahoidot\\\/#breadcrumb\",\"itemListElement\":[{\"@type\":\"ListItem\",\"position\":1,\"name\":\"Home\",\"item\":\"https:\\\/\\\/www.viiking.ee\\\/fi\\\/\"},{\"@type\":\"ListItem\",\"position\":2,\"name\":\"Hoidot\"}]},{\"@type\":\"WebSite\",\"@id\":\"https:\\\/\\\/www.viiking.ee\\\/en\\\/#website\",\"url\":\"https:\\\/\\\/www.viiking.ee\\\/en\\\/\",\"name\":\"Viiking Spaa Hotell P&auml;rnus\",\"description\":\"\",\"potentialAction\":[{\"@type\":\"SearchAction\",\"target\":{\"@type\":\"EntryPoint\",\"urlTemplate\":\"https:\\\/\\\/www.viiking.ee\\\/en\\\/?s={search_term_string}\"},\"query-input\":{\"@type\":\"PropertyValueSpecification\",\"valueRequired\":true,\"valueName\":\"search_term_string\"}}],\"inLanguage\":\"fi\"}]}<\/script>\n<!-- \/ Yoast SEO plugin. -->","yoast_head_json":{"title":"Kylpyl\u00e4hoidot P\u00e4rnussa | Viiking Spa Hotelli P\u00e4rnussa, Viro","description":"Kylpyl\u00e4hoidot Viiking Spa Hotellissa. Tarjoamme erilaisia hierontalajeja, vesihoitoa, liikuntahoitoa, s\u00e4hk\u00f6hoitoa, l\u00e4mp\u00f6- ja kylm\u00e4hoitoa.","robots":{"index":"index","follow":"follow","max-snippet":"max-snippet:-1","max-image-preview":"max-image-preview:large","max-video-preview":"max-video-preview:-1"},"canonical":"https:\/\/www.viiking.ee\/fi\/kylpylahoidot\/","og_locale":"fi_FI","og_type":"article","og_title":"Kylpyl\u00e4hoidot P\u00e4rnussa | Viiking Spa Hotelli P\u00e4rnussa, Viro","og_description":"Kylpyl\u00e4hoidot Viiking Spa Hotellissa. Tarjoamme erilaisia hierontalajeja, vesihoitoa, liikuntahoitoa, s\u00e4hk\u00f6hoitoa, l\u00e4mp\u00f6- ja kylm\u00e4hoitoa.","og_url":"https:\/\/www.viiking.ee\/fi\/kylpylahoidot\/","og_site_name":"Viiking Spaa Hotell P&auml;rnus","article_modified_time":"2026-03-18T13:24:15+00:00","og_image":[{"width":1920,"height":1280,"url":"https:\/\/www.viiking.ee\/wp-content\/uploads\/2025\/11\/Massaaz.jpg","type":"image\/jpeg"}],"twitter_card":"summary_large_image","twitter_misc":{"Arvioitu lukuaika":"2 minuuttia"},"schema":{"@context":"https:\/\/schema.org","@graph":[{"@type":"WebPage","@id":"https:\/\/www.viiking.ee\/fi\/kylpylahoidot\/","url":"https:\/\/www.viiking.ee\/fi\/kylpylahoidot\/","name":"Kylpyl\u00e4hoidot P\u00e4rnussa | Viiking Spa Hotelli P\u00e4rnussa, Viro","isPartOf":{"@id":"https:\/\/www.viiking.ee\/en\/#website"},"primaryImageOfPage":{"@id":"https:\/\/www.viiking.ee\/fi\/kylpylahoidot\/#primaryimage"},"image":{"@id":"https:\/\/www.viiking.ee\/fi\/kylpylahoidot\/#primaryimage"},"thumbnailUrl":"https:\/\/www.viiking.ee\/wp-content\/uploads\/2025\/11\/Massaaz.jpg","datePublished":"2025-12-05T10:38:51+00:00","dateModified":"2026-03-18T13:24:15+00:00","description":"Kylpyl\u00e4hoidot Viiking Spa Hotellissa. Tarjoamme erilaisia hierontalajeja, vesihoitoa, liikuntahoitoa, s\u00e4hk\u00f6hoitoa, l\u00e4mp\u00f6- ja kylm\u00e4hoitoa.","breadcrumb":{"@id":"https:\/\/www.viiking.ee\/fi\/kylpylahoidot\/#breadcrumb"},"inLanguage":"fi","potentialAction":[{"@type":"ReadAction","target":["https:\/\/www.viiking.ee\/fi\/kylpylahoidot\/"]}]},{"@type":"ImageObject","inLanguage":"fi","@id":"https:\/\/www.viiking.ee\/fi\/kylpylahoidot\/#primaryimage","url":"https:\/\/www.viiking.ee\/wp-content\/uploads\/2025\/11\/Massaaz.jpg","contentUrl":"https:\/\/www.viiking.ee\/wp-content\/uploads\/2025\/11\/Massaaz.jpg"},{"@type":"BreadcrumbList","@id":"https:\/\/www.viiking.ee\/fi\/kylpylahoidot\/#breadcrumb","itemListElement":[{"@type":"ListItem","position":1,"name":"Home","item":"https:\/\/www.viiking.ee\/fi\/"},{"@type":"ListItem","position":2,"name":"Hoidot"}]},{"@type":"WebSite","@id":"https:\/\/www.viiking.ee\/en\/#website","url":"https:\/\/www.viiking.ee\/en\/","name":"Viiking Spaa Hotell P&auml;rnus","description":"","potentialAction":[{"@type":"SearchAction","target":{"@type":"EntryPoint","urlTemplate":"https:\/\/www.viiking.ee\/en\/?s={search_term_string}"},"query-input":{"@type":"PropertyValueSpecification","valueRequired":true,"valueName":"search_term_string"}}],"inLanguage":"fi"}]}},"_links":{"self":[{"href":"https:\/\/www.viiking.ee\/fi\/wp-json\/wp\/v2\/pages\/2802","targetHints":{"allow":["GET"]}}],"collection":[{"href":"https:\/\/www.viiking.ee\/fi\/wp-json\/wp\/v2\/pages"}],"about":[{"href":"https:\/\/www.viiking.ee\/fi\/wp-json\/wp\/v2\/types\/page"}],"author":[{"embeddable":true,"href":"https:\/\/www.viiking.ee\/fi\/wp-json\/wp\/v2\/users\/3"}],"replies":[{"embeddable":true,"href":"https:\/\/www.viiking.ee\/fi\/wp-json\/wp\/v2\/comments?post=2802"}],"version-history":[{"count":4,"href":"https:\/\/www.viiking.ee\/fi\/wp-json\/wp\/v2\/pages\/2802\/revisions"}],"predecessor-version":[{"id":60328,"href":"https:\/\/www.viiking.ee\/fi\/wp-json\/wp\/v2\/pages\/2802\/revisions\/60328"}],"wp:attachment":[{"href":"https:\/\/www.viiking.ee\/fi\/wp-json\/wp\/v2\/media?parent=2802"}],"curies":[{"name":"wp","href":"https:\/\/api.w.org\/{rel}","templated":true}]}}