{"id":2584,"date":"2025-12-05T10:13:25","date_gmt":"2025-12-05T10:13:25","guid":{"rendered":"https:\/\/viiking.ee\/viiking-saaga-vee-ja-saunakeskuse-hea-tava\/"},"modified":"2026-01-14T11:24:12","modified_gmt":"2026-01-14T11:24:12","slug":"viiking-saaga-vesi-ja-saunakeskuksen-ohjeet-ja-saannot","status":"publish","type":"page","link":"https:\/\/www.viiking.ee\/fi\/viiking-saaga-vesi-ja-saunakeskuksen-ohjeet-ja-saannot\/","title":{"rendered":"&#8221;Viiking Saaga&#8221; vesi- ja saunakeskuksen ohjeet ja s\u00e4\u00e4nn\u00f6t"},"content":{"rendered":"<!DOCTYPE html PUBLIC \"-\/\/W3C\/\/DTD HTML 4.0 Transitional\/\/EN\" \"http:\/\/www.w3.org\/TR\/REC-html40\/loose.dtd\">\n<?xml encoding=\"utf-8\" ?><div class=\"wp-block-cover alignfull is-light\"><img loading=\"lazy\" decoding=\"async\" width=\"2048\" height=\"1365\" class=\"wp-block-cover__image-background wp-image-823 size-full\" alt=\"\" src=\"https:\/\/www.viiking.ee\/wp-content\/uploads\/2025\/11\/Veekeskus_viiking_spaa.jpg\" data-object-fit=\"cover\" srcset=\"https:\/\/www.viiking.ee\/wp-content\/uploads\/2025\/11\/Veekeskus_viiking_spaa.jpg 2048w, https:\/\/www.viiking.ee\/wp-content\/uploads\/2025\/11\/Veekeskus_viiking_spaa-300x200.jpg 300w, https:\/\/www.viiking.ee\/wp-content\/uploads\/2025\/11\/Veekeskus_viiking_spaa-1024x683.jpg 1024w, https:\/\/www.viiking.ee\/wp-content\/uploads\/2025\/11\/Veekeskus_viiking_spaa-768x512.jpg 768w, https:\/\/www.viiking.ee\/wp-content\/uploads\/2025\/11\/Veekeskus_viiking_spaa-1536x1024.jpg 1536w, https:\/\/www.viiking.ee\/wp-content\/uploads\/2025\/11\/Veekeskus_viiking_spaa-1568x1045.jpg 1568w\" sizes=\"auto, (max-width: 2048px) 100vw, 2048px\" \/><span aria-hidden=\"true\" class=\"wp-block-cover__background has-background-dim-0 has-background-dim\" style=\"background-color:#659196\"><\/span><div class=\"wp-block-cover__inner-container is-layout-flow wp-block-cover-is-layout-flow\">\n<p class=\"has-text-align-center has-large-font-size\"><\/p>\n<\/div><\/div>\n\n\n\n<div style=\"height:30px\" aria-hidden=\"true\" class=\"wp-block-spacer mobile-spacer-10\"><\/div>\n\n\n\n<h1 class=\"wp-block-heading has-text-align-center\">&rdquo;Viiking Saaga&rdquo; vesi- ja saunakeskuksen ohjeet ja s&auml;&auml;nn&ouml;t<\/h1>\n\n\n\n<div class=\"wp-block-columns alignwide has-background is-layout-flex wp-container-core-columns-is-layout-9e359a8c wp-block-columns-is-layout-flex\" style=\"background-color:#e8d9c6;padding-top:var(--wp--preset--spacing--60);padding-right:var(--wp--preset--spacing--40);padding-bottom:var(--wp--preset--spacing--60);padding-left:var(--wp--preset--spacing--40)\">\n<div class=\"wp-block-column is-layout-flow wp-block-column-is-layout-flow\" style=\"padding-right:var(--wp--preset--spacing--30);padding-left:var(--wp--preset--spacing--30)\">\n<ul class=\"wp-block-list\">\n<li>Viiking Saaga vesi- ja saunakeskuksessa asiakasta odotetaan ja kunnioitetaan. Toivomme Sinultakin samanlaista suhtautumista sek&auml; palveluhenkil&ouml;kuntaan ett&auml; my&ouml;s muihin asiakkaisiin, joiden kanssa nautit vesi- ja saunakeskuksesta.<\/li>\n\n\n\n<li>Ostamalla vesi- ja saunakeskuksen lipun vahvistat samalla, ett&auml; taitosi ja kuntosi ovat riitt&auml;v&auml;n hyvi&auml; erilaisten saunojemme ja altaidemme k&auml;ytt&auml;miseen. Vesipuistossa ja saunakeskuksessa ei ole pelastushenkil&ouml;st&ouml;&auml; p&auml;ivystyksess&auml;! Altaiden ja saunojen k&auml;ytt&ouml; omalla vastuulla!<\/li>\n\n\n\n<li>Lipun lunastettuaan saat kassalta rannekkeen, jolla p&auml;&auml;set turvaoven l&auml;pi. Ranneke rekister&ouml;i my&ouml;s vesikeskuksessa oleskelusi ajan, vesikeskuksen baarista suoritetut ostokset, aukaisee ja sulkee pukukaappisi.<\/li>\n\n\n\n<li>Alennuslippuja ostettaessa pyyd&auml;mme esitt&auml;m&auml;&auml;n alennukseen oikeuttavan kortin tai asiapaperin ennen oston suorittamista. My&ouml;hemmin esitetyt vaatimukset j&auml;tet&auml;&auml;n huomiotta. 7-14 v. lapsille lippuja ostettaessa pyyd&auml;mme esitt&auml;m&auml;&auml;n i&auml;n todistamiseen sopivan asiapaperin. El&auml;kel&auml;isi&auml; pyyd&auml;mme esitt&auml;m&auml;&auml;n Viron Tasavallan el&auml;ketodistuksen. Alennuslipuille ei my&ouml;nnet&auml; lis&auml;alennuksia.<\/li>\n\n\n\n<li>Alle 15-vuotiaat lapset p&auml;&auml;sev&auml;t vesi- ja saunakeskukseen ainoastaan aikuisen seurassa.<\/li>\n\n\n\n<li>Alle 6-vuotiaat lapset p&auml;&auml;sev&auml;t keskukseen sis&auml;&auml;n ilmaiseksi lipun lunastaneen aikuisen seurassa ja k&auml;ytt&auml;v&auml;t h&auml;nen kanssaan samaa pukukaappia.<\/li>\n\n\n\n<li>Ole hyv&auml; ja j&auml;t&auml; lastenvaunut vesipuiston ja saunakeskuksen ulkopuolelle.<\/li>\n\n\n\n<li>Arvoesineet, dokumentit ynn&auml; muun arvokkaan pyyd&auml;mme j&auml;tt&auml;m&auml;&auml;n vesi- ja saunakeskuksen lippukassalla olevaan tallelokeroon. AS Taastusravikeskus Viiking ei vastaa ilman valvontaa j&auml;tetyist&auml; henkil&ouml;kohtaisista ja arvoesineist&auml;.<\/li>\n\n\n\n<li>Rannekkeen katoamisesta ja\/tai rikkomisesta perit&auml;&auml;n korvausta 25 euroa. Jottei ranneke joutuisi hukkaan, kiinnit&auml; se k&auml;teen n&auml;kyv&auml;lle paikalle.<\/li>\n\n\n\n<li>Palauta ranneke l&auml;htiess&auml; ja suorita maksu mahdollisista ostoista.<\/li>\n\n\n\n<li>Viiking Saaga vesi- ja saunakeskuksen vierailuaika on kolme tuntia. Vierailuajan laskenta alkaa lipun lunastushetkest&auml;.<\/li>\n\n\n\n<li>Seuraa vierailuaikaasi vesikeskuksen pukuhuoneessa olevasta ajan&auml;yt&ouml;st&auml;. Ajan ylityksest&auml; perit&auml;&auml;n lis&auml;maksu 0,20 &euro; \/ min.<\/li>\n\n\n\n<li>Aamutakkeja ja saunapyyhkeit&auml; vuokrataan vesi- ja saunakeskuksen lippukassalta. Aamutakin vuokra on 3 euroa ja saunapyyhkeen vuokra 3 euroa. Pyyd&auml;mme ne l&auml;htiess&auml; palauttamaan lippukassalle.<\/li>\n\n\n\n<li>Pyyd&auml;mme ottamaan jalkineet pois pukuhuoneeseen ment&auml;ess&auml;.<\/li>\n\n\n\n<li>Pukeutumistilat ovat miehille ja naisille yhteiset. Vaatteiden vaihtamista varten pyyd&auml;mme k&auml;ytt&auml;m&auml;&auml;n asianmukaisia pukukoppeja.<\/li>\n\n\n\n<li>Ennen sauna- ja vesikeskukseen menemist&auml; tulee peseyty&auml;! Peseydy ehdottomasti ilman uimavaatteita ja poista kasvoiltasi meikki. Suosittelemme peseytymist&auml; my&ouml;s uinnin j&auml;lkeen<\/li>\n\n\n\n<li>Enint&auml;&auml;n 7-vuotiaat lapset (my&ouml;s 7-vuotiaat) voivat olla vastakkaisen sukupuolen pesutilassa vain vanhemman tai t&auml;ysi-ik&auml;isen saattajan seurassa.<\/li>\n<\/ul>\n<\/div>\n\n\n\n<div class=\"wp-block-column is-layout-flow wp-block-column-is-layout-flow\" style=\"padding-right:var(--wp--preset--spacing--30);padding-left:var(--wp--preset--spacing--30)\">\n<ul class=\"wp-block-list\">\n<li>Saunoissa on erilaisten vartalonhoitoaineiden (hunaja, kuorintavoiteet, aromiaineet yms.) k&auml;ytt&ouml; ehdottomasti kielletty.<\/li>\n\n\n\n<li>Hiusten v&auml;rj&auml;ys ja ihokarvojen poisto on vesi- ja saunakeskuksessa kielletty.<\/li>\n\n\n\n<li>Valitse omaa uimataitoasi ja terveydentilaasi vastaava ja sopivan syvyinen allas ja saunat. Huonon olon sattuessa pyyd&auml; apua henkil&ouml;kunnalta.<\/li>\n\n\n\n<li>Liiku sauna- ja allaskeskuksen tiloissa ja portailla rauhallisesti v&auml;ltty&auml;kseen kaatumisilta ja loukkaantumisilta. M&auml;rk&auml; lattia on liukas ja m&auml;r&auml;ll&auml; lattialla juokseminen on vaarallista sek&auml; Sinulle ett&auml; muille vierailijoille.<\/li>\n\n\n\n<li>Altaisiin hypp&auml;&auml;minen on ehdottomasti kielletty!<\/li>\n\n\n\n<li>Noudata vesi- ja saunakeskuksessa olevia merkkej&auml; ja kylttej&auml;.<\/li>\n\n\n\n<li>AS Taastusravikeskus Viiking ei vastaa vierailijalle huolimattomuuden takia aiheutuneista loukkaantumisista tai muista terveyshaitoista eik&auml; korvaa siit&auml; aiheutuneita vahinkoja.<\/li>\n\n\n\n<li>Arvostaakseen yhdess&auml; vietetty&auml; aikaa, voivat miehet ja naiset k&auml;yd&auml; saunoissamme yhdess&auml;. Sen takia on uintivaatteiden k&auml;ytt&ouml; saunoissa ja altaissa (my&ouml;s pikkulapsilla) pakollista.&nbsp;Uimavaipat ovat pakollisia alle 3-vuotiaille lapsille. Uimavaipat ovat myynniss&auml; vesi- ja saunakeskuksen lipunmyynniss&auml;.<\/li>\n\n\n\n<li>Tunnet olosi varmasti raikkaammaksi, kun k&auml;yt suihkussa saunassa hikoilun j&auml;lkeen.<\/li>\n\n\n\n<li>Pyyd&auml;mme valvomaan lapsia ja niiden toimintaa sauna- ja allaskeskuksessa. Liian paljon vapautta voi lapsille olla ep&auml;turvallista ja h&auml;irit&auml; my&ouml;s muita vierailijoita.<\/li>\n\n\n\n<li>Vesikeskuksessa olevasta baarista voidaan ostaa erilaisia juomia ja naposteltavaa. Palvellakseen vierailijoita paremmin olemme kehitt&auml;neet rannekkeet, joihin tallennetaan suorittamiesi ostojen tiedot ja maksaminen tapahtuu saunakeskuksesta poistuessa vesi- ja saunakeskuksen lippukassalla.<\/li>\n\n\n\n<li>Ruokien ja juomien tuominen saunoihin ja altaille on kielletty.<\/li>\n\n\n\n<li>Kuvaaminen ja valokuvaaminen Viiking Saaga vesi- ja saunakeskuksessa on kielletty ilman AS Taastusravikeskus Viikingin lupaa.<\/li>\n\n\n\n<li>Kun otat kuvia itsest&auml;si tai perheenj&auml;senist&auml;si, varmista, ettei muita k&auml;vij&ouml;it&auml; n&auml;y taustalla.<br>Saunoissa ja pukuhuoneissa kuvaaminen ja videointi eiv&auml;t ole sallittuja, koska k&auml;vij&ouml;ill&auml; on oikeus yksityisyyteen n&auml;iss&auml; tiloissa.<\/li>\n\n\n\n<li>Vierailijoiden turvallisuuden takaamiseksi on koko vesi- ja saunakeskus varustettu videovalvontaj&auml;rjestelm&auml;ll&auml;. Odotamme Sinun k&auml;ytt&auml;ytyv&auml;n julkisessa paikassa itse&auml;si ja muita asiakkaita kunnioittavasti!<\/li>\n\n\n\n<li>Tupakointi, v&auml;kijuomien sek&auml; huumeiden k&auml;ytt&ouml; on vesi- ja saunakeskuksessa ankarasti kielletty.<\/li>\n\n\n\n<li>Henkil&ouml;kunnalla on oikeus kielt&auml;yty&auml; palvelemasta alkoholin tai huumausaineiden vaikutuksen alaista asiakasta, mit&auml;t&ouml;id&auml; p&auml;ihtyneen asiakkaan lippu ilman hyvityst&auml; ja kutsua turvamiehet paikalle.<\/li>\n\n\n\n<li>Vesi- ja saunakeskuksen laitteet suljetaan Su-To 20:45 \/ Pe, La 21:45, vesi- ja saunakeskus suljetaan Su-To 21:00 \/ Pe, La 22:00.<\/li>\n\n\n\n<li>Vesi- ja saunakeskukseen unohdettuja esineit&auml; s&auml;ilytet&auml;&auml;n 1 kuukausi.<\/li>\n<\/ul>\n<\/div>\n<\/div>\n\n\n\n<div style=\"height:15px\" aria-hidden=\"true\" class=\"wp-block-spacer mobile-spacer-5\"><\/div>\n","protected":false},"excerpt":{"rendered":"<p>&rdquo;Viiking Saaga&rdquo; vesi- ja saunakeskuksen ohjeet ja s&auml;&auml;nn&ouml;t<\/p>\n","protected":false},"author":3,"featured_media":0,"parent":0,"menu_order":0,"comment_status":"closed","ping_status":"closed","template":"","meta":{"footnotes":""},"class_list":["post-2584","page","type-page","status-publish","hentry"],"yoast_head":"<!-- This site is optimized with the Yoast SEO plugin v27.4 - https:\/\/yoast.com\/product\/yoast-seo-wordpress\/ -->\n<title>&quot;Viiking Saaga&quot; vesi- ja saunakeskuksen ohjeet ja s\u00e4\u00e4nn\u00f6t - Viiking Spaa Hotell P&auml;rnus<\/title>\n<meta name=\"robots\" content=\"index, follow, max-snippet:-1, max-image-preview:large, max-video-preview:-1\" \/>\n<link rel=\"canonical\" href=\"https:\/\/www.viiking.ee\/fi\/viiking-saaga-vesi-ja-saunakeskuksen-ohjeet-ja-saannot\/\" \/>\n<meta property=\"og:locale\" content=\"fi_FI\" \/>\n<meta property=\"og:type\" content=\"article\" \/>\n<meta property=\"og:title\" content=\"&quot;Viiking Saaga&quot; vesi- ja saunakeskuksen ohjeet ja s\u00e4\u00e4nn\u00f6t - Viiking Spaa Hotell P&auml;rnus\" \/>\n<meta property=\"og:description\" content=\"&rdquo;Viiking Saaga&rdquo; vesi- ja saunakeskuksen ohjeet ja s&auml;&auml;nn&ouml;t\" \/>\n<meta property=\"og:url\" content=\"https:\/\/www.viiking.ee\/fi\/viiking-saaga-vesi-ja-saunakeskuksen-ohjeet-ja-saannot\/\" \/>\n<meta property=\"og:site_name\" content=\"Viiking Spaa Hotell P&auml;rnus\" \/>\n<meta property=\"article:modified_time\" content=\"2026-01-14T11:24:12+00:00\" \/>\n<meta property=\"og:image\" content=\"https:\/\/www.viiking.ee\/wp-content\/uploads\/2025\/11\/Veekeskus_viiking_spaa.jpg\" \/>\n<meta name=\"twitter:card\" content=\"summary_large_image\" \/>\n<meta name=\"twitter:label1\" content=\"Arvioitu lukuaika\" \/>\n\t<meta name=\"twitter:data1\" content=\"4 minuuttia\" \/>\n<script type=\"application\/ld+json\" class=\"yoast-schema-graph\">{\"@context\":\"https:\\\/\\\/schema.org\",\"@graph\":[{\"@type\":\"WebPage\",\"@id\":\"https:\\\/\\\/www.viiking.ee\\\/fi\\\/viiking-saaga-vesi-ja-saunakeskuksen-ohjeet-ja-saannot\\\/\",\"url\":\"https:\\\/\\\/www.viiking.ee\\\/fi\\\/viiking-saaga-vesi-ja-saunakeskuksen-ohjeet-ja-saannot\\\/\",\"name\":\"\\\"Viiking Saaga\\\" vesi- ja saunakeskuksen ohjeet ja s\u00e4\u00e4nn\u00f6t - Viiking Spaa Hotell P&auml;rnus\",\"isPartOf\":{\"@id\":\"https:\\\/\\\/www.viiking.ee\\\/en\\\/#website\"},\"primaryImageOfPage\":{\"@id\":\"https:\\\/\\\/www.viiking.ee\\\/fi\\\/viiking-saaga-vesi-ja-saunakeskuksen-ohjeet-ja-saannot\\\/#primaryimage\"},\"image\":{\"@id\":\"https:\\\/\\\/www.viiking.ee\\\/fi\\\/viiking-saaga-vesi-ja-saunakeskuksen-ohjeet-ja-saannot\\\/#primaryimage\"},\"thumbnailUrl\":\"https:\\\/\\\/www.viiking.ee\\\/wp-content\\\/uploads\\\/2025\\\/11\\\/Veekeskus_viiking_spaa.jpg\",\"datePublished\":\"2025-12-05T10:13:25+00:00\",\"dateModified\":\"2026-01-14T11:24:12+00:00\",\"breadcrumb\":{\"@id\":\"https:\\\/\\\/www.viiking.ee\\\/fi\\\/viiking-saaga-vesi-ja-saunakeskuksen-ohjeet-ja-saannot\\\/#breadcrumb\"},\"inLanguage\":\"fi\",\"potentialAction\":[{\"@type\":\"ReadAction\",\"target\":[\"https:\\\/\\\/www.viiking.ee\\\/fi\\\/viiking-saaga-vesi-ja-saunakeskuksen-ohjeet-ja-saannot\\\/\"]}]},{\"@type\":\"ImageObject\",\"inLanguage\":\"fi\",\"@id\":\"https:\\\/\\\/www.viiking.ee\\\/fi\\\/viiking-saaga-vesi-ja-saunakeskuksen-ohjeet-ja-saannot\\\/#primaryimage\",\"url\":\"https:\\\/\\\/www.viiking.ee\\\/wp-content\\\/uploads\\\/2025\\\/11\\\/Veekeskus_viiking_spaa.jpg\",\"contentUrl\":\"https:\\\/\\\/www.viiking.ee\\\/wp-content\\\/uploads\\\/2025\\\/11\\\/Veekeskus_viiking_spaa.jpg\"},{\"@type\":\"BreadcrumbList\",\"@id\":\"https:\\\/\\\/www.viiking.ee\\\/fi\\\/viiking-saaga-vesi-ja-saunakeskuksen-ohjeet-ja-saannot\\\/#breadcrumb\",\"itemListElement\":[{\"@type\":\"ListItem\",\"position\":1,\"name\":\"Home\",\"item\":\"https:\\\/\\\/www.viiking.ee\\\/fi\\\/\"},{\"@type\":\"ListItem\",\"position\":2,\"name\":\"&#8221;Viiking Saaga&#8221; vesi- ja saunakeskuksen ohjeet ja s\u00e4\u00e4nn\u00f6t\"}]},{\"@type\":\"WebSite\",\"@id\":\"https:\\\/\\\/www.viiking.ee\\\/en\\\/#website\",\"url\":\"https:\\\/\\\/www.viiking.ee\\\/en\\\/\",\"name\":\"Viiking Spaa Hotell P&auml;rnus\",\"description\":\"\",\"potentialAction\":[{\"@type\":\"SearchAction\",\"target\":{\"@type\":\"EntryPoint\",\"urlTemplate\":\"https:\\\/\\\/www.viiking.ee\\\/en\\\/?s={search_term_string}\"},\"query-input\":{\"@type\":\"PropertyValueSpecification\",\"valueRequired\":true,\"valueName\":\"search_term_string\"}}],\"inLanguage\":\"fi\"}]}<\/script>\n<!-- \/ Yoast SEO plugin. -->","yoast_head_json":{"title":"\"Viiking Saaga\" vesi- ja saunakeskuksen ohjeet ja s\u00e4\u00e4nn\u00f6t - Viiking Spaa Hotell P&auml;rnus","robots":{"index":"index","follow":"follow","max-snippet":"max-snippet:-1","max-image-preview":"max-image-preview:large","max-video-preview":"max-video-preview:-1"},"canonical":"https:\/\/www.viiking.ee\/fi\/viiking-saaga-vesi-ja-saunakeskuksen-ohjeet-ja-saannot\/","og_locale":"fi_FI","og_type":"article","og_title":"\"Viiking Saaga\" vesi- ja saunakeskuksen ohjeet ja s\u00e4\u00e4nn\u00f6t - Viiking Spaa Hotell P&auml;rnus","og_description":"&rdquo;Viiking Saaga&rdquo; vesi- ja saunakeskuksen ohjeet ja s&auml;&auml;nn&ouml;t","og_url":"https:\/\/www.viiking.ee\/fi\/viiking-saaga-vesi-ja-saunakeskuksen-ohjeet-ja-saannot\/","og_site_name":"Viiking Spaa Hotell P&auml;rnus","article_modified_time":"2026-01-14T11:24:12+00:00","og_image":[{"url":"https:\/\/www.viiking.ee\/wp-content\/uploads\/2025\/11\/Veekeskus_viiking_spaa.jpg","type":"","width":"","height":""}],"twitter_card":"summary_large_image","twitter_misc":{"Arvioitu lukuaika":"4 minuuttia"},"schema":{"@context":"https:\/\/schema.org","@graph":[{"@type":"WebPage","@id":"https:\/\/www.viiking.ee\/fi\/viiking-saaga-vesi-ja-saunakeskuksen-ohjeet-ja-saannot\/","url":"https:\/\/www.viiking.ee\/fi\/viiking-saaga-vesi-ja-saunakeskuksen-ohjeet-ja-saannot\/","name":"\"Viiking Saaga\" vesi- ja saunakeskuksen ohjeet ja s\u00e4\u00e4nn\u00f6t - Viiking Spaa Hotell P&auml;rnus","isPartOf":{"@id":"https:\/\/www.viiking.ee\/en\/#website"},"primaryImageOfPage":{"@id":"https:\/\/www.viiking.ee\/fi\/viiking-saaga-vesi-ja-saunakeskuksen-ohjeet-ja-saannot\/#primaryimage"},"image":{"@id":"https:\/\/www.viiking.ee\/fi\/viiking-saaga-vesi-ja-saunakeskuksen-ohjeet-ja-saannot\/#primaryimage"},"thumbnailUrl":"https:\/\/www.viiking.ee\/wp-content\/uploads\/2025\/11\/Veekeskus_viiking_spaa.jpg","datePublished":"2025-12-05T10:13:25+00:00","dateModified":"2026-01-14T11:24:12+00:00","breadcrumb":{"@id":"https:\/\/www.viiking.ee\/fi\/viiking-saaga-vesi-ja-saunakeskuksen-ohjeet-ja-saannot\/#breadcrumb"},"inLanguage":"fi","potentialAction":[{"@type":"ReadAction","target":["https:\/\/www.viiking.ee\/fi\/viiking-saaga-vesi-ja-saunakeskuksen-ohjeet-ja-saannot\/"]}]},{"@type":"ImageObject","inLanguage":"fi","@id":"https:\/\/www.viiking.ee\/fi\/viiking-saaga-vesi-ja-saunakeskuksen-ohjeet-ja-saannot\/#primaryimage","url":"https:\/\/www.viiking.ee\/wp-content\/uploads\/2025\/11\/Veekeskus_viiking_spaa.jpg","contentUrl":"https:\/\/www.viiking.ee\/wp-content\/uploads\/2025\/11\/Veekeskus_viiking_spaa.jpg"},{"@type":"BreadcrumbList","@id":"https:\/\/www.viiking.ee\/fi\/viiking-saaga-vesi-ja-saunakeskuksen-ohjeet-ja-saannot\/#breadcrumb","itemListElement":[{"@type":"ListItem","position":1,"name":"Home","item":"https:\/\/www.viiking.ee\/fi\/"},{"@type":"ListItem","position":2,"name":"&#8221;Viiking Saaga&#8221; vesi- ja saunakeskuksen ohjeet ja s\u00e4\u00e4nn\u00f6t"}]},{"@type":"WebSite","@id":"https:\/\/www.viiking.ee\/en\/#website","url":"https:\/\/www.viiking.ee\/en\/","name":"Viiking Spaa Hotell P&auml;rnus","description":"","potentialAction":[{"@type":"SearchAction","target":{"@type":"EntryPoint","urlTemplate":"https:\/\/www.viiking.ee\/en\/?s={search_term_string}"},"query-input":{"@type":"PropertyValueSpecification","valueRequired":true,"valueName":"search_term_string"}}],"inLanguage":"fi"}]}},"_links":{"self":[{"href":"https:\/\/www.viiking.ee\/fi\/wp-json\/wp\/v2\/pages\/2584","targetHints":{"allow":["GET"]}}],"collection":[{"href":"https:\/\/www.viiking.ee\/fi\/wp-json\/wp\/v2\/pages"}],"about":[{"href":"https:\/\/www.viiking.ee\/fi\/wp-json\/wp\/v2\/types\/page"}],"author":[{"embeddable":true,"href":"https:\/\/www.viiking.ee\/fi\/wp-json\/wp\/v2\/users\/3"}],"replies":[{"embeddable":true,"href":"https:\/\/www.viiking.ee\/fi\/wp-json\/wp\/v2\/comments?post=2584"}],"version-history":[{"count":1,"href":"https:\/\/www.viiking.ee\/fi\/wp-json\/wp\/v2\/pages\/2584\/revisions"}],"predecessor-version":[{"id":2588,"href":"https:\/\/www.viiking.ee\/fi\/wp-json\/wp\/v2\/pages\/2584\/revisions\/2588"}],"wp:attachment":[{"href":"https:\/\/www.viiking.ee\/fi\/wp-json\/wp\/v2\/media?parent=2584"}],"curies":[{"name":"wp","href":"https:\/\/api.w.org\/{rel}","templated":true}]}}