{"id":2621,"date":"2025-12-10T14:11:31","date_gmt":"2025-12-10T14:11:31","guid":{"rendered":"https:\/\/viiking.ee\/seminar\/"},"modified":"2026-03-11T13:43:10","modified_gmt":"2026-03-11T13:43:10","slug":"conference","status":"publish","type":"page","link":"https:\/\/www.viiking.ee\/en\/conference\/","title":{"rendered":"Conference"},"content":{"rendered":"<!DOCTYPE html PUBLIC \"-\/\/W3C\/\/DTD HTML 4.0 Transitional\/\/EN\" \"http:\/\/www.w3.org\/TR\/REC-html40\/loose.dtd\">\n<?xml encoding=\"utf-8\" ?><div class=\"wp-block-cover alignfull is-light\"><img loading=\"lazy\" decoding=\"async\" width=\"1920\" height=\"1280\" class=\"wp-block-cover__image-background wp-image-679 size-full\" alt=\"Conference in P&auml;rnu in Viiking Spa Hotel\" src=\"https:\/\/www.viiking.ee\/wp-content\/uploads\/2025\/11\/Victoria_saal_viiking_spaa.jpg\" data-object-fit=\"cover\" srcset=\"https:\/\/www.viiking.ee\/wp-content\/uploads\/2025\/11\/Victoria_saal_viiking_spaa.jpg 1920w, https:\/\/www.viiking.ee\/wp-content\/uploads\/2025\/11\/Victoria_saal_viiking_spaa-300x200.jpg 300w, https:\/\/www.viiking.ee\/wp-content\/uploads\/2025\/11\/Victoria_saal_viiking_spaa-1024x683.jpg 1024w, https:\/\/www.viiking.ee\/wp-content\/uploads\/2025\/11\/Victoria_saal_viiking_spaa-768x512.jpg 768w, https:\/\/www.viiking.ee\/wp-content\/uploads\/2025\/11\/Victoria_saal_viiking_spaa-1536x1024.jpg 1536w, https:\/\/www.viiking.ee\/wp-content\/uploads\/2025\/11\/Victoria_saal_viiking_spaa-1568x1045.jpg 1568w\" sizes=\"auto, (max-width: 1920px) 100vw, 1920px\" \/><span aria-hidden=\"true\" class=\"wp-block-cover__background has-background-dim-0 has-background-dim\"><\/span><div class=\"wp-block-cover__inner-container is-layout-flow wp-block-cover-is-layout-flow\">\n<p class=\"has-text-align-center has-large-font-size\"><\/p>\n<\/div><\/div>\n\n\n\n<div style=\"height:30px\" aria-hidden=\"true\" class=\"wp-block-spacer mobile-spacer-10\"><\/div>\n\n\n\n<h1 class=\"wp-block-heading has-text-align-center\" style=\"font-size:55px;letter-spacing:1px\">Conference in P&auml;rnu<\/h1>\n\n\n\n<p class=\"has-text-align-center\" style=\"font-size:18px;letter-spacing:0.5px\">Spa hotel Viiking enables you to organise seminars, trainings and meetings in a different atmosphere.<\/p>\n\n\n\n<p class=\"has-text-align-center\" style=\"font-size:18px;letter-spacing:0.5px\">Seminar centre consists of two seminar rooms of different size &ndash; Victoria and Christina. Two rooms seat altogether 120 people. Both rooms have the equipment necessary for holding seminars and meetings.<\/p>\n\n\n\n<div style=\"height:15px\" aria-hidden=\"true\" class=\"wp-block-spacer mobile-spacer-5\"><\/div>\n\n\n\n<div class=\"wp-block-buttons is-content-justification-center is-layout-flex wp-container-core-buttons-is-layout-a89b3969 wp-block-buttons-is-layout-flex\">\n<div class=\"wp-block-button is-style-outline is-style-outline--1\"><a class=\"wp-block-button__link wp-element-button\" href=\"https:\/\/www.viiking.ee\/en\/meeting-room\/\" title=\"MEETING ROOM\">MEETING ROOM<\/a><\/div>\n\n\n\n<div class=\"wp-block-button is-style-outline is-style-outline--2\"><a class=\"wp-block-button__link wp-element-button\" href=\"https:\/\/www.viiking.ee\/en\/price-list-capacity\/\" title=\"PRICE LIST AND CAPACITY\">PRICE LIST AND CAPACITY<\/a><\/div>\n\n\n\n<div class=\"wp-block-button is-style-outline is-style-outline--3\"><a class=\"wp-block-button__link wp-element-button\" href=\"https:\/\/www.viiking.ee\/en\/send-request\/\" title=\"SEND REQUEST\">SEND REQUEST<\/a><\/div>\n<\/div>\n\n\n\n<div style=\"height:15px\" aria-hidden=\"true\" class=\"wp-block-spacer mobile-spacer-10\"><\/div>\n\n\n\n<div class=\"wp-block-columns alignwide has-beige-background-color has-background is-layout-flex wp-container-core-columns-is-layout-0d2466c3 wp-block-columns-is-layout-flex\" style=\"padding-top:var(--wp--preset--spacing--20);padding-right:var(--wp--preset--spacing--20);padding-bottom:var(--wp--preset--spacing--20);padding-left:var(--wp--preset--spacing--20)\">\n<div class=\"wp-block-column animated fadeInLeft delay-100ms slow is-layout-flow wp-block-column-is-layout-flow\" style=\"padding-top:var(--wp--preset--spacing--40);padding-right:var(--wp--preset--spacing--40);padding-bottom:var(--wp--preset--spacing--40);padding-left:var(--wp--preset--spacing--40)\">\n<p>We offer an opportunity to combine pleasure with work &ndash; according to the customers&rsquo; wishes it is possible to combine seminar services both with relaxing and treatment procedures and health surveys.<\/p>\n\n\n\n<p>We put seminar packages together on an individual basis according to customer requirements. You can choose various menus from our&nbsp;<a href=\"https:\/\/www.viiking.ee\/en\/group-menu\/\" title=\"group menus\">group menus<\/a>&nbsp;and&nbsp;<a href=\"https:\/\/www.viiking.ee\/en\/coffee-break\/\" title=\"coffee breaks&rsquo;\">coffee breaks&rsquo;<\/a>&nbsp;menus.<\/p>\n\n\n\n<h3 class=\"wp-block-heading\">Equipment of seminar facilities<\/h3>\n\n\n\n<ul class=\"wp-block-list\">\n<li>paper board and markers<\/li>\n\n\n\n<li>magnetic board<\/li>\n\n\n\n<li>data projector<\/li>\n\n\n\n<li>internet connection and WiFi<\/li>\n\n\n\n<li>piano (in Victoria hall)<\/li>\n<\/ul>\n<\/div>\n\n\n\n<div class=\"wp-block-column animated fadeInRight delay-100ms slow is-layout-flow wp-block-column-is-layout-flow\">\n<figure class=\"wp-block-image size-large\"><img loading=\"lazy\" decoding=\"async\" width=\"1024\" height=\"683\" src=\"https:\/\/www.viiking.ee\/wp-content\/uploads\/2025\/11\/Seminarisal_christina_Viiking_hotell-1024x683.jpg\" alt=\"Conference in P&auml;rnu in Viiking Spa Hotel\" class=\"wp-image-671\" srcset=\"https:\/\/www.viiking.ee\/wp-content\/uploads\/2025\/11\/Seminarisal_christina_Viiking_hotell-1024x683.jpg 1024w, https:\/\/www.viiking.ee\/wp-content\/uploads\/2025\/11\/Seminarisal_christina_Viiking_hotell-300x200.jpg 300w, https:\/\/www.viiking.ee\/wp-content\/uploads\/2025\/11\/Seminarisal_christina_Viiking_hotell-768x512.jpg 768w, https:\/\/www.viiking.ee\/wp-content\/uploads\/2025\/11\/Seminarisal_christina_Viiking_hotell-1536x1024.jpg 1536w, https:\/\/www.viiking.ee\/wp-content\/uploads\/2025\/11\/Seminarisal_christina_Viiking_hotell-1568x1045.jpg 1568w, https:\/\/www.viiking.ee\/wp-content\/uploads\/2025\/11\/Seminarisal_christina_Viiking_hotell.jpg 1920w\" sizes=\"auto, (max-width: 1024px) 100vw, 1024px\" \/><\/figure>\n<\/div>\n<\/div>\n\n\n\n<div style=\"height:15px\" aria-hidden=\"true\" class=\"wp-block-spacer mobile-spacer-10\"><\/div>\n\n\n\n<h2 class=\"wp-block-heading has-text-align-center\">Gallery<\/h2>\n\n\n\n<div class=\"wp-block-columns alignwide has-beige-background-color has-background is-layout-flex wp-container-core-columns-is-layout-0d2466c3 wp-block-columns-is-layout-flex\" style=\"padding-top:var(--wp--preset--spacing--20);padding-right:var(--wp--preset--spacing--20);padding-bottom:var(--wp--preset--spacing--20);padding-left:var(--wp--preset--spacing--20)\">\n<div class=\"wp-block-column is-layout-flow wp-block-column-is-layout-flow\">\n<figure class=\"wp-block-gallery has-nested-images columns-default is-cropped wp-block-gallery-4 is-layout-flex wp-block-gallery-is-layout-flex\">\n<figure class=\"wp-block-image size-large\"><a href=\"https:\/\/www.viiking.ee\/wp-content\/uploads\/2025\/11\/Seminarisal_christina_Viiking_hotell.jpg\" title=\"\"><img loading=\"lazy\" decoding=\"async\" width=\"1024\" height=\"683\" data-id=\"671\" src=\"https:\/\/www.viiking.ee\/wp-content\/uploads\/2025\/11\/Seminarisal_christina_Viiking_hotell-1024x683.jpg\" alt=\"Conference rooms in P&auml;rnu in Viiking Spa Hotel\" class=\"wp-image-671\" srcset=\"https:\/\/www.viiking.ee\/wp-content\/uploads\/2025\/11\/Seminarisal_christina_Viiking_hotell-1024x683.jpg 1024w, https:\/\/www.viiking.ee\/wp-content\/uploads\/2025\/11\/Seminarisal_christina_Viiking_hotell-300x200.jpg 300w, https:\/\/www.viiking.ee\/wp-content\/uploads\/2025\/11\/Seminarisal_christina_Viiking_hotell-768x512.jpg 768w, https:\/\/www.viiking.ee\/wp-content\/uploads\/2025\/11\/Seminarisal_christina_Viiking_hotell-1536x1024.jpg 1536w, https:\/\/www.viiking.ee\/wp-content\/uploads\/2025\/11\/Seminarisal_christina_Viiking_hotell-1568x1045.jpg 1568w, https:\/\/www.viiking.ee\/wp-content\/uploads\/2025\/11\/Seminarisal_christina_Viiking_hotell.jpg 1920w\" sizes=\"auto, (max-width: 1024px) 100vw, 1024px\" \/><\/a><\/figure>\n\n\n\n<figure class=\"wp-block-image size-large\"><a href=\"https:\/\/www.viiking.ee\/wp-content\/uploads\/2025\/11\/Seminariruum_christina_veranda.jpg\" title=\"\"><img loading=\"lazy\" decoding=\"async\" width=\"1024\" height=\"683\" data-id=\"667\" src=\"https:\/\/www.viiking.ee\/wp-content\/uploads\/2025\/11\/Seminariruum_christina_veranda-1024x683.jpg\" alt=\"Conference in P&auml;rnu in Viiking Spa Hotel\" class=\"wp-image-667\" srcset=\"https:\/\/www.viiking.ee\/wp-content\/uploads\/2025\/11\/Seminariruum_christina_veranda-1024x683.jpg 1024w, https:\/\/www.viiking.ee\/wp-content\/uploads\/2025\/11\/Seminariruum_christina_veranda-300x200.jpg 300w, https:\/\/www.viiking.ee\/wp-content\/uploads\/2025\/11\/Seminariruum_christina_veranda-768x512.jpg 768w, https:\/\/www.viiking.ee\/wp-content\/uploads\/2025\/11\/Seminariruum_christina_veranda-1536x1024.jpg 1536w, https:\/\/www.viiking.ee\/wp-content\/uploads\/2025\/11\/Seminariruum_christina_veranda-1568x1045.jpg 1568w, https:\/\/www.viiking.ee\/wp-content\/uploads\/2025\/11\/Seminariruum_christina_veranda.jpg 1920w\" sizes=\"auto, (max-width: 1024px) 100vw, 1024px\" \/><\/a><\/figure>\n\n\n\n<figure class=\"wp-block-image size-large\"><a href=\"https:\/\/www.viiking.ee\/wp-content\/uploads\/2025\/11\/Seminarihall_viiking_spaas-1.jpg\" title=\"\"><img loading=\"lazy\" decoding=\"async\" width=\"1024\" height=\"683\" data-id=\"663\" src=\"https:\/\/www.viiking.ee\/wp-content\/uploads\/2025\/11\/Seminarihall_viiking_spaas-1-1024x683.jpg\" alt=\"Conference rooms in P&auml;rnu in Viiking Spa Hotel\" class=\"wp-image-663\" srcset=\"https:\/\/www.viiking.ee\/wp-content\/uploads\/2025\/11\/Seminarihall_viiking_spaas-1-1024x683.jpg 1024w, https:\/\/www.viiking.ee\/wp-content\/uploads\/2025\/11\/Seminarihall_viiking_spaas-1-300x200.jpg 300w, https:\/\/www.viiking.ee\/wp-content\/uploads\/2025\/11\/Seminarihall_viiking_spaas-1-768x512.jpg 768w, https:\/\/www.viiking.ee\/wp-content\/uploads\/2025\/11\/Seminarihall_viiking_spaas-1-1536x1024.jpg 1536w, https:\/\/www.viiking.ee\/wp-content\/uploads\/2025\/11\/Seminarihall_viiking_spaas-1-1568x1045.jpg 1568w, https:\/\/www.viiking.ee\/wp-content\/uploads\/2025\/11\/Seminarihall_viiking_spaas-1.jpg 1920w\" sizes=\"auto, (max-width: 1024px) 100vw, 1024px\" \/><\/a><\/figure>\n\n\n\n<figure class=\"wp-block-image size-large\"><a href=\"https:\/\/www.viiking.ee\/wp-content\/uploads\/2025\/11\/Seminarihall-2.jpg\" title=\"\"><img loading=\"lazy\" decoding=\"async\" width=\"1024\" height=\"683\" data-id=\"655\" src=\"https:\/\/www.viiking.ee\/wp-content\/uploads\/2025\/11\/Seminarihall-2-1024x683.jpg\" alt=\"\" class=\"wp-image-655\" srcset=\"https:\/\/www.viiking.ee\/wp-content\/uploads\/2025\/11\/Seminarihall-2-1024x683.jpg 1024w, https:\/\/www.viiking.ee\/wp-content\/uploads\/2025\/11\/Seminarihall-2-300x200.jpg 300w, https:\/\/www.viiking.ee\/wp-content\/uploads\/2025\/11\/Seminarihall-2-768x512.jpg 768w, https:\/\/www.viiking.ee\/wp-content\/uploads\/2025\/11\/Seminarihall-2-1536x1024.jpg 1536w, https:\/\/www.viiking.ee\/wp-content\/uploads\/2025\/11\/Seminarihall-2-1568x1045.jpg 1568w, https:\/\/www.viiking.ee\/wp-content\/uploads\/2025\/11\/Seminarihall-2.jpg 1920w\" sizes=\"auto, (max-width: 1024px) 100vw, 1024px\" \/><\/a><\/figure>\n\n\n\n<figure class=\"wp-block-image size-large\"><a href=\"https:\/\/www.viiking.ee\/wp-content\/uploads\/2025\/11\/Christina_seminarisaal.jpg\" title=\"\"><img loading=\"lazy\" decoding=\"async\" width=\"1024\" height=\"683\" data-id=\"651\" src=\"https:\/\/www.viiking.ee\/wp-content\/uploads\/2025\/11\/Christina_seminarisaal-1024x683.jpg\" alt=\"Conference rooms in P&auml;rnu in Viiking Spa Hotel\" class=\"wp-image-651\" srcset=\"https:\/\/www.viiking.ee\/wp-content\/uploads\/2025\/11\/Christina_seminarisaal-1024x683.jpg 1024w, https:\/\/www.viiking.ee\/wp-content\/uploads\/2025\/11\/Christina_seminarisaal-300x200.jpg 300w, https:\/\/www.viiking.ee\/wp-content\/uploads\/2025\/11\/Christina_seminarisaal-768x512.jpg 768w, https:\/\/www.viiking.ee\/wp-content\/uploads\/2025\/11\/Christina_seminarisaal-1536x1024.jpg 1536w, https:\/\/www.viiking.ee\/wp-content\/uploads\/2025\/11\/Christina_seminarisaal-1568x1045.jpg 1568w, https:\/\/www.viiking.ee\/wp-content\/uploads\/2025\/11\/Christina_seminarisaal.jpg 1920w\" sizes=\"auto, (max-width: 1024px) 100vw, 1024px\" \/><\/a><\/figure>\n\n\n\n<figure class=\"wp-block-image size-large\"><a href=\"https:\/\/www.viiking.ee\/wp-content\/uploads\/2025\/11\/Seminarihall_viiking_spaa.jpg\" title=\"\"><img loading=\"lazy\" decoding=\"async\" width=\"1024\" height=\"683\" data-id=\"659\" src=\"https:\/\/www.viiking.ee\/wp-content\/uploads\/2025\/11\/Seminarihall_viiking_spaa-1024x683.jpg\" alt=\"Conference in P&auml;rnu in Viiking Spa Hotel\" class=\"wp-image-659\" srcset=\"https:\/\/www.viiking.ee\/wp-content\/uploads\/2025\/11\/Seminarihall_viiking_spaa-1024x683.jpg 1024w, https:\/\/www.viiking.ee\/wp-content\/uploads\/2025\/11\/Seminarihall_viiking_spaa-300x200.jpg 300w, https:\/\/www.viiking.ee\/wp-content\/uploads\/2025\/11\/Seminarihall_viiking_spaa-768x512.jpg 768w, https:\/\/www.viiking.ee\/wp-content\/uploads\/2025\/11\/Seminarihall_viiking_spaa-1536x1024.jpg 1536w, https:\/\/www.viiking.ee\/wp-content\/uploads\/2025\/11\/Seminarihall_viiking_spaa-1568x1045.jpg 1568w, https:\/\/www.viiking.ee\/wp-content\/uploads\/2025\/11\/Seminarihall_viiking_spaa.jpg 1920w\" sizes=\"auto, (max-width: 1024px) 100vw, 1024px\" \/><\/a><\/figure>\n\n\n\n<figure class=\"wp-block-image size-large\"><a href=\"https:\/\/www.viiking.ee\/wp-content\/uploads\/2025\/11\/Christina_Seminar.jpg\" title=\"\"><img loading=\"lazy\" decoding=\"async\" width=\"1024\" height=\"683\" data-id=\"643\" src=\"https:\/\/www.viiking.ee\/wp-content\/uploads\/2025\/11\/Christina_Seminar-1024x683.jpg\" alt=\"\" class=\"wp-image-643\" srcset=\"https:\/\/www.viiking.ee\/wp-content\/uploads\/2025\/11\/Christina_Seminar-1024x683.jpg 1024w, https:\/\/www.viiking.ee\/wp-content\/uploads\/2025\/11\/Christina_Seminar-300x200.jpg 300w, https:\/\/www.viiking.ee\/wp-content\/uploads\/2025\/11\/Christina_Seminar-768x512.jpg 768w, https:\/\/www.viiking.ee\/wp-content\/uploads\/2025\/11\/Christina_Seminar-1536x1024.jpg 1536w, https:\/\/www.viiking.ee\/wp-content\/uploads\/2025\/11\/Christina_Seminar-1568x1045.jpg 1568w, https:\/\/www.viiking.ee\/wp-content\/uploads\/2025\/11\/Christina_Seminar.jpg 1920w\" sizes=\"auto, (max-width: 1024px) 100vw, 1024px\" \/><\/a><\/figure>\n\n\n\n<figure class=\"wp-block-image size-large\"><a href=\"https:\/\/www.viiking.ee\/wp-content\/uploads\/2025\/11\/Christina_seminariruum_viiking.jpg\" title=\"\"><img loading=\"lazy\" decoding=\"async\" width=\"1024\" height=\"683\" data-id=\"647\" src=\"https:\/\/www.viiking.ee\/wp-content\/uploads\/2025\/11\/Christina_seminariruum_viiking-1024x683.jpg\" alt=\"\" class=\"wp-image-647\" srcset=\"https:\/\/www.viiking.ee\/wp-content\/uploads\/2025\/11\/Christina_seminariruum_viiking-1024x683.jpg 1024w, https:\/\/www.viiking.ee\/wp-content\/uploads\/2025\/11\/Christina_seminariruum_viiking-300x200.jpg 300w, https:\/\/www.viiking.ee\/wp-content\/uploads\/2025\/11\/Christina_seminariruum_viiking-768x512.jpg 768w, https:\/\/www.viiking.ee\/wp-content\/uploads\/2025\/11\/Christina_seminariruum_viiking-1536x1024.jpg 1536w, https:\/\/www.viiking.ee\/wp-content\/uploads\/2025\/11\/Christina_seminariruum_viiking-1568x1045.jpg 1568w, https:\/\/www.viiking.ee\/wp-content\/uploads\/2025\/11\/Christina_seminariruum_viiking.jpg 1920w\" sizes=\"auto, (max-width: 1024px) 100vw, 1024px\" \/><\/a><\/figure>\n<\/figure>\n<\/div>\n<\/div>\n\n\n\n<div style=\"height:30px\" aria-hidden=\"true\" class=\"wp-block-spacer mobile spacer-10\"><\/div>\n","protected":false},"excerpt":{"rendered":"<p>Conference in P&auml;rnu Spa hotel Viiking enables you to organise seminars, trainings and meetings in a different atmosphere. Seminar centre consists of two seminar rooms of different size &ndash; Victoria and Christina. Two rooms seat altogether 120 people. Both rooms have the equipment necessary for holding seminars and meetings. We offer an opportunity to combine [&hellip;]<\/p>\n","protected":false},"author":3,"featured_media":0,"parent":0,"menu_order":0,"comment_status":"closed","ping_status":"closed","template":"","meta":{"footnotes":""},"class_list":["post-2621","page","type-page","status-publish","hentry"],"yoast_head":"<!-- This site is optimized with the Yoast SEO plugin v27.4 - https:\/\/yoast.com\/product\/yoast-seo-wordpress\/ -->\n<title>Conference in P\u00e4rnu | for 120 people with accommodation<\/title>\n<meta name=\"description\" content=\"Viiking Spa Hotel offers conference services in P\u00e4rnu with accommodation in P\u00e4rnu city center. See more from our website.\" \/>\n<meta name=\"robots\" content=\"index, follow, max-snippet:-1, max-image-preview:large, max-video-preview:-1\" \/>\n<link rel=\"canonical\" href=\"https:\/\/www.viiking.ee\/en\/conference\/\" \/>\n<meta property=\"og:locale\" content=\"en_US\" \/>\n<meta property=\"og:type\" content=\"article\" \/>\n<meta property=\"og:title\" content=\"Conference in P\u00e4rnu | for 120 people with accommodation\" \/>\n<meta property=\"og:description\" content=\"Viiking Spa Hotel offers conference services in P\u00e4rnu with accommodation in P\u00e4rnu city center. See more from our website.\" \/>\n<meta property=\"og:url\" content=\"https:\/\/www.viiking.ee\/en\/conference\/\" \/>\n<meta property=\"og:site_name\" content=\"Viiking Spaa Hotell P&auml;rnus\" \/>\n<meta property=\"article:modified_time\" content=\"2026-03-11T13:43:10+00:00\" \/>\n<meta property=\"og:image\" content=\"https:\/\/www.viiking.ee\/wp-content\/uploads\/2025\/11\/Victoria_saal_viiking_spaa.jpg\" \/>\n<meta name=\"twitter:card\" content=\"summary_large_image\" \/>\n<meta name=\"twitter:label1\" content=\"Est. reading time\" \/>\n\t<meta name=\"twitter:data1\" content=\"3 minutes\" \/>\n<script type=\"application\/ld+json\" class=\"yoast-schema-graph\">{\"@context\":\"https:\\\/\\\/schema.org\",\"@graph\":[{\"@type\":\"WebPage\",\"@id\":\"https:\\\/\\\/www.viiking.ee\\\/en\\\/conference\\\/\",\"url\":\"https:\\\/\\\/www.viiking.ee\\\/en\\\/conference\\\/\",\"name\":\"Conference in P\u00e4rnu | for 120 people with accommodation\",\"isPartOf\":{\"@id\":\"https:\\\/\\\/www.viiking.ee\\\/en\\\/#website\"},\"primaryImageOfPage\":{\"@id\":\"https:\\\/\\\/www.viiking.ee\\\/en\\\/conference\\\/#primaryimage\"},\"image\":{\"@id\":\"https:\\\/\\\/www.viiking.ee\\\/en\\\/conference\\\/#primaryimage\"},\"thumbnailUrl\":\"https:\\\/\\\/www.viiking.ee\\\/wp-content\\\/uploads\\\/2025\\\/11\\\/Victoria_saal_viiking_spaa.jpg\",\"datePublished\":\"2025-12-10T14:11:31+00:00\",\"dateModified\":\"2026-03-11T13:43:10+00:00\",\"description\":\"Viiking Spa Hotel offers conference services in P\u00e4rnu with accommodation in P\u00e4rnu city center. See more from our website.\",\"breadcrumb\":{\"@id\":\"https:\\\/\\\/www.viiking.ee\\\/en\\\/conference\\\/#breadcrumb\"},\"inLanguage\":\"en-US\",\"potentialAction\":[{\"@type\":\"ReadAction\",\"target\":[\"https:\\\/\\\/www.viiking.ee\\\/en\\\/conference\\\/\"]}]},{\"@type\":\"ImageObject\",\"inLanguage\":\"en-US\",\"@id\":\"https:\\\/\\\/www.viiking.ee\\\/en\\\/conference\\\/#primaryimage\",\"url\":\"https:\\\/\\\/www.viiking.ee\\\/wp-content\\\/uploads\\\/2025\\\/11\\\/Victoria_saal_viiking_spaa.jpg\",\"contentUrl\":\"https:\\\/\\\/www.viiking.ee\\\/wp-content\\\/uploads\\\/2025\\\/11\\\/Victoria_saal_viiking_spaa.jpg\"},{\"@type\":\"BreadcrumbList\",\"@id\":\"https:\\\/\\\/www.viiking.ee\\\/en\\\/conference\\\/#breadcrumb\",\"itemListElement\":[{\"@type\":\"ListItem\",\"position\":1,\"name\":\"Home\",\"item\":\"https:\\\/\\\/www.viiking.ee\\\/en\\\/\"},{\"@type\":\"ListItem\",\"position\":2,\"name\":\"Conference\"}]},{\"@type\":\"WebSite\",\"@id\":\"https:\\\/\\\/www.viiking.ee\\\/en\\\/#website\",\"url\":\"https:\\\/\\\/www.viiking.ee\\\/en\\\/\",\"name\":\"Viiking Spaa Hotell P&auml;rnus\",\"description\":\"\",\"potentialAction\":[{\"@type\":\"SearchAction\",\"target\":{\"@type\":\"EntryPoint\",\"urlTemplate\":\"https:\\\/\\\/www.viiking.ee\\\/en\\\/?s={search_term_string}\"},\"query-input\":{\"@type\":\"PropertyValueSpecification\",\"valueRequired\":true,\"valueName\":\"search_term_string\"}}],\"inLanguage\":\"en-US\"}]}<\/script>\n<!-- \/ Yoast SEO plugin. -->","yoast_head_json":{"title":"Conference in P\u00e4rnu | for 120 people with accommodation","description":"Viiking Spa Hotel offers conference services in P\u00e4rnu with accommodation in P\u00e4rnu city center. See more from our website.","robots":{"index":"index","follow":"follow","max-snippet":"max-snippet:-1","max-image-preview":"max-image-preview:large","max-video-preview":"max-video-preview:-1"},"canonical":"https:\/\/www.viiking.ee\/en\/conference\/","og_locale":"en_US","og_type":"article","og_title":"Conference in P\u00e4rnu | for 120 people with accommodation","og_description":"Viiking Spa Hotel offers conference services in P\u00e4rnu with accommodation in P\u00e4rnu city center. See more from our website.","og_url":"https:\/\/www.viiking.ee\/en\/conference\/","og_site_name":"Viiking Spaa Hotell P&auml;rnus","article_modified_time":"2026-03-11T13:43:10+00:00","og_image":[{"url":"https:\/\/www.viiking.ee\/wp-content\/uploads\/2025\/11\/Victoria_saal_viiking_spaa.jpg","type":"","width":"","height":""}],"twitter_card":"summary_large_image","twitter_misc":{"Est. reading time":"3 minutes"},"schema":{"@context":"https:\/\/schema.org","@graph":[{"@type":"WebPage","@id":"https:\/\/www.viiking.ee\/en\/conference\/","url":"https:\/\/www.viiking.ee\/en\/conference\/","name":"Conference in P\u00e4rnu | for 120 people with accommodation","isPartOf":{"@id":"https:\/\/www.viiking.ee\/en\/#website"},"primaryImageOfPage":{"@id":"https:\/\/www.viiking.ee\/en\/conference\/#primaryimage"},"image":{"@id":"https:\/\/www.viiking.ee\/en\/conference\/#primaryimage"},"thumbnailUrl":"https:\/\/www.viiking.ee\/wp-content\/uploads\/2025\/11\/Victoria_saal_viiking_spaa.jpg","datePublished":"2025-12-10T14:11:31+00:00","dateModified":"2026-03-11T13:43:10+00:00","description":"Viiking Spa Hotel offers conference services in P\u00e4rnu with accommodation in P\u00e4rnu city center. See more from our website.","breadcrumb":{"@id":"https:\/\/www.viiking.ee\/en\/conference\/#breadcrumb"},"inLanguage":"en-US","potentialAction":[{"@type":"ReadAction","target":["https:\/\/www.viiking.ee\/en\/conference\/"]}]},{"@type":"ImageObject","inLanguage":"en-US","@id":"https:\/\/www.viiking.ee\/en\/conference\/#primaryimage","url":"https:\/\/www.viiking.ee\/wp-content\/uploads\/2025\/11\/Victoria_saal_viiking_spaa.jpg","contentUrl":"https:\/\/www.viiking.ee\/wp-content\/uploads\/2025\/11\/Victoria_saal_viiking_spaa.jpg"},{"@type":"BreadcrumbList","@id":"https:\/\/www.viiking.ee\/en\/conference\/#breadcrumb","itemListElement":[{"@type":"ListItem","position":1,"name":"Home","item":"https:\/\/www.viiking.ee\/en\/"},{"@type":"ListItem","position":2,"name":"Conference"}]},{"@type":"WebSite","@id":"https:\/\/www.viiking.ee\/en\/#website","url":"https:\/\/www.viiking.ee\/en\/","name":"Viiking Spaa Hotell P&auml;rnus","description":"","potentialAction":[{"@type":"SearchAction","target":{"@type":"EntryPoint","urlTemplate":"https:\/\/www.viiking.ee\/en\/?s={search_term_string}"},"query-input":{"@type":"PropertyValueSpecification","valueRequired":true,"valueName":"search_term_string"}}],"inLanguage":"en-US"}]}},"_links":{"self":[{"href":"https:\/\/www.viiking.ee\/en\/wp-json\/wp\/v2\/pages\/2621","targetHints":{"allow":["GET"]}}],"collection":[{"href":"https:\/\/www.viiking.ee\/en\/wp-json\/wp\/v2\/pages"}],"about":[{"href":"https:\/\/www.viiking.ee\/en\/wp-json\/wp\/v2\/types\/page"}],"author":[{"embeddable":true,"href":"https:\/\/www.viiking.ee\/en\/wp-json\/wp\/v2\/users\/3"}],"replies":[{"embeddable":true,"href":"https:\/\/www.viiking.ee\/en\/wp-json\/wp\/v2\/comments?post=2621"}],"version-history":[{"count":3,"href":"https:\/\/www.viiking.ee\/en\/wp-json\/wp\/v2\/pages\/2621\/revisions"}],"predecessor-version":[{"id":60148,"href":"https:\/\/www.viiking.ee\/en\/wp-json\/wp\/v2\/pages\/2621\/revisions\/60148"}],"wp:attachment":[{"href":"https:\/\/www.viiking.ee\/en\/wp-json\/wp\/v2\/media?parent=2621"}],"curies":[{"name":"wp","href":"https:\/\/api.w.org\/{rel}","templated":true}]}}