{"id":2283,"date":"2025-11-06T12:03:19","date_gmt":"2025-11-06T12:03:19","guid":{"rendered":"https:\/\/viiking.ee\/majutus\/"},"modified":"2026-03-18T12:10:57","modified_gmt":"2026-03-18T12:10:57","slug":"accommodation","status":"publish","type":"page","link":"https:\/\/www.viiking.ee\/en\/accommodation\/","title":{"rendered":"Accommodation"},"content":{"rendered":"<!DOCTYPE html PUBLIC \"-\/\/W3C\/\/DTD HTML 4.0 Transitional\/\/EN\" \"http:\/\/www.w3.org\/TR\/REC-html40\/loose.dtd\">\n<?xml encoding=\"utf-8\" ?><div class=\"wp-block-cover alignfull is-light\"><img loading=\"lazy\" decoding=\"async\" width=\"2560\" height=\"1707\" class=\"wp-block-cover__image-background wp-image-332 size-full\" alt=\"Viiking Spa Hotel family vacation\" src=\"https:\/\/www.viiking.ee\/wp-content\/uploads\/2025\/11\/viiking_spaa_perepuhkus-scaled.jpg\" style=\"object-position:52% 59%\" data-object-fit=\"cover\" data-object-position=\"52% 59%\" srcset=\"https:\/\/www.viiking.ee\/wp-content\/uploads\/2025\/11\/viiking_spaa_perepuhkus-scaled.jpg 2560w, https:\/\/www.viiking.ee\/wp-content\/uploads\/2025\/11\/viiking_spaa_perepuhkus-300x200.jpg 300w, https:\/\/www.viiking.ee\/wp-content\/uploads\/2025\/11\/viiking_spaa_perepuhkus-1024x683.jpg 1024w, https:\/\/www.viiking.ee\/wp-content\/uploads\/2025\/11\/viiking_spaa_perepuhkus-768x512.jpg 768w, https:\/\/www.viiking.ee\/wp-content\/uploads\/2025\/11\/viiking_spaa_perepuhkus-1536x1024.jpg 1536w, https:\/\/www.viiking.ee\/wp-content\/uploads\/2025\/11\/viiking_spaa_perepuhkus-2048x1365.jpg 2048w, https:\/\/www.viiking.ee\/wp-content\/uploads\/2025\/11\/viiking_spaa_perepuhkus-1568x1045.jpg 1568w\" sizes=\"auto, (max-width: 2560px) 100vw, 2560px\" \/><span aria-hidden=\"true\" class=\"wp-block-cover__background has-background-dim-0 has-background-dim\"><\/span><div class=\"wp-block-cover__inner-container is-layout-flow wp-block-cover-is-layout-flow\">\n<p class=\"has-text-align-center has-large-font-size\"><\/p>\n<\/div><\/div>\n\n\n\n<div style=\"height:30px\" aria-hidden=\"true\" class=\"wp-block-spacer mobile-spacer-10\"><\/div>\n\n\n\n<h1 class=\"wp-block-heading has-text-align-center\">Accommodation <br>at Viiking Spa Hotel<\/h1>\n\n\n\n<p class=\"has-text-align-center\" style=\"font-size:18px;letter-spacing:0.5px\">Viiking Spa Hotel is situated in the beach area of P&auml;rnu by the moat, just a few minute walk from the centre and the beach. The hotel was first opened in 1993. The building itself consists of four annexes. Last of which was completed in the year 2012. The hotel also has&nbsp;<a href=\"https:\/\/www.viiking.ee\/en\/water-center\/\" title=\"water and sauna center\">water and sauna center<\/a>&nbsp;opened in 2015.&nbsp; The new water and sauna centre is a relaxing &bdquo;Viking oasis&ldquo; &nbsp;with a unique interior design.<\/p>\n\n\n\n<p class=\"has-text-align-center\" style=\"font-size:18px;letter-spacing:0.5px\">Viiking Spa Hotel&nbsp;offers thorough&nbsp;<a href=\"https:\/\/www.viiking.ee\/en\/health-studies\/\" title=\"health checks\">health checks<\/a>&nbsp;and a good selection&nbsp;of classical&nbsp;<a href=\"https:\/\/www.viiking.ee\/en\/spa-treatments\/\" title=\"rehabilitation treatment\">rehabilitation treatment<\/a>&nbsp;procedures: different kinds of massages, hydrotherapy, kinesitherapy, electrotherapy, heat and cold therapy.<\/p>\n\n\n\n<div style=\"height:30px\" aria-hidden=\"true\" class=\"wp-block-spacer mobile-spacer-10\"><\/div>\n\n\n\n<div class=\"wp-block-columns alignwide is-layout-flex wp-container-core-columns-is-layout-28f84493 wp-block-columns-is-layout-flex\">\n<div class=\"wp-block-column has-background is-layout-flow wp-block-column-is-layout-flow\" style=\"background-color:#e8d9c6;padding-top:var(--wp--preset--spacing--30);padding-right:var(--wp--preset--spacing--30);padding-bottom:var(--wp--preset--spacing--30);padding-left:var(--wp--preset--spacing--30)\">\n<div class=\"wp-block-cover is-light has-custom-content-position is-position-bottom-center animated fadeIn slow delay-500ms\"><img loading=\"lazy\" decoding=\"async\" width=\"1024\" height=\"576\" class=\"wp-block-cover__image-background wp-image-38 size-large\" alt=\"Viiking Spa Hotel I hotel rooms\" src=\"https:\/\/www.viiking.ee\/wp-content\/uploads\/2025\/11\/Peretuba_3-1024x576.jpg\" data-object-fit=\"cover\" srcset=\"https:\/\/www.viiking.ee\/wp-content\/uploads\/2025\/11\/Peretuba_3-1024x576.jpg 1024w, https:\/\/www.viiking.ee\/wp-content\/uploads\/2025\/11\/Peretuba_3-300x169.jpg 300w, https:\/\/www.viiking.ee\/wp-content\/uploads\/2025\/11\/Peretuba_3-768x432.jpg 768w, https:\/\/www.viiking.ee\/wp-content\/uploads\/2025\/11\/Peretuba_3-1536x864.jpg 1536w, https:\/\/www.viiking.ee\/wp-content\/uploads\/2025\/11\/Peretuba_3-1568x882.jpg 1568w, https:\/\/www.viiking.ee\/wp-content\/uploads\/2025\/11\/Peretuba_3.jpg 1920w\" sizes=\"auto, (max-width: 1024px) 100vw, 1024px\" \/><span aria-hidden=\"true\" class=\"wp-block-cover__background has-background-dim-0 has-background-dim\" style=\"background-color:#918e89\"><\/span><div class=\"wp-block-cover__inner-container is-layout-constrained wp-block-cover-is-layout-constrained\">\n<h2 class=\"wp-block-heading has-text-align-center has-white-color has-text-color has-link-color has-large-font-size wp-elements-163a39d377affce3ae9bb867032a9de8\">HOTEL<\/h2>\n\n\n\n<div class=\"wp-block-buttons is-content-justification-center is-layout-flex wp-container-core-buttons-is-layout-a89b3969 wp-block-buttons-is-layout-flex\">\n<div class=\"wp-block-button\"><a class=\"wp-block-button__link has-small-font-size has-custom-font-size wp-element-button\" href=\"https:\/\/www.viiking.ee\/en\/rooms\/\" title=\"READ MORE\">READ MORE<\/a><\/div>\n<\/div>\n<\/div><\/div>\n<\/div>\n\n\n\n<div class=\"wp-block-column has-background is-layout-flow wp-block-column-is-layout-flow\" style=\"background-color:#e8d9c6;padding-top:var(--wp--preset--spacing--30);padding-right:var(--wp--preset--spacing--30);padding-bottom:var(--wp--preset--spacing--30);padding-left:var(--wp--preset--spacing--30)\">\n<div class=\"wp-block-cover has-custom-content-position is-position-bottom-center animated fadeIn slow delay-1s\"><img loading=\"lazy\" decoding=\"async\" width=\"1024\" height=\"683\" class=\"wp-block-cover__image-background wp-image-209 size-full\" alt=\"Viiking Spa Hotel apartments\" src=\"https:\/\/www.viiking.ee\/wp-content\/uploads\/2025\/11\/Valisvaated-1-1024x683-1.jpg\" style=\"object-position:55% 61%\" data-object-fit=\"cover\" data-object-position=\"55% 61%\" srcset=\"https:\/\/www.viiking.ee\/wp-content\/uploads\/2025\/11\/Valisvaated-1-1024x683-1.jpg 1024w, https:\/\/www.viiking.ee\/wp-content\/uploads\/2025\/11\/Valisvaated-1-1024x683-1-300x200.jpg 300w, https:\/\/www.viiking.ee\/wp-content\/uploads\/2025\/11\/Valisvaated-1-1024x683-1-768x512.jpg 768w\" sizes=\"auto, (max-width: 1024px) 100vw, 1024px\" \/><span aria-hidden=\"true\" class=\"wp-block-cover__background has-background-dim-10 has-background-dim\" style=\"background-color:#787671\"><\/span><div class=\"wp-block-cover__inner-container is-layout-constrained wp-block-cover-is-layout-constrained\">\n<h2 class=\"wp-block-heading has-text-align-center has-white-color has-text-color has-link-color has-large-font-size wp-elements-f3bc03a6bc640a398141707139ec2ea5\">APARTMENTS <\/h2>\n\n\n\n<div class=\"wp-block-buttons is-content-justification-center is-layout-flex wp-container-core-buttons-is-layout-a89b3969 wp-block-buttons-is-layout-flex\">\n<div class=\"wp-block-button\"><a class=\"wp-block-button__link has-small-font-size has-custom-font-size wp-element-button\" href=\"https:\/\/www.viiking.ee\/en\/apartments\/\" title=\"READ MORE\">READ MORE<\/a><\/div>\n<\/div>\n<\/div><\/div>\n<\/div>\n<\/div>\n\n\n\n<div style=\"height:30px\" aria-hidden=\"true\" class=\"wp-block-spacer mobile-spacer-10\"><\/div>\n\n\n\n<p><\/p>\n","protected":false},"excerpt":{"rendered":"<p>Accommodation at Viiking Spa Hotel Viiking Spa Hotel is situated in the beach area of P&auml;rnu by the moat, just a few minute walk from the centre and the beach. The hotel was first opened in 1993. The building itself consists of four annexes. Last of which was completed in the year 2012. The hotel [&hellip;]<\/p>\n","protected":false},"author":3,"featured_media":0,"parent":0,"menu_order":0,"comment_status":"closed","ping_status":"closed","template":"","meta":{"footnotes":""},"class_list":["post-2283","page","type-page","status-publish","hentry"],"yoast_head":"<!-- This site is optimized with the Yoast SEO plugin v27.4 - https:\/\/yoast.com\/product\/yoast-seo-wordpress\/ -->\n<title>Viiking Spa Hotel | Spa hotel in P\u00e4rnu | P\u00e4rnu city centre<\/title>\n<meta name=\"description\" content=\"Viiking Spa Hotel in P\u00e4rnu is situated in the beach area of P\u00e4rnu by the moat, just a few minute walk from the centre and the beach.\" \/>\n<meta name=\"robots\" content=\"index, follow, max-snippet:-1, max-image-preview:large, max-video-preview:-1\" \/>\n<link rel=\"canonical\" href=\"https:\/\/www.viiking.ee\/en\/accommodation\/\" \/>\n<meta property=\"og:locale\" content=\"en_US\" \/>\n<meta property=\"og:type\" content=\"article\" \/>\n<meta property=\"og:title\" content=\"Viiking Spa Hotel | Spa hotel in P\u00e4rnu | P\u00e4rnu city centre\" \/>\n<meta property=\"og:description\" content=\"Viiking Spa Hotel in P\u00e4rnu is situated in the beach area of P\u00e4rnu by the moat, just a few minute walk from the centre and the beach.\" \/>\n<meta property=\"og:url\" content=\"https:\/\/www.viiking.ee\/en\/accommodation\/\" \/>\n<meta property=\"og:site_name\" content=\"Viiking Spaa Hotell P&auml;rnus\" \/>\n<meta property=\"article:modified_time\" content=\"2026-03-18T12:10:57+00:00\" \/>\n<meta property=\"og:image\" content=\"https:\/\/www.viiking.ee\/wp-content\/uploads\/2025\/11\/viiking_spaa_perepuhkus-scaled.jpg\" \/>\n\t<meta property=\"og:image:width\" content=\"2560\" \/>\n\t<meta property=\"og:image:height\" content=\"1707\" \/>\n\t<meta property=\"og:image:type\" content=\"image\/jpeg\" \/>\n<meta name=\"twitter:card\" content=\"summary_large_image\" \/>\n<meta name=\"twitter:label1\" content=\"Est. reading time\" \/>\n\t<meta name=\"twitter:data1\" content=\"2 minutes\" \/>\n<script type=\"application\/ld+json\" class=\"yoast-schema-graph\">{\"@context\":\"https:\\\/\\\/schema.org\",\"@graph\":[{\"@type\":\"WebPage\",\"@id\":\"https:\\\/\\\/www.viiking.ee\\\/en\\\/accommodation\\\/\",\"url\":\"https:\\\/\\\/www.viiking.ee\\\/en\\\/accommodation\\\/\",\"name\":\"Viiking Spa Hotel | Spa hotel in P\u00e4rnu | P\u00e4rnu city centre\",\"isPartOf\":{\"@id\":\"https:\\\/\\\/www.viiking.ee\\\/en\\\/#website\"},\"primaryImageOfPage\":{\"@id\":\"https:\\\/\\\/www.viiking.ee\\\/en\\\/accommodation\\\/#primaryimage\"},\"image\":{\"@id\":\"https:\\\/\\\/www.viiking.ee\\\/en\\\/accommodation\\\/#primaryimage\"},\"thumbnailUrl\":\"https:\\\/\\\/www.viiking.ee\\\/wp-content\\\/uploads\\\/2025\\\/11\\\/viiking_spaa_perepuhkus-scaled.jpg\",\"datePublished\":\"2025-11-06T12:03:19+00:00\",\"dateModified\":\"2026-03-18T12:10:57+00:00\",\"description\":\"Viiking Spa Hotel in P\u00e4rnu is situated in the beach area of P\u00e4rnu by the moat, just a few minute walk from the centre and the beach.\",\"breadcrumb\":{\"@id\":\"https:\\\/\\\/www.viiking.ee\\\/en\\\/accommodation\\\/#breadcrumb\"},\"inLanguage\":\"en-US\",\"potentialAction\":[{\"@type\":\"ReadAction\",\"target\":[\"https:\\\/\\\/www.viiking.ee\\\/en\\\/accommodation\\\/\"]}]},{\"@type\":\"ImageObject\",\"inLanguage\":\"en-US\",\"@id\":\"https:\\\/\\\/www.viiking.ee\\\/en\\\/accommodation\\\/#primaryimage\",\"url\":\"https:\\\/\\\/www.viiking.ee\\\/wp-content\\\/uploads\\\/2025\\\/11\\\/viiking_spaa_perepuhkus-scaled.jpg\",\"contentUrl\":\"https:\\\/\\\/www.viiking.ee\\\/wp-content\\\/uploads\\\/2025\\\/11\\\/viiking_spaa_perepuhkus-scaled.jpg\"},{\"@type\":\"BreadcrumbList\",\"@id\":\"https:\\\/\\\/www.viiking.ee\\\/en\\\/accommodation\\\/#breadcrumb\",\"itemListElement\":[{\"@type\":\"ListItem\",\"position\":1,\"name\":\"Home\",\"item\":\"https:\\\/\\\/www.viiking.ee\\\/en\\\/\"},{\"@type\":\"ListItem\",\"position\":2,\"name\":\"Accommodation\"}]},{\"@type\":\"WebSite\",\"@id\":\"https:\\\/\\\/www.viiking.ee\\\/en\\\/#website\",\"url\":\"https:\\\/\\\/www.viiking.ee\\\/en\\\/\",\"name\":\"Viiking Spaa Hotell P&auml;rnus\",\"description\":\"\",\"potentialAction\":[{\"@type\":\"SearchAction\",\"target\":{\"@type\":\"EntryPoint\",\"urlTemplate\":\"https:\\\/\\\/www.viiking.ee\\\/en\\\/?s={search_term_string}\"},\"query-input\":{\"@type\":\"PropertyValueSpecification\",\"valueRequired\":true,\"valueName\":\"search_term_string\"}}],\"inLanguage\":\"en-US\"}]}<\/script>\n<!-- \/ Yoast SEO plugin. -->","yoast_head_json":{"title":"Viiking Spa Hotel | Spa hotel in P\u00e4rnu | P\u00e4rnu city centre","description":"Viiking Spa Hotel in P\u00e4rnu is situated in the beach area of P\u00e4rnu by the moat, just a few minute walk from the centre and the beach.","robots":{"index":"index","follow":"follow","max-snippet":"max-snippet:-1","max-image-preview":"max-image-preview:large","max-video-preview":"max-video-preview:-1"},"canonical":"https:\/\/www.viiking.ee\/en\/accommodation\/","og_locale":"en_US","og_type":"article","og_title":"Viiking Spa Hotel | Spa hotel in P\u00e4rnu | P\u00e4rnu city centre","og_description":"Viiking Spa Hotel in P\u00e4rnu is situated in the beach area of P\u00e4rnu by the moat, just a few minute walk from the centre and the beach.","og_url":"https:\/\/www.viiking.ee\/en\/accommodation\/","og_site_name":"Viiking Spaa Hotell P&auml;rnus","article_modified_time":"2026-03-18T12:10:57+00:00","og_image":[{"width":2560,"height":1707,"url":"https:\/\/www.viiking.ee\/wp-content\/uploads\/2025\/11\/viiking_spaa_perepuhkus-scaled.jpg","type":"image\/jpeg"}],"twitter_card":"summary_large_image","twitter_misc":{"Est. reading time":"2 minutes"},"schema":{"@context":"https:\/\/schema.org","@graph":[{"@type":"WebPage","@id":"https:\/\/www.viiking.ee\/en\/accommodation\/","url":"https:\/\/www.viiking.ee\/en\/accommodation\/","name":"Viiking Spa Hotel | Spa hotel in P\u00e4rnu | P\u00e4rnu city centre","isPartOf":{"@id":"https:\/\/www.viiking.ee\/en\/#website"},"primaryImageOfPage":{"@id":"https:\/\/www.viiking.ee\/en\/accommodation\/#primaryimage"},"image":{"@id":"https:\/\/www.viiking.ee\/en\/accommodation\/#primaryimage"},"thumbnailUrl":"https:\/\/www.viiking.ee\/wp-content\/uploads\/2025\/11\/viiking_spaa_perepuhkus-scaled.jpg","datePublished":"2025-11-06T12:03:19+00:00","dateModified":"2026-03-18T12:10:57+00:00","description":"Viiking Spa Hotel in P\u00e4rnu is situated in the beach area of P\u00e4rnu by the moat, just a few minute walk from the centre and the beach.","breadcrumb":{"@id":"https:\/\/www.viiking.ee\/en\/accommodation\/#breadcrumb"},"inLanguage":"en-US","potentialAction":[{"@type":"ReadAction","target":["https:\/\/www.viiking.ee\/en\/accommodation\/"]}]},{"@type":"ImageObject","inLanguage":"en-US","@id":"https:\/\/www.viiking.ee\/en\/accommodation\/#primaryimage","url":"https:\/\/www.viiking.ee\/wp-content\/uploads\/2025\/11\/viiking_spaa_perepuhkus-scaled.jpg","contentUrl":"https:\/\/www.viiking.ee\/wp-content\/uploads\/2025\/11\/viiking_spaa_perepuhkus-scaled.jpg"},{"@type":"BreadcrumbList","@id":"https:\/\/www.viiking.ee\/en\/accommodation\/#breadcrumb","itemListElement":[{"@type":"ListItem","position":1,"name":"Home","item":"https:\/\/www.viiking.ee\/en\/"},{"@type":"ListItem","position":2,"name":"Accommodation"}]},{"@type":"WebSite","@id":"https:\/\/www.viiking.ee\/en\/#website","url":"https:\/\/www.viiking.ee\/en\/","name":"Viiking Spaa Hotell P&auml;rnus","description":"","potentialAction":[{"@type":"SearchAction","target":{"@type":"EntryPoint","urlTemplate":"https:\/\/www.viiking.ee\/en\/?s={search_term_string}"},"query-input":{"@type":"PropertyValueSpecification","valueRequired":true,"valueName":"search_term_string"}}],"inLanguage":"en-US"}]}},"_links":{"self":[{"href":"https:\/\/www.viiking.ee\/en\/wp-json\/wp\/v2\/pages\/2283","targetHints":{"allow":["GET"]}}],"collection":[{"href":"https:\/\/www.viiking.ee\/en\/wp-json\/wp\/v2\/pages"}],"about":[{"href":"https:\/\/www.viiking.ee\/en\/wp-json\/wp\/v2\/types\/page"}],"author":[{"embeddable":true,"href":"https:\/\/www.viiking.ee\/en\/wp-json\/wp\/v2\/users\/3"}],"replies":[{"embeddable":true,"href":"https:\/\/www.viiking.ee\/en\/wp-json\/wp\/v2\/comments?post=2283"}],"version-history":[{"count":13,"href":"https:\/\/www.viiking.ee\/en\/wp-json\/wp\/v2\/pages\/2283\/revisions"}],"predecessor-version":[{"id":60299,"href":"https:\/\/www.viiking.ee\/en\/wp-json\/wp\/v2\/pages\/2283\/revisions\/60299"}],"wp:attachment":[{"href":"https:\/\/www.viiking.ee\/en\/wp-json\/wp\/v2\/media?parent=2283"}],"curies":[{"name":"wp","href":"https:\/\/api.w.org\/{rel}","templated":true}]}}